{"id":3419,"date":"2025-07-03T01:11:28","date_gmt":"2025-07-03T01:11:28","guid":{"rendered":"https:\/\/www.yongyukitchenware.com\/?post_type=product&#038;p=3419"},"modified":"2025-07-03T01:11:32","modified_gmt":"2025-07-03T01:11:32","slug":"bulk-vacuum-double-wall-stainless-steel-mug","status":"publish","type":"product","link":"https:\/\/www.yongyukitchenware.com\/pt\/produto\/bulk-vacuum-double-wall-stainless-steel-mug\/","title":{"rendered":"Caneca de a\u00e7o inoxid\u00e1vel de parede dupla com v\u00e1cuo a granel Copo de \u00e1gua para beber com pega"},"content":{"rendered":"<div class=\"wp-block-columns is-layout-flex wp-container-core-columns-is-layout-9d6595d7 wp-block-columns-is-layout-flex\">\n<div class=\"wp-block-column is-layout-flow wp-block-column-is-layout-flow\">\n<h2 class=\"wp-block-heading\">Caneca de a\u00e7o inoxid\u00e1vel de parede dupla com v\u00e1cuo a granel Carater\u00edsticas:<\/h2>\n\n\n\n<p><strong>A\u00e7o inoxid\u00e1vel 304 de alta qualidade: <\/strong>Feito de a\u00e7o inoxid\u00e1vel 304 de qualidade alimentar de alta qualidade, nunca enferruja, sem chumbo, f\u00e1cil de limpar, n\u00e3o \u00e9 f\u00e1cil de partir<br><strong>Isolamento a v\u00e1cuo de parede dupla:<\/strong> manter a bebida quente durante mais de 3 horas, fria durante mais de 9 horas, isolamento t\u00e9rmico para evitar queimaduras<br><strong>Revestimento em p\u00f3 superior: <\/strong>Op\u00e7\u00e3o multicolor, acabamento duradouro, sem riscos, sem descascar ou desvanecer, f\u00e1cil de agarrar, longa dura\u00e7\u00e3o<br><strong>Tr\u00eas m\u00e9todos de beber: <\/strong>A tampa pode ser inserida na palhinha para beber, beber diretamente na boca ou abrir a tampa para beber livremente, uma variedade de m\u00e9todos de beber para satisfazer diferentes necessidades<br><strong>Veda\u00e7\u00e3o forte: <\/strong>A tampa tem um anel de silicone incorporado, um design \u00e0 prova de fugas m\u00faltiplas, 360 graus \u00e0 prova de \u00e1gua, f\u00e1cil de transportar<\/p>\n\n\n\n<h2 class=\"wp-block-heading\">Caneca de a\u00e7o inoxid\u00e1vel de parede dupla com v\u00e1cuo a granel Tamanho:<\/h2>\n\n\n\n<figure class=\"wp-block-table\"><table class=\"has-fixed-layout\"><tbody><tr><td>Modelo<\/td><td>Tamanho(Di\u00e2metro*Di\u00e2metro do fundo)<\/td><td>Altura<\/td><td>Capacidade<\/td><\/tr><tr><td>DY039-B<\/td><td>8,5*6,3cm<\/td><td>10 cm<\/td><td>300ML<\/td><\/tr><\/tbody><\/table><\/figure>\n<\/div>\n\n\n\n<div class=\"wp-block-column is-layout-flow wp-block-column-is-layout-flow\">\n<div class=\"wp-block-columns is-layout-flex wp-container-core-columns-is-layout-9d6595d7 wp-block-columns-is-layout-flex\">\n<div class=\"wp-block-column is-layout-flow wp-block-column-is-layout-flow\"><div class=\"wp-block-image\">\n<figure class=\"aligncenter size-full is-resized\"><img decoding=\"async\" width=\"800\" height=\"800\" src=\"https:\/\/www.yongyukitchenware.com\/wp-content\/uploads\/2025\/03\/Bulk-Vacuum-Double-Wall-Stainless-Steel-Mug-7.webp\" alt=\"Caneca de aspira\u00e7\u00e3o a granel de parede dupla em a\u00e7o inoxid\u00e1vel-7\" class=\"wp-image-3426\" style=\"width:416px;height:auto\" srcset=\"https:\/\/www.yongyukitchenware.com\/wp-content\/uploads\/2025\/03\/Bulk-Vacuum-Double-Wall-Stainless-Steel-Mug-7.webp 800w, https:\/\/www.yongyukitchenware.com\/wp-content\/uploads\/2025\/03\/Bulk-Vacuum-Double-Wall-Stainless-Steel-Mug-7-300x300.webp 300w, https:\/\/www.yongyukitchenware.com\/wp-content\/uploads\/2025\/03\/Bulk-Vacuum-Double-Wall-Stainless-Steel-Mug-7-150x150.webp 150w, https:\/\/www.yongyukitchenware.com\/wp-content\/uploads\/2025\/03\/Bulk-Vacuum-Double-Wall-Stainless-Steel-Mug-7-768x768.webp 768w, https:\/\/www.yongyukitchenware.com\/wp-content\/uploads\/2025\/03\/Bulk-Vacuum-Double-Wall-Stainless-Steel-Mug-7-12x12.webp 12w, https:\/\/www.yongyukitchenware.com\/wp-content\/uploads\/2025\/03\/Bulk-Vacuum-Double-Wall-Stainless-Steel-Mug-7-600x600.webp 600w, https:\/\/www.yongyukitchenware.com\/wp-content\/uploads\/2025\/03\/Bulk-Vacuum-Double-Wall-Stainless-Steel-Mug-7-100x100.webp 100w\" sizes=\"(max-width: 800px) 100vw, 800px\" \/><\/figure>\n<\/div>\n\n\n<figure class=\"wp-block-image size-full\"><img decoding=\"async\" width=\"800\" height=\"800\" src=\"https:\/\/www.yongyukitchenware.com\/wp-content\/uploads\/2025\/03\/Bulk-Vacuum-Double-Wall-Stainless-Steel-Mug-6.webp\" alt=\"Caneca-6 de parede dupla para v\u00e1cuo a granel em a\u00e7o inoxid\u00e1vel\" class=\"wp-image-3425\" srcset=\"https:\/\/www.yongyukitchenware.com\/wp-content\/uploads\/2025\/03\/Bulk-Vacuum-Double-Wall-Stainless-Steel-Mug-6.webp 800w, https:\/\/www.yongyukitchenware.com\/wp-content\/uploads\/2025\/03\/Bulk-Vacuum-Double-Wall-Stainless-Steel-Mug-6-300x300.webp 300w, https:\/\/www.yongyukitchenware.com\/wp-content\/uploads\/2025\/03\/Bulk-Vacuum-Double-Wall-Stainless-Steel-Mug-6-150x150.webp 150w, https:\/\/www.yongyukitchenware.com\/wp-content\/uploads\/2025\/03\/Bulk-Vacuum-Double-Wall-Stainless-Steel-Mug-6-768x768.webp 768w, https:\/\/www.yongyukitchenware.com\/wp-content\/uploads\/2025\/03\/Bulk-Vacuum-Double-Wall-Stainless-Steel-Mug-6-12x12.webp 12w, https:\/\/www.yongyukitchenware.com\/wp-content\/uploads\/2025\/03\/Bulk-Vacuum-Double-Wall-Stainless-Steel-Mug-6-600x600.webp 600w, https:\/\/www.yongyukitchenware.com\/wp-content\/uploads\/2025\/03\/Bulk-Vacuum-Double-Wall-Stainless-Steel-Mug-6-100x100.webp 100w\" sizes=\"(max-width: 800px) 100vw, 800px\" \/><\/figure>\n<\/div>\n<\/div>\n<\/div>\n<\/div>\n\n\n\n<p><\/p>","protected":false},"excerpt":{"rendered":"<p>Caneca de a\u00e7o inoxid\u00e1vel de parede dupla com v\u00e1cuo. Mant\u00e9m as bebidas quentes ou frias durante horas com um design isolado de parede dupla. Ideal para utiliza\u00e7\u00e3o no escrit\u00f3rio, no exterior e em viagens. Contacte-nos agora para obter pre\u00e7os por grosso e personaliza\u00e7\u00e3o.<\/p>\n<h2 style=\"text-align: left;\">Caneca de a\u00e7o inoxid\u00e1vel de parede dupla a v\u00e1cuo a granel Par\u00e2metro:<\/h2>\n<p style=\"text-align: left;\"><strong>Material:<\/strong> A\u00e7o inoxid\u00e1vel<br \/><strong>Cor:<\/strong> Branco\/Preto\/C\u00e1qui<br \/><strong>Conce\u00e7\u00e3o: <\/strong>Pega dobr\u00e1vel, empilh\u00e1vel<br \/><strong>OEM\/ODM:<\/strong> Dispon\u00edvel<\/p>\n<h2 class=\"wp-block-heading\">De Camping Kitchen Essentials Fabricante :<\/h2>\n<p>Yongyu \u00e9 um fabricante profissional de utens\u00edlios de cozinha para campismo, os nossos produtos abrangem todos os tipos de utens\u00edlios de cozinha para campismo em a\u00e7o inoxid\u00e1vel, tais como equipamento de cozinha para campismo, utens\u00edlios de mesa para campismo, grelhadores para churrasco, etc., fornecendo servi\u00e7os de aquisi\u00e7\u00e3o de qualidade e pre\u00e7os acess\u00edveis para cada cliente.<\/p>","protected":false},"featured_media":3420,"comment_status":"closed","ping_status":"closed","template":"","meta":{"_acf_changed":false},"application":[31],"product_brand":[],"product_cat":[20,50],"product_tag":[],"class_list":{"0":"post-3419","1":"product","2":"type-product","3":"status-publish","4":"has-post-thumbnail","6":"application-champ-kitchen","7":"product_cat-wholesale-drinkware","8":"product_cat-stainless-steel-cup-wholesale","10":"first","11":"instock","12":"shipping-taxable","13":"product-type-simple"},"acf":[],"_links":{"self":[{"href":"https:\/\/www.yongyukitchenware.com\/pt\/wp-json\/wp\/v2\/product\/3419","targetHints":{"allow":["GET"]}}],"collection":[{"href":"https:\/\/www.yongyukitchenware.com\/pt\/wp-json\/wp\/v2\/product"}],"about":[{"href":"https:\/\/www.yongyukitchenware.com\/pt\/wp-json\/wp\/v2\/types\/product"}],"replies":[{"embeddable":true,"href":"https:\/\/www.yongyukitchenware.com\/pt\/wp-json\/wp\/v2\/comments?post=3419"}],"wp:featuredmedia":[{"embeddable":true,"href":"https:\/\/www.yongyukitchenware.com\/pt\/wp-json\/wp\/v2\/media\/3420"}],"wp:attachment":[{"href":"https:\/\/www.yongyukitchenware.com\/pt\/wp-json\/wp\/v2\/media?parent=3419"}],"wp:term":[{"taxonomy":"application","embeddable":true,"href":"https:\/\/www.yongyukitchenware.com\/pt\/wp-json\/wp\/v2\/application?post=3419"},{"taxonomy":"product_brand","embeddable":true,"href":"https:\/\/www.yongyukitchenware.com\/pt\/wp-json\/wp\/v2\/product_brand?post=3419"},{"taxonomy":"product_cat","embeddable":true,"href":"https:\/\/www.yongyukitchenware.com\/pt\/wp-json\/wp\/v2\/product_cat?post=3419"},{"taxonomy":"product_tag","embeddable":true,"href":"https:\/\/www.yongyukitchenware.com\/pt\/wp-json\/wp\/v2\/product_tag?post=3419"}],"curies":[{"name":"wp","href":"https:\/\/api.w.org\/{rel}","templated":true}]}}