{"id":3433,"date":"2025-04-11T03:01:04","date_gmt":"2025-04-11T03:01:04","guid":{"rendered":"https:\/\/www.yongyukitchenware.com\/?post_type=product&#038;p=3433"},"modified":"2025-07-10T10:08:14","modified_gmt":"2025-07-10T10:08:14","slug":"bulk-stainless-steel-tumbler-with-straw","status":"publish","type":"product","link":"https:\/\/www.yongyukitchenware.com\/pt\/produto\/bulk-stainless-steel-tumbler-with-straw\/","title":{"rendered":"Copo de a\u00e7o inoxid\u00e1vel a granel com palhinha Copos de caf\u00e9 para autom\u00f3vel port\u00e1teis"},"content":{"rendered":"<div class=\"wp-block-columns is-layout-flex wp-container-core-columns-is-layout-9d6595d7 wp-block-columns-is-layout-flex\">\n<div class=\"wp-block-column is-layout-flow wp-block-column-is-layout-flow\">\n<h2 class=\"wp-block-heading\">Copo de a\u00e7o inoxid\u00e1vel a granel com palhinha Carater\u00edsticas:<\/h2>\n\n\n\n<p><strong>A\u00e7o inoxid\u00e1vel 304 de alta qualidade: <\/strong>feito de a\u00e7o inoxid\u00e1vel 304 de qualidade alimentar de alta qualidade, nunca enferruja, sem chumbo, f\u00e1cil de limpar e n\u00e3o \u00e9 f\u00e1cil de partir.<br>Isolamento a v\u00e1cuo de parede dupla: mant\u00e9m a bebida quente durante mais de 3 horas, fria durante mais de 9 horas e isolamento t\u00e9rmico para evitar queimaduras.<br><strong>Revestimento superior em p\u00f3:<\/strong> Op\u00e7\u00e3o multicolor, acabamento duradouro, sem riscos, sem descascar ou desvanecer, f\u00e1cil de agarrar, de longa dura\u00e7\u00e3o.<br><strong>Tr\u00eas m\u00e9todos de beber:<\/strong> A tampa pode ser inserida na palhinha para beber, beber diretamente na boca ou abrir a tampa para beber livremente, uma variedade de m\u00e9todos de beber para satisfazer diferentes necessidades.<br><strong>Veda\u00e7\u00e3o forte: <\/strong>a tampa tem um anel de silicone incorporado, v\u00e1rios modelos \u00e0 prova de fugas, 360 graus \u00e0 prova de \u00e1gua, f\u00e1cil de transportar.<br><strong>Port\u00e1til: <\/strong>A caneca pode ser transportada com uma corda de m\u00e3o, o que \u00e9 mais pr\u00e1tico de transportar.<\/p>\n\n\n\n<h2 class=\"wp-block-heading\">Copo de a\u00e7o inoxid\u00e1vel a granel com palhinha Tamanho:<\/h2>\n\n\n\n<figure class=\"wp-block-table\"><table class=\"has-fixed-layout\"><tbody><tr><td>Modelo<\/td><td>Capacidade<\/td><\/tr><tr><td>DY047-B<\/td><td>480ML<\/td><\/tr><\/tbody><\/table><\/figure>\n<\/div>\n\n\n\n<div class=\"wp-block-column is-layout-flow wp-block-column-is-layout-flow\">\n<div class=\"wp-block-columns is-layout-flex wp-container-core-columns-is-layout-9d6595d7 wp-block-columns-is-layout-flex\">\n<div class=\"wp-block-column is-layout-flow wp-block-column-is-layout-flow\"><div class=\"wp-block-image\">\n<figure class=\"aligncenter size-full is-resized\"><img decoding=\"async\" width=\"800\" height=\"800\" src=\"https:\/\/www.yongyukitchenware.com\/wp-content\/uploads\/2025\/03\/Bulk-Stainless-Sttel-Mug-with-Straws-7.webp\" alt=\"Caneca de a\u00e7o inoxid\u00e1vel a granel com al\u00e7as-7\" class=\"wp-image-3440\" style=\"width:416px;height:auto\" srcset=\"https:\/\/www.yongyukitchenware.com\/wp-content\/uploads\/2025\/03\/Bulk-Stainless-Sttel-Mug-with-Straws-7.webp 800w, https:\/\/www.yongyukitchenware.com\/wp-content\/uploads\/2025\/03\/Bulk-Stainless-Sttel-Mug-with-Straws-7-300x300.webp 300w, https:\/\/www.yongyukitchenware.com\/wp-content\/uploads\/2025\/03\/Bulk-Stainless-Sttel-Mug-with-Straws-7-150x150.webp 150w, https:\/\/www.yongyukitchenware.com\/wp-content\/uploads\/2025\/03\/Bulk-Stainless-Sttel-Mug-with-Straws-7-768x768.webp 768w, https:\/\/www.yongyukitchenware.com\/wp-content\/uploads\/2025\/03\/Bulk-Stainless-Sttel-Mug-with-Straws-7-12x12.webp 12w, https:\/\/www.yongyukitchenware.com\/wp-content\/uploads\/2025\/03\/Bulk-Stainless-Sttel-Mug-with-Straws-7-600x600.webp 600w, https:\/\/www.yongyukitchenware.com\/wp-content\/uploads\/2025\/03\/Bulk-Stainless-Sttel-Mug-with-Straws-7-100x100.webp 100w\" sizes=\"(max-width: 800px) 100vw, 800px\" \/><\/figure>\n<\/div>\n\n\n<figure class=\"wp-block-image size-full\"><img decoding=\"async\" width=\"800\" height=\"800\" src=\"https:\/\/www.yongyukitchenware.com\/wp-content\/uploads\/2025\/03\/Bulk-Stainless-Sttel-Mug-with-Straws-6.webp\" alt=\"Caneca de a\u00e7o inoxid\u00e1vel a granel com al\u00e7as - 6\" class=\"wp-image-3439\" srcset=\"https:\/\/www.yongyukitchenware.com\/wp-content\/uploads\/2025\/03\/Bulk-Stainless-Sttel-Mug-with-Straws-6.webp 800w, https:\/\/www.yongyukitchenware.com\/wp-content\/uploads\/2025\/03\/Bulk-Stainless-Sttel-Mug-with-Straws-6-300x300.webp 300w, https:\/\/www.yongyukitchenware.com\/wp-content\/uploads\/2025\/03\/Bulk-Stainless-Sttel-Mug-with-Straws-6-150x150.webp 150w, https:\/\/www.yongyukitchenware.com\/wp-content\/uploads\/2025\/03\/Bulk-Stainless-Sttel-Mug-with-Straws-6-768x768.webp 768w, https:\/\/www.yongyukitchenware.com\/wp-content\/uploads\/2025\/03\/Bulk-Stainless-Sttel-Mug-with-Straws-6-12x12.webp 12w, https:\/\/www.yongyukitchenware.com\/wp-content\/uploads\/2025\/03\/Bulk-Stainless-Sttel-Mug-with-Straws-6-600x600.webp 600w, https:\/\/www.yongyukitchenware.com\/wp-content\/uploads\/2025\/03\/Bulk-Stainless-Sttel-Mug-with-Straws-6-100x100.webp 100w\" sizes=\"(max-width: 800px) 100vw, 800px\" \/><\/figure>\n<\/div>\n<\/div>\n<\/div>\n<\/div>\n\n\n\n<p><\/p>","protected":false},"excerpt":{"rendered":"<p>Copo de a\u00e7o inoxid\u00e1vel com palhinha, perfeito para campismo, aventuras ao ar livre e viagens. Dur\u00e1vel, reutiliz\u00e1vel e ideal para encomendas a granel em caf\u00e9s, eventos ou actividades ao ar livre. Contacte-nos agora para obter um or\u00e7amento!<\/p>\n<h2 style=\"text-align: left;\">Copo de a\u00e7o inoxid\u00e1vel a granel com palhinha Par\u00e2metro:<\/h2>\n<p style=\"text-align: left;\"><strong>Material:<\/strong> A\u00e7o inoxid\u00e1vel<br \/><strong>Cor:<\/strong> Preto\/branco\/vermelho\/branco<br \/><strong>Conce\u00e7\u00e3o: <\/strong>Pega dobr\u00e1vel, empilh\u00e1vel<br \/><strong>OEM\/ODM:<\/strong> Dispon\u00edvel<\/p>\n<h2 class=\"wp-block-heading\">De Camping Kitchen Essentials Fabricante :<\/h2>\n<p>Yongyu \u00e9 uma empresa profissional de artigos essenciais de cozinha para campismo. Os nossos produtos abrangem todos os tipos de artigos essenciais de cozinha de campismo em a\u00e7o inoxid\u00e1vel, tais como equipamento de cozinha de campismo, utens\u00edlios de mesa de campismo, grelhadores para churrasco, etc., fornecendo servi\u00e7os de aquisi\u00e7\u00e3o de qualidade e pre\u00e7os acess\u00edveis para cada cliente.<\/p>","protected":false},"featured_media":3434,"comment_status":"closed","ping_status":"closed","template":"","meta":{"_acf_changed":true},"application":[31],"product_brand":[],"product_cat":[20],"product_tag":[],"class_list":{"0":"post-3433","1":"product","2":"type-product","3":"status-publish","4":"has-post-thumbnail","6":"application-champ-kitchen","7":"product_cat-wholesale-drinkware","9":"first","10":"instock","11":"shipping-taxable","12":"product-type-simple"},"acf":[],"_links":{"self":[{"href":"https:\/\/www.yongyukitchenware.com\/pt\/wp-json\/wp\/v2\/product\/3433","targetHints":{"allow":["GET"]}}],"collection":[{"href":"https:\/\/www.yongyukitchenware.com\/pt\/wp-json\/wp\/v2\/product"}],"about":[{"href":"https:\/\/www.yongyukitchenware.com\/pt\/wp-json\/wp\/v2\/types\/product"}],"replies":[{"embeddable":true,"href":"https:\/\/www.yongyukitchenware.com\/pt\/wp-json\/wp\/v2\/comments?post=3433"}],"wp:featuredmedia":[{"embeddable":true,"href":"https:\/\/www.yongyukitchenware.com\/pt\/wp-json\/wp\/v2\/media\/3434"}],"wp:attachment":[{"href":"https:\/\/www.yongyukitchenware.com\/pt\/wp-json\/wp\/v2\/media?parent=3433"}],"wp:term":[{"taxonomy":"application","embeddable":true,"href":"https:\/\/www.yongyukitchenware.com\/pt\/wp-json\/wp\/v2\/application?post=3433"},{"taxonomy":"product_brand","embeddable":true,"href":"https:\/\/www.yongyukitchenware.com\/pt\/wp-json\/wp\/v2\/product_brand?post=3433"},{"taxonomy":"product_cat","embeddable":true,"href":"https:\/\/www.yongyukitchenware.com\/pt\/wp-json\/wp\/v2\/product_cat?post=3433"},{"taxonomy":"product_tag","embeddable":true,"href":"https:\/\/www.yongyukitchenware.com\/pt\/wp-json\/wp\/v2\/product_tag?post=3433"}],"curies":[{"name":"wp","href":"https:\/\/api.w.org\/{rel}","templated":true}]}}