{"id":3452,"date":"2025-04-11T02:13:16","date_gmt":"2025-04-11T02:13:16","guid":{"rendered":"https:\/\/www.yongyukitchenware.com\/?post_type=product&#038;p=3452"},"modified":"2025-06-13T06:02:50","modified_gmt":"2025-06-13T06:02:50","slug":"wholesale-stainless-steel-wine-glass","status":"publish","type":"product","link":"https:\/\/www.yongyukitchenware.com\/pt\/produto\/wholesale-stainless-steel-wine-glass\/","title":{"rendered":"Ta\u00e7a de vinho de a\u00e7o inoxid\u00e1vel por atacado Ta\u00e7a de u\u00edsque de metal Ta\u00e7a de champanhe"},"content":{"rendered":"<div class=\"wp-block-columns is-layout-flex wp-container-core-columns-is-layout-9d6595d7 wp-block-columns-is-layout-flex\">\n<div class=\"wp-block-column is-layout-flow wp-block-column-is-layout-flow\">\n<h2 class=\"wp-block-heading\">Atacado de vidro de vinho de a\u00e7o inoxid\u00e1vel Carater\u00edsticas:<\/h2>\n\n\n\n<p><strong>A\u00e7o inoxid\u00e1vel de qualidade alimentar:<\/strong> Sem BPA, n\u00e3o racha nem parte facilmente, n\u00e3o corrosivo, compat\u00edvel com todos os seus licores favoritos.<br><strong>Base larga e design de pega: <\/strong>o copo tem uma base larga e um design de boca larga, para que fique mais est\u00e1vel na mesa. Al\u00e9m disso, a pega tamb\u00e9m proporciona uma ader\u00eancia confort\u00e1vel, para que possa saborear melhor a bebida<br><strong>Grande capacidade: <\/strong>Estes copos de a\u00e7o inoxid\u00e1vel t\u00eam uma capacidade de 500 ml cada, o que os torna suficientes para conter champanhe, vinho, leite ou qualquer outra bebida.<br><strong>F\u00e1cil de limpar: <\/strong>a superf\u00edcie de vidro em a\u00e7o inoxid\u00e1vel \u00e9 lisa, n\u00e3o \u00e9 suscet\u00edvel de ficar com manchas, \u00e9 relativamente f\u00e1cil de limpar, pode ser lavada a alta temperatura, pode ser lavada na m\u00e1quina de lavar lou\u00e7a e pode ser utilizada todos os dias.<br><strong>Bom efeito de isolamento:<\/strong> Devido ao bom isolamento t\u00e9rmico do a\u00e7o inoxid\u00e1vel, os copos de vinho de parede dupla em a\u00e7o inoxid\u00e1vel podem manter eficazmente a temperatura do licor, como manter o vinho frio frio ou o vinho quente quente.<\/p>\n\n\n\n<h2 class=\"wp-block-heading\">Tamanho do copo de vinho de a\u00e7o inoxid\u00e1vel por atacado:<\/h2>\n\n\n\n<figure class=\"wp-block-table\"><table class=\"has-fixed-layout\"><tbody><tr><td>Modelo<\/td><td>Di\u00e2metro<\/td><td>Altura<\/td><td>Capacidade<\/td><td>MOQ<\/td><\/tr><tr><td>DY042-B<\/td><td>9,4 cm<\/td><td>21,1 cm<\/td><td>500ML<\/td><td>200 UNIDADES<\/td><\/tr><\/tbody><\/table><\/figure>\n<\/div>\n\n\n\n<div class=\"wp-block-column is-layout-flow wp-block-column-is-layout-flow\">\n<div class=\"wp-block-columns is-layout-flex wp-container-core-columns-is-layout-9d6595d7 wp-block-columns-is-layout-flex\">\n<div class=\"wp-block-column is-layout-flow wp-block-column-is-layout-flow\"><div class=\"wp-block-image\">\n<figure class=\"aligncenter size-full is-resized\"><img decoding=\"async\" width=\"800\" height=\"800\" src=\"https:\/\/www.yongyukitchenware.com\/wp-content\/uploads\/2025\/03\/Wholesale-Stainless-Steel-Wine-Glass-7.webp\" alt=\"Venda por grosso de a\u00e7o inoxid\u00e1vel-vidro de vinho-7\" class=\"wp-image-3459\" style=\"width:416px;height:auto\" srcset=\"https:\/\/www.yongyukitchenware.com\/wp-content\/uploads\/2025\/03\/Wholesale-Stainless-Steel-Wine-Glass-7.webp 800w, https:\/\/www.yongyukitchenware.com\/wp-content\/uploads\/2025\/03\/Wholesale-Stainless-Steel-Wine-Glass-7-300x300.webp 300w, https:\/\/www.yongyukitchenware.com\/wp-content\/uploads\/2025\/03\/Wholesale-Stainless-Steel-Wine-Glass-7-150x150.webp 150w, https:\/\/www.yongyukitchenware.com\/wp-content\/uploads\/2025\/03\/Wholesale-Stainless-Steel-Wine-Glass-7-768x768.webp 768w, https:\/\/www.yongyukitchenware.com\/wp-content\/uploads\/2025\/03\/Wholesale-Stainless-Steel-Wine-Glass-7-12x12.webp 12w, https:\/\/www.yongyukitchenware.com\/wp-content\/uploads\/2025\/03\/Wholesale-Stainless-Steel-Wine-Glass-7-600x600.webp 600w, https:\/\/www.yongyukitchenware.com\/wp-content\/uploads\/2025\/03\/Wholesale-Stainless-Steel-Wine-Glass-7-100x100.webp 100w\" sizes=\"(max-width: 800px) 100vw, 800px\" \/><\/figure>\n<\/div>\n\n\n<figure class=\"wp-block-image size-full\"><img decoding=\"async\" width=\"800\" height=\"800\" src=\"https:\/\/www.yongyukitchenware.com\/wp-content\/uploads\/2025\/03\/Wholesale-Stainless-Steel-Wine-Glass-5.webp\" alt=\"Venda por grosso de a\u00e7o inoxid\u00e1vel-vidro de vinho-5\" class=\"wp-image-3457\" srcset=\"https:\/\/www.yongyukitchenware.com\/wp-content\/uploads\/2025\/03\/Wholesale-Stainless-Steel-Wine-Glass-5.webp 800w, https:\/\/www.yongyukitchenware.com\/wp-content\/uploads\/2025\/03\/Wholesale-Stainless-Steel-Wine-Glass-5-300x300.webp 300w, https:\/\/www.yongyukitchenware.com\/wp-content\/uploads\/2025\/03\/Wholesale-Stainless-Steel-Wine-Glass-5-150x150.webp 150w, https:\/\/www.yongyukitchenware.com\/wp-content\/uploads\/2025\/03\/Wholesale-Stainless-Steel-Wine-Glass-5-768x768.webp 768w, https:\/\/www.yongyukitchenware.com\/wp-content\/uploads\/2025\/03\/Wholesale-Stainless-Steel-Wine-Glass-5-12x12.webp 12w, https:\/\/www.yongyukitchenware.com\/wp-content\/uploads\/2025\/03\/Wholesale-Stainless-Steel-Wine-Glass-5-600x600.webp 600w, https:\/\/www.yongyukitchenware.com\/wp-content\/uploads\/2025\/03\/Wholesale-Stainless-Steel-Wine-Glass-5-100x100.webp 100w\" sizes=\"(max-width: 800px) 100vw, 800px\" \/><\/figure>\n<\/div>\n<\/div>\n<\/div>\n<\/div>\n\n\n\n<p><\/p>","protected":false},"excerpt":{"rendered":"<p>Copo de vinho em a\u00e7o inoxid\u00e1vel por grosso com um design moderno e duradouro, ideal para servir vinho, u\u00edsque ou champanhe. Servi\u00e7os de personaliza\u00e7\u00e3o e OEM dispon\u00edveis. Contacte-nos agora para obter um or\u00e7amento!<\/p>\n<h2 style=\"text-align: left\">Atacado de vidro de vinho de a\u00e7o inoxid\u00e1vel Par\u00e2metro:<\/h2>\n<p style=\"text-align: left\"><strong>Material:<\/strong> A\u00e7o inoxid\u00e1vel<br \/><strong>Cor:<\/strong> Prata\/dourado\/cobre\/preto<br \/><strong>Conce\u00e7\u00e3o: <\/strong>Pega dobr\u00e1vel, empilh\u00e1vel<br \/><strong>OEM\/ODM:<\/strong> Dispon\u00edvel<\/p>\n<h2 class=\"wp-block-heading\">De Camping Kitchen Essentials Fabricante :<\/h2>\n<p>Yongyu \u00e9 um fabricante profissional de artigos essenciais de cozinha para campismo. Os nossos produtos abrangem todos os tipos de artigos essenciais de cozinha de campismo em a\u00e7o inoxid\u00e1vel, tais como equipamento de cozinha de campismo, utens\u00edlios de mesa de campismo, grelhadores para churrasco, etc., fornecendo servi\u00e7os de aquisi\u00e7\u00e3o de qualidade e pre\u00e7os acess\u00edveis para cada cliente.<\/p>","protected":false},"featured_media":3453,"comment_status":"closed","ping_status":"closed","template":"","meta":{"_acf_changed":false},"application":[31],"product_brand":[],"product_cat":[16],"product_tag":[],"class_list":{"0":"post-3452","1":"product","2":"type-product","3":"status-publish","4":"has-post-thumbnail","6":"application-champ-kitchen","7":"product_cat-barware-wholesale-custom","9":"first","10":"instock","11":"shipping-taxable","12":"product-type-simple"},"acf":[],"_links":{"self":[{"href":"https:\/\/www.yongyukitchenware.com\/pt\/wp-json\/wp\/v2\/product\/3452","targetHints":{"allow":["GET"]}}],"collection":[{"href":"https:\/\/www.yongyukitchenware.com\/pt\/wp-json\/wp\/v2\/product"}],"about":[{"href":"https:\/\/www.yongyukitchenware.com\/pt\/wp-json\/wp\/v2\/types\/product"}],"replies":[{"embeddable":true,"href":"https:\/\/www.yongyukitchenware.com\/pt\/wp-json\/wp\/v2\/comments?post=3452"}],"wp:featuredmedia":[{"embeddable":true,"href":"https:\/\/www.yongyukitchenware.com\/pt\/wp-json\/wp\/v2\/media\/3453"}],"wp:attachment":[{"href":"https:\/\/www.yongyukitchenware.com\/pt\/wp-json\/wp\/v2\/media?parent=3452"}],"wp:term":[{"taxonomy":"application","embeddable":true,"href":"https:\/\/www.yongyukitchenware.com\/pt\/wp-json\/wp\/v2\/application?post=3452"},{"taxonomy":"product_brand","embeddable":true,"href":"https:\/\/www.yongyukitchenware.com\/pt\/wp-json\/wp\/v2\/product_brand?post=3452"},{"taxonomy":"product_cat","embeddable":true,"href":"https:\/\/www.yongyukitchenware.com\/pt\/wp-json\/wp\/v2\/product_cat?post=3452"},{"taxonomy":"product_tag","embeddable":true,"href":"https:\/\/www.yongyukitchenware.com\/pt\/wp-json\/wp\/v2\/product_tag?post=3452"}],"curies":[{"name":"wp","href":"https:\/\/api.w.org\/{rel}","templated":true}]}}