{"id":3586,"date":"2025-04-23T09:20:15","date_gmt":"2025-04-23T09:20:15","guid":{"rendered":"https:\/\/www.yongyukitchenware.com\/?post_type=product&#038;p=3586"},"modified":"2025-06-13T05:50:37","modified_gmt":"2025-06-13T05:50:37","slug":"bulk-egg-shape-roll-top-chafing-dish-buffet-set-for-hotel-restaurant","status":"publish","type":"product","link":"https:\/\/www.yongyukitchenware.com\/pt\/produto\/bulk-egg-shape-roll-top-chafing-dish-buffet-set-for-hotel-restaurant\/","title":{"rendered":"Conjunto de pratos para festas com tampa de rolo em forma de ovo"},"content":{"rendered":"<div class=\"wp-block-columns is-layout-flex wp-container-core-columns-is-layout-9d6595d7 wp-block-columns-is-layout-flex\">\n<div class=\"wp-block-column is-layout-flow wp-block-column-is-layout-flow\">\n<h2 class=\"wp-block-heading\">Prato de Chafing em Forma de Ovo a Granel Roll Top Par\u00e2metro:<\/h2>\n\n\n\n<figure class=\"wp-block-table\"><table class=\"has-fixed-layout\"><tbody><tr><td>Modelo<\/td><td>Di\u00e2metro*Largura*Altura (cm)<\/td><td>Capacidade (L)<\/td><td>MOQ<\/td><\/tr><tr><td>DY032-CL<\/td><td>63*52*45cm<\/td><td>9<\/td><td>4 PE\u00c7AS<\/td><\/tr><\/tbody><\/table><\/figure>\n\n\n\n<h2 class=\"wp-block-heading\">Prato de Chafing Roll Top em forma de ovo a granel Carater\u00edsticas:<\/h2>\n\n\n\n<p><strong>Dois m\u00e9todos de aquecimento:<\/strong> Utilizar aquecimento a \u00e1lcool ou uma placa de aquecimento el\u00e9ctrica para melhor se adaptar a v\u00e1rios casos de utiliza\u00e7\u00e3o e prefer\u00eancias individuais, e proporcionar flexibilidade e conveni\u00eancia na utiliza\u00e7\u00e3o em v\u00e1rias aplica\u00e7\u00f5es.<\/p>\n\n\n\n<p><strong>Constru\u00e7\u00e3o em a\u00e7o inoxid\u00e1vel espessado:<\/strong> Fabricado em a\u00e7o inoxid\u00e1vel de alta qualidade e de qualidade alimentar, este material n\u00e3o s\u00f3 cumpre os requisitos para o contacto com os alimentos, como tamb\u00e9m proporciona uma maior durabilidade e um funcionamento a longo prazo.<\/p>\n\n\n\n<p><strong>Constru\u00e7\u00e3o da divis\u00e3o amov\u00edvel:<\/strong> A bacia e o corpo do forno s\u00e3o divididos e remov\u00edveis para facilitar a manuten\u00e7\u00e3o e a limpeza, ideal para uso residencial e comercial.<\/p>\n\n\n\n<p><strong>Constru\u00e7\u00e3o chique Roll Top:<\/strong> Apresenta uma tampa superior de enrolar totalmente retr\u00e1til com o tradicional aspeto elegante. O seu \u00e2ngulo de abertura alargado facilita o acesso e abre e fecha automaticamente com facilidade, cumprindo tanto a forma como a fun\u00e7\u00e3o.<\/p>\n<\/div>\n\n\n\n<div class=\"wp-block-column is-layout-flow wp-block-column-is-layout-flow\">\n<figure class=\"wp-block-image size-full\"><img decoding=\"async\" width=\"800\" height=\"800\" src=\"https:\/\/www.yongyukitchenware.com\/wp-content\/uploads\/2025\/04\/Bulk-Egg-Shape-Roll-Top-Chafing-Dish-8.webp\" alt=\"Prato para assar a massa em forma de ovo com tampa de rolo - 8\" class=\"wp-image-3594\" srcset=\"https:\/\/www.yongyukitchenware.com\/wp-content\/uploads\/2025\/04\/Bulk-Egg-Shape-Roll-Top-Chafing-Dish-8.webp 800w, https:\/\/www.yongyukitchenware.com\/wp-content\/uploads\/2025\/04\/Bulk-Egg-Shape-Roll-Top-Chafing-Dish-8-300x300.webp 300w, https:\/\/www.yongyukitchenware.com\/wp-content\/uploads\/2025\/04\/Bulk-Egg-Shape-Roll-Top-Chafing-Dish-8-150x150.webp 150w, https:\/\/www.yongyukitchenware.com\/wp-content\/uploads\/2025\/04\/Bulk-Egg-Shape-Roll-Top-Chafing-Dish-8-768x768.webp 768w, https:\/\/www.yongyukitchenware.com\/wp-content\/uploads\/2025\/04\/Bulk-Egg-Shape-Roll-Top-Chafing-Dish-8-12x12.webp 12w, https:\/\/www.yongyukitchenware.com\/wp-content\/uploads\/2025\/04\/Bulk-Egg-Shape-Roll-Top-Chafing-Dish-8-600x600.webp 600w, https:\/\/www.yongyukitchenware.com\/wp-content\/uploads\/2025\/04\/Bulk-Egg-Shape-Roll-Top-Chafing-Dish-8-100x100.webp 100w\" sizes=\"(max-width: 800px) 100vw, 800px\" \/><\/figure>\n\n\n\n<figure class=\"wp-block-image size-full\"><img decoding=\"async\" width=\"800\" height=\"800\" src=\"https:\/\/www.yongyukitchenware.com\/wp-content\/uploads\/2025\/04\/Bulk-Egg-Shape-Roll-Top-Chafing-Dish-3.webp\" alt=\"Prato para assar a massa em forma de ovo com tampa de rolo-3\" class=\"wp-image-3589\" srcset=\"https:\/\/www.yongyukitchenware.com\/wp-content\/uploads\/2025\/04\/Bulk-Egg-Shape-Roll-Top-Chafing-Dish-3.webp 800w, https:\/\/www.yongyukitchenware.com\/wp-content\/uploads\/2025\/04\/Bulk-Egg-Shape-Roll-Top-Chafing-Dish-3-300x300.webp 300w, https:\/\/www.yongyukitchenware.com\/wp-content\/uploads\/2025\/04\/Bulk-Egg-Shape-Roll-Top-Chafing-Dish-3-150x150.webp 150w, https:\/\/www.yongyukitchenware.com\/wp-content\/uploads\/2025\/04\/Bulk-Egg-Shape-Roll-Top-Chafing-Dish-3-768x768.webp 768w, https:\/\/www.yongyukitchenware.com\/wp-content\/uploads\/2025\/04\/Bulk-Egg-Shape-Roll-Top-Chafing-Dish-3-12x12.webp 12w, https:\/\/www.yongyukitchenware.com\/wp-content\/uploads\/2025\/04\/Bulk-Egg-Shape-Roll-Top-Chafing-Dish-3-600x600.webp 600w, https:\/\/www.yongyukitchenware.com\/wp-content\/uploads\/2025\/04\/Bulk-Egg-Shape-Roll-Top-Chafing-Dish-3-100x100.webp 100w\" sizes=\"(max-width: 800px) 100vw, 800px\" \/><\/figure>\n<\/div>\n<\/div>\n\n\n\n<div class=\"wp-block-columns is-layout-flex wp-container-core-columns-is-layout-9d6595d7 wp-block-columns-is-layout-flex\">\n<div class=\"wp-block-column is-layout-flow wp-block-column-is-layout-flow\"><\/div>\n\n\n\n<div class=\"wp-block-column is-layout-flow wp-block-column-is-layout-flow\"><\/div>\n<\/div>\n\n\n\n<p><\/p>","protected":false},"excerpt":{"rendered":"<p>O prato para chafing Bulk Egg Shape Roll Top \u00e9 perfeito para buffets e festas, apresentando um design elegante em forma de ovo com uma tampa de enrolar para f\u00e1cil acesso. Combust\u00edvel personaliz\u00e1vel ou aquecimento el\u00e9trico, cor, log\u00f3tipo, etc. Apoie as vendas na Amazon!<\/p>\n<h2><!-- wp:heading --><\/h2>\n<h2 class=\"wp-block-heading\">Prato de Chafing Roll Top em forma de ovo a granel Atributos:<\/h2>\n<h2><!-- \/wp:heading --><\/p>\n<p><!-- wp:paragraph --><\/h2>\n<p><strong>Material: <\/strong>A\u00e7o inoxid\u00e1vel<br \/><strong>Cor: <\/strong>Prata\/dourado<br \/><strong>Forma: <\/strong>Redondo com tampa de enrolar e panela de sopa<br \/><strong>Calor: <\/strong>Aquecimento a \u00e1lcool ou el\u00e9trico<br \/><strong>Panela de chafer: <\/strong>Individual\/Duplo\/Tr\u00eas grelhas<br \/><strong>OEM\/ODM: <\/strong>Dispon\u00edvel<\/p>\n<h2 class=\"wp-block-heading\">De Yongyu Chafing Dish Fabricante :<\/h2>\n<p>Quer se trate de um fornecedor de servi\u00e7os de catering, de um hotel e restaurante ou de uma empresa de planeamento de eventos, fornecemos solu\u00e7\u00f5es personalizadas completas de pratos de chafing por atacado para ajudar a sua empresa com pre\u00e7os de f\u00e1brica de alta qualidade!<\/p>\n<h2><!-- \/wp:paragraph --><\/h2>","protected":false},"featured_media":3588,"comment_status":"closed","ping_status":"closed","template":"","meta":{"_acf_changed":false},"application":[30],"product_brand":[],"product_cat":[33],"product_tag":[],"class_list":{"0":"post-3586","1":"product","2":"type-product","3":"status-publish","4":"has-post-thumbnail","6":"application-hotel-catering","7":"product_cat-chafing-dishes-wholesale","9":"first","10":"instock","11":"shipping-taxable","12":"product-type-simple"},"acf":[],"_links":{"self":[{"href":"https:\/\/www.yongyukitchenware.com\/pt\/wp-json\/wp\/v2\/product\/3586","targetHints":{"allow":["GET"]}}],"collection":[{"href":"https:\/\/www.yongyukitchenware.com\/pt\/wp-json\/wp\/v2\/product"}],"about":[{"href":"https:\/\/www.yongyukitchenware.com\/pt\/wp-json\/wp\/v2\/types\/product"}],"replies":[{"embeddable":true,"href":"https:\/\/www.yongyukitchenware.com\/pt\/wp-json\/wp\/v2\/comments?post=3586"}],"wp:featuredmedia":[{"embeddable":true,"href":"https:\/\/www.yongyukitchenware.com\/pt\/wp-json\/wp\/v2\/media\/3588"}],"wp:attachment":[{"href":"https:\/\/www.yongyukitchenware.com\/pt\/wp-json\/wp\/v2\/media?parent=3586"}],"wp:term":[{"taxonomy":"application","embeddable":true,"href":"https:\/\/www.yongyukitchenware.com\/pt\/wp-json\/wp\/v2\/application?post=3586"},{"taxonomy":"product_brand","embeddable":true,"href":"https:\/\/www.yongyukitchenware.com\/pt\/wp-json\/wp\/v2\/product_brand?post=3586"},{"taxonomy":"product_cat","embeddable":true,"href":"https:\/\/www.yongyukitchenware.com\/pt\/wp-json\/wp\/v2\/product_cat?post=3586"},{"taxonomy":"product_tag","embeddable":true,"href":"https:\/\/www.yongyukitchenware.com\/pt\/wp-json\/wp\/v2\/product_tag?post=3586"}],"curies":[{"name":"wp","href":"https:\/\/api.w.org\/{rel}","templated":true}]}}