{"id":3595,"date":"2025-04-23T09:30:33","date_gmt":"2025-04-23T09:30:33","guid":{"rendered":"https:\/\/www.yongyukitchenware.com\/?post_type=product&#038;p=3595"},"modified":"2025-06-13T05:48:41","modified_gmt":"2025-06-13T05:48:41","slug":"bulk-small-chafing-dish","status":"publish","type":"product","link":"https:\/\/www.yongyukitchenware.com\/pt\/produto\/bulk-small-chafing-dish\/","title":{"rendered":"Conjunto de buffet de pratos pequenos para chafing a granel Aquecedor de alimentos 4.5L"},"content":{"rendered":"<div class=\"wp-block-columns is-layout-flex wp-container-core-columns-is-layout-9d6595d7 wp-block-columns-is-layout-flex\">\n<div class=\"wp-block-column is-layout-flow wp-block-column-is-layout-flow\">\n<h2 class=\"wp-block-heading\">Prato pequeno para chafing a granel Par\u00e2metro:<\/h2>\n\n\n\n<figure class=\"wp-block-table\"><table class=\"has-fixed-layout\"><tbody><tr><td>Modelo<\/td><td>Di\u00e2metro* Altura (cm)<\/td><td>Capacidade (L)<\/td><td>MOQ<\/td><\/tr><tr><td>DY034-CL<\/td><td>34*22.5<\/td><td>4.5<\/td><td>4 PE\u00c7AS<\/td><\/tr><\/tbody><\/table><\/figure>\n\n\n\n<h2 class=\"wp-block-heading\">Prato pequeno para chafing a granel Carater\u00edsticas:<\/h2>\n\n\n\n<p><strong>Material em a\u00e7o inoxid\u00e1vel espessado: <\/strong>a sele\u00e7\u00e3o de a\u00e7o de qualidade alimentar de alta qualidade, o material \u00e9 seguro e duradouro<br><strong>Design dividido:<\/strong> O recipiente para alimentos e o recipiente inferior podem ser separados do corpo do forno para facilitar a limpeza<br><strong>Aquecimento da l\u00e2mpada de \u00e1lcool: <\/strong>Aquecimento f\u00edsico, tempo de combust\u00e3o longo, com cobertura de fogo, utiliza\u00e7\u00e3o segura<br><strong>Tampa de a\u00e7o e tampa de vidro opcionais: <\/strong>uma variedade de estilos de cobertura, para al\u00e9m de poderem ser combinados com ganchos, podem pendurar a cobertura.<\/p>\n<\/div>\n\n\n\n<div class=\"wp-block-column is-layout-flow wp-block-column-is-layout-flow\">\n<figure class=\"wp-block-image size-full\"><img decoding=\"async\" width=\"1500\" height=\"1500\" src=\"https:\/\/www.yongyukitchenware.com\/wp-content\/uploads\/2025\/04\/Bulk-Stainless-Steel-Small-Size-Chafing-Dish-7.webp\" alt=\"Prato pequeno para cozinhar a granel em a\u00e7o inoxid\u00e1vel-7\" class=\"wp-image-3602\" srcset=\"https:\/\/www.yongyukitchenware.com\/wp-content\/uploads\/2025\/04\/Bulk-Stainless-Steel-Small-Size-Chafing-Dish-7.webp 1500w, https:\/\/www.yongyukitchenware.com\/wp-content\/uploads\/2025\/04\/Bulk-Stainless-Steel-Small-Size-Chafing-Dish-7-300x300.webp 300w, https:\/\/www.yongyukitchenware.com\/wp-content\/uploads\/2025\/04\/Bulk-Stainless-Steel-Small-Size-Chafing-Dish-7-150x150.webp 150w, https:\/\/www.yongyukitchenware.com\/wp-content\/uploads\/2025\/04\/Bulk-Stainless-Steel-Small-Size-Chafing-Dish-7-768x768.webp 768w, https:\/\/www.yongyukitchenware.com\/wp-content\/uploads\/2025\/04\/Bulk-Stainless-Steel-Small-Size-Chafing-Dish-7-12x12.webp 12w, https:\/\/www.yongyukitchenware.com\/wp-content\/uploads\/2025\/04\/Bulk-Stainless-Steel-Small-Size-Chafing-Dish-7-1200x1200.webp 1200w, https:\/\/www.yongyukitchenware.com\/wp-content\/uploads\/2025\/04\/Bulk-Stainless-Steel-Small-Size-Chafing-Dish-7-600x600.webp 600w, https:\/\/www.yongyukitchenware.com\/wp-content\/uploads\/2025\/04\/Bulk-Stainless-Steel-Small-Size-Chafing-Dish-7-100x100.webp 100w\" sizes=\"(max-width: 1500px) 100vw, 1500px\" \/><\/figure>\n<\/div>\n<\/div>\n\n\n\n<p><\/p>","protected":false},"excerpt":{"rendered":"<div class=\"flex max-w-full flex-col flex-grow\">\n<div class=\"min-h-8 text-message flex w-full flex-col items-end gap-2 whitespace-normal break-words text-start [.text-message+&amp;]:mt-5\" dir=\"auto\" data-message-author-role=\"assistant\" data-message-id=\"e07a47d1-8143-4d76-a750-70f60d252df1\" data-message-model-slug=\"gpt-4o\">\n<div class=\"flex w-full flex-col gap-1 empty:hidden first:pt-[3px]\">\n<div class=\"markdown prose w-full break-words dark:prose-invert dark\">\n<p data-start=\"0\" data-end=\"249\" data-is-last-node=\"\">O pequeno prato de chafing a granel, dourado e prateado, \u00e9 um estilo cl\u00e1ssico de conjunto de buffet, adequado para buffet e festas. Fornecemos servi\u00e7os OEM e ODM, apoiamos as vendas na Amaz\u00f3nia e somos bem-vindos a perguntar!<\/p>\n<\/div>\n<\/div>\n<\/div>\n<\/div>\n<h2><!-- wp:heading --><\/h2>\n<h2 class=\"wp-block-heading\">Prato pequeno para chafing a granel Atributos:<\/h2>\n<h2><!-- \/wp:heading --><\/p>\n<p><!-- wp:paragraph --><\/h2>\n<p><strong>Material: <\/strong>A\u00e7o inoxid\u00e1vel<br \/><strong>Cor: <\/strong>Prata\/dourado<br \/><strong>Forma:<\/strong> Redondo<br \/><strong>Calor: <\/strong>Aquecimento el\u00e9trico\/Aquecimento a \u00e1lcool<br \/><strong>Panela de chafer: <\/strong>Individual\/Duplo\/Tr\u00eas grelhas<br \/><strong>OEM\/ODM: <\/strong>Dispon\u00edvel<\/p>\n<h2 class=\"wp-block-heading\">De Yongyu Chafing Dish Fabricante :<\/h2>\n<p>Quer se trate de um fornecedor de servi\u00e7os de catering, de um hotel e de um restaurante ou de uma empresa de planeamento de eventos, fornecemos solu\u00e7\u00f5es personalizadas completas de pratos de chafing por atacado para ajudar a sua empresa com pre\u00e7os de f\u00e1brica de alta qualidade!<\/p>\n<h2><!-- \/wp:paragraph --><\/h2>","protected":false},"featured_media":3596,"comment_status":"closed","ping_status":"closed","template":"","meta":{"_acf_changed":true},"application":[30],"product_brand":[],"product_cat":[33],"product_tag":[],"class_list":{"0":"post-3595","1":"product","2":"type-product","3":"status-publish","4":"has-post-thumbnail","6":"application-hotel-catering","7":"product_cat-chafing-dishes-wholesale","9":"first","10":"instock","11":"shipping-taxable","12":"product-type-simple"},"acf":[],"_links":{"self":[{"href":"https:\/\/www.yongyukitchenware.com\/pt\/wp-json\/wp\/v2\/product\/3595","targetHints":{"allow":["GET"]}}],"collection":[{"href":"https:\/\/www.yongyukitchenware.com\/pt\/wp-json\/wp\/v2\/product"}],"about":[{"href":"https:\/\/www.yongyukitchenware.com\/pt\/wp-json\/wp\/v2\/types\/product"}],"replies":[{"embeddable":true,"href":"https:\/\/www.yongyukitchenware.com\/pt\/wp-json\/wp\/v2\/comments?post=3595"}],"wp:featuredmedia":[{"embeddable":true,"href":"https:\/\/www.yongyukitchenware.com\/pt\/wp-json\/wp\/v2\/media\/3596"}],"wp:attachment":[{"href":"https:\/\/www.yongyukitchenware.com\/pt\/wp-json\/wp\/v2\/media?parent=3595"}],"wp:term":[{"taxonomy":"application","embeddable":true,"href":"https:\/\/www.yongyukitchenware.com\/pt\/wp-json\/wp\/v2\/application?post=3595"},{"taxonomy":"product_brand","embeddable":true,"href":"https:\/\/www.yongyukitchenware.com\/pt\/wp-json\/wp\/v2\/product_brand?post=3595"},{"taxonomy":"product_cat","embeddable":true,"href":"https:\/\/www.yongyukitchenware.com\/pt\/wp-json\/wp\/v2\/product_cat?post=3595"},{"taxonomy":"product_tag","embeddable":true,"href":"https:\/\/www.yongyukitchenware.com\/pt\/wp-json\/wp\/v2\/product_tag?post=3595"}],"curies":[{"name":"wp","href":"https:\/\/api.w.org\/{rel}","templated":true}]}}