{"id":3699,"date":"2025-05-09T09:48:41","date_gmt":"2025-05-09T09:48:41","guid":{"rendered":"https:\/\/www.yongyukitchenware.com\/?post_type=product&#038;p=3699"},"modified":"2025-06-13T03:38:07","modified_gmt":"2025-06-13T03:38:07","slug":"bulk-1-1-american-style-gn-pan-stainless-steel-with-lid","status":"publish","type":"product","link":"https:\/\/www.yongyukitchenware.com\/pt\/produto\/bulk-1-1-american-style-gn-pan-stainless-steel-with-lid\/","title":{"rendered":"Panela GN estilo americano a granel 1\/1 em a\u00e7o inoxid\u00e1vel com tampa"},"content":{"rendered":"<div class=\"wp-block-columns is-layout-flex wp-container-core-columns-is-layout-9d6595d7 wp-block-columns-is-layout-flex\">\n<div class=\"wp-block-column is-layout-flow wp-block-column-is-layout-flow\">\n<h2 class=\"wp-block-heading\">Panela GN estilo americano 1\/1 a granel Carater\u00edsticas:<\/h2>\n\n\n\n<p><strong>A\u00e7o inoxid\u00e1vel de alta qualidade: <\/strong>a\u00e7o inoxid\u00e1vel de qualidade alimentar com excelente resist\u00eancia \u00e0 corros\u00e3o, ao calor e aos riscos<br><strong>V\u00e1rios tamanhos com tampas:<\/strong> satisfazem diferentes necessidades, adaptam-se ao equipamento normal de restaura\u00e7\u00e3o e de servi\u00e7o alimentar<br><strong>Pode ser aquecido: <\/strong>Devido \u00e0 excelente condutividade t\u00e9rmica do a\u00e7o inoxid\u00e1vel, as frigideiras GN podem ser aquecidas e cozinhadas uniformemente.<br><strong>Desenho em relevo: <\/strong>As panelas GN s\u00e3o \u00e0 prova de fugas, evitando que os l\u00edquidos escorram.<br><strong>Design de rebordo enrolado: <\/strong>Os cantos arredondados e lisos facilitam o manuseamento e evitam les\u00f5es nas m\u00e3os.<br><strong>Existem dois tipos de tampas: <\/strong>uma \u00e9 uma tampa perfurada, reservando espa\u00e7o para as colheres; uma \u00e9 uma tampa totalmente em a\u00e7o, que pode ser eficazmente selada e protegida contra o p\u00f3<\/p>\n<\/div>\n\n\n\n<div class=\"wp-block-column is-layout-flow wp-block-column-is-layout-flow\">\n<div class=\"wp-block-columns is-layout-flex wp-container-core-columns-is-layout-9d6595d7 wp-block-columns-is-layout-flex\">\n<div class=\"wp-block-column is-layout-flow wp-block-column-is-layout-flow\">\n<figure class=\"wp-block-image size-full\"><img decoding=\"async\" width=\"800\" height=\"800\" src=\"https:\/\/www.yongyukitchenware.com\/wp-content\/uploads\/2024\/10\/wholesale-gn-pan-2.webp\" alt=\"grossista-gn-pan (2)\" class=\"wp-image-1584\" srcset=\"https:\/\/www.yongyukitchenware.com\/wp-content\/uploads\/2024\/10\/wholesale-gn-pan-2.webp 800w, https:\/\/www.yongyukitchenware.com\/wp-content\/uploads\/2024\/10\/wholesale-gn-pan-2-300x300.webp 300w, https:\/\/www.yongyukitchenware.com\/wp-content\/uploads\/2024\/10\/wholesale-gn-pan-2-150x150.webp 150w, https:\/\/www.yongyukitchenware.com\/wp-content\/uploads\/2024\/10\/wholesale-gn-pan-2-768x768.webp 768w, https:\/\/www.yongyukitchenware.com\/wp-content\/uploads\/2024\/10\/wholesale-gn-pan-2-12x12.webp 12w, https:\/\/www.yongyukitchenware.com\/wp-content\/uploads\/2024\/10\/wholesale-gn-pan-2-600x600.webp 600w, https:\/\/www.yongyukitchenware.com\/wp-content\/uploads\/2024\/10\/wholesale-gn-pan-2-100x100.webp 100w\" sizes=\"(max-width: 800px) 100vw, 800px\" \/><\/figure>\n<\/div>\n\n\n\n<div class=\"wp-block-column is-layout-flow wp-block-column-is-layout-flow\">\n<figure class=\"wp-block-image size-full\"><img decoding=\"async\" width=\"800\" height=\"800\" src=\"https:\/\/www.yongyukitchenware.com\/wp-content\/uploads\/2024\/10\/wholesale-gn-pan-5.webp\" alt=\"grossista-gn-pan (5)\" class=\"wp-image-1587\" srcset=\"https:\/\/www.yongyukitchenware.com\/wp-content\/uploads\/2024\/10\/wholesale-gn-pan-5.webp 800w, https:\/\/www.yongyukitchenware.com\/wp-content\/uploads\/2024\/10\/wholesale-gn-pan-5-300x300.webp 300w, https:\/\/www.yongyukitchenware.com\/wp-content\/uploads\/2024\/10\/wholesale-gn-pan-5-150x150.webp 150w, https:\/\/www.yongyukitchenware.com\/wp-content\/uploads\/2024\/10\/wholesale-gn-pan-5-768x768.webp 768w, https:\/\/www.yongyukitchenware.com\/wp-content\/uploads\/2024\/10\/wholesale-gn-pan-5-12x12.webp 12w, https:\/\/www.yongyukitchenware.com\/wp-content\/uploads\/2024\/10\/wholesale-gn-pan-5-600x600.webp 600w, https:\/\/www.yongyukitchenware.com\/wp-content\/uploads\/2024\/10\/wholesale-gn-pan-5-100x100.webp 100w\" sizes=\"(max-width: 800px) 100vw, 800px\" \/><\/figure>\n<\/div>\n<\/div>\n<\/div>\n<\/div>\n\n\n\n<h2 class=\"wp-block-heading\">A granel 1\/1 Panela GN de estilo americano Par\u00e2metro<\/h2>\n\n\n\n<figure class=\"wp-block-table\"><table class=\"has-fixed-layout\"><tbody><tr><td>Modelo<\/td><td>Tamanho<\/td><td>Comprimento * Largura * Altura (mm)<\/td><td>MOQ<\/td><\/tr><tr><td rowspan=\"6\">DY001-FSP<\/td><td rowspan=\"6\">1\/1 Panela GN americana<\/td><td>530\u00d7325\u00d7200<\/td><td rowspan=\"6\">50 UNIDADES<\/td><\/tr><tr><td>530\u00d7325\u00d7150<\/td><\/tr><tr><td>530\u00d7325\u00d7100<\/td><\/tr><tr><td>530\u00d7325\u00d765<\/td><\/tr><tr><td>530\u00d7325\u00d740<\/td><\/tr><tr><td>530\u00d7325\u00d725<\/td><\/tr><\/tbody><\/table><\/figure>\n\n\n\n<p><\/p>","protected":false},"excerpt":{"rendered":"<p>Panela GN de estilo americano 1\/1 a granel feita de a\u00e7o inoxid\u00e1vel dur\u00e1vel com tampa, adequada para armazenamento comercial de alimentos, cozinhar e servir.<\/p>\n<h2><!-- wp:heading --><\/h2>\n<h2 class=\"wp-block-heading\">A granel 1\/1 Panela GN estilo americano Atributos :<\/h2>\n<h2><!-- \/wp:heading --><\/p>\n<p><!-- wp:paragraph --><\/h2>\n<p><strong>Material: <\/strong>A\u00e7o inoxid\u00e1vel<br \/><strong>Tamanho:<\/strong> 1\/1, 1\/2, 1\/3, 1\/4, 1\/4, 1\/6, 1\/9, 3\/2 gn pan<br \/><strong>A\u00e7o inoxid\u00e1vel Espessura:<\/strong> 0,5 mm, 0,6 mm, 0,7 mm, 0,8 mm, 1,0 mm<br \/><strong>Tipos de tampas<\/strong><strong>:<\/strong> Tampa perfurada e tampa completa em a\u00e7o<br \/><strong>Conce\u00e7\u00e3o:<\/strong> Design com rebordos elevados e enrolados<br \/><strong>Embalagem:<\/strong> Saco OPP e caixa de cart\u00e3o<br \/><strong>OEM\/ODM:<\/strong> dispon\u00edvel<\/p>\n<p><!-- \/wp:paragraph --><\/p>","protected":false},"featured_media":3754,"comment_status":"closed","ping_status":"closed","template":"","meta":{"_acf_changed":false},"application":[30],"product_brand":[],"product_cat":[22,37],"product_tag":[],"class_list":{"0":"post-3699","1":"product","2":"type-product","3":"status-publish","4":"has-post-thumbnail","6":"application-hotel-catering","7":"product_cat-catering-supplies-wholesale","8":"product_cat-gastronorm-pan-manufacturer","10":"first","11":"instock","12":"shipping-taxable","13":"product-type-simple"},"acf":[],"_links":{"self":[{"href":"https:\/\/www.yongyukitchenware.com\/pt\/wp-json\/wp\/v2\/product\/3699","targetHints":{"allow":["GET"]}}],"collection":[{"href":"https:\/\/www.yongyukitchenware.com\/pt\/wp-json\/wp\/v2\/product"}],"about":[{"href":"https:\/\/www.yongyukitchenware.com\/pt\/wp-json\/wp\/v2\/types\/product"}],"replies":[{"embeddable":true,"href":"https:\/\/www.yongyukitchenware.com\/pt\/wp-json\/wp\/v2\/comments?post=3699"}],"wp:featuredmedia":[{"embeddable":true,"href":"https:\/\/www.yongyukitchenware.com\/pt\/wp-json\/wp\/v2\/media\/3754"}],"wp:attachment":[{"href":"https:\/\/www.yongyukitchenware.com\/pt\/wp-json\/wp\/v2\/media?parent=3699"}],"wp:term":[{"taxonomy":"application","embeddable":true,"href":"https:\/\/www.yongyukitchenware.com\/pt\/wp-json\/wp\/v2\/application?post=3699"},{"taxonomy":"product_brand","embeddable":true,"href":"https:\/\/www.yongyukitchenware.com\/pt\/wp-json\/wp\/v2\/product_brand?post=3699"},{"taxonomy":"product_cat","embeddable":true,"href":"https:\/\/www.yongyukitchenware.com\/pt\/wp-json\/wp\/v2\/product_cat?post=3699"},{"taxonomy":"product_tag","embeddable":true,"href":"https:\/\/www.yongyukitchenware.com\/pt\/wp-json\/wp\/v2\/product_tag?post=3699"}],"curies":[{"name":"wp","href":"https:\/\/api.w.org\/{rel}","templated":true}]}}