{"id":3715,"date":"2025-05-09T09:44:27","date_gmt":"2025-05-09T09:44:27","guid":{"rendered":"https:\/\/www.yongyukitchenware.com\/?post_type=product&#038;p=3715"},"modified":"2025-06-13T03:54:14","modified_gmt":"2025-06-13T03:54:14","slug":"bulk-1-3-eu-style-gn-pan","status":"publish","type":"product","link":"https:\/\/www.yongyukitchenware.com\/pt\/produto\/bulk-1-3-eu-style-gn-pan\/","title":{"rendered":"Panela GN estilo UE a granel 1\/3 Panelas Gastronorm de a\u00e7o inoxid\u00e1vel estilo UE com tampa"},"content":{"rendered":"<div class=\"wp-block-columns is-layout-flex wp-container-core-columns-is-layout-9d6595d7 wp-block-columns-is-layout-flex\">\n<div class=\"wp-block-column is-layout-flow wp-block-column-is-layout-flow\">\n<h2 class=\"wp-block-heading\">Panela GN estilo 1\/3 UE a granel Carater\u00edsticas:<\/h2>\n\n\n\n<p>A\u00e7o inoxid\u00e1vel de qualidade superior: A\u00e7o inoxid\u00e1vel de qualidade alimentar e resistente ao calor<br>A panela GN pode ser aquecida: Devido \u00e0 excelente condutividade t\u00e9rmica do a\u00e7o inoxid\u00e1vel, pode ser cozido e aquecido uniformemente, concebido para ter o efeito ideal de dissipa\u00e7\u00e3o de calor e isolamento<br>Constru\u00e7\u00e3o elevada: As panelas GN s\u00e3o \u00e0 prova de fugas, uma vez que os l\u00edquidos n\u00e3o podem circular.<br>Design de rebordo enrolado: Arestas esf\u00e9ricas e lisas para permitir uma f\u00e1cil ader\u00eancia, evitar cortes nos dedos e facilitar a limpeza e a utiliza\u00e7\u00e3o.<br>Dois tipos de tampas: uma tampa perfurada que cria espa\u00e7o para as colheres e uma tampa completa em a\u00e7o que veda e fecha eficazmente o p\u00f3<br><strong>Poupan\u00e7a de espa\u00e7o: <\/strong>um design empilh\u00e1vel para efici\u00eancia de armazenamento.<\/p>\n<\/div>\n\n\n\n<div class=\"wp-block-column is-layout-flow wp-block-column-is-layout-flow\">\n<div class=\"wp-block-columns is-layout-flex wp-container-core-columns-is-layout-9d6595d7 wp-block-columns-is-layout-flex\">\n<div class=\"wp-block-column is-layout-flow wp-block-column-is-layout-flow\">\n<figure class=\"wp-block-image size-full\"><img decoding=\"async\" width=\"800\" height=\"800\" src=\"https:\/\/www.yongyukitchenware.com\/wp-content\/uploads\/2024\/10\/supply-food-pan-2.webp\" alt=\"panela de abastecimento de alimentos (2)\" class=\"wp-image-1600\" srcset=\"https:\/\/www.yongyukitchenware.com\/wp-content\/uploads\/2024\/10\/supply-food-pan-2.webp 800w, https:\/\/www.yongyukitchenware.com\/wp-content\/uploads\/2024\/10\/supply-food-pan-2-300x300.webp 300w, https:\/\/www.yongyukitchenware.com\/wp-content\/uploads\/2024\/10\/supply-food-pan-2-150x150.webp 150w, https:\/\/www.yongyukitchenware.com\/wp-content\/uploads\/2024\/10\/supply-food-pan-2-768x768.webp 768w, https:\/\/www.yongyukitchenware.com\/wp-content\/uploads\/2024\/10\/supply-food-pan-2-12x12.webp 12w, https:\/\/www.yongyukitchenware.com\/wp-content\/uploads\/2024\/10\/supply-food-pan-2-600x600.webp 600w, https:\/\/www.yongyukitchenware.com\/wp-content\/uploads\/2024\/10\/supply-food-pan-2-100x100.webp 100w\" sizes=\"(max-width: 800px) 100vw, 800px\" \/><\/figure>\n<\/div>\n\n\n\n<div class=\"wp-block-column is-layout-flow wp-block-column-is-layout-flow\">\n<figure class=\"wp-block-image size-full\"><img decoding=\"async\" width=\"800\" height=\"800\" src=\"https:\/\/www.yongyukitchenware.com\/wp-content\/uploads\/2024\/10\/supply-food-pan-4.webp\" alt=\"panela de abastecimento de alimentos (4)\" class=\"wp-image-1602\" srcset=\"https:\/\/www.yongyukitchenware.com\/wp-content\/uploads\/2024\/10\/supply-food-pan-4.webp 800w, https:\/\/www.yongyukitchenware.com\/wp-content\/uploads\/2024\/10\/supply-food-pan-4-300x300.webp 300w, https:\/\/www.yongyukitchenware.com\/wp-content\/uploads\/2024\/10\/supply-food-pan-4-150x150.webp 150w, https:\/\/www.yongyukitchenware.com\/wp-content\/uploads\/2024\/10\/supply-food-pan-4-768x768.webp 768w, https:\/\/www.yongyukitchenware.com\/wp-content\/uploads\/2024\/10\/supply-food-pan-4-12x12.webp 12w, https:\/\/www.yongyukitchenware.com\/wp-content\/uploads\/2024\/10\/supply-food-pan-4-600x600.webp 600w, https:\/\/www.yongyukitchenware.com\/wp-content\/uploads\/2024\/10\/supply-food-pan-4-100x100.webp 100w\" sizes=\"(max-width: 800px) 100vw, 800px\" \/><\/figure>\n<\/div>\n<\/div>\n<\/div>\n<\/div>\n\n\n\n<h2 class=\"wp-block-heading\">Granel 1\/3 UE Estilo GN Pan Par\u00e2metro<\/h2>\n\n\n\n<figure class=\"wp-block-table\"><table class=\"has-fixed-layout\"><tbody><tr><td>Modelo<\/td><td>Tamanho<\/td><td>Comprimento * Largura * Altura<\/td><td>MOQ<\/td><\/tr><tr><td rowspan=\"6\">DY002-FSP<\/td><td rowspan=\"6\">Panela GN estilo 1\/3 Eu<\/td><td>32,5*17,6*20CM<\/td><td>36 UNIDADES<\/td><\/tr><tr><td>32,5*17,6*15CM<\/td><td>36 UNIDADES<\/td><\/tr><tr><td>32,5*17,6*10CM<\/td><td>60 PE\u00c7AS<\/td><\/tr><tr><td>32,5*17,6*6,5CM<\/td><td>72 PE\u00c7AS<\/td><\/tr><tr><td>32,5*17,6*4CM<\/td><td>102 UNIDADES<\/td><\/tr><tr><td>32,5*17,6*2CM<\/td><td>120 UNIDADES<\/td><\/tr><\/tbody><\/table><\/figure>","protected":false},"excerpt":{"rendered":"<p>Panela GN estilo 1\/3 UE a granel, feita de a\u00e7o inoxid\u00e1vel de alta qualidade com tampa, perfeita para a prepara\u00e7\u00e3o, armazenamento e servi\u00e7o de alimentos em cozinhas profissionais.<\/p>\n<h2><!-- wp:heading --><\/h2>\n<h2 class=\"wp-block-heading\">Granel 1\/3 UE Estilo GN Pan Atributos :<\/h2>\n<h2><!-- \/wp:heading --><\/p>\n<p><!-- wp:paragraph --><\/h2>\n<p><strong>Material:<\/strong> A\u00e7o inoxid\u00e1vel<br \/><strong>Tamanho:<\/strong>\u00a01\/1, 1\/2, 1\/3, 1\/4, 1\/4, 1\/6, 1\/9, 3\/2 gn pan<br \/><strong>A\u00e7o inoxid\u00e1vel Espessura:<\/strong>\u00a00,5 mm, 0,6 mm, 0,7 mm, 0,8 mm, 1,0 mm<br \/><strong>Tipos de tampas<\/strong><strong>:<\/strong>\u00a0Tampa perfurada e tampa completa em a\u00e7o<br \/><strong>Conce\u00e7\u00e3o:<\/strong> Design com rebordos altos e enrolados, aquecido e cozido uniformemente<br \/><strong>Embalagem:<\/strong> Saco OPP e caixa de cart\u00e3o<br \/><strong>OEM\/ODM:<\/strong> Dispon\u00edvel<\/p>\n<p><!-- \/wp:paragraph --><\/p>","protected":false},"featured_media":3707,"comment_status":"closed","ping_status":"closed","template":"","meta":{"_acf_changed":true},"application":[30],"product_brand":[],"product_cat":[22,37],"product_tag":[],"class_list":{"0":"post-3715","1":"product","2":"type-product","3":"status-publish","4":"has-post-thumbnail","6":"application-hotel-catering","7":"product_cat-catering-supplies-wholesale","8":"product_cat-gastronorm-pan-manufacturer","10":"first","11":"instock","12":"shipping-taxable","13":"product-type-simple"},"acf":[],"_links":{"self":[{"href":"https:\/\/www.yongyukitchenware.com\/pt\/wp-json\/wp\/v2\/product\/3715","targetHints":{"allow":["GET"]}}],"collection":[{"href":"https:\/\/www.yongyukitchenware.com\/pt\/wp-json\/wp\/v2\/product"}],"about":[{"href":"https:\/\/www.yongyukitchenware.com\/pt\/wp-json\/wp\/v2\/types\/product"}],"replies":[{"embeddable":true,"href":"https:\/\/www.yongyukitchenware.com\/pt\/wp-json\/wp\/v2\/comments?post=3715"}],"wp:featuredmedia":[{"embeddable":true,"href":"https:\/\/www.yongyukitchenware.com\/pt\/wp-json\/wp\/v2\/media\/3707"}],"wp:attachment":[{"href":"https:\/\/www.yongyukitchenware.com\/pt\/wp-json\/wp\/v2\/media?parent=3715"}],"wp:term":[{"taxonomy":"application","embeddable":true,"href":"https:\/\/www.yongyukitchenware.com\/pt\/wp-json\/wp\/v2\/application?post=3715"},{"taxonomy":"product_brand","embeddable":true,"href":"https:\/\/www.yongyukitchenware.com\/pt\/wp-json\/wp\/v2\/product_brand?post=3715"},{"taxonomy":"product_cat","embeddable":true,"href":"https:\/\/www.yongyukitchenware.com\/pt\/wp-json\/wp\/v2\/product_cat?post=3715"},{"taxonomy":"product_tag","embeddable":true,"href":"https:\/\/www.yongyukitchenware.com\/pt\/wp-json\/wp\/v2\/product_tag?post=3715"}],"curies":[{"name":"wp","href":"https:\/\/api.w.org\/{rel}","templated":true}]}}