{"id":3720,"date":"2025-05-09T10:16:28","date_gmt":"2025-05-09T10:16:28","guid":{"rendered":"https:\/\/www.yongyukitchenware.com\/?post_type=product&#038;p=3720"},"modified":"2025-06-13T03:48:06","modified_gmt":"2025-06-13T03:48:06","slug":"bulk-2-3-eu-style-gn-pan","status":"publish","type":"product","link":"https:\/\/www.yongyukitchenware.com\/pt\/produto\/bulk-2-3-eu-style-gn-pan\/","title":{"rendered":"Panela GN estilo UE 2\/3 a granel em a\u00e7o inoxid\u00e1vel Panelas Gastronorm estilo UE com tampa"},"content":{"rendered":"<div class=\"wp-block-columns is-layout-flex wp-container-core-columns-is-layout-9d6595d7 wp-block-columns-is-layout-flex\">\n<div class=\"wp-block-column is-layout-flow wp-block-column-is-layout-flow\">\n<h2 class=\"wp-block-heading\">Panela GN estilo UE 2\/3 a granel Carater\u00edsticas:<\/h2>\n\n\n\n<p><strong>A\u00e7o inoxid\u00e1vel de alta qualidade: <\/strong>Fabricado em a\u00e7o inoxid\u00e1vel de qualidade alimentar, garantindo uma durabilidade duradoura e uma excelente resist\u00eancia ao calor.<br><strong>Aquecimento eficiente:<\/strong> A condutividade t\u00e9rmica melhorada do a\u00e7o inoxid\u00e1vel assegura um aquecimento e uma cozedura uniformes, promovendo o controlo ideal da temperatura e a reten\u00e7\u00e3o do calor.<br><strong>Design elevado \u00e0 prova de fugas: <\/strong>Concebida para evitar a fuga de l\u00edquidos, mantendo o conte\u00fado contido de forma segura.<br><strong>Bordos laminados lisos:<\/strong> As extremidades s\u00e3o lisas e enroladas para uma ader\u00eancia confort\u00e1vel, sem risco de ferimentos, e tamb\u00e9m para uma limpeza f\u00e1cil e r\u00e1pida.<br><strong>Op\u00e7\u00f5es vers\u00e1teis de tampa: <\/strong>Escolha entre uma tampa perfurada para guardar convenientemente as colheres ou uma tampa de a\u00e7o s\u00f3lido para uma veda\u00e7\u00e3o estanque e sem p\u00f3.<br><strong>Design empilh\u00e1vel que poupa espa\u00e7o:<\/strong> O design empilh\u00e1vel ajuda a maximizar a capacidade de armazenamento e a melhorar a organiza\u00e7\u00e3o em cozinhas profissionais.<\/p>\n<\/div>\n\n\n\n<div class=\"wp-block-column is-layout-flow wp-block-column-is-layout-flow\">\n<div class=\"wp-block-columns is-layout-flex wp-container-core-columns-is-layout-9d6595d7 wp-block-columns-is-layout-flex\">\n<div class=\"wp-block-column is-layout-flow wp-block-column-is-layout-flow\">\n<figure class=\"wp-block-image size-full\"><img decoding=\"async\" width=\"800\" height=\"800\" src=\"https:\/\/www.yongyukitchenware.com\/wp-content\/uploads\/2024\/10\/supply-food-pan-2.webp\" alt=\"panela de abastecimento de alimentos (2)\" class=\"wp-image-1600\" srcset=\"https:\/\/www.yongyukitchenware.com\/wp-content\/uploads\/2024\/10\/supply-food-pan-2.webp 800w, https:\/\/www.yongyukitchenware.com\/wp-content\/uploads\/2024\/10\/supply-food-pan-2-300x300.webp 300w, https:\/\/www.yongyukitchenware.com\/wp-content\/uploads\/2024\/10\/supply-food-pan-2-150x150.webp 150w, https:\/\/www.yongyukitchenware.com\/wp-content\/uploads\/2024\/10\/supply-food-pan-2-768x768.webp 768w, https:\/\/www.yongyukitchenware.com\/wp-content\/uploads\/2024\/10\/supply-food-pan-2-12x12.webp 12w, https:\/\/www.yongyukitchenware.com\/wp-content\/uploads\/2024\/10\/supply-food-pan-2-600x600.webp 600w, https:\/\/www.yongyukitchenware.com\/wp-content\/uploads\/2024\/10\/supply-food-pan-2-100x100.webp 100w\" sizes=\"(max-width: 800px) 100vw, 800px\" \/><\/figure>\n<\/div>\n\n\n\n<div class=\"wp-block-column is-layout-flow wp-block-column-is-layout-flow\">\n<figure class=\"wp-block-image size-full\"><img decoding=\"async\" width=\"800\" height=\"800\" src=\"https:\/\/www.yongyukitchenware.com\/wp-content\/uploads\/2024\/10\/supply-food-pan-4.webp\" alt=\"panela de abastecimento de alimentos (4)\" class=\"wp-image-1602\" srcset=\"https:\/\/www.yongyukitchenware.com\/wp-content\/uploads\/2024\/10\/supply-food-pan-4.webp 800w, https:\/\/www.yongyukitchenware.com\/wp-content\/uploads\/2024\/10\/supply-food-pan-4-300x300.webp 300w, https:\/\/www.yongyukitchenware.com\/wp-content\/uploads\/2024\/10\/supply-food-pan-4-150x150.webp 150w, https:\/\/www.yongyukitchenware.com\/wp-content\/uploads\/2024\/10\/supply-food-pan-4-768x768.webp 768w, https:\/\/www.yongyukitchenware.com\/wp-content\/uploads\/2024\/10\/supply-food-pan-4-12x12.webp 12w, https:\/\/www.yongyukitchenware.com\/wp-content\/uploads\/2024\/10\/supply-food-pan-4-600x600.webp 600w, https:\/\/www.yongyukitchenware.com\/wp-content\/uploads\/2024\/10\/supply-food-pan-4-100x100.webp 100w\" sizes=\"(max-width: 800px) 100vw, 800px\" \/><\/figure>\n<\/div>\n<\/div>\n<\/div>\n<\/div>\n\n\n\n<h2 class=\"wp-block-heading\">Granel 2\/3 UE Estilo GN Pan Par\u00e2metro<\/h2>\n\n\n\n<figure class=\"wp-block-table\"><table class=\"has-fixed-layout\"><tbody><tr><td>Modelo<\/td><td>Tamanho<\/td><td>Comprimento * Largura * Altura<\/td><td>MOQ<\/td><\/tr><tr><td rowspan=\"6\">DY002-FSP<\/td><td rowspan=\"6\">Panela GN estilo 2\/3 Eu<\/td><td>35,5*32,5*20CM<\/td><td>20 PE\u00c7AS<\/td><\/tr><tr><td>35,5*32,5*15CM<\/td><td>30 UNIDADES<\/td><\/tr><tr><td>35,5*32,5*10CM<\/td><td>30 UNIDADES<\/td><\/tr><tr><td>35,5*32,5*6,5CM<\/td><td>36 UNIDADES<\/td><\/tr><tr><td>35,5*32,5*4CM<\/td><td>36 UNIDADES<\/td><\/tr><tr><td>35,5*32,5*2CM<\/td><td>48 UNIDADES<\/td><\/tr><\/tbody><\/table><\/figure>\n\n\n\n<p><\/p>","protected":false},"excerpt":{"rendered":"<p>Panela GN estilo UE 2\/3 a granel feita de a\u00e7o inoxid\u00e1vel dur\u00e1vel com tampa, perfeita para armazenamento eficiente de alimentos, prepara\u00e7\u00e3o e servi\u00e7o em cozinhas comerciais.<\/p>\n<h2><!-- wp:heading --><\/h2>\n<h2 class=\"wp-block-heading\">Granel 2\/3 UE Estilo GN Pan Atributos :<\/h2>\n<h2><!-- \/wp:heading --><\/p>\n<p><!-- wp:paragraph --><\/h2>\n<p><strong>Material:<\/strong> A\u00e7o inoxid\u00e1vel<br \/><strong>Tamanho:<\/strong>\u00a01\/1, 1\/2, 1\/3, 1\/4, 1\/4, 1\/6, 1\/9, 3\/2 gn pan<br \/><strong>A\u00e7o inoxid\u00e1vel Espessura:<\/strong>\u00a00,5 mm, 0,6 mm, 0,7 mm, 0,8 mm, 1,0 mm<br \/><strong>Tipos de tampas<\/strong><strong>:<\/strong>\u00a0Tampa perfurada e tampa completa em a\u00e7o<br \/><strong>Conce\u00e7\u00e3o:<\/strong> Design com rebordos altos e enrolados, aquecido e cozido uniformemente<br \/><strong>Embalagem:<\/strong> Saco OPP e caixa de cart\u00e3o<br \/><strong>OEM\/ODM:<\/strong> Dispon\u00edvel<\/p>\n<p><!-- \/wp:paragraph --><\/p>","protected":false},"featured_media":3712,"comment_status":"closed","ping_status":"closed","template":"","meta":{"_acf_changed":false},"application":[30],"product_brand":[],"product_cat":[22,37],"product_tag":[],"class_list":{"0":"post-3720","1":"product","2":"type-product","3":"status-publish","4":"has-post-thumbnail","6":"application-hotel-catering","7":"product_cat-catering-supplies-wholesale","8":"product_cat-gastronorm-pan-manufacturer","10":"first","11":"instock","12":"shipping-taxable","13":"product-type-simple"},"acf":[],"_links":{"self":[{"href":"https:\/\/www.yongyukitchenware.com\/pt\/wp-json\/wp\/v2\/product\/3720","targetHints":{"allow":["GET"]}}],"collection":[{"href":"https:\/\/www.yongyukitchenware.com\/pt\/wp-json\/wp\/v2\/product"}],"about":[{"href":"https:\/\/www.yongyukitchenware.com\/pt\/wp-json\/wp\/v2\/types\/product"}],"replies":[{"embeddable":true,"href":"https:\/\/www.yongyukitchenware.com\/pt\/wp-json\/wp\/v2\/comments?post=3720"}],"wp:featuredmedia":[{"embeddable":true,"href":"https:\/\/www.yongyukitchenware.com\/pt\/wp-json\/wp\/v2\/media\/3712"}],"wp:attachment":[{"href":"https:\/\/www.yongyukitchenware.com\/pt\/wp-json\/wp\/v2\/media?parent=3720"}],"wp:term":[{"taxonomy":"application","embeddable":true,"href":"https:\/\/www.yongyukitchenware.com\/pt\/wp-json\/wp\/v2\/application?post=3720"},{"taxonomy":"product_brand","embeddable":true,"href":"https:\/\/www.yongyukitchenware.com\/pt\/wp-json\/wp\/v2\/product_brand?post=3720"},{"taxonomy":"product_cat","embeddable":true,"href":"https:\/\/www.yongyukitchenware.com\/pt\/wp-json\/wp\/v2\/product_cat?post=3720"},{"taxonomy":"product_tag","embeddable":true,"href":"https:\/\/www.yongyukitchenware.com\/pt\/wp-json\/wp\/v2\/product_tag?post=3720"}],"curies":[{"name":"wp","href":"https:\/\/api.w.org\/{rel}","templated":true}]}}