{"id":3805,"date":"2025-05-20T09:36:03","date_gmt":"2025-05-20T09:36:03","guid":{"rendered":"https:\/\/www.yongyukitchenware.com\/?post_type=product&#038;p=3805"},"modified":"2025-06-13T03:21:06","modified_gmt":"2025-06-13T03:21:06","slug":"bulk-2l-round-glass-chafing-dish","status":"publish","type":"product","link":"https:\/\/www.yongyukitchenware.com\/pt\/produto\/bulk-2l-round-glass-chafing-dish\/","title":{"rendered":"Prato de vidro redondo a granel 2L Prato quente para restaurante de luxo"},"content":{"rendered":"<div class=\"wp-block-group is-nowrap is-layout-flex wp-container-core-group-is-layout-ad2f72ca wp-block-group-is-layout-flex\">\n<h2 class=\"wp-block-heading\">Prato de vidro redondo para chafing a granel 2L Par\u00e2metro:<\/h2>\n<\/div>\n\n\n\n<div class=\"wp-block-columns is-layout-flex wp-container-core-columns-is-layout-9d6595d7 wp-block-columns-is-layout-flex\">\n<div class=\"wp-block-column is-layout-flow wp-block-column-is-layout-flow\">\n<div class=\"wp-block-group is-nowrap is-layout-flex wp-container-core-group-is-layout-ad2f72ca wp-block-group-is-layout-flex\">\n<figure class=\"wp-block-table\"><table class=\"has-fixed-layout\"><tbody><tr><td>Modelo<\/td><td>Capacidade (L)<\/td><td>MOQ<\/td><\/tr><tr><td>DY039-CL<\/td><td>2.0L<\/td><td>8 PE\u00c7AS<\/td><\/tr><\/tbody><\/table><\/figure>\n<\/div>\n\n\n\n<h2 class=\"wp-block-heading\">Prato de vidro redondo de 2L para chafing a granel Carater\u00edsticas:<\/h2>\n\n\n\n<div class=\"wp-block-group is-nowrap is-layout-flex wp-container-core-group-is-layout-ad2f72ca wp-block-group-is-layout-flex\">\n<p><strong>Capacidade adequada: <\/strong>Com uma capacidade de 2 litros, \u00e9 suficiente para conter os pratos sumptuosos de um banquete ou de uma reuni\u00e3o familiar, indo ao encontro da alegria de servir os outros.<br><strong>Reten\u00e7\u00e3o de calor de longa dura\u00e7\u00e3o:<\/strong> Grelha para fog\u00e3o em a\u00e7o inoxid\u00e1vel + bacia interior em vidro de borossilicato de alta qualidade, com uma grelha de combust\u00edvel \u00e0 prova de vento (com dep\u00f3sito de combust\u00edvel), que pode efetivamente manter os alimentos quentes durante mais tempo<br><strong>Bacia alimentar de boa qualidade: <\/strong>Uma bacia para alimentos em vidro com alto teor de borossilicato, que \u00e9 espesso e possui boa resist\u00eancia a altas e baixas temperaturas, pode aquecer diretamente os alimentos e mant\u00ea-los quentes.<br><strong>Aspeto de luxo:<\/strong> A renda encantadora e a cor brilhante conferem a este produto um destaque deslumbrante na mesa de jantar, acrescentando romance e eleg\u00e2ncia ao seu tempo de refei\u00e7\u00e3o.<\/p>\n<\/div>\n<\/div>\n<\/div>\n\n\n\n<p><\/p>","protected":false},"excerpt":{"rendered":"<div class=\"flex max-w-full flex-col flex-grow\">\n<div class=\"min-h-8 text-message flex w-full flex-col items-end gap-2 whitespace-normal break-words text-start [.text-message+&amp;]:mt-5\" dir=\"auto\" data-message-author-role=\"assistant\" data-message-id=\"e07a47d1-8143-4d76-a750-70f60d252df1\" data-message-model-slug=\"gpt-4o\">\n<div class=\"flex w-full flex-col gap-1 empty:hidden first:pt-[3px]\">\n<div class=\"markdown prose w-full break-words dark:prose-invert dark\">\n<p data-start=\"0\" data-end=\"249\" data-is-last-node=\"\">Prato de vidro redondo de 2L para restaurantes e buffets. Resistente ao calor, elegante e ideal para aquecer alimentos com estilo. Informe-se j\u00e1 para obter descontos exclusivos para grandes quantidades!<\/p>\n<\/div>\n<\/div>\n<\/div>\n<\/div>\n<h2><!-- wp:heading --><\/h2>\n<h2 class=\"wp-block-heading\">Prato de vidro redondo de 2 L a granel Atributos:<\/h2>\n<h2><!-- \/wp:heading --><\/p>\n<p><!-- wp:paragraph --><\/h2>\n<p><strong>Material: <\/strong>A\u00e7o inoxid\u00e1vel<br \/><strong>Cor: <\/strong>Prata\/dourado<br \/><strong>Forma:<\/strong> Redondo<br \/><strong>Calor: <\/strong>Aquecimento el\u00e9trico\/Aquecimento a \u00e1lcool<br \/><strong>Panela de chafer: <\/strong>Individual\/Duplo\/Tr\u00eas grelhas<br \/><strong>OEM\/ODM: <\/strong>Dispon\u00edvel<\/p>\n<h2 class=\"wp-block-heading\">Fabricante de prato de vidro redondo de 2L a granel :<\/h2>\n<p>Quer se trate de um fornecedor de servi\u00e7os de catering, de um hotel ou restaurante, ou de uma empresa de planeamento de eventos, fornecemos solu\u00e7\u00f5es personalizadas completas de pratos de chafing por atacado para ajudar a sua empresa com pre\u00e7os de f\u00e1brica de alta qualidade!<\/p>\n<h2><!-- \/wp:paragraph --><\/h2>","protected":false},"featured_media":3810,"comment_status":"closed","ping_status":"closed","template":"","meta":{"_acf_changed":false},"application":[30],"product_brand":[],"product_cat":[33],"product_tag":[],"class_list":{"0":"post-3805","1":"product","2":"type-product","3":"status-publish","4":"has-post-thumbnail","6":"application-hotel-catering","7":"product_cat-chafing-dishes-wholesale","9":"first","10":"instock","11":"shipping-taxable","12":"product-type-simple"},"acf":[],"_links":{"self":[{"href":"https:\/\/www.yongyukitchenware.com\/pt\/wp-json\/wp\/v2\/product\/3805","targetHints":{"allow":["GET"]}}],"collection":[{"href":"https:\/\/www.yongyukitchenware.com\/pt\/wp-json\/wp\/v2\/product"}],"about":[{"href":"https:\/\/www.yongyukitchenware.com\/pt\/wp-json\/wp\/v2\/types\/product"}],"replies":[{"embeddable":true,"href":"https:\/\/www.yongyukitchenware.com\/pt\/wp-json\/wp\/v2\/comments?post=3805"}],"wp:featuredmedia":[{"embeddable":true,"href":"https:\/\/www.yongyukitchenware.com\/pt\/wp-json\/wp\/v2\/media\/3810"}],"wp:attachment":[{"href":"https:\/\/www.yongyukitchenware.com\/pt\/wp-json\/wp\/v2\/media?parent=3805"}],"wp:term":[{"taxonomy":"application","embeddable":true,"href":"https:\/\/www.yongyukitchenware.com\/pt\/wp-json\/wp\/v2\/application?post=3805"},{"taxonomy":"product_brand","embeddable":true,"href":"https:\/\/www.yongyukitchenware.com\/pt\/wp-json\/wp\/v2\/product_brand?post=3805"},{"taxonomy":"product_cat","embeddable":true,"href":"https:\/\/www.yongyukitchenware.com\/pt\/wp-json\/wp\/v2\/product_cat?post=3805"},{"taxonomy":"product_tag","embeddable":true,"href":"https:\/\/www.yongyukitchenware.com\/pt\/wp-json\/wp\/v2\/product_tag?post=3805"}],"curies":[{"name":"wp","href":"https:\/\/api.w.org\/{rel}","templated":true}]}}