{"id":3850,"date":"2025-05-22T08:40:39","date_gmt":"2025-05-22T08:40:39","guid":{"rendered":"https:\/\/www.yongyukitchenware.com\/?post_type=product&#038;p=3850"},"modified":"2025-06-13T02:46:56","modified_gmt":"2025-06-13T02:46:56","slug":"bulk-luxury-round-golden-2-3l-chafing-dishes","status":"publish","type":"product","link":"https:\/\/www.yongyukitchenware.com\/pt\/produto\/bulk-luxury-round-golden-2-3l-chafing-dishes\/","title":{"rendered":"Pratos para assar redondos dourados 2\/3L de luxo a granel com tampa suspensa para casamento"},"content":{"rendered":"<div class=\"wp-block-group is-nowrap is-layout-flex wp-container-core-group-is-layout-ad2f72ca wp-block-group-is-layout-flex\">\n<h2 class=\"wp-block-heading\">Pratos de Chafing redondos dourados 2\/3L de luxo a granel Par\u00e2metro:<\/h2>\n<\/div>\n\n\n\n<div class=\"wp-block-columns is-layout-flex wp-container-core-columns-is-layout-9d6595d7 wp-block-columns-is-layout-flex\">\n<div class=\"wp-block-column is-layout-flow wp-block-column-is-layout-flow\">\n<div class=\"wp-block-group is-nowrap is-layout-flex wp-container-core-group-is-layout-ad2f72ca wp-block-group-is-layout-flex\">\n<figure class=\"wp-block-table\"><table class=\"has-fixed-layout\"><tbody><tr><td>Modelo<\/td><td>Capacidade (L)<\/td><td>MOQ<\/td><\/tr><tr><td>DY046-CL<\/td><td>2.0\/3.0L<\/td><td>6 PE\u00c7AS<\/td><\/tr><\/tbody><\/table><\/figure>\n<\/div>\n\n\n\n<h2 class=\"wp-block-heading\">Pratos para assar redondos dourados 2\/3L de luxo a granel Carater\u00edsticas:<\/h2>\n\n\n\n<div class=\"wp-block-columns is-layout-flex wp-container-core-columns-is-layout-9d6595d7 wp-block-columns-is-layout-flex\">\n<div class=\"wp-block-column is-layout-flow wp-block-column-is-layout-flow\">\n<p><strong>Capacidade adequada:<\/strong> 2\/3 litros de capacidade s\u00e3o suficientes para acomodar os pratos ricos de um banquete familiar ou de um festim para satisfazer o prazer de comer com os outros.<br><strong>Ret\u00e9m o calor durante longos per\u00edodos: <\/strong>Grelha de fog\u00e3o em a\u00e7o inoxid\u00e1vel + pote interior de vidro com alto teor de borossilicato, com grelha de combust\u00edvel \u00e0 prova de vento (juntamente com o reservat\u00f3rio de combust\u00edvel), prolongando eficazmente o calor dos alimentos<br><strong>Bacia alimentar de alta qualidade: <\/strong>A bacia para alimentos em vidro espessado com alto teor de borossilicato, com capacidade de resist\u00eancia a altas e baixas temperaturas, pode aquecer os alimentos diretamente e mant\u00ea-los quentes.<br><strong>Aspeto luxuoso:<\/strong> As rendas finas e as cores brilhantes fazem com que o produto seja um contraste impressionante na mesa de jantar, acrescentando romance e sofistica\u00e7\u00e3o ao seu momento de refei\u00e7\u00e3o.<\/p>\n<\/div>\n\n\n\n<div class=\"wp-block-column is-layout-flow wp-block-column-is-layout-flow\">\n<figure class=\"wp-block-image size-full\"><img decoding=\"async\" width=\"787\" height=\"1002\" src=\"https:\/\/www.yongyukitchenware.com\/wp-content\/uploads\/2025\/05\/Bulk-Luxury-23L-Chaffing-Dishes-5.webp\" alt=\"Bulk-Luxury-23L-Chaffing-Dishes-5\" class=\"wp-image-3855\" srcset=\"https:\/\/www.yongyukitchenware.com\/wp-content\/uploads\/2025\/05\/Bulk-Luxury-23L-Chaffing-Dishes-5.webp 787w, https:\/\/www.yongyukitchenware.com\/wp-content\/uploads\/2025\/05\/Bulk-Luxury-23L-Chaffing-Dishes-5-236x300.webp 236w, https:\/\/www.yongyukitchenware.com\/wp-content\/uploads\/2025\/05\/Bulk-Luxury-23L-Chaffing-Dishes-5-768x978.webp 768w, https:\/\/www.yongyukitchenware.com\/wp-content\/uploads\/2025\/05\/Bulk-Luxury-23L-Chaffing-Dishes-5-9x12.webp 9w, https:\/\/www.yongyukitchenware.com\/wp-content\/uploads\/2025\/05\/Bulk-Luxury-23L-Chaffing-Dishes-5-600x764.webp 600w\" sizes=\"(max-width: 787px) 100vw, 787px\" \/><\/figure>\n<\/div>\n<\/div>\n<\/div>\n<\/div>\n\n\n\n<p><\/p>","protected":false},"excerpt":{"rendered":"<div class=\"flex max-w-full flex-col flex-grow\">\n<div class=\"min-h-8 text-message flex w-full flex-col items-end gap-2 whitespace-normal break-words text-start [.text-message+&amp;]:mt-5\" dir=\"auto\" data-message-author-role=\"assistant\" data-message-id=\"e07a47d1-8143-4d76-a750-70f60d252df1\" data-message-model-slug=\"gpt-4o\">\n<div class=\"flex w-full flex-col gap-1 empty:hidden first:pt-[3px]\">\n<div class=\"markdown prose w-full break-words dark:prose-invert dark\">\n<p data-start=\"0\" data-end=\"249\" data-is-last-node=\"\">Pratos redondos de luxo, dourados, de 2\/3L, com uma tampa suspensa, ideais para buffets de luxo e banquetes de casamento, combinando uma apresenta\u00e7\u00e3o elegante com um aquecimento eficiente dos alimentos. Informe-se agora para obter descontos exclusivos para grandes quantidades!<\/p>\n<\/div>\n<\/div>\n<\/div>\n<\/div>\n<h2><!-- wp:heading --><\/h2>\n<h2 class=\"wp-block-heading\">Pratos de Chafing Redondos Dourados 2\/3L de Luxo a granel Atributos:<\/h2>\n<h2><!-- \/wp:heading --><\/p>\n<p><!-- wp:paragraph --><\/h2>\n<p><strong>Material: <\/strong>A\u00e7o inoxid\u00e1vel<br \/><strong>Cor: <\/strong>Prata\/dourado<br \/><strong>Forma:<\/strong> Redondo<br \/><strong>Calor: <\/strong>Aquecimento el\u00e9trico\/Aquecimento a \u00e1lcool<br \/><strong>Panela de chafer: <\/strong>Individual\/Duplo\/Tr\u00eas grelhas<br \/><strong>OEM\/ODM: <\/strong>Dispon\u00edvel<\/p>\n<h2 class=\"wp-block-heading\">Pratos de Chafing redondos dourados 2\/3L de luxo a granel Fabricante :<\/h2>\n<p>Quer se trate de um fornecedor de servi\u00e7os de catering, de um hotel ou restaurante, ou de uma empresa de planeamento de eventos, fornecemos solu\u00e7\u00f5es personalizadas completas de pratos de chafing por atacado para ajudar a sua empresa com pre\u00e7os de f\u00e1brica de alta qualidade!<\/p>\n<h2><!-- \/wp:paragraph --><\/h2>","protected":false},"featured_media":3851,"comment_status":"closed","ping_status":"closed","template":"","meta":{"_acf_changed":true},"application":[30],"product_brand":[],"product_cat":[33],"product_tag":[],"class_list":{"0":"post-3850","1":"product","2":"type-product","3":"status-publish","4":"has-post-thumbnail","6":"application-hotel-catering","7":"product_cat-chafing-dishes-wholesale","9":"first","10":"instock","11":"shipping-taxable","12":"product-type-simple"},"acf":[],"_links":{"self":[{"href":"https:\/\/www.yongyukitchenware.com\/pt\/wp-json\/wp\/v2\/product\/3850","targetHints":{"allow":["GET"]}}],"collection":[{"href":"https:\/\/www.yongyukitchenware.com\/pt\/wp-json\/wp\/v2\/product"}],"about":[{"href":"https:\/\/www.yongyukitchenware.com\/pt\/wp-json\/wp\/v2\/types\/product"}],"replies":[{"embeddable":true,"href":"https:\/\/www.yongyukitchenware.com\/pt\/wp-json\/wp\/v2\/comments?post=3850"}],"wp:featuredmedia":[{"embeddable":true,"href":"https:\/\/www.yongyukitchenware.com\/pt\/wp-json\/wp\/v2\/media\/3851"}],"wp:attachment":[{"href":"https:\/\/www.yongyukitchenware.com\/pt\/wp-json\/wp\/v2\/media?parent=3850"}],"wp:term":[{"taxonomy":"application","embeddable":true,"href":"https:\/\/www.yongyukitchenware.com\/pt\/wp-json\/wp\/v2\/application?post=3850"},{"taxonomy":"product_brand","embeddable":true,"href":"https:\/\/www.yongyukitchenware.com\/pt\/wp-json\/wp\/v2\/product_brand?post=3850"},{"taxonomy":"product_cat","embeddable":true,"href":"https:\/\/www.yongyukitchenware.com\/pt\/wp-json\/wp\/v2\/product_cat?post=3850"},{"taxonomy":"product_tag","embeddable":true,"href":"https:\/\/www.yongyukitchenware.com\/pt\/wp-json\/wp\/v2\/product_tag?post=3850"}],"curies":[{"name":"wp","href":"https:\/\/api.w.org\/{rel}","templated":true}]}}