{"id":3857,"date":"2025-05-19T10:18:05","date_gmt":"2025-05-19T10:18:05","guid":{"rendered":"https:\/\/www.yongyukitchenware.com\/?post_type=product&#038;p=3857"},"modified":"2025-07-10T09:36:40","modified_gmt":"2025-07-10T09:36:40","slug":"bulk-10l-black-stainless-steel-soup-kettle-commercial-equipment","status":"publish","type":"product","link":"https:\/\/www.yongyukitchenware.com\/pt\/produto\/bulk-10l-black-stainless-steel-soup-kettle-commercial-equipment\/","title":{"rendered":"Chaleira para sopa de 10 L em a\u00e7o inoxid\u00e1vel preto Equipamento comercial"},"content":{"rendered":"<div class=\"wp-block-columns is-layout-flex wp-container-core-columns-is-layout-9d6595d7 wp-block-columns-is-layout-flex\">\n<div class=\"wp-block-column is-layout-flow wp-block-column-is-layout-flow\">\n<h2 class=\"wp-block-heading\">Chaleira de sopa de a\u00e7o inoxid\u00e1vel preto 10L a granel Par\u00e2metro:<\/h2>\n\n\n\n<figure class=\"wp-block-table\"><table class=\"has-fixed-layout\"><tbody><tr><td>Modelo<\/td><td>Capacidade (L)<\/td><td>MOQ<\/td><\/tr><tr><td>DY048-CL<\/td><td>10<\/td><td>4 PE\u00c7AS<\/td><\/tr><\/tbody><\/table><\/figure>\n\n\n\n<h2 class=\"wp-block-heading\">Chaleira para sopa em a\u00e7o inoxid\u00e1vel preto de 10 L a granel Carater\u00edsticas:<\/h2>\n\n\n\n<p><strong>Grande capacidade: <\/strong>Esta panela de sopa comercial de 10 litros \u00e9 bastante adequada para servir um grande n\u00famero de pessoas. Ideal para restaurantes, festas, buffets e uso dom\u00e9stico.<br><strong>A\u00e7o inoxid\u00e1vel de qualidade superior:<\/strong> Possui uma panela interior em a\u00e7o inoxid\u00e1vel de qualidade alimentar que \u00e9 dur\u00e1vel e simples de limpar, garantindo um ambiente de cozedura limpo.<br><strong>Controlo preciso da temperatura: <\/strong>Esta panela de sopa adopta uma estrutura tridimensional de temperatura constante e tecnologia de separa\u00e7\u00e3o de \u00e1gua para uma distribui\u00e7\u00e3o uniforme do calor. O term\u00f3stato ajust\u00e1vel pode regular com precis\u00e3o as defini\u00e7\u00f5es de aquecimento para proporcionar a melhor manuten\u00e7\u00e3o da temperatura dos pratos.<br><strong>Utiliza\u00e7\u00e3o multifuncional:<\/strong> Esta panela el\u00e9ctrica para sopa tem muitas utiliza\u00e7\u00f5es. Quer tenha um restaurante constantemente cheio, quer esteja a planear uma grande festa ou ocasi\u00e3o, esta panela garante que pode guardar e preparar uma grande quantidade de sopa ou guisado quente e servi-lo como e quando quiser. As defini\u00e7\u00f5es de aquecimento proporcionam a melhor manuten\u00e7\u00e3o da temperatura para v\u00e1rios pratos.<br><\/p>\n<\/div>\n\n\n\n<div class=\"wp-block-column is-layout-flow wp-block-column-is-layout-flow\">\n<figure class=\"wp-block-image size-full\"><img decoding=\"async\" width=\"1500\" height=\"1500\" src=\"https:\/\/www.yongyukitchenware.com\/wp-content\/uploads\/2025\/05\/Bulk-10L-Black-Stainless-Steel-Soup-Kettle-4.webp\" alt=\"Chaleira para sopa a granel-10L-preta-em-a\u00e7o inoxid\u00e1vel-4\" class=\"wp-image-3861\" srcset=\"https:\/\/www.yongyukitchenware.com\/wp-content\/uploads\/2025\/05\/Bulk-10L-Black-Stainless-Steel-Soup-Kettle-4.webp 1500w, https:\/\/www.yongyukitchenware.com\/wp-content\/uploads\/2025\/05\/Bulk-10L-Black-Stainless-Steel-Soup-Kettle-4-300x300.webp 300w, https:\/\/www.yongyukitchenware.com\/wp-content\/uploads\/2025\/05\/Bulk-10L-Black-Stainless-Steel-Soup-Kettle-4-150x150.webp 150w, https:\/\/www.yongyukitchenware.com\/wp-content\/uploads\/2025\/05\/Bulk-10L-Black-Stainless-Steel-Soup-Kettle-4-768x768.webp 768w, https:\/\/www.yongyukitchenware.com\/wp-content\/uploads\/2025\/05\/Bulk-10L-Black-Stainless-Steel-Soup-Kettle-4-12x12.webp 12w, https:\/\/www.yongyukitchenware.com\/wp-content\/uploads\/2025\/05\/Bulk-10L-Black-Stainless-Steel-Soup-Kettle-4-1200x1200.webp 1200w, https:\/\/www.yongyukitchenware.com\/wp-content\/uploads\/2025\/05\/Bulk-10L-Black-Stainless-Steel-Soup-Kettle-4-600x600.webp 600w, https:\/\/www.yongyukitchenware.com\/wp-content\/uploads\/2025\/05\/Bulk-10L-Black-Stainless-Steel-Soup-Kettle-4-100x100.webp 100w\" sizes=\"(max-width: 1500px) 100vw, 1500px\" \/><\/figure>\n<\/div>\n<\/div>","protected":false},"excerpt":{"rendered":"<p>Chaleira para sopas em a\u00e7o inoxid\u00e1vel preto, 10L, equipamento comercial. Concebida para utiliza\u00e7\u00e3o comercial, \u00e9 ideal para servir sopas e guisados. Constru\u00e7\u00e3o dur\u00e1vel em a\u00e7o inoxid\u00e1vel com capacidade de 10L para um servi\u00e7o alimentar eficiente. Entre em contacto com a Yongyu hoje mesmo para melhorar a experi\u00eancia de restaura\u00e7\u00e3o dos seus clientes!<\/p>\n<h2><!-- wp:heading --><\/h2>\n<h2 class=\"wp-block-heading\">Chaleira para sopa a granel 10L em a\u00e7o inoxid\u00e1vel preto:<\/h2>\n<h2><!-- \/wp:heading --><\/p>\n<p><!-- wp:paragraph --><\/h2>\n<p><strong>Material: <\/strong>A\u00e7o inoxid\u00e1vel<br \/><strong>Cor:<\/strong>Preto\/Prata<br \/><strong>Forma:<\/strong> Redondo<br \/><strong>Calor: <\/strong>Aquecimento el\u00e9trico<br \/><strong>Panela de chafer: <\/strong>Grelha \u00fanica<br \/><strong>OEM\/ODM: <\/strong>Dispon\u00edvel<\/p>\n<h2 class=\"wp-block-heading\">Atributos do fabricante de prato de sopa :<\/h2>\n<p>Quer se trate de um fornecedor de servi\u00e7os de catering, de um hotel e de um restaurante ou de uma empresa de planeamento de eventos, fornecemos solu\u00e7\u00f5es personalizadas completas de pratos de chafing por atacado para ajudar a sua empresa com pre\u00e7os de f\u00e1brica de alta qualidade!<\/p>\n<h2><!-- \/wp:paragraph --><\/h2>","protected":false},"featured_media":3858,"comment_status":"closed","ping_status":"closed","template":"","meta":{"_acf_changed":false},"application":[30],"product_brand":[],"product_cat":[33],"product_tag":[],"class_list":{"0":"post-3857","1":"product","2":"type-product","3":"status-publish","4":"has-post-thumbnail","6":"application-hotel-catering","7":"product_cat-chafing-dishes-wholesale","9":"first","10":"instock","11":"shipping-taxable","12":"product-type-simple"},"acf":[],"_links":{"self":[{"href":"https:\/\/www.yongyukitchenware.com\/pt\/wp-json\/wp\/v2\/product\/3857","targetHints":{"allow":["GET"]}}],"collection":[{"href":"https:\/\/www.yongyukitchenware.com\/pt\/wp-json\/wp\/v2\/product"}],"about":[{"href":"https:\/\/www.yongyukitchenware.com\/pt\/wp-json\/wp\/v2\/types\/product"}],"replies":[{"embeddable":true,"href":"https:\/\/www.yongyukitchenware.com\/pt\/wp-json\/wp\/v2\/comments?post=3857"}],"wp:featuredmedia":[{"embeddable":true,"href":"https:\/\/www.yongyukitchenware.com\/pt\/wp-json\/wp\/v2\/media\/3858"}],"wp:attachment":[{"href":"https:\/\/www.yongyukitchenware.com\/pt\/wp-json\/wp\/v2\/media?parent=3857"}],"wp:term":[{"taxonomy":"application","embeddable":true,"href":"https:\/\/www.yongyukitchenware.com\/pt\/wp-json\/wp\/v2\/application?post=3857"},{"taxonomy":"product_brand","embeddable":true,"href":"https:\/\/www.yongyukitchenware.com\/pt\/wp-json\/wp\/v2\/product_brand?post=3857"},{"taxonomy":"product_cat","embeddable":true,"href":"https:\/\/www.yongyukitchenware.com\/pt\/wp-json\/wp\/v2\/product_cat?post=3857"},{"taxonomy":"product_tag","embeddable":true,"href":"https:\/\/www.yongyukitchenware.com\/pt\/wp-json\/wp\/v2\/product_tag?post=3857"}],"curies":[{"name":"wp","href":"https:\/\/api.w.org\/{rel}","templated":true}]}}