{"id":3866,"date":"2025-05-22T09:01:13","date_gmt":"2025-05-22T09:01:13","guid":{"rendered":"https:\/\/www.yongyukitchenware.com\/?post_type=product&#038;p=3866"},"modified":"2025-06-13T02:46:04","modified_gmt":"2025-06-13T02:46:04","slug":"bulk-13l-soup-warmer-stainless-steel-electric-soup-kettle","status":"publish","type":"product","link":"https:\/\/www.yongyukitchenware.com\/pt\/produto\/bulk-13l-soup-warmer-stainless-steel-electric-soup-kettle\/","title":{"rendered":"Aquecedor de sopas a granel 13L Chaleira el\u00e9ctrica de a\u00e7o inoxid\u00e1vel para sopa"},"content":{"rendered":"<div class=\"wp-block-columns is-layout-flex wp-container-core-columns-is-layout-9d6595d7 wp-block-columns-is-layout-flex\">\n<div class=\"wp-block-column is-layout-flow wp-block-column-is-layout-flow\">\n<h2 class=\"wp-block-heading\">Aquecedor de sopas a granel 13L Par\u00e2metro:<\/h2>\n\n\n\n<figure class=\"wp-block-table\"><table class=\"has-fixed-layout\"><tbody><tr><td>Modelo<\/td><td>Capacidade (L)<\/td><td>MOQ<\/td><\/tr><tr><td>DY049-CL<\/td><td>13<\/td><td>4 PE\u00c7AS<\/td><\/tr><\/tbody><\/table><\/figure>\n\n\n\n<h2 class=\"wp-block-heading\">Aquecedor de sopas a granel 13L Carater\u00edsticas:<\/h2>\n\n\n\n<p><strong>Grande capacidade:<\/strong>Esta panela de sopa comercial tem uma capacidade de 13 litros e \u00e9 muito adequada para servir grandes grupos. Adequada para restaurantes, festas, buffets e uso dom\u00e9stico.<br><strong>A\u00e7o inoxid\u00e1vel de alta qualidade:<\/strong>Esta panela de sopa possui uma panela interior em a\u00e7o inoxid\u00e1vel de qualidade alimentar, que \u00e9 dur\u00e1vel e f\u00e1cil de limpar, garantindo um ambiente de cozinha higi\u00e9nico.<br><strong>Controlo preciso da temperatura:<\/strong>Esta panela de sopa adopta um design tridimensional de temperatura constante e utiliza a tecnologia de separa\u00e7\u00e3o de \u00e1gua para garantir uma distribui\u00e7\u00e3o uniforme do calor. O term\u00f3stato ajust\u00e1vel pode controlar com precis\u00e3o as defini\u00e7\u00f5es de aquecimento, proporcionando a melhor manuten\u00e7\u00e3o da temperatura para v\u00e1rios pratos.<br><strong>Aplica\u00e7\u00e3o multifuncional:<\/strong>Esta panela el\u00e9ctrica para sopa tem uma vasta gama de utiliza\u00e7\u00f5es. Quer esteja a gerir um restaurante movimentado, a organizar uma grande festa ou um evento, garante que pode preparar e armazenar uma grande quantidade de sopa, ou cozinh\u00e1-la quente e servi-la em qualquer altura.<\/p>\n<\/div>\n\n\n\n<div class=\"wp-block-column is-layout-flow wp-block-column-is-layout-flow\">\n<figure class=\"wp-block-image size-full\"><img decoding=\"async\" width=\"800\" height=\"800\" src=\"https:\/\/www.yongyukitchenware.com\/wp-content\/uploads\/2025\/05\/Bulk-13L-Soup-Warmer-5.webp\" alt=\"Bulk-13L-Soup-Warmer-5\" class=\"wp-image-3871\" srcset=\"https:\/\/www.yongyukitchenware.com\/wp-content\/uploads\/2025\/05\/Bulk-13L-Soup-Warmer-5.webp 800w, https:\/\/www.yongyukitchenware.com\/wp-content\/uploads\/2025\/05\/Bulk-13L-Soup-Warmer-5-300x300.webp 300w, https:\/\/www.yongyukitchenware.com\/wp-content\/uploads\/2025\/05\/Bulk-13L-Soup-Warmer-5-150x150.webp 150w, https:\/\/www.yongyukitchenware.com\/wp-content\/uploads\/2025\/05\/Bulk-13L-Soup-Warmer-5-768x768.webp 768w, https:\/\/www.yongyukitchenware.com\/wp-content\/uploads\/2025\/05\/Bulk-13L-Soup-Warmer-5-12x12.webp 12w, https:\/\/www.yongyukitchenware.com\/wp-content\/uploads\/2025\/05\/Bulk-13L-Soup-Warmer-5-600x600.webp 600w, https:\/\/www.yongyukitchenware.com\/wp-content\/uploads\/2025\/05\/Bulk-13L-Soup-Warmer-5-100x100.webp 100w\" sizes=\"(max-width: 800px) 100vw, 800px\" \/><\/figure>\n<\/div>\n<\/div>","protected":false},"excerpt":{"rendered":"<p>A chaleira el\u00e9ctrica para sopas a granel de 13L, em a\u00e7o inoxid\u00e1vel, \u00e9 ideal para cozinhas comerciais, buffets e servi\u00e7os de catering, para manter as sopas e os guisados perfeitamente quentes e prontos a servir. Entre em contacto com a Yongyu hoje mesmo para elevar a experi\u00eancia de catering dos seus clientes!<\/p>\n<h2><!-- wp:heading --><\/h2>\n<h2 class=\"wp-block-heading\">Aquecedor de sopas a granel 13L:<\/h2>\n<h2><!-- \/wp:heading --><\/p>\n<p><!-- wp:paragraph --><\/h2>\n<p><strong>Material: <\/strong>A\u00e7o inoxid\u00e1vel<br \/><strong>Cor: <\/strong>Preto\/Prata<br \/><strong>Forma:<\/strong> Redondo<br \/><strong>Calor: <\/strong>Aquecimento el\u00e9trico<br \/><strong>Panela de chafer: <\/strong>Grelha \u00fanica<br \/><strong>OEM\/ODM: <\/strong>Dispon\u00edvel<\/p>\n<h2 class=\"wp-block-heading\">Aquecedor de Sopa a granel 13L Fabricante :<\/h2>\n<p>Quer se trate de um fornecedor de servi\u00e7os de catering, de um hotel e restaurante ou de uma empresa de planeamento de eventos, fornecemos solu\u00e7\u00f5es personalizadas completas de pratos de chafing por atacado para ajudar a sua empresa com pre\u00e7os de f\u00e1brica de alta qualidade!<\/p>\n<h2><!-- \/wp:paragraph --><\/h2>","protected":false},"featured_media":3867,"comment_status":"closed","ping_status":"closed","template":"","meta":{"_acf_changed":true},"application":[30],"product_brand":[],"product_cat":[33],"product_tag":[],"class_list":{"0":"post-3866","1":"product","2":"type-product","3":"status-publish","4":"has-post-thumbnail","6":"application-hotel-catering","7":"product_cat-chafing-dishes-wholesale","9":"first","10":"instock","11":"shipping-taxable","12":"product-type-simple"},"acf":[],"_links":{"self":[{"href":"https:\/\/www.yongyukitchenware.com\/pt\/wp-json\/wp\/v2\/product\/3866","targetHints":{"allow":["GET"]}}],"collection":[{"href":"https:\/\/www.yongyukitchenware.com\/pt\/wp-json\/wp\/v2\/product"}],"about":[{"href":"https:\/\/www.yongyukitchenware.com\/pt\/wp-json\/wp\/v2\/types\/product"}],"replies":[{"embeddable":true,"href":"https:\/\/www.yongyukitchenware.com\/pt\/wp-json\/wp\/v2\/comments?post=3866"}],"wp:featuredmedia":[{"embeddable":true,"href":"https:\/\/www.yongyukitchenware.com\/pt\/wp-json\/wp\/v2\/media\/3867"}],"wp:attachment":[{"href":"https:\/\/www.yongyukitchenware.com\/pt\/wp-json\/wp\/v2\/media?parent=3866"}],"wp:term":[{"taxonomy":"application","embeddable":true,"href":"https:\/\/www.yongyukitchenware.com\/pt\/wp-json\/wp\/v2\/application?post=3866"},{"taxonomy":"product_brand","embeddable":true,"href":"https:\/\/www.yongyukitchenware.com\/pt\/wp-json\/wp\/v2\/product_brand?post=3866"},{"taxonomy":"product_cat","embeddable":true,"href":"https:\/\/www.yongyukitchenware.com\/pt\/wp-json\/wp\/v2\/product_cat?post=3866"},{"taxonomy":"product_tag","embeddable":true,"href":"https:\/\/www.yongyukitchenware.com\/pt\/wp-json\/wp\/v2\/product_tag?post=3866"}],"curies":[{"name":"wp","href":"https:\/\/api.w.org\/{rel}","templated":true}]}}