{"id":3873,"date":"2025-05-19T10:11:37","date_gmt":"2025-05-19T10:11:37","guid":{"rendered":"https:\/\/www.yongyukitchenware.com\/?post_type=product&#038;p=3873"},"modified":"2025-06-13T03:22:43","modified_gmt":"2025-06-13T03:22:43","slug":"bulk-stainless-steel-electric-soup-pot-13l-soup-warmer-hotel-equipment","status":"publish","type":"product","link":"https:\/\/www.yongyukitchenware.com\/pt\/produto\/bulk-stainless-steel-electric-soup-pot-13l-soup-warmer-hotel-equipment\/","title":{"rendered":"Panela de sopa el\u00e9ctrica de a\u00e7o inoxid\u00e1vel a granel 13L Aquecedor de sopa Equipamento de hotel"},"content":{"rendered":"<div class=\"wp-block-columns is-layout-flex wp-container-core-columns-is-layout-9d6595d7 wp-block-columns-is-layout-flex\">\n<div class=\"wp-block-column is-layout-flow wp-block-column-is-layout-flow\">\n<h2 class=\"wp-block-heading\">Bulk Stainless Steel Electric Soup Pot Parameter:<\/h2>\n\n\n\n<figure class=\"wp-block-table\"><table class=\"has-fixed-layout\"><tbody><tr><td>Modelo<\/td><td>Capacidade (L)<\/td><td>MOQ<\/td><\/tr><tr><td>DY050-CL<\/td><td>13<\/td><td>4 PE\u00c7AS<\/td><\/tr><\/tbody><\/table><\/figure>\n\n\n\n<h2 class=\"wp-block-heading\">Bulk Stainless Steel Electric Soup Pot Features:<\/h2>\n\n\n\n<p><strong>Grande capacidade: <\/strong>This commercial soup pot has a capacity of 13 liters and is very suitable for serving large groups. Suitable for restaurants, parties, buffets, and home use.<br><strong>A\u00e7o inoxid\u00e1vel de alta qualidade: <\/strong>Esta panela de sopa possui uma panela interior em a\u00e7o inoxid\u00e1vel de qualidade alimentar, que \u00e9 dur\u00e1vel e f\u00e1cil de limpar, garantindo um ambiente de cozinha higi\u00e9nico.<br><strong>Controlo preciso da temperatura:<\/strong> Esta panela de sopa adopta um design tridimensional de temperatura constante e utiliza a tecnologia de separa\u00e7\u00e3o de \u00e1gua para garantir uma distribui\u00e7\u00e3o uniforme do calor. O term\u00f3stato ajust\u00e1vel pode controlar com precis\u00e3o as defini\u00e7\u00f5es de aquecimento, proporcionando a melhor manuten\u00e7\u00e3o da temperatura para v\u00e1rios pratos.<br><strong>Aplica\u00e7\u00e3o multifuncional: <\/strong>This electric soup pot has a wide range of uses. Whether you are running a busy restaurant, hosting a large party or an event, it ensures that you can prepare and store a large amount of soup or stew it warm, and serve it at any time.<\/p>\n<\/div>\n\n\n\n<div class=\"wp-block-column is-layout-flow wp-block-column-is-layout-flow\">\n<figure class=\"wp-block-image size-full\"><img decoding=\"async\" width=\"1500\" height=\"1500\" src=\"https:\/\/www.yongyukitchenware.com\/wp-content\/uploads\/2025\/05\/Bulk-Stainless-Steel-Electric-Soup-Pot-6.webp\" alt=\"Bulk-Stainless-Steel-Electric-Soup-Pot-6\" class=\"wp-image-3879\" srcset=\"https:\/\/www.yongyukitchenware.com\/wp-content\/uploads\/2025\/05\/Bulk-Stainless-Steel-Electric-Soup-Pot-6.webp 1500w, https:\/\/www.yongyukitchenware.com\/wp-content\/uploads\/2025\/05\/Bulk-Stainless-Steel-Electric-Soup-Pot-6-300x300.webp 300w, https:\/\/www.yongyukitchenware.com\/wp-content\/uploads\/2025\/05\/Bulk-Stainless-Steel-Electric-Soup-Pot-6-150x150.webp 150w, https:\/\/www.yongyukitchenware.com\/wp-content\/uploads\/2025\/05\/Bulk-Stainless-Steel-Electric-Soup-Pot-6-768x768.webp 768w, https:\/\/www.yongyukitchenware.com\/wp-content\/uploads\/2025\/05\/Bulk-Stainless-Steel-Electric-Soup-Pot-6-12x12.webp 12w, https:\/\/www.yongyukitchenware.com\/wp-content\/uploads\/2025\/05\/Bulk-Stainless-Steel-Electric-Soup-Pot-6-1200x1200.webp 1200w, https:\/\/www.yongyukitchenware.com\/wp-content\/uploads\/2025\/05\/Bulk-Stainless-Steel-Electric-Soup-Pot-6-600x600.webp 600w, https:\/\/www.yongyukitchenware.com\/wp-content\/uploads\/2025\/05\/Bulk-Stainless-Steel-Electric-Soup-Pot-6-100x100.webp 100w\" sizes=\"(max-width: 1500px) 100vw, 1500px\" \/><\/figure>\n<\/div>\n<\/div>","protected":false},"excerpt":{"rendered":"<p>Panela de sopa el\u00e9ctrica de a\u00e7o inoxid\u00e1vel a granel 13L aquecedor de sopa equipamento de hotel. Ideal para manter as sopas quentes em hot\u00e9is, buffets e eventos de catering. Possui uma constru\u00e7\u00e3o duradoura e uma grande capacidade de 13L para um servi\u00e7o eficiente. Contacte a Yongyu hoje mesmo para melhorar a sua experi\u00eancia de catering com os clientes!<\/p>\n<h2><!-- wp:heading --><\/h2>\n<h2 class=\"wp-block-heading\">Panela de sopa el\u00e9ctrica de a\u00e7o inoxid\u00e1vel a granel:<\/h2>\n<h2><!-- \/wp:heading --><\/p>\n<p><!-- wp:paragraph --><\/h2>\n<p><strong>Material: <\/strong>A\u00e7o inoxid\u00e1vel<br \/><strong>Cor:<\/strong>Preto\/Prata<br \/><strong>Forma:<\/strong> Redondo<br \/><strong>Calor: <\/strong>Aquecimento el\u00e9trico<br \/><strong>Panela de chafer: <\/strong>Grelha \u00fanica<br \/><strong>OEM\/ODM: <\/strong>Dispon\u00edvel<\/p>\n<h2 class=\"wp-block-heading\">Fabricante de panela de sopa el\u00e9ctrica de a\u00e7o inoxid\u00e1vel a granel :<\/h2>\n<p>Quer se trate de um fornecedor de servi\u00e7os de catering, de um hotel e de um restaurante ou de uma empresa de planeamento de eventos, fornecemos solu\u00e7\u00f5es personalizadas completas de pratos de chafing por atacado para ajudar a sua empresa com pre\u00e7os de f\u00e1brica de alta qualidade!<\/p>\n<h2><!-- \/wp:paragraph --><\/h2>","protected":false},"featured_media":3874,"comment_status":"closed","ping_status":"closed","template":"","meta":{"_acf_changed":false},"application":[30],"product_brand":[],"product_cat":[33],"product_tag":[],"class_list":{"0":"post-3873","1":"product","2":"type-product","3":"status-publish","4":"has-post-thumbnail","6":"application-hotel-catering","7":"product_cat-chafing-dishes-wholesale","9":"first","10":"instock","11":"shipping-taxable","12":"product-type-simple"},"acf":[],"_links":{"self":[{"href":"https:\/\/www.yongyukitchenware.com\/pt\/wp-json\/wp\/v2\/product\/3873","targetHints":{"allow":["GET"]}}],"collection":[{"href":"https:\/\/www.yongyukitchenware.com\/pt\/wp-json\/wp\/v2\/product"}],"about":[{"href":"https:\/\/www.yongyukitchenware.com\/pt\/wp-json\/wp\/v2\/types\/product"}],"replies":[{"embeddable":true,"href":"https:\/\/www.yongyukitchenware.com\/pt\/wp-json\/wp\/v2\/comments?post=3873"}],"wp:featuredmedia":[{"embeddable":true,"href":"https:\/\/www.yongyukitchenware.com\/pt\/wp-json\/wp\/v2\/media\/3874"}],"wp:attachment":[{"href":"https:\/\/www.yongyukitchenware.com\/pt\/wp-json\/wp\/v2\/media?parent=3873"}],"wp:term":[{"taxonomy":"application","embeddable":true,"href":"https:\/\/www.yongyukitchenware.com\/pt\/wp-json\/wp\/v2\/application?post=3873"},{"taxonomy":"product_brand","embeddable":true,"href":"https:\/\/www.yongyukitchenware.com\/pt\/wp-json\/wp\/v2\/product_brand?post=3873"},{"taxonomy":"product_cat","embeddable":true,"href":"https:\/\/www.yongyukitchenware.com\/pt\/wp-json\/wp\/v2\/product_cat?post=3873"},{"taxonomy":"product_tag","embeddable":true,"href":"https:\/\/www.yongyukitchenware.com\/pt\/wp-json\/wp\/v2\/product_tag?post=3873"}],"curies":[{"name":"wp","href":"https:\/\/api.w.org\/{rel}","templated":true}]}}