{"id":3905,"date":"2025-05-28T02:22:46","date_gmt":"2025-05-28T02:22:46","guid":{"rendered":"https:\/\/www.yongyukitchenware.com\/?post_type=product&#038;p=3905"},"modified":"2025-05-28T02:22:49","modified_gmt":"2025-05-28T02:22:49","slug":"bulk-11-liters-catering-soup-warmer-with-spiral-pattern-silver","status":"publish","type":"product","link":"https:\/\/www.yongyukitchenware.com\/pt\/produto\/bulk-11-liters-catering-soup-warmer-with-spiral-pattern-silver\/","title":{"rendered":"Aquecedor de sopas para catering de 11 litros com padr\u00e3o em espiral - prateado"},"content":{"rendered":"<div class=\"wp-block-columns is-layout-flex wp-container-core-columns-is-layout-9d6595d7 wp-block-columns-is-layout-flex\">\n<div class=\"wp-block-column is-layout-flow wp-block-column-is-layout-flow\">\n<h2 class=\"wp-block-heading\">Aquecedor de sopas de catering de 11 litros a granel Par\u00e2metro:<\/h2>\n\n\n\n<figure class=\"wp-block-table\"><table class=\"has-fixed-layout\"><tbody><tr><td>Modelo<\/td><td>Capacidade (L)<\/td><\/tr><tr><td>DY052-CL<\/td><td>11<\/td><\/tr><\/tbody><\/table><\/figure>\n\n\n\n<h2 class=\"wp-block-heading\">Aquecedor de sopas para catering de 11 litros a granel Carater\u00edsticas:<\/h2>\n\n\n\n<p><strong>Grande capacidade: <\/strong>Com uma espa\u00e7osa capacidade de 11 litros, pode conter uma grande quantidade de sopa, guisados, molhos, etc. \u00c9 uma escolha ideal para cozinhas comerciais, restaurantes e ambientes de servi\u00e7o de catering de elevada procura.<br><strong>Elemento de aquecimento potente: <\/strong>Equipado com um potente elemento de aquecimento de 400 W, proporciona um desempenho de aquecimento eficiente e fi\u00e1vel, garantindo que os ingredientes s\u00e3o cozinhados de forma completa e uniforme.<br><strong>Desenho de padr\u00e3o roscado:<\/strong> A superf\u00edcie da panela de sopa apresenta um padr\u00e3o roscado \u00fanico, que n\u00e3o s\u00f3 acrescenta interesse visual como tamb\u00e9m cumpre um objetivo funcional, melhorando a distribui\u00e7\u00e3o do calor na superf\u00edcie de cozedura.<br><strong>Estrutura duradoura:<\/strong> Fabricada em a\u00e7o inoxid\u00e1vel de alta qualidade, a sua estrutura duradoura garante um desempenho e uma fiabilidade de longa dura\u00e7\u00e3o, mesmo em condi\u00e7\u00f5es de cozedura pesadas.<br><strong>Aplica\u00e7\u00e3o de cozedura multifuncional:<\/strong> Esta panela de sopa el\u00e9ctrica \u00e9 adequada para v\u00e1rias aplica\u00e7\u00f5es culin\u00e1rias, incluindo estufar sopa, ferver caldo de carne, estufar molhos, etc. A sua versatilidade torna-a uma ferramenta universal para preparar v\u00e1rios pratos num ambiente de cozinha comercial.<\/p>\n<\/div>\n\n\n\n<div class=\"wp-block-column is-layout-flow wp-block-column-is-layout-flow\">\n<figure class=\"wp-block-image size-full\"><img decoding=\"async\" width=\"800\" height=\"800\" src=\"https:\/\/www.yongyukitchenware.com\/wp-content\/uploads\/2025\/05\/Bulk-11-Liters-Catering-Soup-Warmer-2.webp\" alt=\"Aquecedor de sopas para cozinha a granel de 11 litros-2\" class=\"wp-image-3907\" srcset=\"https:\/\/www.yongyukitchenware.com\/wp-content\/uploads\/2025\/05\/Bulk-11-Liters-Catering-Soup-Warmer-2.webp 800w, https:\/\/www.yongyukitchenware.com\/wp-content\/uploads\/2025\/05\/Bulk-11-Liters-Catering-Soup-Warmer-2-300x300.webp 300w, https:\/\/www.yongyukitchenware.com\/wp-content\/uploads\/2025\/05\/Bulk-11-Liters-Catering-Soup-Warmer-2-150x150.webp 150w, https:\/\/www.yongyukitchenware.com\/wp-content\/uploads\/2025\/05\/Bulk-11-Liters-Catering-Soup-Warmer-2-768x768.webp 768w, https:\/\/www.yongyukitchenware.com\/wp-content\/uploads\/2025\/05\/Bulk-11-Liters-Catering-Soup-Warmer-2-12x12.webp 12w, https:\/\/www.yongyukitchenware.com\/wp-content\/uploads\/2025\/05\/Bulk-11-Liters-Catering-Soup-Warmer-2-600x600.webp 600w, https:\/\/www.yongyukitchenware.com\/wp-content\/uploads\/2025\/05\/Bulk-11-Liters-Catering-Soup-Warmer-2-100x100.webp 100w\" sizes=\"(max-width: 800px) 100vw, 800px\" \/><\/figure>\n<\/div>\n<\/div>","protected":false},"excerpt":{"rendered":"<p>Aquecedor de sopa para catering de 11 litros com padr\u00e3o em espiral em prata elegante, perfeito para manter a temperatura ideal da sopa em eventos de grande escala e opera\u00e7\u00f5es de servi\u00e7o alimentar. Contacte a Yongyu hoje mesmo para melhorar a sua experi\u00eancia de catering com os clientes!<\/p>\n<h2><!-- wp:heading --><\/h2>\n<h2 class=\"wp-block-heading\">Aquecedor de sopas para catering de 11 litros a granel:<\/h2>\n<h2><!-- \/wp:heading --><\/p>\n<p><!-- wp:paragraph --><\/h2>\n<p><strong>Material: <\/strong>A\u00e7o inoxid\u00e1vel<br \/><strong>Cor:<\/strong>Prata\/dourado\/dourado rosa<br \/><strong>Forma:<\/strong> Redondo<br \/><strong>Calor: <\/strong>Aquecimento el\u00e9trico<br \/><strong>Panela de chafer: <\/strong>Grelha \u00fanica<br \/><strong>OEM\/ODM: <\/strong>Dispon\u00edvel<\/p>\n<h2 class=\"wp-block-heading\">Aquecedor de sopas para catering de 11 litros a granel Fabricante :<\/h2>\n<p>Quer se trate de um fornecedor de servi\u00e7os de catering, de um hotel e de um restaurante ou de uma empresa de planeamento de eventos, fornecemos solu\u00e7\u00f5es personalizadas completas de pratos de chafing por atacado para ajudar a sua empresa com pre\u00e7os de f\u00e1brica de alta qualidade!<\/p>\n<h2><!-- \/wp:paragraph --><\/h2>","protected":false},"featured_media":3912,"comment_status":"closed","ping_status":"closed","template":"","meta":{"_acf_changed":true},"application":[30],"product_brand":[],"product_cat":[33],"product_tag":[],"class_list":{"0":"post-3905","1":"product","2":"type-product","3":"status-publish","4":"has-post-thumbnail","6":"application-hotel-catering","7":"product_cat-chafing-dishes-wholesale","9":"first","10":"instock","11":"shipping-taxable","12":"product-type-simple"},"acf":[],"_links":{"self":[{"href":"https:\/\/www.yongyukitchenware.com\/pt\/wp-json\/wp\/v2\/product\/3905","targetHints":{"allow":["GET"]}}],"collection":[{"href":"https:\/\/www.yongyukitchenware.com\/pt\/wp-json\/wp\/v2\/product"}],"about":[{"href":"https:\/\/www.yongyukitchenware.com\/pt\/wp-json\/wp\/v2\/types\/product"}],"replies":[{"embeddable":true,"href":"https:\/\/www.yongyukitchenware.com\/pt\/wp-json\/wp\/v2\/comments?post=3905"}],"wp:featuredmedia":[{"embeddable":true,"href":"https:\/\/www.yongyukitchenware.com\/pt\/wp-json\/wp\/v2\/media\/3912"}],"wp:attachment":[{"href":"https:\/\/www.yongyukitchenware.com\/pt\/wp-json\/wp\/v2\/media?parent=3905"}],"wp:term":[{"taxonomy":"application","embeddable":true,"href":"https:\/\/www.yongyukitchenware.com\/pt\/wp-json\/wp\/v2\/application?post=3905"},{"taxonomy":"product_brand","embeddable":true,"href":"https:\/\/www.yongyukitchenware.com\/pt\/wp-json\/wp\/v2\/product_brand?post=3905"},{"taxonomy":"product_cat","embeddable":true,"href":"https:\/\/www.yongyukitchenware.com\/pt\/wp-json\/wp\/v2\/product_cat?post=3905"},{"taxonomy":"product_tag","embeddable":true,"href":"https:\/\/www.yongyukitchenware.com\/pt\/wp-json\/wp\/v2\/product_tag?post=3905"}],"curies":[{"name":"wp","href":"https:\/\/api.w.org\/{rel}","templated":true}]}}