{"id":3931,"date":"2025-05-26T09:55:41","date_gmt":"2025-05-26T09:55:41","guid":{"rendered":"https:\/\/www.yongyukitchenware.com\/?post_type=product&#038;p=3931"},"modified":"2025-06-13T02:44:36","modified_gmt":"2025-06-13T02:44:36","slug":"bulk-11l-electric-soup-pot","status":"publish","type":"product","link":"https:\/\/www.yongyukitchenware.com\/pt\/produto\/bulk-11l-electric-soup-pot\/","title":{"rendered":"Panela de sopa el\u00e9ctrica de 11 L a granel Chaleira de sopa isolada em a\u00e7o inoxid\u00e1vel - amarelo"},"content":{"rendered":"<div class=\"wp-block-columns is-layout-flex wp-container-core-columns-is-layout-9d6595d7 wp-block-columns-is-layout-flex\">\n<div class=\"wp-block-column is-layout-flow wp-block-column-is-layout-flow\">\n<h2 class=\"wp-block-heading\">Panela de sopa el\u00e9ctrica 11L a granel Par\u00e2metro:<\/h2>\n\n\n\n<figure class=\"wp-block-table\"><table class=\"has-fixed-layout\"><tbody><tr><td>Modelo<\/td><td>Capacidade (L)<\/td><td>MOQ<\/td><\/tr><tr><td>DY051-CL<\/td><td>11<\/td><td>6 PE\u00c7AS<\/td><\/tr><\/tbody><\/table><\/figure>\n\n\n\n<h2 class=\"wp-block-heading\">Panela de sopa el\u00e9ctrica 11L a granel Carater\u00edsticas:<\/h2>\n\n\n\n<p><strong>Robusto e s\u00f3lido:<\/strong> O material do produto \u00e9 a\u00e7o inoxid\u00e1vel 201 de alta qualidade, borracha, baquelite e outros materiais, e \u00e9 tratado por processos de pintura e polimento. Possui alta resist\u00eancia, resist\u00eancia ao calor, resist\u00eancia ao desgaste, bom desempenho de isolamento e longa vida \u00fatil.<br><strong>Boa reten\u00e7\u00e3o t\u00e9rmica:<\/strong>Aquecimento r\u00e1pido de 500 W de alta pot\u00eancia, a placa de aquecimento condensa-se e aquece continuamente para manter os alimentos a uma temperatura quente, adequada aos h\u00e1bitos de consumo da maioria das pessoas.<br><strong>Elevada capacidade: <\/strong>A sua elevada capacidade de 11 litros garante que nunca ter\u00e1 de isolar a granel e pode acomodar um grande n\u00famero de clientes com facilidade. \u00c9 a escolha ideal para eventos a granel e cozinhas de catering.<br><strong>Alta seguran\u00e7a: <\/strong>Este artigo utiliza a tecnologia de isolamento a seco e n\u00e3o \u00e9 um processo de adi\u00e7\u00e3o de \u00e1gua. Anti-queimadura a seco inteligente, garantindo a sua seguran\u00e7a.<br>F\u00e1cil de utilizar e manter: Um toque para ligar\/desligar, luz LED de indica\u00e7\u00e3o de pot\u00eancia, manual do utilizador detalhado em ingl\u00eas e simples de utilizar.<\/p>\n<\/div>\n\n\n\n<div class=\"wp-block-column is-layout-flow wp-block-column-is-layout-flow\">\n<figure class=\"wp-block-image size-full\"><img decoding=\"async\" width=\"1500\" height=\"1500\" src=\"https:\/\/www.yongyukitchenware.com\/wp-content\/uploads\/2025\/05\/Bulk-11L-Electric-Soup-Pot-7.webp\" alt=\"Panela de sopa el\u00e9ctrica-11L a granel-7\" class=\"wp-image-3895\" srcset=\"https:\/\/www.yongyukitchenware.com\/wp-content\/uploads\/2025\/05\/Bulk-11L-Electric-Soup-Pot-7.webp 1500w, https:\/\/www.yongyukitchenware.com\/wp-content\/uploads\/2025\/05\/Bulk-11L-Electric-Soup-Pot-7-300x300.webp 300w, https:\/\/www.yongyukitchenware.com\/wp-content\/uploads\/2025\/05\/Bulk-11L-Electric-Soup-Pot-7-150x150.webp 150w, https:\/\/www.yongyukitchenware.com\/wp-content\/uploads\/2025\/05\/Bulk-11L-Electric-Soup-Pot-7-768x768.webp 768w, https:\/\/www.yongyukitchenware.com\/wp-content\/uploads\/2025\/05\/Bulk-11L-Electric-Soup-Pot-7-12x12.webp 12w, https:\/\/www.yongyukitchenware.com\/wp-content\/uploads\/2025\/05\/Bulk-11L-Electric-Soup-Pot-7-1200x1200.webp 1200w, https:\/\/www.yongyukitchenware.com\/wp-content\/uploads\/2025\/05\/Bulk-11L-Electric-Soup-Pot-7-600x600.webp 600w, https:\/\/www.yongyukitchenware.com\/wp-content\/uploads\/2025\/05\/Bulk-11L-Electric-Soup-Pot-7-100x100.webp 100w\" sizes=\"(max-width: 1500px) 100vw, 1500px\" \/><\/figure>\n<\/div>\n<\/div>","protected":false},"excerpt":{"rendered":"<p>A panela de sopa el\u00e9ctrica Bulk 11L, esta chaleira de a\u00e7o inoxid\u00e1vel isolada em amarelo vibrante \u00e9 perfeita para manter sopas, guisados e molhos quentes durante longos per\u00edodos. Ideal para buffets, catering e servi\u00e7os alimentares, combina uma grande capacidade com um aquecimento el\u00e9trico eficiente em termos energ\u00e9ticos e uma constru\u00e7\u00e3o duradoura. <span class=\"Editor_t__not_edited_long__JuNNx\">Contacte a Yongyu hoje mesmo para melhorar a sua <\/span><span class=\"Editor_t__added__LtuNJ\">clientes <\/span><span class=\"Editor_t__not_edited__WuRP8\">experi\u00eancia em restaura\u00e7\u00e3o<\/span><span class=\"Editor_t__not_edited__WuRP8\">!<\/span><\/p>\n<h2><!-- wp:heading --><\/h2>\n<h2 class=\"wp-block-heading\">Panela de sopa el\u00e9ctrica de 11 L a granel:<\/h2>\n<h2><!-- \/wp:heading --><\/p>\n<p><!-- wp:paragraph --><\/h2>\n<p><strong>Material: <\/strong>A\u00e7o inoxid\u00e1vel<br \/><strong>Cor:<\/strong>Prata\/dourado\/dourado rosa<br \/><strong>Forma:<\/strong> Redondo<br \/><strong>Calor: <\/strong>Aquecimento el\u00e9trico<br \/><strong>Panela de chafer: <\/strong>Grelha \u00fanica<br \/><strong>OEM\/ODM: <\/strong>Dispon\u00edvel<\/p>\n<h2 class=\"wp-block-heading\">Fabricante de panela de sopa el\u00e9ctrica 11L a granel :<\/h2>\n<p>Quer se trate de um fornecedor de servi\u00e7os de catering, de um hotel e de um restaurante ou de uma empresa de planeamento de eventos, fornecemos solu\u00e7\u00f5es personalizadas completas de pratos de chafing por atacado para ajudar a sua empresa com pre\u00e7os de f\u00e1brica de alta qualidade!<\/p>\n<h2><!-- \/wp:paragraph --><\/h2>","protected":false},"featured_media":3892,"comment_status":"closed","ping_status":"closed","template":"","meta":{"_acf_changed":false},"application":[30],"product_brand":[],"product_cat":[33],"product_tag":[],"class_list":{"0":"post-3931","1":"product","2":"type-product","3":"status-publish","4":"has-post-thumbnail","6":"application-hotel-catering","7":"product_cat-chafing-dishes-wholesale","9":"first","10":"instock","11":"shipping-taxable","12":"product-type-simple"},"acf":[],"_links":{"self":[{"href":"https:\/\/www.yongyukitchenware.com\/pt\/wp-json\/wp\/v2\/product\/3931","targetHints":{"allow":["GET"]}}],"collection":[{"href":"https:\/\/www.yongyukitchenware.com\/pt\/wp-json\/wp\/v2\/product"}],"about":[{"href":"https:\/\/www.yongyukitchenware.com\/pt\/wp-json\/wp\/v2\/types\/product"}],"replies":[{"embeddable":true,"href":"https:\/\/www.yongyukitchenware.com\/pt\/wp-json\/wp\/v2\/comments?post=3931"}],"wp:featuredmedia":[{"embeddable":true,"href":"https:\/\/www.yongyukitchenware.com\/pt\/wp-json\/wp\/v2\/media\/3892"}],"wp:attachment":[{"href":"https:\/\/www.yongyukitchenware.com\/pt\/wp-json\/wp\/v2\/media?parent=3931"}],"wp:term":[{"taxonomy":"application","embeddable":true,"href":"https:\/\/www.yongyukitchenware.com\/pt\/wp-json\/wp\/v2\/application?post=3931"},{"taxonomy":"product_brand","embeddable":true,"href":"https:\/\/www.yongyukitchenware.com\/pt\/wp-json\/wp\/v2\/product_brand?post=3931"},{"taxonomy":"product_cat","embeddable":true,"href":"https:\/\/www.yongyukitchenware.com\/pt\/wp-json\/wp\/v2\/product_cat?post=3931"},{"taxonomy":"product_tag","embeddable":true,"href":"https:\/\/www.yongyukitchenware.com\/pt\/wp-json\/wp\/v2\/product_tag?post=3931"}],"curies":[{"name":"wp","href":"https:\/\/api.w.org\/{rel}","templated":true}]}}