{"id":3932,"date":"2025-05-26T10:05:51","date_gmt":"2025-05-26T10:05:51","guid":{"rendered":"https:\/\/www.yongyukitchenware.com\/?post_type=product&#038;p=3932"},"modified":"2025-06-13T02:44:15","modified_gmt":"2025-06-13T02:44:15","slug":"bulk-11l-red-electric-soup-pot-stainless-steel-insulated-soup-kettle","status":"publish","type":"product","link":"https:\/\/www.yongyukitchenware.com\/pt\/produto\/bulk-11l-red-electric-soup-pot-stainless-steel-insulated-soup-kettle\/","title":{"rendered":"Panela de Sopa El\u00e9ctrica Vermelha de 11L em a\u00e7o inoxid\u00e1vel com isolamento"},"content":{"rendered":"<div class=\"wp-block-columns is-layout-flex wp-container-core-columns-is-layout-9d6595d7 wp-block-columns-is-layout-flex\">\n<div class=\"wp-block-column is-layout-flow wp-block-column-is-layout-flow\">\n<h2 class=\"wp-block-heading\">Panela el\u00e9ctrica para sopa 11L vermelha a granel Par\u00e2metro:<\/h2>\n\n\n\n<figure class=\"wp-block-table\"><table class=\"has-fixed-layout\"><tbody><tr><td>Modelo<\/td><td>Capacidade (L)<\/td><td>MOQ<\/td><\/tr><tr><td>DY051-CL<\/td><td>11<\/td><td>6 PE\u00c7AS<\/td><\/tr><\/tbody><\/table><\/figure>\n\n\n\n<h2 class=\"wp-block-heading\">Panela de sopa el\u00e9ctrica vermelha 11L a granel Carater\u00edsticas:<\/h2>\n\n\n\n<p><strong>Resistente e duradouro:<\/strong> O artigo \u00e9 composto por a\u00e7o inoxid\u00e1vel 201 de qualidade superior, borracha, baquelite e outros materiais e passa por um processo de pintura e polimento. \u00c9 de alta resist\u00eancia, resistente ao calor, resistente ao desgaste, bom isolamento e longa vida \u00fatil.<br><strong>Forte preserva\u00e7\u00e3o do calor:<\/strong>Aquecimento r\u00e1pido de 500 W de alta pot\u00eancia, a placa de aquecimento concentra-se e aquece constantemente para manter os alimentos quentes, de acordo com o h\u00e1bito de comer da maioria das pessoas.<br><strong>Grande capacidade:<\/strong> Com uma grande capacidade de 11L, n\u00e3o precisa de isolar em lotes e pode servir convenientemente um grande n\u00famero de clientes. \u00c9 a escolha ideal para grandes festas e restaurantes comerciais.<br><strong>Alta seguran\u00e7a:<\/strong> Utiliza a tecnologia de isolamento a seco e n\u00e3o implica a adi\u00e7\u00e3o de \u00e1gua. Anti-queima a seco inteligente, garantindo a sua seguran\u00e7a.<br><strong>F\u00e1cil de utilizar e reparar: <\/strong>Um bot\u00e3o para ligar\/desligar, luz de alimenta\u00e7\u00e3o, manual de instru\u00e7\u00f5es completo em ingl\u00eas e simples de utilizar.<\/p>\n<\/div>\n\n\n\n<div class=\"wp-block-column is-layout-flow wp-block-column-is-layout-flow\">\n<figure class=\"wp-block-image size-full\"><img decoding=\"async\" width=\"800\" height=\"800\" src=\"https:\/\/www.yongyukitchenware.com\/wp-content\/uploads\/2025\/05\/Bulk-11L-Electric-Soup-Pot-12.webp\" alt=\"Panela de sopa el\u00e9ctrica vermelha de 11 L a granel-12\" class=\"wp-image-3930\" srcset=\"https:\/\/www.yongyukitchenware.com\/wp-content\/uploads\/2025\/05\/Bulk-11L-Electric-Soup-Pot-12.webp 800w, https:\/\/www.yongyukitchenware.com\/wp-content\/uploads\/2025\/05\/Bulk-11L-Electric-Soup-Pot-12-300x300.webp 300w, https:\/\/www.yongyukitchenware.com\/wp-content\/uploads\/2025\/05\/Bulk-11L-Electric-Soup-Pot-12-150x150.webp 150w, https:\/\/www.yongyukitchenware.com\/wp-content\/uploads\/2025\/05\/Bulk-11L-Electric-Soup-Pot-12-768x768.webp 768w, https:\/\/www.yongyukitchenware.com\/wp-content\/uploads\/2025\/05\/Bulk-11L-Electric-Soup-Pot-12-12x12.webp 12w, https:\/\/www.yongyukitchenware.com\/wp-content\/uploads\/2025\/05\/Bulk-11L-Electric-Soup-Pot-12-600x600.webp 600w, https:\/\/www.yongyukitchenware.com\/wp-content\/uploads\/2025\/05\/Bulk-11L-Electric-Soup-Pot-12-100x100.webp 100w\" sizes=\"(max-width: 800px) 100vw, 800px\" \/><\/figure>\n<\/div>\n<\/div>","protected":false},"excerpt":{"rendered":"<p>Panela de sopa el\u00e9ctrica vermelha de 11 L a granel. Esta panela de sopa isolada em a\u00e7o inoxid\u00e1vel foi concebida para manter sopas, guisados e molhos quentes durante horas. Perfeita para catering, buffets e cozinhas comerciais, oferece uma grande capacidade, aquecimento eficiente e um acabamento vermelho arrojado para um aspeto profissional.<\/p>\n<h2><!-- wp:heading --><\/h2>\n<h2 class=\"wp-block-heading\">Panela el\u00e9ctrica para sopa 11L vermelha a granel:<\/h2>\n<h2><!-- \/wp:heading --><\/p>\n<p><!-- wp:paragraph --><\/h2>\n<p><strong>Material: <\/strong>A\u00e7o inoxid\u00e1vel<br \/><strong>Cor:<\/strong>Prata\/dourado\/dourado rosa<br \/><strong>Forma:<\/strong> Redondo<br \/><strong>Calor: <\/strong>Aquecimento el\u00e9trico<br \/><strong>Panela de chafer: <\/strong>Grelha \u00fanica<br \/><strong>OEM\/ODM: <\/strong>Dispon\u00edvel<\/p>\n<h2 class=\"wp-block-heading\">Fabricante de panela de sopa el\u00e9ctrica 11L a granel :<\/h2>\n<p>Quer se trate de um fornecedor de servi\u00e7os de catering, de um hotel e de um restaurante ou de uma empresa de planeamento de eventos, fornecemos solu\u00e7\u00f5es personalizadas completas de pratos de chafing por atacado para ajudar a sua empresa com pre\u00e7os de f\u00e1brica de alta qualidade!<\/p>\n<h2><!-- \/wp:paragraph --><\/h2>","protected":false},"featured_media":3890,"comment_status":"closed","ping_status":"closed","template":"","meta":{"_acf_changed":true},"application":[30],"product_brand":[],"product_cat":[33],"product_tag":[],"class_list":{"0":"post-3932","1":"product","2":"type-product","3":"status-publish","4":"has-post-thumbnail","6":"application-hotel-catering","7":"product_cat-chafing-dishes-wholesale","9":"first","10":"instock","11":"shipping-taxable","12":"product-type-simple"},"acf":[],"_links":{"self":[{"href":"https:\/\/www.yongyukitchenware.com\/pt\/wp-json\/wp\/v2\/product\/3932","targetHints":{"allow":["GET"]}}],"collection":[{"href":"https:\/\/www.yongyukitchenware.com\/pt\/wp-json\/wp\/v2\/product"}],"about":[{"href":"https:\/\/www.yongyukitchenware.com\/pt\/wp-json\/wp\/v2\/types\/product"}],"replies":[{"embeddable":true,"href":"https:\/\/www.yongyukitchenware.com\/pt\/wp-json\/wp\/v2\/comments?post=3932"}],"wp:featuredmedia":[{"embeddable":true,"href":"https:\/\/www.yongyukitchenware.com\/pt\/wp-json\/wp\/v2\/media\/3890"}],"wp:attachment":[{"href":"https:\/\/www.yongyukitchenware.com\/pt\/wp-json\/wp\/v2\/media?parent=3932"}],"wp:term":[{"taxonomy":"application","embeddable":true,"href":"https:\/\/www.yongyukitchenware.com\/pt\/wp-json\/wp\/v2\/application?post=3932"},{"taxonomy":"product_brand","embeddable":true,"href":"https:\/\/www.yongyukitchenware.com\/pt\/wp-json\/wp\/v2\/product_brand?post=3932"},{"taxonomy":"product_cat","embeddable":true,"href":"https:\/\/www.yongyukitchenware.com\/pt\/wp-json\/wp\/v2\/product_cat?post=3932"},{"taxonomy":"product_tag","embeddable":true,"href":"https:\/\/www.yongyukitchenware.com\/pt\/wp-json\/wp\/v2\/product_tag?post=3932"}],"curies":[{"name":"wp","href":"https:\/\/api.w.org\/{rel}","templated":true}]}}