{"id":3962,"date":"2025-06-01T23:19:21","date_gmt":"2025-06-01T23:19:21","guid":{"rendered":"https:\/\/www.yongyukitchenware.com\/?post_type=product&#038;p=3962"},"modified":"2025-06-13T02:09:12","modified_gmt":"2025-06-13T02:09:12","slug":"bulk-13l-stainless-steel-soup-warmer-commercial-heavy-equipment-gold","status":"publish","type":"product","link":"https:\/\/www.yongyukitchenware.com\/pt\/produto\/bulk-13l-stainless-steel-soup-warmer-commercial-heavy-equipment-gold\/","title":{"rendered":"Aquecedor de sopas em a\u00e7o inoxid\u00e1vel de 13 litros para uso comercial - dourado"},"content":{"rendered":"<div class=\"wp-block-columns is-layout-flex wp-container-core-columns-is-layout-9d6595d7 wp-block-columns-is-layout-flex\">\n<div class=\"wp-block-column is-layout-flow wp-block-column-is-layout-flow\">\n<h2 class=\"wp-block-heading\">Aquecedor de Sopas de A\u00e7o Inoxid\u00e1vel 13L a granel Par\u00e2metro:<\/h2>\n\n\n\n<figure class=\"wp-block-table\"><table class=\"has-fixed-layout\"><tbody><tr><td>Modelo<\/td><td>Capacidade (L)<\/td><td>MOQ<\/td><\/tr><tr><td>DY053-CL<\/td><td>13<\/td><td>10 PE\u00c7AS<\/td><\/tr><\/tbody><\/table><\/figure>\n\n\n\n<h2 class=\"wp-block-heading\">Aquecedor de sopas em a\u00e7o inoxid\u00e1vel 13L a granel Carater\u00edsticas:<\/h2>\n\n\n\n<p><strong>Grande capacidade: <\/strong>Com uma capacidade espa\u00e7osa de 13 litros, pode conter uma grande quantidade de sopa, guisados, molhos, etc. \u00c9 uma escolha ideal para cozinhas comerciais, restaurantes e ambientes de servi\u00e7o de catering de elevada procura.<br><strong>Elemento de aquecimento potente: <\/strong>Equipado com um potente elemento de aquecimento de 400 W, proporciona um desempenho de aquecimento eficiente e fi\u00e1vel, garantindo que os ingredientes s\u00e3o cozinhados de forma completa e uniforme.<br><strong>Desenho de padr\u00e3o roscado:<\/strong> A superf\u00edcie da panela de sopa apresenta um padr\u00e3o roscado \u00fanico, que n\u00e3o s\u00f3 acrescenta interesse visual como tamb\u00e9m cumpre um objetivo funcional, melhorando a distribui\u00e7\u00e3o do calor na superf\u00edcie de cozedura.<br><strong>Estrutura duradoura:<\/strong> Fabricada em a\u00e7o inoxid\u00e1vel de alta qualidade, a sua estrutura duradoura garante um desempenho e uma fiabilidade de longa dura\u00e7\u00e3o, mesmo em condi\u00e7\u00f5es de cozedura pesadas.<br><strong>Aplica\u00e7\u00e3o de cozedura multifuncional:<\/strong> Esta panela de sopa el\u00e9ctrica \u00e9 adequada para v\u00e1rias aplica\u00e7\u00f5es culin\u00e1rias, incluindo estufar sopa, ferver caldo de carne, estufar molhos, etc. A sua versatilidade torna-a uma ferramenta universal para preparar v\u00e1rios pratos num ambiente de cozinha comercial.<\/p>\n<\/div>\n\n\n\n<div class=\"wp-block-column is-layout-flow wp-block-column-is-layout-flow\">\n<figure class=\"wp-block-image size-full\"><img decoding=\"async\" width=\"1500\" height=\"1500\" src=\"https:\/\/www.yongyukitchenware.com\/wp-content\/uploads\/2025\/05\/Bulk-13L-Stainless-Steel-Soup-Warmer-1.webp\" alt=\"Bulk-13L-A\u00e7o inoxid\u00e1vel-Aquecedor de sopa-1\" class=\"wp-image-3963\" srcset=\"https:\/\/www.yongyukitchenware.com\/wp-content\/uploads\/2025\/05\/Bulk-13L-Stainless-Steel-Soup-Warmer-1.webp 1500w, https:\/\/www.yongyukitchenware.com\/wp-content\/uploads\/2025\/05\/Bulk-13L-Stainless-Steel-Soup-Warmer-1-300x300.webp 300w, https:\/\/www.yongyukitchenware.com\/wp-content\/uploads\/2025\/05\/Bulk-13L-Stainless-Steel-Soup-Warmer-1-150x150.webp 150w, https:\/\/www.yongyukitchenware.com\/wp-content\/uploads\/2025\/05\/Bulk-13L-Stainless-Steel-Soup-Warmer-1-768x768.webp 768w, https:\/\/www.yongyukitchenware.com\/wp-content\/uploads\/2025\/05\/Bulk-13L-Stainless-Steel-Soup-Warmer-1-12x12.webp 12w, https:\/\/www.yongyukitchenware.com\/wp-content\/uploads\/2025\/05\/Bulk-13L-Stainless-Steel-Soup-Warmer-1-1200x1200.webp 1200w, https:\/\/www.yongyukitchenware.com\/wp-content\/uploads\/2025\/05\/Bulk-13L-Stainless-Steel-Soup-Warmer-1-600x600.webp 600w, https:\/\/www.yongyukitchenware.com\/wp-content\/uploads\/2025\/05\/Bulk-13L-Stainless-Steel-Soup-Warmer-1-100x100.webp 100w\" sizes=\"(max-width: 1500px) 100vw, 1500px\" \/><\/figure>\n<\/div>\n<\/div>","protected":false},"excerpt":{"rendered":"<p>Aquecedor de sopas em a\u00e7o inoxid\u00e1vel de 13 L com acabamento dourado - equipamento pesado de n\u00edvel comercial concebido para aquecer e servir sopas de forma eficiente em eventos de catering, restaurantes e buffets. Dur\u00e1vel, elegante e concebido para uma utiliza\u00e7\u00e3o de grande volume. Contacte a Yongyu hoje mesmo para melhorar a sua experi\u00eancia de catering com os clientes!<\/p>\n<h2><!-- wp:heading --><\/h2>\n<h2 class=\"wp-block-heading\">Aquecedor de sopas em a\u00e7o inoxid\u00e1vel 13L a granel:<\/h2>\n<h2><!-- \/wp:heading --><\/p>\n<p><!-- wp:paragraph --><\/h2>\n<p><strong>Material: <\/strong>A\u00e7o inoxid\u00e1vel<br \/><strong>Cor:<\/strong>Prata\/dourado\/dourado rosa<br \/><strong>Forma:<\/strong> Redondo<br \/><strong>Calor: <\/strong>Aquecimento el\u00e9trico<br \/><strong>Panela de chafer: <\/strong>Grelha \u00fanica<br \/><strong>OEM\/ODM: <\/strong>Dispon\u00edvel<\/p>\n<h2 class=\"wp-block-heading\">Aquecedor de Sopa de A\u00e7o Inoxid\u00e1vel 13L a granel Fabricante :<\/h2>\n<p>Quer se trate de um fornecedor de servi\u00e7os de catering, de um hotel e de um restaurante ou de uma empresa de planeamento de eventos, fornecemos solu\u00e7\u00f5es personalizadas completas de pratos de chafing por atacado para ajudar a sua empresa com pre\u00e7os de f\u00e1brica de alta qualidade!<\/p>\n<h2><!-- \/wp:paragraph --><\/h2>","protected":false},"featured_media":3966,"comment_status":"closed","ping_status":"closed","template":"","meta":{"_acf_changed":false},"application":[30],"product_brand":[],"product_cat":[33],"product_tag":[],"class_list":{"0":"post-3962","1":"product","2":"type-product","3":"status-publish","4":"has-post-thumbnail","6":"application-hotel-catering","7":"product_cat-chafing-dishes-wholesale","9":"first","10":"instock","11":"shipping-taxable","12":"product-type-simple"},"acf":[],"_links":{"self":[{"href":"https:\/\/www.yongyukitchenware.com\/pt\/wp-json\/wp\/v2\/product\/3962","targetHints":{"allow":["GET"]}}],"collection":[{"href":"https:\/\/www.yongyukitchenware.com\/pt\/wp-json\/wp\/v2\/product"}],"about":[{"href":"https:\/\/www.yongyukitchenware.com\/pt\/wp-json\/wp\/v2\/types\/product"}],"replies":[{"embeddable":true,"href":"https:\/\/www.yongyukitchenware.com\/pt\/wp-json\/wp\/v2\/comments?post=3962"}],"wp:featuredmedia":[{"embeddable":true,"href":"https:\/\/www.yongyukitchenware.com\/pt\/wp-json\/wp\/v2\/media\/3966"}],"wp:attachment":[{"href":"https:\/\/www.yongyukitchenware.com\/pt\/wp-json\/wp\/v2\/media?parent=3962"}],"wp:term":[{"taxonomy":"application","embeddable":true,"href":"https:\/\/www.yongyukitchenware.com\/pt\/wp-json\/wp\/v2\/application?post=3962"},{"taxonomy":"product_brand","embeddable":true,"href":"https:\/\/www.yongyukitchenware.com\/pt\/wp-json\/wp\/v2\/product_brand?post=3962"},{"taxonomy":"product_cat","embeddable":true,"href":"https:\/\/www.yongyukitchenware.com\/pt\/wp-json\/wp\/v2\/product_cat?post=3962"},{"taxonomy":"product_tag","embeddable":true,"href":"https:\/\/www.yongyukitchenware.com\/pt\/wp-json\/wp\/v2\/product_tag?post=3962"}],"curies":[{"name":"wp","href":"https:\/\/api.w.org\/{rel}","templated":true}]}}