{"id":3977,"date":"2025-06-03T07:33:54","date_gmt":"2025-06-03T07:33:54","guid":{"rendered":"https:\/\/www.yongyukitchenware.com\/?post_type=product&#038;p=3977"},"modified":"2025-06-13T02:08:38","modified_gmt":"2025-06-13T02:08:38","slug":"custom-13l-stainless-steel-soup-warmer-commercial-heavy-equipment-silver","status":"publish","type":"product","link":"https:\/\/www.yongyukitchenware.com\/pt\/produto\/custom-13l-stainless-steel-soup-warmer-commercial-heavy-equipment-silver\/","title":{"rendered":"Aquecedor de sopas em a\u00e7o inoxid\u00e1vel de 13 l personalizado Equipamento comercial pesado - prata"},"content":{"rendered":"<div class=\"wp-block-columns is-layout-flex wp-container-core-columns-is-layout-9d6595d7 wp-block-columns-is-layout-flex\">\n<div class=\"wp-block-column is-layout-flow wp-block-column-is-layout-flow\">\n<h2 class=\"wp-block-heading\">Aquecedor de Sopas em A\u00e7o Inoxid\u00e1vel 13L Personalizado Par\u00e2metro:<\/h2>\n\n\n\n<figure class=\"wp-block-table\"><table class=\"has-fixed-layout\"><tbody><tr><td>Modelo<\/td><td>Capacidade (L)<\/td><td>MOQ<\/td><\/tr><tr><td>DY053-CL<\/td><td>13<\/td><td>10 PE\u00c7AS<\/td><\/tr><\/tbody><\/table><\/figure>\n\n\n\n<h2 class=\"wp-block-heading\">Aquecedor de sopas em a\u00e7o inoxid\u00e1vel 13L personalizado Carater\u00edsticas:<\/h2>\n\n\n\n<p><strong>Grande capacidade: <\/strong>Tem uma grande capacidade de 13 litros, o que significa que pode conter uma enorme quantidade de sopa, guisados, molhos, etc. \u00c9 uma escolha ideal para cozinhas comerciais, restaurantes e prestadores de servi\u00e7os de catering com elevada procura.<br><strong>Elemento de aquecimento potente: <\/strong>Possui um elemento de aquecimento robusto de 400 W que proporciona um desempenho de aquecimento eficaz e eficiente, o que garante que os ingredientes s\u00e3o devidamente cozinhados e aquecidos uniformemente.<br><strong>Desenho de padr\u00e3o roscado:<\/strong> A panela de sopa tem um padr\u00e3o de rosca \u00fanico na sua superf\u00edcie, que n\u00e3o s\u00f3 proporciona um bom aspeto como tamb\u00e9m tem a fun\u00e7\u00e3o de melhorar a distribui\u00e7\u00e3o do calor na superf\u00edcie de cozedura.<br><strong>Constru\u00e7\u00e3o duradoura: <\/strong>Constru\u00edda em a\u00e7o inoxid\u00e1vel de alta qualidade, a sua constru\u00e7\u00e3o dur\u00e1vel proporciona um desempenho duradouro e fiabilidade, mesmo quando cozinha sob utiliza\u00e7\u00e3o intensa.<br><strong>Aplica\u00e7\u00e3o polivalente para cozinhar:<\/strong> A panela de sopa el\u00e9ctrica \u00e9 perfeita para v\u00e1rios fins culin\u00e1rios, como estufar sopa, ferver caldo de carne e estufar molho, etc. \u00c9 polivalente por natureza e, por conseguinte, pode ser utilizada como uma ferramenta multifuncional para confecionar v\u00e1rios pratos num ambiente de cozinha comercial.<\/p>\n<\/div>\n\n\n\n<div class=\"wp-block-column is-layout-flow wp-block-column-is-layout-flow\">\n<figure class=\"wp-block-image size-full\"><img decoding=\"async\" width=\"1500\" height=\"1500\" src=\"https:\/\/www.yongyukitchenware.com\/wp-content\/uploads\/2025\/05\/Bulk-13L-Stainless-Steel-Soup-Warmer-1.webp\" alt=\"Personalizado-13L-A\u00e7o inoxid\u00e1vel-Aquecedor de sopa-1\" class=\"wp-image-3963\" srcset=\"https:\/\/www.yongyukitchenware.com\/wp-content\/uploads\/2025\/05\/Bulk-13L-Stainless-Steel-Soup-Warmer-1.webp 1500w, https:\/\/www.yongyukitchenware.com\/wp-content\/uploads\/2025\/05\/Bulk-13L-Stainless-Steel-Soup-Warmer-1-300x300.webp 300w, https:\/\/www.yongyukitchenware.com\/wp-content\/uploads\/2025\/05\/Bulk-13L-Stainless-Steel-Soup-Warmer-1-150x150.webp 150w, https:\/\/www.yongyukitchenware.com\/wp-content\/uploads\/2025\/05\/Bulk-13L-Stainless-Steel-Soup-Warmer-1-768x768.webp 768w, https:\/\/www.yongyukitchenware.com\/wp-content\/uploads\/2025\/05\/Bulk-13L-Stainless-Steel-Soup-Warmer-1-12x12.webp 12w, https:\/\/www.yongyukitchenware.com\/wp-content\/uploads\/2025\/05\/Bulk-13L-Stainless-Steel-Soup-Warmer-1-1200x1200.webp 1200w, https:\/\/www.yongyukitchenware.com\/wp-content\/uploads\/2025\/05\/Bulk-13L-Stainless-Steel-Soup-Warmer-1-600x600.webp 600w, https:\/\/www.yongyukitchenware.com\/wp-content\/uploads\/2025\/05\/Bulk-13L-Stainless-Steel-Soup-Warmer-1-100x100.webp 100w\" sizes=\"(max-width: 1500px) 100vw, 1500px\" \/><\/figure>\n<\/div>\n<\/div>","protected":false},"excerpt":{"rendered":"<p>O aquecedor de sopas em a\u00e7o inoxid\u00e1vel 13L personalizado \u00e9 um equipamento pesado comercial duradouro e eficiente, concebido para restaurantes, buffets e servi\u00e7os de catering. Fabricado a partir de a\u00e7o inoxid\u00e1vel de alta qualidade, garante uma distribui\u00e7\u00e3o uniforme do calor e um desempenho duradouro. Bem-vindo a consultar, comprar e perguntar, estamos ansiosos por lhe fornecer um servi\u00e7o de qualidade!<\/p>\n<h2><!-- wp:heading --><\/h2>\n<h2 class=\"wp-block-heading\">Aquecedor de sopas personalizado em a\u00e7o inoxid\u00e1vel de 13 litros:<\/h2>\n<h2><!-- \/wp:heading --><\/p>\n<p><!-- wp:paragraph --><\/h2>\n<p><strong>Material: <\/strong>A\u00e7o inoxid\u00e1vel<br \/><strong>Cor:<\/strong>Prata\/dourado\/dourado rosa<br \/><strong>Forma:<\/strong> Redondo<br \/><strong>Calor: <\/strong>Aquecimento el\u00e9trico<br \/><strong>Panela de chafer: <\/strong>Grelha \u00fanica<br \/><strong>OEM\/ODM: <\/strong>Dispon\u00edvel<\/p>\n<h2 class=\"wp-block-heading\">Fabricante de aquecedor de sopa de a\u00e7o inoxid\u00e1vel 13L personalizado :<\/h2>\n<p>Quer se trate de um fornecedor de servi\u00e7os de catering, de um hotel e de um restaurante ou de uma empresa de planeamento de eventos, fornecemos solu\u00e7\u00f5es personalizadas completas de pratos de chafing por atacado para ajudar a sua empresa com pre\u00e7os de f\u00e1brica de alta qualidade!<\/p>\n<h2><!-- \/wp:paragraph --><\/h2>","protected":false},"featured_media":3970,"comment_status":"closed","ping_status":"closed","template":"","meta":{"_acf_changed":true},"application":[30],"product_brand":[],"product_cat":[33],"product_tag":[],"class_list":{"0":"post-3977","1":"product","2":"type-product","3":"status-publish","4":"has-post-thumbnail","6":"application-hotel-catering","7":"product_cat-chafing-dishes-wholesale","9":"first","10":"instock","11":"shipping-taxable","12":"product-type-simple"},"acf":[],"_links":{"self":[{"href":"https:\/\/www.yongyukitchenware.com\/pt\/wp-json\/wp\/v2\/product\/3977","targetHints":{"allow":["GET"]}}],"collection":[{"href":"https:\/\/www.yongyukitchenware.com\/pt\/wp-json\/wp\/v2\/product"}],"about":[{"href":"https:\/\/www.yongyukitchenware.com\/pt\/wp-json\/wp\/v2\/types\/product"}],"replies":[{"embeddable":true,"href":"https:\/\/www.yongyukitchenware.com\/pt\/wp-json\/wp\/v2\/comments?post=3977"}],"wp:featuredmedia":[{"embeddable":true,"href":"https:\/\/www.yongyukitchenware.com\/pt\/wp-json\/wp\/v2\/media\/3970"}],"wp:attachment":[{"href":"https:\/\/www.yongyukitchenware.com\/pt\/wp-json\/wp\/v2\/media?parent=3977"}],"wp:term":[{"taxonomy":"application","embeddable":true,"href":"https:\/\/www.yongyukitchenware.com\/pt\/wp-json\/wp\/v2\/application?post=3977"},{"taxonomy":"product_brand","embeddable":true,"href":"https:\/\/www.yongyukitchenware.com\/pt\/wp-json\/wp\/v2\/product_brand?post=3977"},{"taxonomy":"product_cat","embeddable":true,"href":"https:\/\/www.yongyukitchenware.com\/pt\/wp-json\/wp\/v2\/product_cat?post=3977"},{"taxonomy":"product_tag","embeddable":true,"href":"https:\/\/www.yongyukitchenware.com\/pt\/wp-json\/wp\/v2\/product_tag?post=3977"}],"curies":[{"name":"wp","href":"https:\/\/api.w.org\/{rel}","templated":true}]}}