{"id":3978,"date":"2025-06-23T09:29:39","date_gmt":"2025-06-23T09:29:39","guid":{"rendered":"https:\/\/www.yongyukitchenware.com\/?post_type=product&#038;p=3978"},"modified":"2025-06-23T09:29:41","modified_gmt":"2025-06-23T09:29:41","slug":"bulk-13l-stainless-steel-soup-warmer-commercial-heavy-equipment-rose-gold","status":"publish","type":"product","link":"https:\/\/www.yongyukitchenware.com\/pt\/produto\/bulk-13l-stainless-steel-soup-warmer-commercial-heavy-equipment-rose-gold\/","title":{"rendered":"Aquecedor de sopas em a\u00e7o inoxid\u00e1vel de 13 litros para uso comercial - Rose Gold"},"content":{"rendered":"<div class=\"wp-block-columns is-layout-flex wp-container-core-columns-is-layout-9d6595d7 wp-block-columns-is-layout-flex\">\n<div class=\"wp-block-column is-layout-flow wp-block-column-is-layout-flow\">\n<h2 class=\"wp-block-heading\">Aquecedor de Sopas de A\u00e7o Inoxid\u00e1vel 13L a granel Par\u00e2metro:<\/h2>\n\n\n\n<figure class=\"wp-block-table\"><table class=\"has-fixed-layout\"><tbody><tr><td>Modelo<\/td><td>Capacidade (L)<\/td><td>MOQ<\/td><\/tr><tr><td>DY053-CL<\/td><td>13<\/td><td>10 PE\u00c7AS<\/td><\/tr><\/tbody><\/table><\/figure>\n\n\n\n<h2 class=\"wp-block-heading\">Aquecedor de sopas em a\u00e7o inoxid\u00e1vel 13L a granel Carater\u00edsticas:<\/h2>\n\n\n\n<p><strong>Grande capacidade de volume: <\/strong>Tem uma grande capacidade de 13 litros e pode conter uma grande quantidade de sopa, guisados, molhos, etc. \u00c9 ideal para cozinhas comerciais de grande volume, restaurantes e instala\u00e7\u00f5es comerciais de catering com grande procura.<br><strong>Elemento de aquecimento de alta pot\u00eancia:<\/strong> O seu potente elemento de aquecimento de 400 W proporciona uma a\u00e7\u00e3o de aquecimento robusta e eficaz, garantindo que os ingredientes s\u00e3o totalmente cozinhados e de forma uniforme.<br><strong>Desenho de padr\u00e3o roscado:<\/strong> A superf\u00edcie da panela de sopa apresenta um design roscado \u00fanico, que n\u00e3o s\u00f3 confere beleza visual, mas tamb\u00e9m uma vantagem funcional ben\u00e9fica. Aumenta a reten\u00e7\u00e3o de calor na superf\u00edcie de cozedura.<br><strong>Estrutura duradoura:<\/strong> Constru\u00edda com a\u00e7o inoxid\u00e1vel de alta qualidade, a sua estrutura duradoura proporcionar\u00e1 um desempenho e uma durabilidade a longo prazo, mesmo sob cozedura intensa.<br><strong>Utiliza\u00e7\u00e3o multifun\u00e7\u00f5es para cozinhar: <\/strong>Esta panela de sopa el\u00e9ctrica tem multifun\u00e7\u00f5es para v\u00e1rios fins culin\u00e1rios, incluindo estufar sopa, ferver caldo de carne, estufar molhos, etc. A sua excelente propriedade multifuncional torna-a um instrumento de cozinha geral para todos os tipos de pratos no ambiente de uma cozinha comercial.<\/p>\n<\/div>\n\n\n\n<div class=\"wp-block-column is-layout-flow wp-block-column-is-layout-flow\">\n<figure class=\"wp-block-image size-full\"><img decoding=\"async\" width=\"1500\" height=\"1500\" src=\"https:\/\/www.yongyukitchenware.com\/wp-content\/uploads\/2025\/05\/Bulk-13L-Stainless-Steel-Soup-Warmer-1.webp\" alt=\"Bulk-13L-A\u00e7o inoxid\u00e1vel-Aquecedor de sopa-1\" class=\"wp-image-3963\" srcset=\"https:\/\/www.yongyukitchenware.com\/wp-content\/uploads\/2025\/05\/Bulk-13L-Stainless-Steel-Soup-Warmer-1.webp 1500w, https:\/\/www.yongyukitchenware.com\/wp-content\/uploads\/2025\/05\/Bulk-13L-Stainless-Steel-Soup-Warmer-1-300x300.webp 300w, https:\/\/www.yongyukitchenware.com\/wp-content\/uploads\/2025\/05\/Bulk-13L-Stainless-Steel-Soup-Warmer-1-150x150.webp 150w, https:\/\/www.yongyukitchenware.com\/wp-content\/uploads\/2025\/05\/Bulk-13L-Stainless-Steel-Soup-Warmer-1-768x768.webp 768w, https:\/\/www.yongyukitchenware.com\/wp-content\/uploads\/2025\/05\/Bulk-13L-Stainless-Steel-Soup-Warmer-1-12x12.webp 12w, https:\/\/www.yongyukitchenware.com\/wp-content\/uploads\/2025\/05\/Bulk-13L-Stainless-Steel-Soup-Warmer-1-1200x1200.webp 1200w, https:\/\/www.yongyukitchenware.com\/wp-content\/uploads\/2025\/05\/Bulk-13L-Stainless-Steel-Soup-Warmer-1-600x600.webp 600w, https:\/\/www.yongyukitchenware.com\/wp-content\/uploads\/2025\/05\/Bulk-13L-Stainless-Steel-Soup-Warmer-1-100x100.webp 100w\" sizes=\"(max-width: 1500px) 100vw, 1500px\" \/><\/figure>\n<\/div>\n<\/div>","protected":false},"excerpt":{"rendered":"<p>Aquecedor de Sopas em A\u00e7o Inoxid\u00e1vel 13L Bulk. Concebido com um acabamento em ouro rosa e uma capacidade de 13 L para um aquecimento eficiente de grandes lotes. Ideal para restaurantes, buffets e servi\u00e7os de catering. Actualize o seu equipamento de cozinha para um desempenho de elevado volume hoje mesmo.<\/p>\n<h2><!-- wp:heading --><\/h2>\n<h2 class=\"wp-block-heading\">Aquecedor de sopas em a\u00e7o inoxid\u00e1vel 13L a granel:<\/h2>\n<h2><!-- \/wp:heading --><\/p>\n<p><!-- wp:paragraph --><\/h2>\n<p><strong>Material: <\/strong>A\u00e7o inoxid\u00e1vel<br \/><strong>Cor:<\/strong>Prata\/dourado\/dourado rosa<br \/><strong>Forma:<\/strong> Redondo<br \/><strong>Calor: <\/strong>Aquecimento el\u00e9trico<br \/><strong>Panela de chafer: <\/strong>Grelha \u00fanica<br \/><strong>OEM\/ODM: <\/strong>Dispon\u00edvel<\/p>\n<h2 class=\"wp-block-heading\">Aquecedor de Sopa de A\u00e7o Inoxid\u00e1vel 13L a granel Fabricante :<\/h2>\n<p>Quer se trate de um fornecedor de servi\u00e7os de catering, de um hotel e de um restaurante ou de uma empresa de planeamento de eventos, fornecemos solu\u00e7\u00f5es personalizadas completas de pratos de chafing por atacado para ajudar a sua empresa com pre\u00e7os de f\u00e1brica de alta qualidade!<\/p>\n<h2><!-- \/wp:paragraph --><\/h2>","protected":false},"featured_media":3971,"comment_status":"closed","ping_status":"closed","template":"","meta":{"_acf_changed":true},"application":[30],"product_brand":[],"product_cat":[33],"product_tag":[],"class_list":{"0":"post-3978","1":"product","2":"type-product","3":"status-publish","4":"has-post-thumbnail","6":"application-hotel-catering","7":"product_cat-chafing-dishes-wholesale","9":"first","10":"instock","11":"shipping-taxable","12":"product-type-simple"},"acf":[],"_links":{"self":[{"href":"https:\/\/www.yongyukitchenware.com\/pt\/wp-json\/wp\/v2\/product\/3978","targetHints":{"allow":["GET"]}}],"collection":[{"href":"https:\/\/www.yongyukitchenware.com\/pt\/wp-json\/wp\/v2\/product"}],"about":[{"href":"https:\/\/www.yongyukitchenware.com\/pt\/wp-json\/wp\/v2\/types\/product"}],"replies":[{"embeddable":true,"href":"https:\/\/www.yongyukitchenware.com\/pt\/wp-json\/wp\/v2\/comments?post=3978"}],"wp:featuredmedia":[{"embeddable":true,"href":"https:\/\/www.yongyukitchenware.com\/pt\/wp-json\/wp\/v2\/media\/3971"}],"wp:attachment":[{"href":"https:\/\/www.yongyukitchenware.com\/pt\/wp-json\/wp\/v2\/media?parent=3978"}],"wp:term":[{"taxonomy":"application","embeddable":true,"href":"https:\/\/www.yongyukitchenware.com\/pt\/wp-json\/wp\/v2\/application?post=3978"},{"taxonomy":"product_brand","embeddable":true,"href":"https:\/\/www.yongyukitchenware.com\/pt\/wp-json\/wp\/v2\/product_brand?post=3978"},{"taxonomy":"product_cat","embeddable":true,"href":"https:\/\/www.yongyukitchenware.com\/pt\/wp-json\/wp\/v2\/product_cat?post=3978"},{"taxonomy":"product_tag","embeddable":true,"href":"https:\/\/www.yongyukitchenware.com\/pt\/wp-json\/wp\/v2\/product_tag?post=3978"}],"curies":[{"name":"wp","href":"https:\/\/api.w.org\/{rel}","templated":true}]}}