{"id":4010,"date":"2025-06-03T07:02:16","date_gmt":"2025-06-03T07:02:16","guid":{"rendered":"https:\/\/www.yongyukitchenware.com\/?post_type=product&#038;p=4010"},"modified":"2025-06-13T02:12:26","modified_gmt":"2025-06-13T02:12:26","slug":"wholesale-8l-juice-dispense","status":"publish","type":"product","link":"https:\/\/www.yongyukitchenware.com\/pt\/produto\/wholesale-8l-juice-dispense\/","title":{"rendered":"Distribuidor de sumo de 8L por atacado Distribuidor de caf\u00e9 de torre de cerveja quente e fria - prata"},"content":{"rendered":"<div class=\"wp-block-columns is-layout-flex wp-container-core-columns-is-layout-9d6595d7 wp-block-columns-is-layout-flex\">\n<div class=\"wp-block-column is-layout-flow wp-block-column-is-layout-flow\">\n<h2 class=\"wp-block-heading\">Distribuidor de sumo de 8L por atacado Tamanho:<\/h2>\n\n\n\n<figure class=\"wp-block-table\"><table class=\"has-fixed-layout\"><tbody><tr><td>Modelo<\/td><td>Capacidade (L)<\/td><td>MOQ<\/td><\/tr><tr><td rowspan=\"2\">DY009-GZD<\/td><td>8<\/td><td rowspan=\"2\">8 PE\u00c7AS<\/td><\/tr><tr><td>16<\/td><\/tr><\/tbody><\/table><\/figure>\n\n\n\n<h2 class=\"wp-block-heading\">Distribuidor de sumo de 8L por atacado Carater\u00edsticas:<\/h2>\n\n\n\n<p><strong>Corpo do cilindro de elevada resist\u00eancia t\u00e9rmica: <\/strong>O corpo do tambor \u00e9 constru\u00eddo em material PC de alto desempenho, com aspeto de vidro, resistente ao frio e ao calor e de longa dura\u00e7\u00e3o<br><strong>Torneira anti-gotejamento: <\/strong>Resina premium + torneira de a\u00e7o inoxid\u00e1vel, fluxo de \u00e1gua suave sem pingos ou fugas, de longa dura\u00e7\u00e3o<br><strong>Grande capacidade:<\/strong> Embalado em latas simples de 8L e latas duplas de 16L, com bebidas diversas, sumos, caf\u00e9, etc., para consumo de um grupo de pessoas.<br><strong>Excelente capacidade de conserva\u00e7\u00e3o do calor:<\/strong> A estrutura interna da m\u00e1quina de bebidas utiliza uma estrutura de coluna de gelo, e podem ser colocados cubos de gelo ou \u00e1gua quente para manter a temperatura da bebida, fazendo com que a bebida permane\u00e7a num estado \u00f3timo de consumo durante muito tempo.<br><strong>Lava-loi\u00e7a \u00e0 prova de salpicos: <\/strong>Pode ser desmontado \u00e0 vontade para uma limpeza simples.<\/p>\n<\/div>\n\n\n\n<div class=\"wp-block-column is-layout-flow wp-block-column-is-layout-flow\">\n<figure class=\"wp-block-image size-full is-style-default\"><img decoding=\"async\" width=\"949\" height=\"1425\" src=\"https:\/\/www.yongyukitchenware.com\/wp-content\/uploads\/2025\/05\/Bulk-8L-Juice-Dispenser-3.webp\" alt=\"grossista-8L-Juice-Dispenser-3\" class=\"wp-image-4013\" srcset=\"https:\/\/www.yongyukitchenware.com\/wp-content\/uploads\/2025\/05\/Bulk-8L-Juice-Dispenser-3.webp 949w, https:\/\/www.yongyukitchenware.com\/wp-content\/uploads\/2025\/05\/Bulk-8L-Juice-Dispenser-3-200x300.webp 200w, https:\/\/www.yongyukitchenware.com\/wp-content\/uploads\/2025\/05\/Bulk-8L-Juice-Dispenser-3-768x1153.webp 768w, https:\/\/www.yongyukitchenware.com\/wp-content\/uploads\/2025\/05\/Bulk-8L-Juice-Dispenser-3-8x12.webp 8w, https:\/\/www.yongyukitchenware.com\/wp-content\/uploads\/2025\/05\/Bulk-8L-Juice-Dispenser-3-600x901.webp 600w\" sizes=\"(max-width: 949px) 100vw, 949px\" \/><\/figure>\n<\/div>\n<\/div>","protected":false},"excerpt":{"rendered":"<p>A torre de bebidas quentes e frias com dispensador de sumo de 8L \u00e9 perfeita para servir sumo, cerveja, caf\u00e9 e outras bebidas em restaurantes, buffets ou eventos de catering. Com um design prateado elegante e uma grande capacidade de 8L, garante conveni\u00eancia, durabilidade e apelo visual. Contacte-nos agora para obter descontos em compras a granel e ofertas personalizadas por grosso!<\/p>\n<h2>Distribuidor de sumo 8L por atacado Par\u00e2metro:<\/h2>\n<p><strong>Material:<\/strong> A\u00e7o inoxid\u00e1vel, pl\u00e1stico<br \/><strong>Conce\u00e7\u00e3o:<\/strong> Com torneira, grelha em a\u00e7o inoxid\u00e1vel, lava-loi\u00e7a com orif\u00edcios<br \/><strong>Tamanhos:<\/strong> 8L \/16L<br \/><strong>Embalagem:<\/strong> Saco\/grupo\/caixa de cart\u00e3o ou personalizado<br \/><strong>OEM\/ODM:<\/strong> Opcional<\/p>\n<h2 class=\"wp-block-heading\">Distribuidor de sumo 8L por atacado Fabricante :<\/h2>\n<p>Quer se trate de um fornecedor de servi\u00e7os de catering, de um hotel e restaurante ou de uma empresa de planeamento de eventos, fornecemos-lhe solu\u00e7\u00f5es completas de fornecimento de catering por atacado com pre\u00e7os de f\u00e1brica de alta qualidade!<\/p>","protected":false},"featured_media":4015,"comment_status":"closed","ping_status":"closed","template":"","meta":{"_acf_changed":false},"application":[30],"product_brand":[],"product_cat":[22,34],"product_tag":[],"class_list":{"0":"post-4010","1":"product","2":"type-product","3":"status-publish","4":"has-post-thumbnail","6":"application-hotel-catering","7":"product_cat-catering-supplies-wholesale","8":"product_cat-wholesale-drink-dispenser","10":"first","11":"instock","12":"shipping-taxable","13":"product-type-simple"},"acf":[],"_links":{"self":[{"href":"https:\/\/www.yongyukitchenware.com\/pt\/wp-json\/wp\/v2\/product\/4010","targetHints":{"allow":["GET"]}}],"collection":[{"href":"https:\/\/www.yongyukitchenware.com\/pt\/wp-json\/wp\/v2\/product"}],"about":[{"href":"https:\/\/www.yongyukitchenware.com\/pt\/wp-json\/wp\/v2\/types\/product"}],"replies":[{"embeddable":true,"href":"https:\/\/www.yongyukitchenware.com\/pt\/wp-json\/wp\/v2\/comments?post=4010"}],"wp:featuredmedia":[{"embeddable":true,"href":"https:\/\/www.yongyukitchenware.com\/pt\/wp-json\/wp\/v2\/media\/4015"}],"wp:attachment":[{"href":"https:\/\/www.yongyukitchenware.com\/pt\/wp-json\/wp\/v2\/media?parent=4010"}],"wp:term":[{"taxonomy":"application","embeddable":true,"href":"https:\/\/www.yongyukitchenware.com\/pt\/wp-json\/wp\/v2\/application?post=4010"},{"taxonomy":"product_brand","embeddable":true,"href":"https:\/\/www.yongyukitchenware.com\/pt\/wp-json\/wp\/v2\/product_brand?post=4010"},{"taxonomy":"product_cat","embeddable":true,"href":"https:\/\/www.yongyukitchenware.com\/pt\/wp-json\/wp\/v2\/product_cat?post=4010"},{"taxonomy":"product_tag","embeddable":true,"href":"https:\/\/www.yongyukitchenware.com\/pt\/wp-json\/wp\/v2\/product_tag?post=4010"}],"curies":[{"name":"wp","href":"https:\/\/api.w.org\/{rel}","templated":true}]}}