{"id":4032,"date":"2025-06-16T07:53:40","date_gmt":"2025-06-16T07:53:40","guid":{"rendered":"https:\/\/www.yongyukitchenware.com\/?post_type=product&#038;p=4032"},"modified":"2025-06-16T07:53:42","modified_gmt":"2025-06-16T07:53:42","slug":"custom-rotating-cereal-dispenser-cylindrical-gravity-dispenser-single-head","status":"publish","type":"product","link":"https:\/\/www.yongyukitchenware.com\/pt\/produto\/custom-rotating-cereal-dispenser-cylindrical-gravity-dispenser-single-head\/","title":{"rendered":"Distribuidor de cereais rotativo personalizado Distribuidor cil\u00edndrico por gravidade - Cabe\u00e7a \u00fanica"},"content":{"rendered":"<div class=\"wp-block-columns is-layout-flex wp-container-core-columns-is-layout-9d6595d7 wp-block-columns-is-layout-flex\">\n<div class=\"wp-block-column is-layout-flow wp-block-column-is-layout-flow\">\n<h2 class=\"wp-block-heading\">Distribuidor de cereais rotativo personalizado Tamanho:<\/h2>\n\n\n\n<figure class=\"wp-block-table\"><table class=\"has-fixed-layout\"><tbody><tr><td>Modelo<\/td><td>Capacidade (L)<\/td><td>MOQ<\/td><\/tr><tr><td rowspan=\"3\">DY011-GZD<\/td><td>3.5<\/td><td rowspan=\"3\">10 PE\u00c7AS<\/td><\/tr><tr><td>7<\/td><\/tr><tr><td>10<\/td><\/tr><\/tbody><\/table><\/figure>\n\n\n\n<h2 class=\"wp-block-heading\">Distribuidor de cereais rotativo personalizado Carater\u00edsticas:<\/h2>\n\n\n\n<p><strong>Diferentes capacidades:<\/strong>As capacidades de 3,5\/7\/10L est\u00e3o dispon\u00edveis para satisfazer as necessidades de uma grande variedade de alimentos secos, tais como cereais, arroz, doces, frutos secos e at\u00e9 comida para animais de estima\u00e7\u00e3o. Cada recipiente tem 3,5 L, pelo que h\u00e1 espa\u00e7o suficiente para manter as suas necessidades no lugar e ao alcance.<br><strong>F\u00e1cil de utilizar:<\/strong> O mecanismo do interrutor rotativo dispensa 1 on\u00e7a por rota\u00e7\u00e3o, pelo que o controlo do peso \u00e9 simples e pr\u00e1tico.<br><strong>Duradouro e resistente: <\/strong>Fabricado em PC de alta qualidade e a\u00e7o inoxid\u00e1vel, \u00e9 resistente e duradouro. Sem entrar em contacto direto com os alimentos, n\u00e3o sofre deforma\u00e7\u00f5es nem fracturas e pode ser utilizada a longo prazo. Pr\u00e1tico de manusear e f\u00e1cil de limpar<br><strong>Polivalente: <\/strong>Este distribuidor de gr\u00e3os ajuda a armazenar e a distribuir gr\u00e3os, doces, frutos secos, caf\u00e9, feij\u00e3o, arroz, cereais, papas de aveia, ch\u00e1, snacks, etc., sem misturas e mantendo uma cozinha limpa.<\/p>\n<\/div>\n\n\n\n<div class=\"wp-block-column is-layout-flow wp-block-column-is-layout-flow\">\n<figure class=\"wp-block-image size-full\"><img decoding=\"async\" width=\"800\" height=\"800\" src=\"https:\/\/www.yongyukitchenware.com\/wp-content\/uploads\/2025\/05\/Bulk-Rotating-Cereal-Dispenser-11.webp\" alt=\"Distribuidor de cereais rotativo personalizado-11\" class=\"wp-image-4043\" srcset=\"https:\/\/www.yongyukitchenware.com\/wp-content\/uploads\/2025\/05\/Bulk-Rotating-Cereal-Dispenser-11.webp 800w, https:\/\/www.yongyukitchenware.com\/wp-content\/uploads\/2025\/05\/Bulk-Rotating-Cereal-Dispenser-11-300x300.webp 300w, https:\/\/www.yongyukitchenware.com\/wp-content\/uploads\/2025\/05\/Bulk-Rotating-Cereal-Dispenser-11-150x150.webp 150w, https:\/\/www.yongyukitchenware.com\/wp-content\/uploads\/2025\/05\/Bulk-Rotating-Cereal-Dispenser-11-768x768.webp 768w, https:\/\/www.yongyukitchenware.com\/wp-content\/uploads\/2025\/05\/Bulk-Rotating-Cereal-Dispenser-11-12x12.webp 12w, https:\/\/www.yongyukitchenware.com\/wp-content\/uploads\/2025\/05\/Bulk-Rotating-Cereal-Dispenser-11-600x600.webp 600w, https:\/\/www.yongyukitchenware.com\/wp-content\/uploads\/2025\/05\/Bulk-Rotating-Cereal-Dispenser-11-100x100.webp 100w\" sizes=\"(max-width: 800px) 100vw, 800px\" \/><\/figure>\n\n\n\n<figure class=\"wp-block-image size-full is-style-default\"><img decoding=\"async\" width=\"1024\" height=\"1024\" src=\"https:\/\/www.yongyukitchenware.com\/wp-content\/uploads\/2025\/05\/Bulk-Rotating-Cereal-Dispenser-9.webp\" alt=\"Distribuidor de cereais rotativo a granel-9\" class=\"wp-image-4041\" srcset=\"https:\/\/www.yongyukitchenware.com\/wp-content\/uploads\/2025\/05\/Bulk-Rotating-Cereal-Dispenser-9.webp 1024w, https:\/\/www.yongyukitchenware.com\/wp-content\/uploads\/2025\/05\/Bulk-Rotating-Cereal-Dispenser-9-300x300.webp 300w, https:\/\/www.yongyukitchenware.com\/wp-content\/uploads\/2025\/05\/Bulk-Rotating-Cereal-Dispenser-9-150x150.webp 150w, https:\/\/www.yongyukitchenware.com\/wp-content\/uploads\/2025\/05\/Bulk-Rotating-Cereal-Dispenser-9-768x768.webp 768w, https:\/\/www.yongyukitchenware.com\/wp-content\/uploads\/2025\/05\/Bulk-Rotating-Cereal-Dispenser-9-12x12.webp 12w, https:\/\/www.yongyukitchenware.com\/wp-content\/uploads\/2025\/05\/Bulk-Rotating-Cereal-Dispenser-9-600x600.webp 600w, https:\/\/www.yongyukitchenware.com\/wp-content\/uploads\/2025\/05\/Bulk-Rotating-Cereal-Dispenser-9-100x100.webp 100w\" sizes=\"(max-width: 1024px) 100vw, 1024px\" \/><\/figure>\n<\/div>\n<\/div>","protected":false},"excerpt":{"rendered":"<p>Distribuidor de cereais rotativo personalizado<strong data-start=\"0\" data-end=\"37\" data-is-only-node=\"\">.<\/strong> Concebida com um sistema cil\u00edndrico de alimenta\u00e7\u00e3o por gravidade e uma \u00fanica cabe\u00e7a rotativa para uma distribui\u00e7\u00e3o controlada. Adequado para caf\u00e9s, pequenos hot\u00e9is e lojas de especialidades alimentares. Eleve a oferta da sua marca com esta solu\u00e7\u00e3o de distribui\u00e7\u00e3o personaliz\u00e1vel e eficiente em termos de espa\u00e7o.<\/p>\n<h2>Distribuidor de cereais rotativo personalizado Par\u00e2metro:<\/h2>\n<p><strong>Material:<\/strong> A\u00e7o inoxid\u00e1vel, pl\u00e1stico<br \/><strong>Conce\u00e7\u00e3o:<\/strong> Com torneira, grelha em a\u00e7o inoxid\u00e1vel, lava-loi\u00e7a com orif\u00edcios<br \/><strong>Tamanhos:<\/strong> 3,5L\/7,0L\/10L<br \/><strong>Embalagem:<\/strong> Saco\/grupo\/caixa de cart\u00e3o ou personalizado<br \/><strong>OEM\/ODM:<\/strong> Opcional<\/p>\n<h2>Distribuidor rotativo de cereais personalizado Fabricante :<\/h2>\n<p>Quer se trate de um fornecedor de servi\u00e7os de catering, de um hotel ou restaurante, ou de uma empresa de planeamento de eventos, fornecemos-lhe solu\u00e7\u00f5es completas de fornecimento de catering por atacado com pre\u00e7os de f\u00e1brica de alta qualidade!<\/p>","protected":false},"featured_media":4035,"comment_status":"closed","ping_status":"closed","template":"","meta":{"_acf_changed":true},"application":[30],"product_brand":[],"product_cat":[22,34],"product_tag":[],"class_list":{"0":"post-4032","1":"product","2":"type-product","3":"status-publish","4":"has-post-thumbnail","6":"application-hotel-catering","7":"product_cat-catering-supplies-wholesale","8":"product_cat-wholesale-drink-dispenser","10":"first","11":"instock","12":"shipping-taxable","13":"product-type-simple"},"acf":[],"_links":{"self":[{"href":"https:\/\/www.yongyukitchenware.com\/pt\/wp-json\/wp\/v2\/product\/4032","targetHints":{"allow":["GET"]}}],"collection":[{"href":"https:\/\/www.yongyukitchenware.com\/pt\/wp-json\/wp\/v2\/product"}],"about":[{"href":"https:\/\/www.yongyukitchenware.com\/pt\/wp-json\/wp\/v2\/types\/product"}],"replies":[{"embeddable":true,"href":"https:\/\/www.yongyukitchenware.com\/pt\/wp-json\/wp\/v2\/comments?post=4032"}],"wp:featuredmedia":[{"embeddable":true,"href":"https:\/\/www.yongyukitchenware.com\/pt\/wp-json\/wp\/v2\/media\/4035"}],"wp:attachment":[{"href":"https:\/\/www.yongyukitchenware.com\/pt\/wp-json\/wp\/v2\/media?parent=4032"}],"wp:term":[{"taxonomy":"application","embeddable":true,"href":"https:\/\/www.yongyukitchenware.com\/pt\/wp-json\/wp\/v2\/application?post=4032"},{"taxonomy":"product_brand","embeddable":true,"href":"https:\/\/www.yongyukitchenware.com\/pt\/wp-json\/wp\/v2\/product_brand?post=4032"},{"taxonomy":"product_cat","embeddable":true,"href":"https:\/\/www.yongyukitchenware.com\/pt\/wp-json\/wp\/v2\/product_cat?post=4032"},{"taxonomy":"product_tag","embeddable":true,"href":"https:\/\/www.yongyukitchenware.com\/pt\/wp-json\/wp\/v2\/product_tag?post=4032"}],"curies":[{"name":"wp","href":"https:\/\/api.w.org\/{rel}","templated":true}]}}