{"id":4056,"date":"2025-06-23T09:53:00","date_gmt":"2025-06-23T09:53:00","guid":{"rendered":"https:\/\/www.yongyukitchenware.com\/?post_type=product&#038;p=4056"},"modified":"2025-06-23T09:53:02","modified_gmt":"2025-06-23T09:53:02","slug":"custom-cereal-dispenser-stainless-steel-buffet-dry-food-dispenser-double-heads","status":"publish","type":"product","link":"https:\/\/www.yongyukitchenware.com\/pt\/produto\/custom-cereal-dispenser-stainless-steel-buffet-dry-food-dispenser-double-heads\/","title":{"rendered":"Distribuidor de cereais personalizado Distribuidor de alimentos secos para buffets em a\u00e7o inoxid\u00e1vel - cabe\u00e7as duplas"},"content":{"rendered":"<div class=\"wp-block-columns is-layout-flex wp-container-core-columns-is-layout-9d6595d7 wp-block-columns-is-layout-flex\">\n<div class=\"wp-block-column is-layout-flow wp-block-column-is-layout-flow\">\n<h2 class=\"wp-block-heading\">Distribuidor de cereais personalizado Tamanho:<\/h2>\n\n\n\n<figure class=\"wp-block-table\"><table class=\"has-fixed-layout\"><tbody><tr><td>Modelo<\/td><td>Capacidade (L)<\/td><td>MOQ<\/td><\/tr><tr><td rowspan=\"3\">DY012-GZD<\/td><td>3.5<\/td><td rowspan=\"3\">10 PE\u00c7AS<\/td><\/tr><tr><td>7<\/td><\/tr><tr><td>10<\/td><\/tr><\/tbody><\/table><\/figure>\n\n\n\n<h2 class=\"wp-block-heading\">Distribuidor de cereais personalizado Carater\u00edsticas:<\/h2>\n\n\n\n<p><strong>Multi-capacidades:<\/strong>Est\u00e3o dispon\u00edveis capacidades de 3,5\/7\/10L para desempenhar o papel de v\u00e1rios alimentos secos, como gr\u00e3os, arroz, doces, frutos secos e tamb\u00e9m alimentos para animais de estima\u00e7\u00e3o. Todos eles v\u00eam com um recipiente de 3,5L suficientemente grande para colocar os seus bens essenciais em ordem e ao seu alcance.<br><strong>F\u00e1cil de utilizar: <\/strong>O funcionamento do interrutor rotativo fornece 1 on\u00e7a por rota\u00e7\u00e3o, e o controlo do peso \u00e9 simples e eficiente.<br><strong>Dur\u00e1vel e fi\u00e1vel: <\/strong>Fabricado em a\u00e7o inoxid\u00e1vel e PC de alta qualidade, \u00e9 r\u00edgido e robusto. Utilizada diretamente sobre os alimentos, n\u00e3o se deforma nem se parte facilmente, tendo uma longa dura\u00e7\u00e3o. F\u00e1cil de utilizar e simples de limpar<br><strong>Uma s\u00e9rie de aplica\u00e7\u00f5es:<\/strong> Este distribuidor de cereais facilita o armazenamento e a pr\u00e9-dispensa de cereais, doces, nozes, caf\u00e9, feij\u00e3o, arroz, cereais, papas de aveia, ch\u00e1, snacks, etc., sem misturar e mantendo a cozinha arrumada.<\/p>\n<\/div>\n\n\n\n<div class=\"wp-block-column is-layout-flow wp-block-column-is-layout-flow\">\n<figure class=\"wp-block-image size-full\"><img decoding=\"async\" width=\"800\" height=\"800\" src=\"https:\/\/www.yongyukitchenware.com\/wp-content\/uploads\/2025\/06\/Bulk-Cereal-Dispenser-7.webp\" alt=\"Distribuidor de cereais a granel-7\" class=\"wp-image-4055\" srcset=\"https:\/\/www.yongyukitchenware.com\/wp-content\/uploads\/2025\/06\/Bulk-Cereal-Dispenser-7.webp 800w, https:\/\/www.yongyukitchenware.com\/wp-content\/uploads\/2025\/06\/Bulk-Cereal-Dispenser-7-300x300.webp 300w, https:\/\/www.yongyukitchenware.com\/wp-content\/uploads\/2025\/06\/Bulk-Cereal-Dispenser-7-150x150.webp 150w, https:\/\/www.yongyukitchenware.com\/wp-content\/uploads\/2025\/06\/Bulk-Cereal-Dispenser-7-768x768.webp 768w, https:\/\/www.yongyukitchenware.com\/wp-content\/uploads\/2025\/06\/Bulk-Cereal-Dispenser-7-12x12.webp 12w, https:\/\/www.yongyukitchenware.com\/wp-content\/uploads\/2025\/06\/Bulk-Cereal-Dispenser-7-600x600.webp 600w, https:\/\/www.yongyukitchenware.com\/wp-content\/uploads\/2025\/06\/Bulk-Cereal-Dispenser-7-100x100.webp 100w\" sizes=\"(max-width: 800px) 100vw, 800px\" \/><\/figure>\n\n\n\n<figure class=\"wp-block-image size-full is-style-default\"><img decoding=\"async\" width=\"1024\" height=\"1024\" src=\"https:\/\/www.yongyukitchenware.com\/wp-content\/uploads\/2025\/05\/Bulk-Rotating-Cereal-Dispenser-9.webp\" alt=\"Distribuidor de cereais rotativo a granel-9\" class=\"wp-image-4041\" srcset=\"https:\/\/www.yongyukitchenware.com\/wp-content\/uploads\/2025\/05\/Bulk-Rotating-Cereal-Dispenser-9.webp 1024w, https:\/\/www.yongyukitchenware.com\/wp-content\/uploads\/2025\/05\/Bulk-Rotating-Cereal-Dispenser-9-300x300.webp 300w, https:\/\/www.yongyukitchenware.com\/wp-content\/uploads\/2025\/05\/Bulk-Rotating-Cereal-Dispenser-9-150x150.webp 150w, https:\/\/www.yongyukitchenware.com\/wp-content\/uploads\/2025\/05\/Bulk-Rotating-Cereal-Dispenser-9-768x768.webp 768w, https:\/\/www.yongyukitchenware.com\/wp-content\/uploads\/2025\/05\/Bulk-Rotating-Cereal-Dispenser-9-12x12.webp 12w, https:\/\/www.yongyukitchenware.com\/wp-content\/uploads\/2025\/05\/Bulk-Rotating-Cereal-Dispenser-9-600x600.webp 600w, https:\/\/www.yongyukitchenware.com\/wp-content\/uploads\/2025\/05\/Bulk-Rotating-Cereal-Dispenser-9-100x100.webp 100w\" sizes=\"(max-width: 1024px) 100vw, 1024px\" \/><\/figure>\n<\/div>\n<\/div>","protected":false},"excerpt":{"rendered":"<p>Distribuidor de cereais personalizado. Constru\u00eddo com a\u00e7o inoxid\u00e1vel dur\u00e1vel e design de cabe\u00e7a dupla para uma distribui\u00e7\u00e3o eficiente de alimentos secos. Adequado para buffets, hot\u00e9is e \u00e1reas de servi\u00e7o de pequeno-almo\u00e7o. Personalize a sua configura\u00e7\u00e3o de servi\u00e7o para satisfazer as diversas necessidades da sua empresa.<\/p>\n<h2>Distribuidor de cereais personalizado Par\u00e2metro:<\/h2>\n<p><strong>Material:<\/strong> A\u00e7o inoxid\u00e1vel, pl\u00e1stico<br \/><strong>Conce\u00e7\u00e3o:<\/strong> Com torneira, grelha em a\u00e7o inoxid\u00e1vel, lava-loi\u00e7a com orif\u00edcios<br \/><strong>Tamanhos:<\/strong> 3,5L\/7,0L\/10L<br \/><strong>Embalagem:<\/strong> Saco\/grupo\/caixa de cart\u00e3o ou personalizado<br \/><strong>OEM\/ODM:<\/strong> Opcional<\/p>\n<h2 class=\"wp-block-heading\">Distribuidor de cereais personalizado Fabricante :<\/h2>\n<p>Quer se trate de um fornecedor de servi\u00e7os de catering, de um hotel e restaurante ou de uma empresa de planeamento de eventos, fornecemos-lhe solu\u00e7\u00f5es completas de fornecimento de catering por atacado com pre\u00e7os de f\u00e1brica de alta qualidade!<\/p>","protected":false},"featured_media":4050,"comment_status":"closed","ping_status":"closed","template":"","meta":{"_acf_changed":true},"application":[30],"product_brand":[],"product_cat":[22,34],"product_tag":[],"class_list":{"0":"post-4056","1":"product","2":"type-product","3":"status-publish","4":"has-post-thumbnail","6":"application-hotel-catering","7":"product_cat-catering-supplies-wholesale","8":"product_cat-wholesale-drink-dispenser","10":"first","11":"instock","12":"shipping-taxable","13":"product-type-simple"},"acf":[],"_links":{"self":[{"href":"https:\/\/www.yongyukitchenware.com\/pt\/wp-json\/wp\/v2\/product\/4056","targetHints":{"allow":["GET"]}}],"collection":[{"href":"https:\/\/www.yongyukitchenware.com\/pt\/wp-json\/wp\/v2\/product"}],"about":[{"href":"https:\/\/www.yongyukitchenware.com\/pt\/wp-json\/wp\/v2\/types\/product"}],"replies":[{"embeddable":true,"href":"https:\/\/www.yongyukitchenware.com\/pt\/wp-json\/wp\/v2\/comments?post=4056"}],"wp:featuredmedia":[{"embeddable":true,"href":"https:\/\/www.yongyukitchenware.com\/pt\/wp-json\/wp\/v2\/media\/4050"}],"wp:attachment":[{"href":"https:\/\/www.yongyukitchenware.com\/pt\/wp-json\/wp\/v2\/media?parent=4056"}],"wp:term":[{"taxonomy":"application","embeddable":true,"href":"https:\/\/www.yongyukitchenware.com\/pt\/wp-json\/wp\/v2\/application?post=4056"},{"taxonomy":"product_brand","embeddable":true,"href":"https:\/\/www.yongyukitchenware.com\/pt\/wp-json\/wp\/v2\/product_brand?post=4056"},{"taxonomy":"product_cat","embeddable":true,"href":"https:\/\/www.yongyukitchenware.com\/pt\/wp-json\/wp\/v2\/product_cat?post=4056"},{"taxonomy":"product_tag","embeddable":true,"href":"https:\/\/www.yongyukitchenware.com\/pt\/wp-json\/wp\/v2\/product_tag?post=4056"}],"curies":[{"name":"wp","href":"https:\/\/api.w.org\/{rel}","templated":true}]}}