{"id":4057,"date":"2025-06-23T09:37:06","date_gmt":"2025-06-23T09:37:06","guid":{"rendered":"https:\/\/www.yongyukitchenware.com\/?post_type=product&#038;p=4057"},"modified":"2025-06-23T09:37:36","modified_gmt":"2025-06-23T09:37:36","slug":"wholesale-three-heads-cereal-dispenser","status":"publish","type":"product","link":"https:\/\/www.yongyukitchenware.com\/pt\/produto\/wholesale-three-heads-cereal-dispenser\/","title":{"rendered":"Distribuidor de cereais de tr\u00eas cabe\u00e7as por atacado Distribuidor de alimentos secos para buffets de a\u00e7o inoxid\u00e1vel"},"content":{"rendered":"<div class=\"wp-block-columns is-layout-flex wp-container-core-columns-is-layout-9d6595d7 wp-block-columns-is-layout-flex\">\n<div class=\"wp-block-column is-layout-flow wp-block-column-is-layout-flow\">\n<h2 class=\"wp-block-heading\">Distribuidor de cereais de tr\u00eas cabe\u00e7as por atacado Tamanho:<\/h2>\n\n\n\n<figure class=\"wp-block-table\"><table class=\"has-fixed-layout\"><tbody><tr><td>Modelo<\/td><td>Capacidade (L)<\/td><td>MOQ<\/td><\/tr><tr><td rowspan=\"3\">DY012-GZD<\/td><td>3.5<\/td><td rowspan=\"3\">10 PE\u00c7AS<\/td><\/tr><tr><td>7<\/td><\/tr><tr><td>10<\/td><\/tr><\/tbody><\/table><\/figure>\n\n\n\n<h2 class=\"wp-block-heading\">Distribuidor de cereais de tr\u00eas cabe\u00e7as por atacado Carater\u00edsticas:<\/h2>\n\n\n\n<p><strong>Capacidades m\u00faltiplas:<\/strong> S\u00e3o oferecidas capacidades de 3,5\/7\/10 L para satisfazer os requisitos de diferentes alimentos secos, incluindo gr\u00e3os, arroz, doces, frutos secos e at\u00e9 comida para animais de estima\u00e7\u00e3o. Cada recipiente tem uma capacidade de 3,5 L, oferecendo espa\u00e7o suficiente para armazenar os seus bens essenciais de forma bem organizada e ao alcance da m\u00e3o.<br><strong>F\u00e1cil de utilizar: <\/strong>O design do interrutor rotativo dispensa 1 on\u00e7a por volta, tornando o controlo do peso pr\u00e1tico e simples.<br><strong>Dur\u00e1vel e fi\u00e1vel: <\/strong>Fabricado em a\u00e7o inoxid\u00e1vel e PC de alta qualidade, \u00e9 firme e duradouro. N\u00e3o se deforma nem danifica facilmente, mesmo quando entra em contacto direto com os alimentos, pelo que se adapta a uma utiliza\u00e7\u00e3o a longo prazo. F\u00e1cil de limpar e f\u00e1cil de utilizar<br><strong>Polivalente: <\/strong>Este dispensador de gr\u00e3os dispensa e armazena gr\u00e3os, doces, nozes, caf\u00e9, feij\u00e3o, arroz, cereais, aveia, ch\u00e1, snacks, etc., sem misturar e mantendo a cozinha bem organizada.<\/p>\n<\/div>\n\n\n\n<div class=\"wp-block-column is-layout-flow wp-block-column-is-layout-flow\">\n<figure class=\"wp-block-image size-full\"><img decoding=\"async\" width=\"800\" height=\"800\" src=\"https:\/\/www.yongyukitchenware.com\/wp-content\/uploads\/2025\/06\/Bulk-Cereal-Dispenser-7.webp\" alt=\"Distribuidor de cereais de tr\u00eas cabe\u00e7as por atacado\" class=\"wp-image-4055\" srcset=\"https:\/\/www.yongyukitchenware.com\/wp-content\/uploads\/2025\/06\/Bulk-Cereal-Dispenser-7.webp 800w, https:\/\/www.yongyukitchenware.com\/wp-content\/uploads\/2025\/06\/Bulk-Cereal-Dispenser-7-300x300.webp 300w, https:\/\/www.yongyukitchenware.com\/wp-content\/uploads\/2025\/06\/Bulk-Cereal-Dispenser-7-150x150.webp 150w, https:\/\/www.yongyukitchenware.com\/wp-content\/uploads\/2025\/06\/Bulk-Cereal-Dispenser-7-768x768.webp 768w, https:\/\/www.yongyukitchenware.com\/wp-content\/uploads\/2025\/06\/Bulk-Cereal-Dispenser-7-12x12.webp 12w, https:\/\/www.yongyukitchenware.com\/wp-content\/uploads\/2025\/06\/Bulk-Cereal-Dispenser-7-600x600.webp 600w, https:\/\/www.yongyukitchenware.com\/wp-content\/uploads\/2025\/06\/Bulk-Cereal-Dispenser-7-100x100.webp 100w\" sizes=\"(max-width: 800px) 100vw, 800px\" \/><\/figure>\n\n\n\n<figure class=\"wp-block-image size-full is-style-default\"><img decoding=\"async\" width=\"1024\" height=\"1024\" src=\"https:\/\/www.yongyukitchenware.com\/wp-content\/uploads\/2025\/05\/Bulk-Rotating-Cereal-Dispenser-9.webp\" alt=\"Distribuidor de cereais rotativo a granel-9\" class=\"wp-image-4041\" srcset=\"https:\/\/www.yongyukitchenware.com\/wp-content\/uploads\/2025\/05\/Bulk-Rotating-Cereal-Dispenser-9.webp 1024w, https:\/\/www.yongyukitchenware.com\/wp-content\/uploads\/2025\/05\/Bulk-Rotating-Cereal-Dispenser-9-300x300.webp 300w, https:\/\/www.yongyukitchenware.com\/wp-content\/uploads\/2025\/05\/Bulk-Rotating-Cereal-Dispenser-9-150x150.webp 150w, https:\/\/www.yongyukitchenware.com\/wp-content\/uploads\/2025\/05\/Bulk-Rotating-Cereal-Dispenser-9-768x768.webp 768w, https:\/\/www.yongyukitchenware.com\/wp-content\/uploads\/2025\/05\/Bulk-Rotating-Cereal-Dispenser-9-12x12.webp 12w, https:\/\/www.yongyukitchenware.com\/wp-content\/uploads\/2025\/05\/Bulk-Rotating-Cereal-Dispenser-9-600x600.webp 600w, https:\/\/www.yongyukitchenware.com\/wp-content\/uploads\/2025\/05\/Bulk-Rotating-Cereal-Dispenser-9-100x100.webp 100w\" sizes=\"(max-width: 1024px) 100vw, 1024px\" \/><\/figure>\n<\/div>\n<\/div>","protected":false},"excerpt":{"rendered":"<div class=\"flex max-w-full flex-col grow\">\n<div class=\"min-h-8 text-message relative flex w-full flex-col items-end gap-2 text-start break-words whitespace-normal [.text-message+&amp;]:mt-5\" dir=\"auto\" data-message-author-role=\"assistant\" data-message-id=\"002c0325-9e3c-431f-b6a6-c710b25649af\" data-message-model-slug=\"gpt-4o\">\n<div class=\"flex w-full flex-col gap-1 empty:hidden first:pt-[3px]\">\n<div class=\"markdown prose dark:prose-invert w-full break-words light\">\n<p data-start=\"0\" data-end=\"293\" data-is-last-node=\"\" data-is-only-node=\"\">Distribuidor de cereais de tr\u00eas cabe\u00e7as por grosso. Possui tr\u00eas recipientes separados com constru\u00e7\u00e3o em a\u00e7o inoxid\u00e1vel para distribui\u00e7\u00e3o organizada e higi\u00e9nica. Perfeito para buffets de hotel, bares de pequeno-almo\u00e7o e esta\u00e7\u00f5es de self-service. Melhore a efici\u00eancia do seu servi\u00e7o alimentar com a nossa solu\u00e7\u00e3o de distribui\u00e7\u00e3o fi\u00e1vel.<\/p>\n<\/div>\n<\/div>\n<\/div>\n<\/div>\n<h2>Distribuidor de cereais de tr\u00eas cabe\u00e7as por atacado Par\u00e2metro:<\/h2>\n<p><strong>Material:<\/strong> A\u00e7o inoxid\u00e1vel, pl\u00e1stico<br \/><strong>Conce\u00e7\u00e3o:<\/strong> Com torneira, grelha em a\u00e7o inoxid\u00e1vel, lava-loi\u00e7a com orif\u00edcios<br \/><strong>Tamanhos:<\/strong> 3,5L\/7,0L\/10L<br \/><strong>Embalagem:<\/strong> Saco\/grupo\/caixa de cart\u00e3o ou personalizado<br \/><strong>OEM\/ODM:<\/strong> Opcional<\/p>\n<h2 class=\"wp-block-heading\">Distribuidor de cereais de tr\u00eas cabe\u00e7as por atacado Fabricante :<\/h2>\n<p>Quer se trate de um fornecedor de servi\u00e7os de catering, de um hotel e restaurante ou de uma empresa de planeamento de eventos, fornecemos-lhe solu\u00e7\u00f5es completas de fornecimento de catering por atacado com pre\u00e7os de f\u00e1brica de alta qualidade!<\/p>","protected":false},"featured_media":4051,"comment_status":"closed","ping_status":"closed","template":"","meta":{"_acf_changed":true},"application":[30],"product_brand":[],"product_cat":[22,34],"product_tag":[],"class_list":{"0":"post-4057","1":"product","2":"type-product","3":"status-publish","4":"has-post-thumbnail","6":"application-hotel-catering","7":"product_cat-catering-supplies-wholesale","8":"product_cat-wholesale-drink-dispenser","10":"first","11":"instock","12":"shipping-taxable","13":"product-type-simple"},"acf":[],"_links":{"self":[{"href":"https:\/\/www.yongyukitchenware.com\/pt\/wp-json\/wp\/v2\/product\/4057","targetHints":{"allow":["GET"]}}],"collection":[{"href":"https:\/\/www.yongyukitchenware.com\/pt\/wp-json\/wp\/v2\/product"}],"about":[{"href":"https:\/\/www.yongyukitchenware.com\/pt\/wp-json\/wp\/v2\/types\/product"}],"replies":[{"embeddable":true,"href":"https:\/\/www.yongyukitchenware.com\/pt\/wp-json\/wp\/v2\/comments?post=4057"}],"wp:featuredmedia":[{"embeddable":true,"href":"https:\/\/www.yongyukitchenware.com\/pt\/wp-json\/wp\/v2\/media\/4051"}],"wp:attachment":[{"href":"https:\/\/www.yongyukitchenware.com\/pt\/wp-json\/wp\/v2\/media?parent=4057"}],"wp:term":[{"taxonomy":"application","embeddable":true,"href":"https:\/\/www.yongyukitchenware.com\/pt\/wp-json\/wp\/v2\/application?post=4057"},{"taxonomy":"product_brand","embeddable":true,"href":"https:\/\/www.yongyukitchenware.com\/pt\/wp-json\/wp\/v2\/product_brand?post=4057"},{"taxonomy":"product_cat","embeddable":true,"href":"https:\/\/www.yongyukitchenware.com\/pt\/wp-json\/wp\/v2\/product_cat?post=4057"},{"taxonomy":"product_tag","embeddable":true,"href":"https:\/\/www.yongyukitchenware.com\/pt\/wp-json\/wp\/v2\/product_tag?post=4057"}],"curies":[{"name":"wp","href":"https:\/\/api.w.org\/{rel}","templated":true}]}}