{"id":4099,"date":"2025-06-10T01:47:50","date_gmt":"2025-06-10T01:47:50","guid":{"rendered":"https:\/\/www.yongyukitchenware.com\/?post_type=product&#038;p=4099"},"modified":"2025-06-13T02:23:20","modified_gmt":"2025-06-13T02:23:20","slug":"wholesale-wooden-cereal-dispenser-luxury-dried-food-dispenser-double-heads","status":"publish","type":"product","link":"https:\/\/www.yongyukitchenware.com\/pt\/produto\/wholesale-wooden-cereal-dispenser-luxury-dried-food-dispenser-double-heads\/","title":{"rendered":"Distribuidor de cereais de madeira por atacado Distribuidor de alimentos secos de luxo - cabe\u00e7as duplas"},"content":{"rendered":"<div class=\"wp-block-columns is-layout-flex wp-container-core-columns-is-layout-9d6595d7 wp-block-columns-is-layout-flex\">\n<div class=\"wp-block-column is-layout-flow wp-block-column-is-layout-flow\">\n<h2 class=\"wp-block-heading\">Distribuidor de cereais de madeira por atacado Tamanho:<\/h2>\n\n\n\n<figure class=\"wp-block-table\"><table class=\"has-fixed-layout\"><tbody><tr><td>Modelo<\/td><td>Capacidade (L)<\/td><td>MOQ<\/td><\/tr><tr><td rowspan=\"3\">DY014-GZD<\/td><td>3.5<\/td><td rowspan=\"3\">10 PE\u00c7AS<\/td><\/tr><tr><td>7<\/td><\/tr><tr><td>10<\/td><\/tr><\/tbody><\/table><\/figure>\n\n\n\n<h2 class=\"wp-block-heading\">Distribuidor de cereais de madeira por atacado Carater\u00edsticas:<\/h2>\n\n\n\n<p><strong>Capacidades de escolha m\u00faltipla:<\/strong>S\u00e3o oferecidas capacidades de 3,5\/7\/10L para satisfazer as necessidades de muitos alimentos secos, como gr\u00e3os, arroz, doces, frutos secos e at\u00e9 comida para animais de estima\u00e7\u00e3o. Todos os recipientes t\u00eam um tamanho de 3,5 L, oferecendo espa\u00e7o suficiente para guardar os seus produtos essenciais de forma bem organizada e de f\u00e1cil acesso.<br><strong>Amov\u00edvel: <\/strong>O corpo do balde do distribuidor, a tampa, o bot\u00e3o rotativo, o conjunto de parafusos e a base de madeira, etc., podem ser removidos, o que \u00e9 conveniente para a limpeza.<br><strong>Simples de utilizar: <\/strong>A constru\u00e7\u00e3o do interrutor rotativo permite que cada l\u00e2mina doe 1 on\u00e7a, tornando o controlo do peso descomplicado e eficaz.<br>Robusto e fi\u00e1vel: Fabricado em PC de alta resist\u00eancia e a\u00e7o inoxid\u00e1vel, \u00e9 robusto e resistente, em contacto direto com os alimentos, com uma base de madeira que n\u00e3o se parte nem deforma, para uma utiliza\u00e7\u00e3o a longo prazo. F\u00e1cil de limpar e c\u00f3modo de utilizar<br><strong>Utiliza\u00e7\u00e3o em v\u00e1rios cen\u00e1rios:<\/strong> O elegante dispensador de snacks d\u00e1 um toque fresco \u00e0 decora\u00e7\u00e3o da cozinha. Ajuda a armazenar e a dispensar cereais, doces, frutos secos, caf\u00e9, gr\u00e3os, etc. Pode ser utilizado em casa, centros comerciais, caf\u00e9s, bares, etc., garantindo uma utiliza\u00e7\u00e3o a longo prazo. F\u00e1cil de limpar e c\u00f3modo de utilizar<br><\/p>\n<\/div>\n\n\n\n<div class=\"wp-block-column is-layout-flow wp-block-column-is-layout-flow\">\n<figure class=\"wp-block-image size-full\"><img decoding=\"async\" width=\"1001\" height=\"1001\" src=\"https:\/\/www.yongyukitchenware.com\/wp-content\/uploads\/2025\/06\/Bulk-Wooden-Cereal-Dispenser-8.webp\" alt=\"Wholelsale-Dispensador de cereais em madeira\" class=\"wp-image-4093\" srcset=\"https:\/\/www.yongyukitchenware.com\/wp-content\/uploads\/2025\/06\/Bulk-Wooden-Cereal-Dispenser-8.webp 1001w, https:\/\/www.yongyukitchenware.com\/wp-content\/uploads\/2025\/06\/Bulk-Wooden-Cereal-Dispenser-8-300x300.webp 300w, https:\/\/www.yongyukitchenware.com\/wp-content\/uploads\/2025\/06\/Bulk-Wooden-Cereal-Dispenser-8-150x150.webp 150w, https:\/\/www.yongyukitchenware.com\/wp-content\/uploads\/2025\/06\/Bulk-Wooden-Cereal-Dispenser-8-768x768.webp 768w, https:\/\/www.yongyukitchenware.com\/wp-content\/uploads\/2025\/06\/Bulk-Wooden-Cereal-Dispenser-8-12x12.webp 12w, https:\/\/www.yongyukitchenware.com\/wp-content\/uploads\/2025\/06\/Bulk-Wooden-Cereal-Dispenser-8-600x600.webp 600w, https:\/\/www.yongyukitchenware.com\/wp-content\/uploads\/2025\/06\/Bulk-Wooden-Cereal-Dispenser-8-100x100.webp 100w\" sizes=\"(max-width: 1001px) 100vw, 1001px\" \/><\/figure>\n<\/div>\n<\/div>","protected":false},"excerpt":{"rendered":"<p>Distribuidor de cereais de madeira por atacado, um design luxuoso de cabe\u00e7a dupla ideal para armazenar e servir alimentos secos como cereais, nozes e granola. Elegante e pr\u00e1tico para hot\u00e9is, buffets e bares de pequeno-almo\u00e7o. Contacte-nos para obter informa\u00e7\u00f5es sobre a venda por grosso.<\/p>\n<h2>Distribuidor de cereais de madeira por atacado Par\u00e2metro:<\/h2>\n<p><strong>Material:<\/strong> A\u00e7o inoxid\u00e1vel, pl\u00e1stico<br \/><strong>Conce\u00e7\u00e3o:<\/strong> Com torneira, grelha em a\u00e7o inoxid\u00e1vel, lava-loi\u00e7a com orif\u00edcios<br \/><strong>Tamanhos:<\/strong> 3,5L\/7,0L\/10L<br \/><strong>Embalagem:<\/strong> Saco\/grupo\/caixa de cart\u00e3o ou personalizado<br \/><strong>OEM\/ODM:<\/strong> Opcional<\/p>\n<h2 class=\"wp-block-heading\">Distribuidor de cereais de madeira a granel Fabricante :<\/h2>\n<p>Quer se trate de um fornecedor de servi\u00e7os de catering, de um hotel e restaurante ou de uma empresa de planeamento de eventos, fornecemos-lhe solu\u00e7\u00f5es completas de fornecimento de catering por atacado com pre\u00e7os de f\u00e1brica de alta qualidade!<\/p>","protected":false},"featured_media":4086,"comment_status":"closed","ping_status":"closed","template":"","meta":{"_acf_changed":false},"application":[30],"product_brand":[],"product_cat":[22,34],"product_tag":[],"class_list":{"0":"post-4099","1":"product","2":"type-product","3":"status-publish","4":"has-post-thumbnail","6":"application-hotel-catering","7":"product_cat-catering-supplies-wholesale","8":"product_cat-wholesale-drink-dispenser","10":"first","11":"instock","12":"shipping-taxable","13":"product-type-simple"},"acf":[],"_links":{"self":[{"href":"https:\/\/www.yongyukitchenware.com\/pt\/wp-json\/wp\/v2\/product\/4099","targetHints":{"allow":["GET"]}}],"collection":[{"href":"https:\/\/www.yongyukitchenware.com\/pt\/wp-json\/wp\/v2\/product"}],"about":[{"href":"https:\/\/www.yongyukitchenware.com\/pt\/wp-json\/wp\/v2\/types\/product"}],"replies":[{"embeddable":true,"href":"https:\/\/www.yongyukitchenware.com\/pt\/wp-json\/wp\/v2\/comments?post=4099"}],"wp:featuredmedia":[{"embeddable":true,"href":"https:\/\/www.yongyukitchenware.com\/pt\/wp-json\/wp\/v2\/media\/4086"}],"wp:attachment":[{"href":"https:\/\/www.yongyukitchenware.com\/pt\/wp-json\/wp\/v2\/media?parent=4099"}],"wp:term":[{"taxonomy":"application","embeddable":true,"href":"https:\/\/www.yongyukitchenware.com\/pt\/wp-json\/wp\/v2\/application?post=4099"},{"taxonomy":"product_brand","embeddable":true,"href":"https:\/\/www.yongyukitchenware.com\/pt\/wp-json\/wp\/v2\/product_brand?post=4099"},{"taxonomy":"product_cat","embeddable":true,"href":"https:\/\/www.yongyukitchenware.com\/pt\/wp-json\/wp\/v2\/product_cat?post=4099"},{"taxonomy":"product_tag","embeddable":true,"href":"https:\/\/www.yongyukitchenware.com\/pt\/wp-json\/wp\/v2\/product_tag?post=4099"}],"curies":[{"name":"wp","href":"https:\/\/api.w.org\/{rel}","templated":true}]}}