{"id":4100,"date":"2025-06-03T07:53:06","date_gmt":"2025-06-03T07:53:06","guid":{"rendered":"https:\/\/www.yongyukitchenware.com\/?post_type=product&#038;p=4100"},"modified":"2025-06-13T02:23:38","modified_gmt":"2025-06-13T02:23:38","slug":"custom-wooden-cereal-dispenser","status":"publish","type":"product","link":"https:\/\/www.yongyukitchenware.com\/pt\/produto\/custom-wooden-cereal-dispenser\/","title":{"rendered":"Distribuidor de cereais em madeira personalizado Distribuidor de alimentos secos de luxo - tr\u00eas cabe\u00e7as"},"content":{"rendered":"<div class=\"wp-block-columns is-layout-flex wp-container-core-columns-is-layout-9d6595d7 wp-block-columns-is-layout-flex\">\n<div class=\"wp-block-column is-layout-flow wp-block-column-is-layout-flow\">\n<h2 class=\"wp-block-heading\">Distribuidor de cereais em madeira personalizado Tamanho:<\/h2>\n\n\n\n<figure class=\"wp-block-table\"><table class=\"has-fixed-layout\"><tbody><tr><td>Modelo<\/td><td>Capacidade (L)<\/td><td>MOQ<\/td><\/tr><tr><td rowspan=\"3\">DY014-GZD<\/td><td>3.5<\/td><td rowspan=\"3\">10 PE\u00c7AS<\/td><\/tr><tr><td>7<\/td><\/tr><tr><td>10<\/td><\/tr><\/tbody><\/table><\/figure>\n\n\n\n<h2 class=\"wp-block-heading\">Distribuidor de cereais em madeira personalizado Carater\u00edsticas:<\/h2>\n\n\n\n<p><strong>V\u00e1rias capacidades:<\/strong>As capacidades de 3,5\/7\/10L s\u00e3o fornecidas para armazenar v\u00e1rios tipos de alimentos secos, como gr\u00e3os, arroz, doces, nozes e at\u00e9 mesmo alimentos para animais de estima\u00e7\u00e3o. Cada recipiente tem uma capacidade de 3,5 L com um volume suficiente para garantir que os seus bens essenciais est\u00e3o bem organizados e facilmente acess\u00edveis.<br><strong>Destac\u00e1vel: <\/strong>O corpo do balde do distribuidor, a tampa, o bot\u00e3o rotativo, o conjunto de parafusos, a base de madeira, etc. s\u00e3o amov\u00edveis e f\u00e1ceis de limpar.<br>F\u00e1cil de utilizar: O design do interrutor rotativo fornece a cada l\u00e2mina 1 atribui\u00e7\u00e3o de 1 on\u00e7a, tornando o ajuste do peso f\u00e1cil e eficaz.<br><strong>Dur\u00e1vel e est\u00e1vel:<\/strong> Fabricado em a\u00e7o inoxid\u00e1vel e PC de alta qualidade, \u00e9 forte e duradouro, est\u00e1 diretamente em contacto com os alimentos, tem uma base de madeira que n\u00e3o se danifica nem parte e pode ser utilizado durante um longo per\u00edodo. Pr\u00e1tico de utilizar e simples de limpar<br><strong>Utiliza\u00e7\u00e3o em v\u00e1rios cen\u00e1rios: <\/strong>O dispensador de snacks, com um design elegante, traz uma nova moda \u00e0 decora\u00e7\u00e3o da cozinha. Ajuda a armazenar e a dispensar cereais, rebu\u00e7ados, frutos secos, caf\u00e9, feij\u00f5es, etc. Para a fam\u00edlia, centros comerciais, caf\u00e9s, bares, etc.<\/p>\n<\/div>\n\n\n\n<div class=\"wp-block-column is-layout-flow wp-block-column-is-layout-flow\">\n<figure class=\"wp-block-image size-full\"><img decoding=\"async\" width=\"1001\" height=\"1001\" src=\"https:\/\/www.yongyukitchenware.com\/wp-content\/uploads\/2025\/06\/Bulk-Wooden-Cereal-Dispenser-8.webp\" alt=\"Distribuidor de cereais em madeira personalizado-8\" class=\"wp-image-4093\" srcset=\"https:\/\/www.yongyukitchenware.com\/wp-content\/uploads\/2025\/06\/Bulk-Wooden-Cereal-Dispenser-8.webp 1001w, https:\/\/www.yongyukitchenware.com\/wp-content\/uploads\/2025\/06\/Bulk-Wooden-Cereal-Dispenser-8-300x300.webp 300w, https:\/\/www.yongyukitchenware.com\/wp-content\/uploads\/2025\/06\/Bulk-Wooden-Cereal-Dispenser-8-150x150.webp 150w, https:\/\/www.yongyukitchenware.com\/wp-content\/uploads\/2025\/06\/Bulk-Wooden-Cereal-Dispenser-8-768x768.webp 768w, https:\/\/www.yongyukitchenware.com\/wp-content\/uploads\/2025\/06\/Bulk-Wooden-Cereal-Dispenser-8-12x12.webp 12w, https:\/\/www.yongyukitchenware.com\/wp-content\/uploads\/2025\/06\/Bulk-Wooden-Cereal-Dispenser-8-600x600.webp 600w, https:\/\/www.yongyukitchenware.com\/wp-content\/uploads\/2025\/06\/Bulk-Wooden-Cereal-Dispenser-8-100x100.webp 100w\" sizes=\"(max-width: 1001px) 100vw, 1001px\" \/><\/figure>\n<\/div>\n<\/div>","protected":false},"excerpt":{"rendered":"<p>O distribuidor de cereais em madeira personalizado \u00e9 um distribuidor de alimentos secos de luxo com tr\u00eas cabe\u00e7as, concebido para organizar e servir elegantemente cereais, gr\u00e3os ou snacks em hot\u00e9is, bares de pequeno-almo\u00e7o ou casas de luxo. O seu acabamento em madeira confere um toque de sofistica\u00e7\u00e3o, assegurando simultaneamente uma funcionalidade pr\u00e1tica. Bem-vindo a contactar-nos.<\/p>\n<h2>Distribuidor de cereais de madeira personalizado Par\u00e2metro:<\/h2>\n<p><strong>Material:<\/strong> A\u00e7o inoxid\u00e1vel, pl\u00e1stico<br \/><strong>Conce\u00e7\u00e3o:<\/strong> Com torneira, grelha em a\u00e7o inoxid\u00e1vel, lava-loi\u00e7a com orif\u00edcios<br \/><strong>Tamanhos:<\/strong> 3,5L\/7,0L\/10L<br \/><strong>Embalagem:<\/strong> Saco\/grupo\/caixa de cart\u00e3o ou personalizado<br \/><strong>OEM\/ODM:<\/strong> Opcional<\/p>\n<h2 class=\"wp-block-heading\">Distribuidor de cereais de madeira a granel Fabricante :<\/h2>\n<p>Quer se trate de um fornecedor de servi\u00e7os de catering, de um hotel e restaurante ou de uma empresa de planeamento de eventos, fornecemos-lhe solu\u00e7\u00f5es completas de fornecimento de catering por atacado com pre\u00e7os de f\u00e1brica de alta qualidade!<\/p>","protected":false},"featured_media":4088,"comment_status":"closed","ping_status":"closed","template":"","meta":{"_acf_changed":false},"application":[30],"product_brand":[],"product_cat":[22,34],"product_tag":[],"class_list":{"0":"post-4100","1":"product","2":"type-product","3":"status-publish","4":"has-post-thumbnail","6":"application-hotel-catering","7":"product_cat-catering-supplies-wholesale","8":"product_cat-wholesale-drink-dispenser","10":"first","11":"instock","12":"shipping-taxable","13":"product-type-simple"},"acf":[],"_links":{"self":[{"href":"https:\/\/www.yongyukitchenware.com\/pt\/wp-json\/wp\/v2\/product\/4100","targetHints":{"allow":["GET"]}}],"collection":[{"href":"https:\/\/www.yongyukitchenware.com\/pt\/wp-json\/wp\/v2\/product"}],"about":[{"href":"https:\/\/www.yongyukitchenware.com\/pt\/wp-json\/wp\/v2\/types\/product"}],"replies":[{"embeddable":true,"href":"https:\/\/www.yongyukitchenware.com\/pt\/wp-json\/wp\/v2\/comments?post=4100"}],"wp:featuredmedia":[{"embeddable":true,"href":"https:\/\/www.yongyukitchenware.com\/pt\/wp-json\/wp\/v2\/media\/4088"}],"wp:attachment":[{"href":"https:\/\/www.yongyukitchenware.com\/pt\/wp-json\/wp\/v2\/media?parent=4100"}],"wp:term":[{"taxonomy":"application","embeddable":true,"href":"https:\/\/www.yongyukitchenware.com\/pt\/wp-json\/wp\/v2\/application?post=4100"},{"taxonomy":"product_brand","embeddable":true,"href":"https:\/\/www.yongyukitchenware.com\/pt\/wp-json\/wp\/v2\/product_brand?post=4100"},{"taxonomy":"product_cat","embeddable":true,"href":"https:\/\/www.yongyukitchenware.com\/pt\/wp-json\/wp\/v2\/product_cat?post=4100"},{"taxonomy":"product_tag","embeddable":true,"href":"https:\/\/www.yongyukitchenware.com\/pt\/wp-json\/wp\/v2\/product_tag?post=4100"}],"curies":[{"name":"wp","href":"https:\/\/api.w.org\/{rel}","templated":true}]}}