{"id":4141,"date":"2025-06-18T07:11:20","date_gmt":"2025-06-18T07:11:20","guid":{"rendered":"https:\/\/www.yongyukitchenware.com\/?post_type=product&#038;p=4141"},"modified":"2025-06-18T07:11:22","modified_gmt":"2025-06-18T07:11:22","slug":"10l-ceramic-electric-milk-dispenser-in-bulk-with-wooden-stand-yellow","status":"publish","type":"product","link":"https:\/\/www.yongyukitchenware.com\/pt\/produto\/10l-ceramic-electric-milk-dispenser-in-bulk-with-wooden-stand-yellow\/","title":{"rendered":"Distribuidor de leite el\u00e9trico de cer\u00e2mica 10L a granel com suporte de madeira - amarelo"},"content":{"rendered":"<div class=\"wp-block-columns is-layout-flex wp-container-core-columns-is-layout-9d6595d7 wp-block-columns-is-layout-flex\">\n<div class=\"wp-block-column is-layout-flow wp-block-column-is-layout-flow\">\n<h2 class=\"wp-block-heading\">Distribuidor de leite el\u00e9trico de cer\u00e2mica 10L em tamanho grande:<\/h2>\n\n\n\n<figure class=\"wp-block-table\"><table class=\"has-fixed-layout\"><tbody><tr><td>Modelo<\/td><td>Capacidade (L)<\/td><td>MOQ<\/td><\/tr><tr><td>DY010-GZD<\/td><td>10<\/td><td>4 PE\u00c7AS<\/td><\/tr><\/tbody><\/table><\/figure>\n\n\n\n<h2 class=\"wp-block-heading\">Dispensador de leite el\u00e9trico de cer\u00e2mica 10L a granel Carater\u00edsticas:<\/h2>\n\n\n\n<p><strong>Dur\u00e1vel e de longa dura\u00e7\u00e3o: <\/strong>Corpo da garrafa em cer\u00e2mica + a\u00e7o inoxid\u00e1vel + base em madeira maci\u00e7a. O material de a\u00e7o inoxid\u00e1vel de alta qualidade \u00e9 seguro, n\u00e3o enferruja e \u00e9 f\u00e1cil de limpar<br><strong>Torneira espessada: <\/strong>As torneiras em a\u00e7o inoxid\u00e1vel s\u00e3o resistentes ao desgaste, n\u00e3o apresentam fugas nem ferrugem e t\u00eam um fluxo de \u00e1gua suave<br><strong>Elevada capacidade para satisfazer uma procura elevada:<\/strong> Devido \u00e0 sua elevada capacidade de 10L, pode fornecer capacidade suficiente para satisfazer a procura de caf\u00e9s, restaurantes e ambientes comerciais<br><strong>Aplica\u00e7\u00e3o em v\u00e1rios cen\u00e1rios: <\/strong>H\u00e1 muitas cores que podem ser selecionadas, como o amarelo, o vermelho, o branco e o verde. O aspeto moderno d\u00e1 \u00e0 cozinha um novo visual. \u00c9 multi-cen\u00e1rio com aquecimento e tamb\u00e9m tem uma fun\u00e7\u00e3o de armazenamento para sumo de fruta, sumo de vegetais, caf\u00e9, leite, leite de soja, ch\u00e1, cerveja, etc<\/p>\n<\/div>\n\n\n\n<div class=\"wp-block-column is-layout-flow wp-block-column-is-layout-flow\">\n<figure class=\"wp-block-image size-full is-style-default\"><img decoding=\"async\" width=\"800\" height=\"800\" src=\"https:\/\/www.yongyukitchenware.com\/wp-content\/uploads\/2025\/06\/Bulk-10L-Ceramic-Electric-Milk-Dispenser-2.webp\" alt=\"Dispensador de leite el\u00e9trico a granel-10L de cer\u00e2mica-2\" class=\"wp-image-4134\" srcset=\"https:\/\/www.yongyukitchenware.com\/wp-content\/uploads\/2025\/06\/Bulk-10L-Ceramic-Electric-Milk-Dispenser-2.webp 800w, https:\/\/www.yongyukitchenware.com\/wp-content\/uploads\/2025\/06\/Bulk-10L-Ceramic-Electric-Milk-Dispenser-2-300x300.webp 300w, https:\/\/www.yongyukitchenware.com\/wp-content\/uploads\/2025\/06\/Bulk-10L-Ceramic-Electric-Milk-Dispenser-2-150x150.webp 150w, https:\/\/www.yongyukitchenware.com\/wp-content\/uploads\/2025\/06\/Bulk-10L-Ceramic-Electric-Milk-Dispenser-2-768x768.webp 768w, https:\/\/www.yongyukitchenware.com\/wp-content\/uploads\/2025\/06\/Bulk-10L-Ceramic-Electric-Milk-Dispenser-2-12x12.webp 12w, https:\/\/www.yongyukitchenware.com\/wp-content\/uploads\/2025\/06\/Bulk-10L-Ceramic-Electric-Milk-Dispenser-2-600x600.webp 600w, https:\/\/www.yongyukitchenware.com\/wp-content\/uploads\/2025\/06\/Bulk-10L-Ceramic-Electric-Milk-Dispenser-2-100x100.webp 100w\" sizes=\"(max-width: 800px) 100vw, 800px\" \/><\/figure>\n<\/div>\n<\/div>","protected":false},"excerpt":{"rendered":"<p>Distribuidor de leite el\u00e9trico de cer\u00e2mica de 10L a granel. Possui uma capacidade de 10 litros com isolamento em cer\u00e2mica e aquecimento el\u00e9trico para uma temperatura consistente do leite. Ideal para caf\u00e9s, buffets de pequeno-almo\u00e7o e eventos de catering. Contacte-nos hoje para obter pre\u00e7os por grosso e oportunidades de parceria.<\/p>\n<h2>Distribuidor de leite el\u00e9trico de cer\u00e2mica 10L a granel Par\u00e2metro:<\/h2>\n<p><strong>Material:<\/strong> A\u00e7o inoxid\u00e1vel, pl\u00e1stico<br \/><strong>Conce\u00e7\u00e3o:<\/strong> Com torneira, grelha em a\u00e7o inoxid\u00e1vel, lava-loi\u00e7a com orif\u00edcios<br \/><strong>Tamanhos:<\/strong> 10L<br \/><strong>Embalagem:<\/strong> Saco\/grupo\/caixa de cart\u00e3o ou personalizado<br \/><strong>OEM\/ODM:<\/strong> Opcional<\/p>\n<h2 class=\"wp-block-heading\">Distribuidor de leite el\u00e9trico de cer\u00e2mica 10L a granel Fabricante :<\/h2>\n<p>Quer se trate de um fornecedor de servi\u00e7os de catering, de um hotel e restaurante ou de uma empresa de planeamento de eventos, fornecemos solu\u00e7\u00f5es completas de fornecimento de catering por atacado com pre\u00e7os de f\u00e1brica de alta qualidade!<\/p>","protected":false},"featured_media":4134,"comment_status":"closed","ping_status":"closed","template":"","meta":{"_acf_changed":true},"application":[30],"product_brand":[],"product_cat":[22,34],"product_tag":[],"class_list":{"0":"post-4141","1":"product","2":"type-product","3":"status-publish","4":"has-post-thumbnail","6":"application-hotel-catering","7":"product_cat-catering-supplies-wholesale","8":"product_cat-wholesale-drink-dispenser","10":"first","11":"instock","12":"shipping-taxable","13":"product-type-simple"},"acf":[],"_links":{"self":[{"href":"https:\/\/www.yongyukitchenware.com\/pt\/wp-json\/wp\/v2\/product\/4141","targetHints":{"allow":["GET"]}}],"collection":[{"href":"https:\/\/www.yongyukitchenware.com\/pt\/wp-json\/wp\/v2\/product"}],"about":[{"href":"https:\/\/www.yongyukitchenware.com\/pt\/wp-json\/wp\/v2\/types\/product"}],"replies":[{"embeddable":true,"href":"https:\/\/www.yongyukitchenware.com\/pt\/wp-json\/wp\/v2\/comments?post=4141"}],"wp:featuredmedia":[{"embeddable":true,"href":"https:\/\/www.yongyukitchenware.com\/pt\/wp-json\/wp\/v2\/media\/4134"}],"wp:attachment":[{"href":"https:\/\/www.yongyukitchenware.com\/pt\/wp-json\/wp\/v2\/media?parent=4141"}],"wp:term":[{"taxonomy":"application","embeddable":true,"href":"https:\/\/www.yongyukitchenware.com\/pt\/wp-json\/wp\/v2\/application?post=4141"},{"taxonomy":"product_brand","embeddable":true,"href":"https:\/\/www.yongyukitchenware.com\/pt\/wp-json\/wp\/v2\/product_brand?post=4141"},{"taxonomy":"product_cat","embeddable":true,"href":"https:\/\/www.yongyukitchenware.com\/pt\/wp-json\/wp\/v2\/product_cat?post=4141"},{"taxonomy":"product_tag","embeddable":true,"href":"https:\/\/www.yongyukitchenware.com\/pt\/wp-json\/wp\/v2\/product_tag?post=4141"}],"curies":[{"name":"wp","href":"https:\/\/api.w.org\/{rel}","templated":true}]}}