{"id":4143,"date":"2025-06-11T02:57:31","date_gmt":"2025-06-11T02:57:31","guid":{"rendered":"https:\/\/www.yongyukitchenware.com\/?post_type=product&#038;p=4143"},"modified":"2025-06-13T02:04:36","modified_gmt":"2025-06-13T02:04:36","slug":"custom-10l-ceramic-electric-milk-dispenser-with-wooden-stand-red","status":"publish","type":"product","link":"https:\/\/www.yongyukitchenware.com\/pt\/produto\/custom-10l-ceramic-electric-milk-dispenser-with-wooden-stand-red\/","title":{"rendered":"Distribuidor de leite el\u00e9trico de cer\u00e2mica 10L personalizado com suporte de madeira - vermelho"},"content":{"rendered":"<div class=\"wp-block-columns is-layout-flex wp-container-core-columns-is-layout-9d6595d7 wp-block-columns-is-layout-flex\">\n<div class=\"wp-block-column is-layout-flow wp-block-column-is-layout-flow\">\n<h2 class=\"wp-block-heading\">Distribuidor de leite el\u00e9trico de cer\u00e2mica 10L personalizado Tamanho:<\/h2>\n\n\n\n<figure class=\"wp-block-table\"><table class=\"has-fixed-layout\"><tbody><tr><td>Modelo<\/td><td>Capacidade (L)<\/td><td>MOQ<\/td><\/tr><tr><td>DY010-GZD<\/td><td>10<\/td><td>4 PE\u00c7AS<\/td><\/tr><\/tbody><\/table><\/figure>\n\n\n\n<h2 class=\"wp-block-heading\">Distribuidor de leite el\u00e9trico de cer\u00e2mica 10L personalizado Carater\u00edsticas:<\/h2>\n\n\n\n<p><strong>Dur\u00e1vel e resistente:<\/strong> Garrafa com corpo em cer\u00e2mica + a\u00e7o inoxid\u00e1vel + fundo em madeira maci\u00e7a. Seguran\u00e7a, n\u00e3o enferruja e \u00e9 f\u00e1cil de limpar com material de a\u00e7o inoxid\u00e1vel de primeira qualidade<br><strong>Torneira espessada:<\/strong> As torneiras de a\u00e7o inoxid\u00e1vel s\u00e3o dur\u00e1veis, t\u00eam propriedades anti-gotejamento e anti-ferrugem e t\u00eam um fluxo de \u00e1gua suave<br><strong>Enorme capacidade para responder a uma procura maci\u00e7a:<\/strong> Possui uma enorme capacidade de 10L, que pode fornecer capacidade suficiente para satisfazer as necessidades de restaurantes, caf\u00e9s e ambientes comerciais<br><strong>Utiliza\u00e7\u00e3o em v\u00e1rios cen\u00e1rios:<\/strong> Est\u00e1 dispon\u00edvel em v\u00e1rias cores, como amarelo, vermelho, branco e verde. O seu aspeto moderno d\u00e1 um novo visual \u00e0 cozinha. \u00c9 multifun\u00e7\u00f5es com aquecimento e pode conter sumo de fruta, sumo de vegetais, caf\u00e9, leite, leite de soja, ch\u00e1, cerveja, etc.<\/p>\n<\/div>\n\n\n\n<div class=\"wp-block-column is-layout-flow wp-block-column-is-layout-flow\">\n<figure class=\"wp-block-image size-full is-style-default\"><img decoding=\"async\" width=\"800\" height=\"800\" src=\"https:\/\/www.yongyukitchenware.com\/wp-content\/uploads\/2025\/06\/Bulk-10L-Ceramic-Electric-Milk-Dispenser-6.webp\" alt=\"Custom-10L-Ceramic-Electric-Milk-Dispenser-6\" class=\"wp-image-4138\" srcset=\"https:\/\/www.yongyukitchenware.com\/wp-content\/uploads\/2025\/06\/Bulk-10L-Ceramic-Electric-Milk-Dispenser-6.webp 800w, https:\/\/www.yongyukitchenware.com\/wp-content\/uploads\/2025\/06\/Bulk-10L-Ceramic-Electric-Milk-Dispenser-6-300x300.webp 300w, https:\/\/www.yongyukitchenware.com\/wp-content\/uploads\/2025\/06\/Bulk-10L-Ceramic-Electric-Milk-Dispenser-6-150x150.webp 150w, https:\/\/www.yongyukitchenware.com\/wp-content\/uploads\/2025\/06\/Bulk-10L-Ceramic-Electric-Milk-Dispenser-6-768x768.webp 768w, https:\/\/www.yongyukitchenware.com\/wp-content\/uploads\/2025\/06\/Bulk-10L-Ceramic-Electric-Milk-Dispenser-6-12x12.webp 12w, https:\/\/www.yongyukitchenware.com\/wp-content\/uploads\/2025\/06\/Bulk-10L-Ceramic-Electric-Milk-Dispenser-6-600x600.webp 600w, https:\/\/www.yongyukitchenware.com\/wp-content\/uploads\/2025\/06\/Bulk-10L-Ceramic-Electric-Milk-Dispenser-6-100x100.webp 100w\" sizes=\"(max-width: 800px) 100vw, 800px\" \/><\/figure>\n<\/div>\n<\/div>","protected":false},"excerpt":{"rendered":"<p>Distribuidor de leite el\u00e9trico de cer\u00e2mica de 10L personalizado. Distribuidor de leite el\u00e9trico de cer\u00e2mica de 10L personalizado com acabamento vermelho e suporte de madeira. Adequado para caf\u00e9s boutique, hot\u00e9is e servi\u00e7os de catering. Contacte-nos para personaliza\u00e7\u00e3o e pre\u00e7os a granel.<\/p>\n<h2>Distribuidor de leite el\u00e9trico de cer\u00e2mica 10L personalizado Par\u00e2metro:<\/h2>\n<p><strong>Material:<\/strong> A\u00e7o inoxid\u00e1vel, pl\u00e1stico<br \/><strong>Conce\u00e7\u00e3o:<\/strong> Com torneira, grelha em a\u00e7o inoxid\u00e1vel, lava-loi\u00e7a com orif\u00edcios<br \/><strong>Tamanhos:<\/strong> 10L<br \/><strong>Embalagem:<\/strong> Saco\/grupo\/caixa de cart\u00e3o ou personalizado<br \/><strong>OEM\/ODM:<\/strong> Opcional<\/p>\n<h2 class=\"wp-block-heading\">Distribuidor de leite el\u00e9trico de cer\u00e2mica 10L personalizado Fabricante :<\/h2>\n<p>Quer se trate de um fornecedor de servi\u00e7os de catering, de um hotel e restaurante ou de uma empresa de planeamento de eventos, fornecemos-lhe solu\u00e7\u00f5es completas de fornecimento de catering por atacado com pre\u00e7os de f\u00e1brica de alta qualidade!<\/p>","protected":false},"featured_media":4138,"comment_status":"closed","ping_status":"closed","template":"","meta":{"_acf_changed":false},"application":[30],"product_brand":[],"product_cat":[22,34],"product_tag":[],"class_list":{"0":"post-4143","1":"product","2":"type-product","3":"status-publish","4":"has-post-thumbnail","6":"application-hotel-catering","7":"product_cat-catering-supplies-wholesale","8":"product_cat-wholesale-drink-dispenser","10":"first","11":"instock","12":"shipping-taxable","13":"product-type-simple"},"acf":[],"_links":{"self":[{"href":"https:\/\/www.yongyukitchenware.com\/pt\/wp-json\/wp\/v2\/product\/4143","targetHints":{"allow":["GET"]}}],"collection":[{"href":"https:\/\/www.yongyukitchenware.com\/pt\/wp-json\/wp\/v2\/product"}],"about":[{"href":"https:\/\/www.yongyukitchenware.com\/pt\/wp-json\/wp\/v2\/types\/product"}],"replies":[{"embeddable":true,"href":"https:\/\/www.yongyukitchenware.com\/pt\/wp-json\/wp\/v2\/comments?post=4143"}],"wp:featuredmedia":[{"embeddable":true,"href":"https:\/\/www.yongyukitchenware.com\/pt\/wp-json\/wp\/v2\/media\/4138"}],"wp:attachment":[{"href":"https:\/\/www.yongyukitchenware.com\/pt\/wp-json\/wp\/v2\/media?parent=4143"}],"wp:term":[{"taxonomy":"application","embeddable":true,"href":"https:\/\/www.yongyukitchenware.com\/pt\/wp-json\/wp\/v2\/application?post=4143"},{"taxonomy":"product_brand","embeddable":true,"href":"https:\/\/www.yongyukitchenware.com\/pt\/wp-json\/wp\/v2\/product_brand?post=4143"},{"taxonomy":"product_cat","embeddable":true,"href":"https:\/\/www.yongyukitchenware.com\/pt\/wp-json\/wp\/v2\/product_cat?post=4143"},{"taxonomy":"product_tag","embeddable":true,"href":"https:\/\/www.yongyukitchenware.com\/pt\/wp-json\/wp\/v2\/product_tag?post=4143"}],"curies":[{"name":"wp","href":"https:\/\/api.w.org\/{rel}","templated":true}]}}