{"id":4206,"date":"2025-06-30T01:08:44","date_gmt":"2025-06-30T01:08:44","guid":{"rendered":"https:\/\/www.yongyukitchenware.com\/?post_type=product&#038;p=4206"},"modified":"2025-06-30T01:08:46","modified_gmt":"2025-06-30T01:08:46","slug":"custom-stainless-steel-airtight-canister-coffee-vacuum-storage-container-white","status":"publish","type":"product","link":"https:\/\/www.yongyukitchenware.com\/pt\/produto\/custom-stainless-steel-airtight-canister-coffee-vacuum-storage-container-white\/","title":{"rendered":"Recipiente herm\u00e9tico de a\u00e7o inoxid\u00e1vel personalizado para caf\u00e9, para armazenamento no v\u00e1cuo - branco"},"content":{"rendered":"<div class=\"wp-block-columns is-layout-flex wp-container-core-columns-is-layout-9d6595d7 wp-block-columns-is-layout-flex\">\n<div class=\"wp-block-column is-layout-flow wp-block-column-is-layout-flow\">\n<h2 class=\"wp-block-heading\">Recipiente herm\u00e9tico de a\u00e7o inoxid\u00e1vel personalizado Carater\u00edsticas:<\/h2>\n\n\n\n<p><strong>Material de a\u00e7o inoxid\u00e1vel de qualidade alimentar: <\/strong>Feito de a\u00e7o inoxid\u00e1vel 304 de alta qualidade, \u00e9 resistente \u00e0 corros\u00e3o, \u00e0 prova de ferrugem, inodoro e adequado para armazenar v\u00e1rios ingredientes, como gr\u00e3os de caf\u00e9, ch\u00e1, a\u00e7\u00facar e farinha. Mant\u00e9m-se brilhante e nova mesmo ap\u00f3s uma utiliza\u00e7\u00e3o prolongada.<br><strong>Design de veda\u00e7\u00e3o dupla:<\/strong> A estrutura de veda\u00e7\u00e3o de camada dupla no interior e no exterior da tampa isola eficazmente o ar e a humidade, mant\u00e9m os ingredientes secos e frescos e prolonga o prazo de validade. \u00c9 a escolha ideal para a arruma\u00e7\u00e3o na cozinha.<br><strong>Est\u00e3o dispon\u00edveis tr\u00eas op\u00e7\u00f5es de capacidade:<\/strong> 1,2L, 1,5L e 1,8L, adequados para armazenamento di\u00e1rio em casa ou para utiliza\u00e7\u00e3o no escrit\u00f3rio. Escolha conforme necess\u00e1rio para maior flexibilidade e comodidade.<br><strong>Op\u00e7\u00f5es multicoloridas: <\/strong>A cor natural cl\u00e1ssica do a\u00e7o inoxid\u00e1vel, o preto simples e o branco elegante est\u00e3o dispon\u00edveis para sele\u00e7\u00e3o. Podem ser facilmente integradas em v\u00e1rios estilos de cozinha, oferecendo arruma\u00e7\u00e3o e atra\u00e7\u00e3o est\u00e9tica.<br><strong>Oferta atenciosa de uma colher em a\u00e7o inoxid\u00e1vel: <\/strong>Cada frasco est\u00e1 equipado com uma colher de a\u00e7o inoxid\u00e1vel do mesmo material, que \u00e9 conveniente para a recolha quantitativa, para uma limpeza sem preocupa\u00e7\u00f5es e para a armazenagem e recupera\u00e7\u00e3o num s\u00f3 passo.<\/p>\n<\/div>\n\n\n\n<div class=\"wp-block-column is-layout-flow wp-block-column-is-layout-flow\">\n<div class=\"wp-block-columns is-layout-flex wp-container-core-columns-is-layout-9d6595d7 wp-block-columns-is-layout-flex\">\n<div class=\"wp-block-column is-layout-flow wp-block-column-is-layout-flow\"><div class=\"wp-block-image\">\n<figure class=\"aligncenter size-full is-resized\"><img decoding=\"async\" width=\"800\" height=\"800\" src=\"https:\/\/www.yongyukitchenware.com\/wp-content\/uploads\/2025\/06\/Wholesale-Stainless-Steel-Airtight-Canister-5.webp\" alt=\"Recipiente herm\u00e9tico de a\u00e7o inoxid\u00e1vel personalizado-5\" class=\"wp-image-4190\" style=\"width:416px;height:auto\" srcset=\"https:\/\/www.yongyukitchenware.com\/wp-content\/uploads\/2025\/06\/Wholesale-Stainless-Steel-Airtight-Canister-5.webp 800w, https:\/\/www.yongyukitchenware.com\/wp-content\/uploads\/2025\/06\/Wholesale-Stainless-Steel-Airtight-Canister-5-300x300.webp 300w, https:\/\/www.yongyukitchenware.com\/wp-content\/uploads\/2025\/06\/Wholesale-Stainless-Steel-Airtight-Canister-5-150x150.webp 150w, https:\/\/www.yongyukitchenware.com\/wp-content\/uploads\/2025\/06\/Wholesale-Stainless-Steel-Airtight-Canister-5-768x768.webp 768w, https:\/\/www.yongyukitchenware.com\/wp-content\/uploads\/2025\/06\/Wholesale-Stainless-Steel-Airtight-Canister-5-12x12.webp 12w, https:\/\/www.yongyukitchenware.com\/wp-content\/uploads\/2025\/06\/Wholesale-Stainless-Steel-Airtight-Canister-5-600x600.webp 600w, https:\/\/www.yongyukitchenware.com\/wp-content\/uploads\/2025\/06\/Wholesale-Stainless-Steel-Airtight-Canister-5-100x100.webp 100w\" sizes=\"(max-width: 800px) 100vw, 800px\" \/><\/figure>\n<\/div>\n\n<div class=\"wp-block-image\">\n<figure class=\"aligncenter size-full is-resized\"><img decoding=\"async\" width=\"800\" height=\"800\" src=\"https:\/\/www.yongyukitchenware.com\/wp-content\/uploads\/2025\/06\/Wholesale-Stainless-Steel-Airtight-Canister-12.webp\" alt=\"Recipiente de a\u00e7o inoxid\u00e1vel personalizado para ar condicionado-12\" class=\"wp-image-4197\" style=\"width:416px;height:auto\" srcset=\"https:\/\/www.yongyukitchenware.com\/wp-content\/uploads\/2025\/06\/Wholesale-Stainless-Steel-Airtight-Canister-12.webp 800w, https:\/\/www.yongyukitchenware.com\/wp-content\/uploads\/2025\/06\/Wholesale-Stainless-Steel-Airtight-Canister-12-300x300.webp 300w, https:\/\/www.yongyukitchenware.com\/wp-content\/uploads\/2025\/06\/Wholesale-Stainless-Steel-Airtight-Canister-12-150x150.webp 150w, https:\/\/www.yongyukitchenware.com\/wp-content\/uploads\/2025\/06\/Wholesale-Stainless-Steel-Airtight-Canister-12-768x768.webp 768w, https:\/\/www.yongyukitchenware.com\/wp-content\/uploads\/2025\/06\/Wholesale-Stainless-Steel-Airtight-Canister-12-12x12.webp 12w, https:\/\/www.yongyukitchenware.com\/wp-content\/uploads\/2025\/06\/Wholesale-Stainless-Steel-Airtight-Canister-12-600x600.webp 600w, https:\/\/www.yongyukitchenware.com\/wp-content\/uploads\/2025\/06\/Wholesale-Stainless-Steel-Airtight-Canister-12-100x100.webp 100w\" sizes=\"(max-width: 800px) 100vw, 800px\" \/><\/figure>\n<\/div><\/div>\n<\/div>\n<\/div>\n<\/div>\n\n\n\n<div class=\"wp-block-group is-vertical is-layout-flex wp-container-core-group-is-layout-8cf370e7 wp-block-group-is-layout-flex\">\n<h2 class=\"wp-block-heading\">Recipiente herm\u00e9tico de a\u00e7o inoxid\u00e1vel personalizado Tamanho:<\/h2>\n<\/div>\n\n\n\n<figure class=\"wp-block-table\"><table class=\"has-fixed-layout\"><tbody><tr><td>Modelo<\/td><td>Capacidade<\/td><td>MOQ<\/td><\/tr><tr><td rowspan=\"3\">DY115-Z<\/td><td>1.2L<\/td><td rowspan=\"3\">100 unidades<\/td><\/tr><tr><td>1.5L<\/td><\/tr><tr><td>1.8L<\/td><\/tr><\/tbody><\/table><\/figure>","protected":false},"excerpt":{"rendered":"<p>Recipiente herm\u00e9tico em a\u00e7o inoxid\u00e1vel personalizado. Possui uma tampa selada a v\u00e1cuo e uma constru\u00e7\u00e3o em a\u00e7o inoxid\u00e1vel resistente \u00e0 ferrugem para uma frescura duradoura. Perfeito para armazenar caf\u00e9, ch\u00e1 ou produtos secos em cozinhas e caf\u00e9s. Personalize com o seu log\u00f3tipo - ideal para encomendas por grosso e com marca pr\u00f3pria.<\/p>\n<h2 style=\"text-align: left;\">Recipiente herm\u00e9tico de a\u00e7o inoxid\u00e1vel personalizado Par\u00e2metro:<\/h2>\n<p style=\"text-align: left;\"><strong>Material:<\/strong> A\u00e7o inoxid\u00e1vel<br \/><strong>Cor:<\/strong> Prateado\/Preto\/Branco<br \/><strong>Tamanho diferente:<\/strong> 1.2L\/1.5L\/1.8L<br \/><strong>Embalagem: <\/strong>Saco Opp e caixa de cart\u00e3o<br \/><strong>OEM\/ODM:<\/strong> Dispon\u00edvel<\/p>\n<h2 class=\"wp-block-heading\">Fabricante de recipiente herm\u00e9tico de a\u00e7o inoxid\u00e1vel personalizado :<\/h2>\n<p>Fundada em 1996, a Yongyu especializou-se na produ\u00e7\u00e3o e venda por grosso de recipientes de a\u00e7o inoxid\u00e1vel para armazenamento de alimentos, utens\u00edlios de cozinha, material de restaura\u00e7\u00e3o, artigos para casa e equipamento de cozinha para campismo. Fornece aos clientes servi\u00e7os completos de aquisi\u00e7\u00e3o de OEM e ODM e de com\u00e9rcio eletr\u00f3nico.<\/p>","protected":false},"featured_media":4188,"comment_status":"closed","ping_status":"closed","template":"","meta":{"_acf_changed":true},"application":[31],"product_brand":[],"product_cat":[19],"product_tag":[],"class_list":{"0":"post-4206","1":"product","2":"type-product","3":"status-publish","4":"has-post-thumbnail","6":"application-champ-kitchen","7":"product_cat-food-storage-container-bulk-custom","9":"first","10":"instock","11":"shipping-taxable","12":"product-type-simple"},"acf":[],"_links":{"self":[{"href":"https:\/\/www.yongyukitchenware.com\/pt\/wp-json\/wp\/v2\/product\/4206","targetHints":{"allow":["GET"]}}],"collection":[{"href":"https:\/\/www.yongyukitchenware.com\/pt\/wp-json\/wp\/v2\/product"}],"about":[{"href":"https:\/\/www.yongyukitchenware.com\/pt\/wp-json\/wp\/v2\/types\/product"}],"replies":[{"embeddable":true,"href":"https:\/\/www.yongyukitchenware.com\/pt\/wp-json\/wp\/v2\/comments?post=4206"}],"wp:featuredmedia":[{"embeddable":true,"href":"https:\/\/www.yongyukitchenware.com\/pt\/wp-json\/wp\/v2\/media\/4188"}],"wp:attachment":[{"href":"https:\/\/www.yongyukitchenware.com\/pt\/wp-json\/wp\/v2\/media?parent=4206"}],"wp:term":[{"taxonomy":"application","embeddable":true,"href":"https:\/\/www.yongyukitchenware.com\/pt\/wp-json\/wp\/v2\/application?post=4206"},{"taxonomy":"product_brand","embeddable":true,"href":"https:\/\/www.yongyukitchenware.com\/pt\/wp-json\/wp\/v2\/product_brand?post=4206"},{"taxonomy":"product_cat","embeddable":true,"href":"https:\/\/www.yongyukitchenware.com\/pt\/wp-json\/wp\/v2\/product_cat?post=4206"},{"taxonomy":"product_tag","embeddable":true,"href":"https:\/\/www.yongyukitchenware.com\/pt\/wp-json\/wp\/v2\/product_tag?post=4206"}],"curies":[{"name":"wp","href":"https:\/\/api.w.org\/{rel}","templated":true}]}}