{"id":4220,"date":"2025-07-02T01:26:24","date_gmt":"2025-07-02T01:26:24","guid":{"rendered":"https:\/\/www.yongyukitchenware.com\/?post_type=product&#038;p=4220"},"modified":"2025-07-02T01:26:33","modified_gmt":"2025-07-02T01:26:33","slug":"wholesale-stainless-steel-steamer-basket-with-handle","status":"publish","type":"product","link":"https:\/\/www.yongyukitchenware.com\/pt\/produto\/wholesale-stainless-steel-steamer-basket-with-handle\/","title":{"rendered":"Cesto para vapor em a\u00e7o inoxid\u00e1vel com pega"},"content":{"rendered":"<div class=\"wp-block-columns is-layout-flex wp-container-core-columns-is-layout-9d6595d7 wp-block-columns-is-layout-flex\">\n<div class=\"wp-block-column is-layout-flow wp-block-column-is-layout-flow\">\n<h2 class=\"wp-block-heading\">Tamanho do cesto para vapor de a\u00e7o inoxid\u00e1vel por atacado:<\/h2>\n\n\n\n<figure class=\"wp-block-table\"><table class=\"has-fixed-layout\"><tbody><tr><td>Modelo<\/td><td>Di\u00e2metro<\/td><td>MOQ<\/td><\/tr><tr><td rowspan=\"7\">DY117-Z<\/td><td>13,8*8CM<\/td><td>160 UNIDADES<\/td><\/tr><tr><td>16,5*9,5CM<\/td><td>128 UNIDADES<\/td><\/tr><tr><td>17,5*9,5CM<\/td><td>128 UNIDADES<\/td><\/tr><tr><td>20*9,5CM<\/td><td>96 UNIDADES<\/td><\/tr><tr><td>22*9,5CM<\/td><td>96 UNIDADES<\/td><\/tr><tr><td>21,5*12,5CM<\/td><td>54 UNIDADES<\/td><\/tr><tr><td>21,5*14CM<\/td><td>45 PE\u00c7AS<\/td><\/tr><\/tbody><\/table><\/figure>\n\n\n\n<figure class=\"wp-block-image size-full is-resized\"><img decoding=\"async\" width=\"800\" height=\"800\" src=\"https:\/\/www.yongyukitchenware.com\/wp-content\/uploads\/2025\/06\/Wholesale-Stainless-Steel-Steamer-Basket-4.webp\" alt=\"Cesto de a\u00e7o inoxid\u00e1vel para vaporizador-4\" class=\"wp-image-4224\" style=\"width:384px\" srcset=\"https:\/\/www.yongyukitchenware.com\/wp-content\/uploads\/2025\/06\/Wholesale-Stainless-Steel-Steamer-Basket-4.webp 800w, https:\/\/www.yongyukitchenware.com\/wp-content\/uploads\/2025\/06\/Wholesale-Stainless-Steel-Steamer-Basket-4-300x300.webp 300w, https:\/\/www.yongyukitchenware.com\/wp-content\/uploads\/2025\/06\/Wholesale-Stainless-Steel-Steamer-Basket-4-150x150.webp 150w, https:\/\/www.yongyukitchenware.com\/wp-content\/uploads\/2025\/06\/Wholesale-Stainless-Steel-Steamer-Basket-4-768x768.webp 768w, https:\/\/www.yongyukitchenware.com\/wp-content\/uploads\/2025\/06\/Wholesale-Stainless-Steel-Steamer-Basket-4-12x12.webp 12w, https:\/\/www.yongyukitchenware.com\/wp-content\/uploads\/2025\/06\/Wholesale-Stainless-Steel-Steamer-Basket-4-600x600.webp 600w, https:\/\/www.yongyukitchenware.com\/wp-content\/uploads\/2025\/06\/Wholesale-Stainless-Steel-Steamer-Basket-4-100x100.webp 100w\" sizes=\"(max-width: 800px) 100vw, 800px\" \/><\/figure>\n<\/div>\n\n\n\n<div class=\"wp-block-column is-layout-flow wp-block-column-is-layout-flow\">\n<figure class=\"wp-block-image size-full is-resized\"><img decoding=\"async\" width=\"800\" height=\"800\" src=\"https:\/\/www.yongyukitchenware.com\/wp-content\/uploads\/2025\/06\/Wholesale-Stainless-Steel-Steamer-Basket-3.webp\" alt=\"Cesto de a\u00e7o inoxid\u00e1vel para escareador-3\" class=\"wp-image-4223\" style=\"width:384px;height:auto\" srcset=\"https:\/\/www.yongyukitchenware.com\/wp-content\/uploads\/2025\/06\/Wholesale-Stainless-Steel-Steamer-Basket-3.webp 800w, https:\/\/www.yongyukitchenware.com\/wp-content\/uploads\/2025\/06\/Wholesale-Stainless-Steel-Steamer-Basket-3-300x300.webp 300w, https:\/\/www.yongyukitchenware.com\/wp-content\/uploads\/2025\/06\/Wholesale-Stainless-Steel-Steamer-Basket-3-150x150.webp 150w, https:\/\/www.yongyukitchenware.com\/wp-content\/uploads\/2025\/06\/Wholesale-Stainless-Steel-Steamer-Basket-3-768x768.webp 768w, https:\/\/www.yongyukitchenware.com\/wp-content\/uploads\/2025\/06\/Wholesale-Stainless-Steel-Steamer-Basket-3-12x12.webp 12w, https:\/\/www.yongyukitchenware.com\/wp-content\/uploads\/2025\/06\/Wholesale-Stainless-Steel-Steamer-Basket-3-600x600.webp 600w, https:\/\/www.yongyukitchenware.com\/wp-content\/uploads\/2025\/06\/Wholesale-Stainless-Steel-Steamer-Basket-3-100x100.webp 100w\" sizes=\"(max-width: 800px) 100vw, 800px\" \/><\/figure>\n\n\n\n<h2 class=\"wp-block-heading\">Cesto para vapor de a\u00e7o inoxid\u00e1vel por atacado Carater\u00edsticas:<\/h2>\n\n\n\n<p><strong>V\u00e1rios tamanhos dispon\u00edveis:<\/strong> Um total de 7 tamanhos, com di\u00e2metros que variam entre 13,8 cm e 21,5 cm, s\u00e3o compat\u00edveis com v\u00e1rios utens\u00edlios de cozinha, como panelas de arroz, woks e panelas de sopa, permitindo uma sele\u00e7\u00e3o flex\u00edvel para melhor satisfazer as necessidades de utiliza\u00e7\u00e3o.<br><strong>A\u00e7o inoxid\u00e1vel de qualidade alimentar: <\/strong>Fabricado em a\u00e7o inoxid\u00e1vel de qualidade alimentar, \u00e9 resistente \u00e0 corros\u00e3o, resistente ao calor, inodoro e mais seguro quando em contacto direto com os alimentos. \u00c9 dur\u00e1vel e menos suscet\u00edvel de se deformar.<br><strong>Design fino do orif\u00edcio de vaporiza\u00e7\u00e3o: <\/strong>Os orif\u00edcios de vaporiza\u00e7\u00e3o est\u00e3o distribu\u00eddos uniformemente, aumentando efetivamente a efici\u00eancia da circula\u00e7\u00e3o do vapor, permitindo que os alimentos aque\u00e7am mais rapidamente e de forma mais uniforme, poupando tempo de cozedura e mantendo o aroma original dos ingredientes.<br><strong>Estrutura de suporte est\u00e1vel: <\/strong>O fundo est\u00e1 equipado com um design de suporte incorporado. Pode ser aquecido em \u00e1gua sem tocar na superf\u00edcie da \u00e1gua, evitando eficazmente que se cole ao fundo ou fique subjacente.<br><strong>A pega \u00e9 dobr\u00e1vel:<\/strong> A parte superior est\u00e1 equipada com uma pega dobr\u00e1vel, o que torna mais c\u00f3modo tirar e p\u00f4r, evitando o risco de queimar as m\u00e3os e permitindo um funcionamento f\u00e1cil mesmo depois de cozer a vapor ou ferver.<br><strong>Um ajudante de cozinha vers\u00e1til:<\/strong> N\u00e3o s\u00f3 pode cozer arroz a vapor, mas tamb\u00e9m legumes, milho, p\u00e3ezinhos, ovos, etc. \u00c9 um utens\u00edlio de cozinha pr\u00e1tico que todas as fam\u00edlias merecem ter.<\/p>\n<\/div>\n<\/div>\n\n\n\n<p><\/p>","protected":false},"excerpt":{"rendered":"<div class=\"n4sEPd\">\n<div class=\"UdTY9 qhIQqf leDWne\" aria-hidden=\"true\" data-location=\"1\">Cesto para vaporiza\u00e7\u00e3o em a\u00e7o inoxid\u00e1vel por grosso. Fabricado em a\u00e7o inoxid\u00e1vel de qualidade alimentar duradouro com uma pega pr\u00e1tica para facilitar a eleva\u00e7\u00e3o. Ideal para vaporizar legumes, bolinhos de massa ou marisco em cozinhas, restaurantes e catering.<\/div>\n<\/div>\n<h2 style=\"text-align: left;\">Cesto para vapor em a\u00e7o inoxid\u00e1vel por atacado:<\/h2>\n<p style=\"text-align: left;\"><strong>Material:<\/strong> A\u00e7o inoxid\u00e1vel<br \/><span style=\"margin: 0px; padding: 0px;\"><strong>Comprimento:<\/strong> 13.8\/16.5\/17.5\/20\/22\/21.5cm<\/span><br \/><strong>Forma:<\/strong> Forma redonda<br \/><strong>Embalagem:<\/strong> Saco OPP e caixa de cart\u00e3o<br \/><strong>OEM\/ODM:<\/strong> Dispon\u00edvel<\/p>\n<h2 class=\"wp-block-heading\">De Yongyu Tableware Wholesaler:<\/h2>\n<p>A Yongyu Tableware Wholesaler pode satisfazer as necessidades dos clientes a granel e fornecer uma s\u00e9rie de fornecimentos de catering de alta qualidade por atacado que combina eleg\u00e2ncia e durabilidade. Incluindo utens\u00edlios de mesa, utens\u00edlios de bebida, equipamento de restaura\u00e7\u00e3o, utens\u00edlios de cozinha, artigos essenciais de cozinha de acampamento, etc.<\/p>","protected":false},"featured_media":4225,"comment_status":"closed","ping_status":"closed","template":"","meta":{"_acf_changed":false},"application":[29],"product_brand":[],"product_cat":[21],"product_tag":[],"class_list":{"0":"post-4220","1":"product","2":"type-product","3":"status-publish","4":"has-post-thumbnail","6":"application-home-kitchen","7":"product_cat-tableware-wholesale","9":"first","10":"instock","11":"shipping-taxable","12":"product-type-simple"},"acf":[],"_links":{"self":[{"href":"https:\/\/www.yongyukitchenware.com\/pt\/wp-json\/wp\/v2\/product\/4220","targetHints":{"allow":["GET"]}}],"collection":[{"href":"https:\/\/www.yongyukitchenware.com\/pt\/wp-json\/wp\/v2\/product"}],"about":[{"href":"https:\/\/www.yongyukitchenware.com\/pt\/wp-json\/wp\/v2\/types\/product"}],"replies":[{"embeddable":true,"href":"https:\/\/www.yongyukitchenware.com\/pt\/wp-json\/wp\/v2\/comments?post=4220"}],"wp:featuredmedia":[{"embeddable":true,"href":"https:\/\/www.yongyukitchenware.com\/pt\/wp-json\/wp\/v2\/media\/4225"}],"wp:attachment":[{"href":"https:\/\/www.yongyukitchenware.com\/pt\/wp-json\/wp\/v2\/media?parent=4220"}],"wp:term":[{"taxonomy":"application","embeddable":true,"href":"https:\/\/www.yongyukitchenware.com\/pt\/wp-json\/wp\/v2\/application?post=4220"},{"taxonomy":"product_brand","embeddable":true,"href":"https:\/\/www.yongyukitchenware.com\/pt\/wp-json\/wp\/v2\/product_brand?post=4220"},{"taxonomy":"product_cat","embeddable":true,"href":"https:\/\/www.yongyukitchenware.com\/pt\/wp-json\/wp\/v2\/product_cat?post=4220"},{"taxonomy":"product_tag","embeddable":true,"href":"https:\/\/www.yongyukitchenware.com\/pt\/wp-json\/wp\/v2\/product_tag?post=4220"}],"curies":[{"name":"wp","href":"https:\/\/api.w.org\/{rel}","templated":true}]}}