{"id":4227,"date":"2025-07-02T01:29:34","date_gmt":"2025-07-02T01:29:34","guid":{"rendered":"https:\/\/www.yongyukitchenware.com\/?post_type=product&#038;p=4227"},"modified":"2025-07-02T01:29:36","modified_gmt":"2025-07-02T01:29:36","slug":"wholesale-stainless-steel-food-container-with-locking-lid","status":"publish","type":"product","link":"https:\/\/www.yongyukitchenware.com\/pt\/produto\/wholesale-stainless-steel-food-container-with-locking-lid\/","title":{"rendered":"Recipiente para alimentos por atacado em a\u00e7o inoxid\u00e1vel com tampa de fecho"},"content":{"rendered":"<div class=\"wp-block-columns is-layout-flex wp-container-core-columns-is-layout-9d6595d7 wp-block-columns-is-layout-flex\">\n<div class=\"wp-block-column is-layout-flow wp-block-column-is-layout-flow\">\n<h2 class=\"wp-block-heading\">Recipiente de a\u00e7o inoxid\u00e1vel para alimentos por atacado Carater\u00edsticas:<\/h2>\n\n\n\n<p><strong>Design \u00e0 prova de fugas com dupla veda\u00e7\u00e3o:<\/strong> Equipado com an\u00e9is de veda\u00e7\u00e3o de silicone de qualidade alimentar e clipes de quatro lados, mant\u00e9m a frescura e a humidade sem fugas laterais, tornando-o adequado para transportar para o trabalho ou para sair.<br><strong>Maior escolha de capacidade:<\/strong>1100ml\/1300ml\/1600ml\/1900ml quatro capacidades, pode facilmente receber comida, fruta, sopa, fam\u00edlia diariamente ou em viagem.<br>A\u00e7o inoxid\u00e1vel de qualidade alimentar: Fabricado em a\u00e7o inoxid\u00e1vel de alta qualidade, \u00e9 resistente ao calor, seguro para o congelador, inodoro e menos propenso a res\u00edduos de \u00f3leo, proporcionando maior tranquilidade durante a utiliza\u00e7\u00e3o.<br><strong>Tampa superior vis\u00edvel e brilhante + mostrador da data: <\/strong>A tampa superior transparente mostra claramente os alimentos no interior. Est\u00e1 equipada com um mostrador de registo da data, que lhe permite controlar facilmente a data de validade dos alimentos e evitar esquecimentos e desperd\u00edcios.<br><strong>Design de pega port\u00e1til:<\/strong> Pega dobr\u00e1vel, mais conveniente para guardar em casa ou para transportar no exterior, bonita e pr\u00e1tica.<\/p>\n<\/div>\n\n\n\n<div class=\"wp-block-column is-layout-flow wp-block-column-is-layout-flow\">\n<div class=\"wp-block-columns is-layout-flex wp-container-core-columns-is-layout-9d6595d7 wp-block-columns-is-layout-flex\">\n<div class=\"wp-block-column is-layout-flow wp-block-column-is-layout-flow\"><div class=\"wp-block-image\">\n<figure class=\"aligncenter size-full is-resized\"><img decoding=\"async\" width=\"800\" height=\"800\" src=\"https:\/\/www.yongyukitchenware.com\/wp-content\/uploads\/2025\/06\/Wholesale-Stainless-Steel-Food-Container-6.webp\" alt=\"Recipiente para alimentos-6 em a\u00e7o inoxid\u00e1vel por atacado\" class=\"wp-image-4233\" style=\"width:416px;height:auto\" srcset=\"https:\/\/www.yongyukitchenware.com\/wp-content\/uploads\/2025\/06\/Wholesale-Stainless-Steel-Food-Container-6.webp 800w, https:\/\/www.yongyukitchenware.com\/wp-content\/uploads\/2025\/06\/Wholesale-Stainless-Steel-Food-Container-6-300x300.webp 300w, https:\/\/www.yongyukitchenware.com\/wp-content\/uploads\/2025\/06\/Wholesale-Stainless-Steel-Food-Container-6-150x150.webp 150w, https:\/\/www.yongyukitchenware.com\/wp-content\/uploads\/2025\/06\/Wholesale-Stainless-Steel-Food-Container-6-768x768.webp 768w, https:\/\/www.yongyukitchenware.com\/wp-content\/uploads\/2025\/06\/Wholesale-Stainless-Steel-Food-Container-6-12x12.webp 12w, https:\/\/www.yongyukitchenware.com\/wp-content\/uploads\/2025\/06\/Wholesale-Stainless-Steel-Food-Container-6-600x600.webp 600w, https:\/\/www.yongyukitchenware.com\/wp-content\/uploads\/2025\/06\/Wholesale-Stainless-Steel-Food-Container-6-100x100.webp 100w\" sizes=\"(max-width: 800px) 100vw, 800px\" \/><\/figure>\n<\/div>\n\n<div class=\"wp-block-image\">\n<figure class=\"aligncenter size-full is-resized\"><img decoding=\"async\" width=\"800\" height=\"800\" src=\"https:\/\/www.yongyukitchenware.com\/wp-content\/uploads\/2025\/06\/Wholesale-Stainless-Steel-Food-Container-13.webp\" alt=\"Recipiente para alimentos por atacado de a\u00e7o inoxid\u00e1vel-13\" class=\"wp-image-4240\" style=\"width:416px;height:auto\" srcset=\"https:\/\/www.yongyukitchenware.com\/wp-content\/uploads\/2025\/06\/Wholesale-Stainless-Steel-Food-Container-13.webp 800w, https:\/\/www.yongyukitchenware.com\/wp-content\/uploads\/2025\/06\/Wholesale-Stainless-Steel-Food-Container-13-300x300.webp 300w, https:\/\/www.yongyukitchenware.com\/wp-content\/uploads\/2025\/06\/Wholesale-Stainless-Steel-Food-Container-13-150x150.webp 150w, https:\/\/www.yongyukitchenware.com\/wp-content\/uploads\/2025\/06\/Wholesale-Stainless-Steel-Food-Container-13-768x768.webp 768w, https:\/\/www.yongyukitchenware.com\/wp-content\/uploads\/2025\/06\/Wholesale-Stainless-Steel-Food-Container-13-12x12.webp 12w, https:\/\/www.yongyukitchenware.com\/wp-content\/uploads\/2025\/06\/Wholesale-Stainless-Steel-Food-Container-13-600x600.webp 600w, https:\/\/www.yongyukitchenware.com\/wp-content\/uploads\/2025\/06\/Wholesale-Stainless-Steel-Food-Container-13-100x100.webp 100w\" sizes=\"(max-width: 800px) 100vw, 800px\" \/><\/figure>\n<\/div><\/div>\n<\/div>\n<\/div>\n<\/div>\n\n\n\n<div class=\"wp-block-group is-vertical is-layout-flex wp-container-core-group-is-layout-8cf370e7 wp-block-group-is-layout-flex\">\n<h2 class=\"wp-block-heading\">Tamanho do recipiente de a\u00e7o inoxid\u00e1vel para alimentos por atacado:<\/h2>\n<\/div>\n\n\n\n<figure class=\"wp-block-table\"><table class=\"has-fixed-layout\"><tbody><tr><td>Modelo<\/td><td>Tamanho<\/td><td>Capacidade<\/td><td>MOQ<\/td><\/tr><tr><td rowspan=\"4\">DY057-FH<\/td><td>18*18*9,3cm<\/td><td>1100ML<\/td><td rowspan=\"4\">120 UNIDADES<\/td><\/tr><tr><td>18*18*11,5cm<\/td><td>1300ML<\/td><\/tr><tr><td>19,5*19,5*10,5cm<\/td><td>1600ML<\/td><\/tr><tr><td>19,5*19,5*12,5cm<\/td><td>1900ML<\/td><\/tr><\/tbody><\/table><\/figure>","protected":false},"excerpt":{"rendered":"<p>Recipiente para alimentos em a\u00e7o inoxid\u00e1vel para venda por grosso. Fabricado em a\u00e7o inoxid\u00e1vel de alta qualidade com uma tampa de fecho seguro para uma veda\u00e7\u00e3o herm\u00e9tica. Ideal para a prepara\u00e7\u00e3o de refei\u00e7\u00f5es, armazenamento e transporte de alimentos em cozinhas, restaurantes e servi\u00e7os de catering. \u00d3timo para encomendas B2B a granel para melhorar a seguran\u00e7a alimentar e a efici\u00eancia operacional.<\/p>\n<h2 style=\"text-align: left;\">Recipiente de a\u00e7o inoxid\u00e1vel para alimentos por atacado Par\u00e2metro:<\/h2>\n<p style=\"text-align: left;\"><strong>Material:<\/strong> A\u00e7o inoxid\u00e1vel<br \/><strong>Cor:<\/strong> Prata<br \/><strong>Tamanho diferente:<\/strong> 1100\/1300\/1600\/1900ML<br \/><strong>Embalagem: <\/strong>Saco Opp e caixa de cart\u00e3o<br \/><strong>OEM\/ODM:<\/strong> Dispon\u00edvel<\/p>\n<h2 class=\"wp-block-heading\">Fabricante de recipiente de a\u00e7o inoxid\u00e1vel para alimentos por atacado :<\/h2>\n<p>Fundada em 1996, a Yongyu especializou-se na produ\u00e7\u00e3o e venda por grosso de recipientes de a\u00e7o inoxid\u00e1vel para armazenamento de alimentos, utens\u00edlios de cozinha, material de restaura\u00e7\u00e3o, artigos para casa e equipamento de cozinha para campismo. Fornece aos clientes servi\u00e7os completos de aquisi\u00e7\u00e3o de OEM e ODM e de com\u00e9rcio eletr\u00f3nico.<\/p>","protected":false},"featured_media":4228,"comment_status":"closed","ping_status":"closed","template":"","meta":{"_acf_changed":false},"application":[31],"product_brand":[],"product_cat":[19],"product_tag":[],"class_list":{"0":"post-4227","1":"product","2":"type-product","3":"status-publish","4":"has-post-thumbnail","6":"application-champ-kitchen","7":"product_cat-food-storage-container-bulk-custom","9":"first","10":"instock","11":"shipping-taxable","12":"product-type-simple"},"acf":[],"_links":{"self":[{"href":"https:\/\/www.yongyukitchenware.com\/pt\/wp-json\/wp\/v2\/product\/4227","targetHints":{"allow":["GET"]}}],"collection":[{"href":"https:\/\/www.yongyukitchenware.com\/pt\/wp-json\/wp\/v2\/product"}],"about":[{"href":"https:\/\/www.yongyukitchenware.com\/pt\/wp-json\/wp\/v2\/types\/product"}],"replies":[{"embeddable":true,"href":"https:\/\/www.yongyukitchenware.com\/pt\/wp-json\/wp\/v2\/comments?post=4227"}],"wp:featuredmedia":[{"embeddable":true,"href":"https:\/\/www.yongyukitchenware.com\/pt\/wp-json\/wp\/v2\/media\/4228"}],"wp:attachment":[{"href":"https:\/\/www.yongyukitchenware.com\/pt\/wp-json\/wp\/v2\/media?parent=4227"}],"wp:term":[{"taxonomy":"application","embeddable":true,"href":"https:\/\/www.yongyukitchenware.com\/pt\/wp-json\/wp\/v2\/application?post=4227"},{"taxonomy":"product_brand","embeddable":true,"href":"https:\/\/www.yongyukitchenware.com\/pt\/wp-json\/wp\/v2\/product_brand?post=4227"},{"taxonomy":"product_cat","embeddable":true,"href":"https:\/\/www.yongyukitchenware.com\/pt\/wp-json\/wp\/v2\/product_cat?post=4227"},{"taxonomy":"product_tag","embeddable":true,"href":"https:\/\/www.yongyukitchenware.com\/pt\/wp-json\/wp\/v2\/product_tag?post=4227"}],"curies":[{"name":"wp","href":"https:\/\/api.w.org\/{rel}","templated":true}]}}