{"id":4244,"date":"2025-08-20T07:32:18","date_gmt":"2025-08-20T07:32:18","guid":{"rendered":"https:\/\/www.yongyukitchenware.com\/?post_type=product&#038;p=4244"},"modified":"2025-08-20T07:32:23","modified_gmt":"2025-08-20T07:32:23","slug":"wholesale-3-layer-stainless-steel-non-stick-frying-pans","status":"publish","type":"product","link":"https:\/\/www.yongyukitchenware.com\/pt\/produto\/wholesale-3-layer-stainless-steel-non-stick-frying-pans\/","title":{"rendered":"Frigideiras antiaderentes de a\u00e7o inoxid\u00e1vel de 3 camadas por atacado"},"content":{"rendered":"<div class=\"wp-block-columns is-layout-flex wp-container-core-columns-is-layout-9d6595d7 wp-block-columns-is-layout-flex\">\n<div class=\"wp-block-column is-layout-flow wp-block-column-is-layout-flow\">\n<h2 class=\"wp-block-heading\">Frigideiras antiaderentes de a\u00e7o inoxid\u00e1vel Carater\u00edsticas:<\/h2>\n\n\n\n<p><strong>A\u00e7o de camada tripla: <\/strong>As nossas frigideiras apresentam um design robusto em a\u00e7o de camada tripla que combina a condutividade t\u00e9rmica do alum\u00ednio com a resist\u00eancia \u00e0 corros\u00e3o do a\u00e7o inoxid\u00e1vel. Isto assegura uma distribui\u00e7\u00e3o uniforme do calor e um desempenho duradouro.<\/p>\n\n\n\n<p><strong>Op\u00e7\u00f5es de revestimento antiaderente em favo de mel:<\/strong> As nossas op\u00e7\u00f5es de revestimento antiaderente est\u00e3o dispon\u00edveis em favo de mel e em designs de superf\u00edcie lisa para se adequarem a diferentes prefer\u00eancias culin\u00e1rias. O padr\u00e3o exclusivo em favo de mel melhora o desempenho antiaderente e reduz a utiliza\u00e7\u00e3o de \u00f3leo.<\/p>\n\n\n\n<p><strong>Pegas em a\u00e7o inoxid\u00e1vel:<\/strong> Equipados com pegas robustas em a\u00e7o inoxid\u00e1vel, foram concebidos ergonomicamente para garantir um equil\u00edbrio e conforto ideais durante a utiliza\u00e7\u00e3o.<\/p>\n\n\n\n<p><strong>Compat\u00edvel com v\u00e1rias placas de fog\u00e3o: <\/strong>Compat\u00edvel com todos os tipos de fog\u00f5es, incluindo a g\u00e1s, el\u00e9ctricos, de cer\u00e2mica e de indu\u00e7\u00e3o.<\/p>\n<\/div>\n\n\n\n<div class=\"wp-block-column is-layout-flow wp-block-column-is-layout-flow\">\n<div class=\"wp-block-columns is-layout-flex wp-container-core-columns-is-layout-9d6595d7 wp-block-columns-is-layout-flex\">\n<div class=\"wp-block-column is-layout-flow wp-block-column-is-layout-flow\">\n<figure class=\"wp-block-image size-full\"><img decoding=\"async\" width=\"800\" height=\"800\" src=\"https:\/\/www.yongyukitchenware.com\/wp-content\/uploads\/2024\/11\/Stainless-steel-frying-pan-4.webp\" alt=\"Frigideira de a\u00e7o inoxid\u00e1vel-4\" class=\"wp-image-2177\" srcset=\"https:\/\/www.yongyukitchenware.com\/wp-content\/uploads\/2024\/11\/Stainless-steel-frying-pan-4.webp 800w, https:\/\/www.yongyukitchenware.com\/wp-content\/uploads\/2024\/11\/Stainless-steel-frying-pan-4-300x300.webp 300w, https:\/\/www.yongyukitchenware.com\/wp-content\/uploads\/2024\/11\/Stainless-steel-frying-pan-4-150x150.webp 150w, https:\/\/www.yongyukitchenware.com\/wp-content\/uploads\/2024\/11\/Stainless-steel-frying-pan-4-768x768.webp 768w, https:\/\/www.yongyukitchenware.com\/wp-content\/uploads\/2024\/11\/Stainless-steel-frying-pan-4-12x12.webp 12w, https:\/\/www.yongyukitchenware.com\/wp-content\/uploads\/2024\/11\/Stainless-steel-frying-pan-4-600x600.webp 600w, https:\/\/www.yongyukitchenware.com\/wp-content\/uploads\/2024\/11\/Stainless-steel-frying-pan-4-100x100.webp 100w\" sizes=\"(max-width: 800px) 100vw, 800px\" \/><\/figure>\n\n\n\n<figure class=\"wp-block-image size-full\"><img decoding=\"async\" width=\"800\" height=\"800\" src=\"https:\/\/www.yongyukitchenware.com\/wp-content\/uploads\/2024\/11\/Stainless-steel-frying-pan-7.webp\" alt=\"Frigideira de a\u00e7o inoxid\u00e1vel-7\" class=\"wp-image-2180\" srcset=\"https:\/\/www.yongyukitchenware.com\/wp-content\/uploads\/2024\/11\/Stainless-steel-frying-pan-7.webp 800w, https:\/\/www.yongyukitchenware.com\/wp-content\/uploads\/2024\/11\/Stainless-steel-frying-pan-7-300x300.webp 300w, https:\/\/www.yongyukitchenware.com\/wp-content\/uploads\/2024\/11\/Stainless-steel-frying-pan-7-150x150.webp 150w, https:\/\/www.yongyukitchenware.com\/wp-content\/uploads\/2024\/11\/Stainless-steel-frying-pan-7-768x768.webp 768w, https:\/\/www.yongyukitchenware.com\/wp-content\/uploads\/2024\/11\/Stainless-steel-frying-pan-7-12x12.webp 12w, https:\/\/www.yongyukitchenware.com\/wp-content\/uploads\/2024\/11\/Stainless-steel-frying-pan-7-600x600.webp 600w, https:\/\/www.yongyukitchenware.com\/wp-content\/uploads\/2024\/11\/Stainless-steel-frying-pan-7-100x100.webp 100w\" sizes=\"(max-width: 800px) 100vw, 800px\" \/><\/figure>\n<\/div>\n<\/div>\n<\/div>\n<\/div>\n\n\n\n<p><\/p>","protected":false},"excerpt":{"rendered":"<p>As frigideiras antiaderentes de a\u00e7o inoxid\u00e1vel de 3 camadas por grosso apresentam uma constru\u00e7\u00e3o dur\u00e1vel de tr\u00eas camadas para um aquecimento r\u00e1pido e uniforme e um interior antiaderente fi\u00e1vel, tornando-as ideais para um fornecimento eficiente a granel a cozinhas e retalhistas.<\/p>\n<h2>Frigideiras antiaderentes de a\u00e7o inoxid\u00e1vel Par\u00e2metro:<\/h2>\n<p><strong>Material:<\/strong> A\u00e7o inoxid\u00e1vel<br \/><strong>Forma interior:<\/strong> Com e sem favo de mel<br \/><strong>Design da pega:<\/strong> Pega em a\u00e7o inoxid\u00e1vel e puxadores refor\u00e7ados com rebites<br \/><strong>Tamanhos:<\/strong> 22\/24\/26\/28\/30cm<br \/><strong>OEM\/ODM:<\/strong> Dispon\u00edvel<\/p>\n<h2 class=\"wp-block-heading\">De Yongyu Cookware Fabricante :<\/h2>\n<p>Yongyu \u00e9 um fabricante de utens\u00edlios de cozinha bem conhecido na China, conhecido por fornecer uma vasta gama de utens\u00edlios de cozinha em a\u00e7o inoxid\u00e1vel de alta qualidade, incluindo frigideiras, woks, panelas para caldos e panelas para massas, etc.<\/p>","protected":false},"featured_media":2175,"comment_status":"closed","ping_status":"closed","template":"","meta":{"_acf_changed":false},"application":[29],"product_brand":[],"product_cat":[23,32],"product_tag":[],"class_list":{"0":"post-4244","1":"product","2":"type-product","3":"status-publish","4":"has-post-thumbnail","6":"application-home-kitchen","7":"product_cat-kitchenware-wholesale","8":"product_cat-wholesale-cookware","10":"first","11":"instock","12":"shipping-taxable","13":"product-type-simple"},"acf":[],"_links":{"self":[{"href":"https:\/\/www.yongyukitchenware.com\/pt\/wp-json\/wp\/v2\/product\/4244","targetHints":{"allow":["GET"]}}],"collection":[{"href":"https:\/\/www.yongyukitchenware.com\/pt\/wp-json\/wp\/v2\/product"}],"about":[{"href":"https:\/\/www.yongyukitchenware.com\/pt\/wp-json\/wp\/v2\/types\/product"}],"replies":[{"embeddable":true,"href":"https:\/\/www.yongyukitchenware.com\/pt\/wp-json\/wp\/v2\/comments?post=4244"}],"wp:featuredmedia":[{"embeddable":true,"href":"https:\/\/www.yongyukitchenware.com\/pt\/wp-json\/wp\/v2\/media\/2175"}],"wp:attachment":[{"href":"https:\/\/www.yongyukitchenware.com\/pt\/wp-json\/wp\/v2\/media?parent=4244"}],"wp:term":[{"taxonomy":"application","embeddable":true,"href":"https:\/\/www.yongyukitchenware.com\/pt\/wp-json\/wp\/v2\/application?post=4244"},{"taxonomy":"product_brand","embeddable":true,"href":"https:\/\/www.yongyukitchenware.com\/pt\/wp-json\/wp\/v2\/product_brand?post=4244"},{"taxonomy":"product_cat","embeddable":true,"href":"https:\/\/www.yongyukitchenware.com\/pt\/wp-json\/wp\/v2\/product_cat?post=4244"},{"taxonomy":"product_tag","embeddable":true,"href":"https:\/\/www.yongyukitchenware.com\/pt\/wp-json\/wp\/v2\/product_tag?post=4244"}],"curies":[{"name":"wp","href":"https:\/\/api.w.org\/{rel}","templated":true}]}}