{"id":4245,"date":"2025-07-07T09:49:33","date_gmt":"2025-07-07T09:49:33","guid":{"rendered":"https:\/\/www.yongyukitchenware.com\/?post_type=product&#038;p=4245"},"modified":"2025-07-07T09:51:39","modified_gmt":"2025-07-07T09:51:39","slug":"custom-stainless-steel-non-stick-wok-with-double-sided-honeycomb","status":"publish","type":"product","link":"https:\/\/www.yongyukitchenware.com\/pt\/produto\/custom-stainless-steel-non-stick-wok-with-double-sided-honeycomb\/","title":{"rendered":"Wok antiaderente de a\u00e7o inoxid\u00e1vel personalizado com favo de mel de dupla face"},"content":{"rendered":"<div class=\"wp-block-columns is-layout-flex wp-container-core-columns-is-layout-9d6595d7 wp-block-columns-is-layout-flex\">\n<div class=\"wp-block-column is-layout-flow wp-block-column-is-layout-flow\">\n<h2 class=\"wp-block-heading\">Wok antiaderente Carater\u00edsticas:<\/h2>\n\n\n\n<p><strong>Estrutura de a\u00e7o de tr\u00eas camadas:<\/strong> A\u00e7o inoxid\u00e1vel 304\/430 e alum\u00ednio no interior e no exterior, a estrutura de tr\u00eas camadas garante a consist\u00eancia do calor do wok.<br><strong>Processo antiaderente profissional:<\/strong> O processo de grava\u00e7\u00e3o a laser em favo de mel \u00e9 utilizado no interior e no fundo, e a estrutura em favo de mel da panela interior pode evitar eficazmente a ader\u00eancia \u00e0 panela e permitir que os ingredientes aque\u00e7am uniformemente. O fundo da panela circular conduz o calor mais rapidamente e o corpo da panela n\u00e3o \u00e9 f\u00e1cil de ficar amarelo e preto.<br>Elevada compatibilidade: O wok \u00e9 adequado para fritar, cozinhar com luz, cozinhar a vapor e cozinhar a vapor. Adequado para todos os fog\u00f5es, incluindo fog\u00f5es de halog\u00e9neo, a g\u00e1s, de cer\u00e2mica e el\u00e9ctricos<br><strong>F\u00e1cil de limpar e resistente a riscos:<\/strong> As frigideiras antiaderentes s\u00e3o resistentes a riscos e n\u00e3o se desgastam nem se desgastam com a utiliza\u00e7\u00e3o de utens\u00edlios de metal.<br>Design humanizado: A pega de a\u00e7o \u00e9 confort\u00e1vel e a tampa vertical da panela pode ser colocada sem ocupar espa\u00e7o<\/p>\n<\/div>\n\n\n\n<div class=\"wp-block-column is-layout-flow wp-block-column-is-layout-flow\">\n<div class=\"wp-block-columns is-layout-flex wp-container-core-columns-is-layout-9d6595d7 wp-block-columns-is-layout-flex\">\n<div class=\"wp-block-column is-layout-flow wp-block-column-is-layout-flow\">\n<figure class=\"wp-block-image size-full\"><img decoding=\"async\" width=\"800\" height=\"800\" src=\"https:\/\/www.yongyukitchenware.com\/wp-content\/uploads\/2024\/11\/Double-sided-honeycomb-wok-6.webp\" alt=\"\" class=\"wp-image-2164\" srcset=\"https:\/\/www.yongyukitchenware.com\/wp-content\/uploads\/2024\/11\/Double-sided-honeycomb-wok-6.webp 800w, https:\/\/www.yongyukitchenware.com\/wp-content\/uploads\/2024\/11\/Double-sided-honeycomb-wok-6-300x300.webp 300w, https:\/\/www.yongyukitchenware.com\/wp-content\/uploads\/2024\/11\/Double-sided-honeycomb-wok-6-150x150.webp 150w, https:\/\/www.yongyukitchenware.com\/wp-content\/uploads\/2024\/11\/Double-sided-honeycomb-wok-6-768x768.webp 768w, https:\/\/www.yongyukitchenware.com\/wp-content\/uploads\/2024\/11\/Double-sided-honeycomb-wok-6-12x12.webp 12w, https:\/\/www.yongyukitchenware.com\/wp-content\/uploads\/2024\/11\/Double-sided-honeycomb-wok-6-600x600.webp 600w, https:\/\/www.yongyukitchenware.com\/wp-content\/uploads\/2024\/11\/Double-sided-honeycomb-wok-6-100x100.webp 100w\" sizes=\"(max-width: 800px) 100vw, 800px\" \/><\/figure>\n<\/div>\n<\/div>\n<\/div>\n<\/div>","protected":false},"excerpt":{"rendered":"<p>Fabricantes de utens\u00edlios de cozinha por atacado woks antiaderentes, feitos de a\u00e7o inoxid\u00e1vel triplo com design de revestimento antiaderente em favo de mel. Suporte \u00e0 personaliza\u00e7\u00e3o, alta qualidade e desempenho de alto custo. Bem-vindo a contactar-nos para um inqu\u00e9rito gratuito.<\/p>\n<h2>Wok antiaderente Par\u00e2metro:<\/h2>\n<p><strong>Material:<\/strong> A\u00e7o inoxid\u00e1vel<br \/><strong>Forma interior:<\/strong> Com e sem favo de mel<br \/><strong>Design da pega:<\/strong> Cabo de madeira e puxadores refor\u00e7ados com rebites<br \/><strong>Tamanhos:<\/strong> 32cm e 34cm<br \/><strong>Embalagem:<\/strong> Saco\/grupo\/caixa de cart\u00e3o ou personalizado<br \/><strong>OEM\/ODM:<\/strong> Dispon\u00edvel<\/p>\n<h2 class=\"wp-block-heading\">De Yongyu Cookware Fabricante :<\/h2>\n<p>Yongyu \u00e9 um fabricante profissional de utens\u00edlios de cozinha, os nossos produtos abrangem todos os tipos de utens\u00edlios de cozinha em a\u00e7o inoxid\u00e1vel, tais como panelas para macarr\u00e3o, frigideiras, panelas para guisado, etc., fornecendo servi\u00e7os de aquisi\u00e7\u00e3o de qualidade e pre\u00e7os acess\u00edveis para cada cliente.<\/p>","protected":false},"featured_media":4250,"comment_status":"closed","ping_status":"closed","template":"","meta":{"_acf_changed":false},"application":[29],"product_brand":[],"product_cat":[23,32],"product_tag":[],"class_list":{"0":"post-4245","1":"product","2":"type-product","3":"status-publish","4":"has-post-thumbnail","6":"application-home-kitchen","7":"product_cat-kitchenware-wholesale","8":"product_cat-wholesale-cookware","10":"first","11":"instock","12":"shipping-taxable","13":"product-type-simple"},"acf":[],"_links":{"self":[{"href":"https:\/\/www.yongyukitchenware.com\/pt\/wp-json\/wp\/v2\/product\/4245","targetHints":{"allow":["GET"]}}],"collection":[{"href":"https:\/\/www.yongyukitchenware.com\/pt\/wp-json\/wp\/v2\/product"}],"about":[{"href":"https:\/\/www.yongyukitchenware.com\/pt\/wp-json\/wp\/v2\/types\/product"}],"replies":[{"embeddable":true,"href":"https:\/\/www.yongyukitchenware.com\/pt\/wp-json\/wp\/v2\/comments?post=4245"}],"wp:featuredmedia":[{"embeddable":true,"href":"https:\/\/www.yongyukitchenware.com\/pt\/wp-json\/wp\/v2\/media\/4250"}],"wp:attachment":[{"href":"https:\/\/www.yongyukitchenware.com\/pt\/wp-json\/wp\/v2\/media?parent=4245"}],"wp:term":[{"taxonomy":"application","embeddable":true,"href":"https:\/\/www.yongyukitchenware.com\/pt\/wp-json\/wp\/v2\/application?post=4245"},{"taxonomy":"product_brand","embeddable":true,"href":"https:\/\/www.yongyukitchenware.com\/pt\/wp-json\/wp\/v2\/product_brand?post=4245"},{"taxonomy":"product_cat","embeddable":true,"href":"https:\/\/www.yongyukitchenware.com\/pt\/wp-json\/wp\/v2\/product_cat?post=4245"},{"taxonomy":"product_tag","embeddable":true,"href":"https:\/\/www.yongyukitchenware.com\/pt\/wp-json\/wp\/v2\/product_tag?post=4245"}],"curies":[{"name":"wp","href":"https:\/\/api.w.org\/{rel}","templated":true}]}}