{"id":4246,"date":"2025-07-08T05:24:38","date_gmt":"2025-07-08T05:24:38","guid":{"rendered":"https:\/\/www.yongyukitchenware.com\/?post_type=product&#038;p=4246"},"modified":"2025-07-08T05:24:40","modified_gmt":"2025-07-08T05:24:40","slug":"wholesale-classic-chinese-large-wok-with-double-handles","status":"publish","type":"product","link":"https:\/\/www.yongyukitchenware.com\/pt\/produto\/wholesale-classic-chinese-large-wok-with-double-handles\/","title":{"rendered":"Wok grande chin\u00eas cl\u00e1ssico por atacado com pegas duplas"},"content":{"rendered":"<div class=\"wp-block-columns is-layout-flex wp-container-core-columns-is-layout-9d6595d7 wp-block-columns-is-layout-flex\">\n<div class=\"wp-block-column is-layout-flow wp-block-column-is-layout-flow\">\n<h2 class=\"wp-block-heading\">Wok chin\u00eas Carater\u00edsticas:<\/h2>\n\n\n\n<p><strong>A\u00e7o inoxid\u00e1vel de alta qualidade:<\/strong> Utiliza a\u00e7o inoxid\u00e1vel de qualidade alimentar, que n\u00e3o enferruja nem corr\u00f3i para garantir a seguran\u00e7a dos alimentos, sendo simultaneamente dur\u00e1vel.<br><strong>Design de limpeza: <\/strong>processo escovado, textura lisa de a\u00e7o inoxid\u00e1vel para uma limpeza f\u00e1cil<br><strong>Fundo de recolha de energia: <\/strong>Fundo redondo, armazenamento centralizado de calor, aquecimento uniforme, melhor efici\u00eancia de cozedura<br><strong>Corpo em forma de pote redondo e profundo:<\/strong> o corpo \u00e9 profundo e arqueado, adequado para fritar sem deixar transbordar os ingredientes. Responde igualmente \u00e0s exig\u00eancias das frituras na cozinha chinesa.<br><strong>Tipo de pega: <\/strong>pega simples, pega dupla. Tipo de pega: pega simples e pega dupla. O cabo simples tem dois tipos: um \u00e9 o cabo de a\u00e7o resistente ao calor; o outro \u00e9 um cabo de madeira antiderrapante. O rebite refor\u00e7a a resist\u00eancia e a durabilidade para se adaptar a diferentes h\u00e1bitos de cozedura.<\/p>\n<\/div>\n\n\n\n<div class=\"wp-block-column is-layout-flow wp-block-column-is-layout-flow\">\n<div class=\"wp-block-columns is-layout-flex wp-container-core-columns-is-layout-9d6595d7 wp-block-columns-is-layout-flex\">\n<div class=\"wp-block-column is-layout-flow wp-block-column-is-layout-flow\">\n<figure class=\"wp-block-image size-full\"><img decoding=\"async\" width=\"800\" height=\"800\" src=\"https:\/\/www.yongyukitchenware.com\/wp-content\/uploads\/2024\/09\/supply-chinese-wok-6.webp\" alt=\"fornecimento-chin\u00eas-wok (6)\" class=\"wp-image-802\" srcset=\"https:\/\/www.yongyukitchenware.com\/wp-content\/uploads\/2024\/09\/supply-chinese-wok-6.webp 800w, https:\/\/www.yongyukitchenware.com\/wp-content\/uploads\/2024\/09\/supply-chinese-wok-6-300x300.webp 300w, https:\/\/www.yongyukitchenware.com\/wp-content\/uploads\/2024\/09\/supply-chinese-wok-6-150x150.webp 150w, https:\/\/www.yongyukitchenware.com\/wp-content\/uploads\/2024\/09\/supply-chinese-wok-6-768x768.webp 768w, https:\/\/www.yongyukitchenware.com\/wp-content\/uploads\/2024\/09\/supply-chinese-wok-6-600x600.webp 600w, https:\/\/www.yongyukitchenware.com\/wp-content\/uploads\/2024\/09\/supply-chinese-wok-6-100x100.webp 100w\" sizes=\"(max-width: 800px) 100vw, 800px\" \/><\/figure>\n<\/div>\n\n\n\n<div class=\"wp-block-column is-layout-flow wp-block-column-is-layout-flow\">\n<figure class=\"wp-block-image size-full\"><img decoding=\"async\" width=\"800\" height=\"800\" src=\"https:\/\/www.yongyukitchenware.com\/wp-content\/uploads\/2024\/09\/supply-chinese-wok-3.webp\" alt=\"fornecimento-chin\u00eas-wok (3)\" class=\"wp-image-803\" srcset=\"https:\/\/www.yongyukitchenware.com\/wp-content\/uploads\/2024\/09\/supply-chinese-wok-3.webp 800w, https:\/\/www.yongyukitchenware.com\/wp-content\/uploads\/2024\/09\/supply-chinese-wok-3-300x300.webp 300w, https:\/\/www.yongyukitchenware.com\/wp-content\/uploads\/2024\/09\/supply-chinese-wok-3-150x150.webp 150w, https:\/\/www.yongyukitchenware.com\/wp-content\/uploads\/2024\/09\/supply-chinese-wok-3-768x768.webp 768w, https:\/\/www.yongyukitchenware.com\/wp-content\/uploads\/2024\/09\/supply-chinese-wok-3-600x600.webp 600w, https:\/\/www.yongyukitchenware.com\/wp-content\/uploads\/2024\/09\/supply-chinese-wok-3-100x100.webp 100w\" sizes=\"(max-width: 800px) 100vw, 800px\" \/><\/figure>\n<\/div>\n<\/div>\n<\/div>\n<\/div>\n\n\n\n<h2 class=\"wp-block-heading\">Par\u00e2metro do Wok chin\u00eas\uff1a<\/h2>\n\n\n\n<figure class=\"wp-block-table\"><table class=\"has-fixed-layout\"><tbody><tr><td>Modelo<\/td><td>Variantes do produto<\/td><td>Tamanho<\/td><td>Di\u00e2metro * Altura (cm)<\/td><td>MOQ<\/td><\/tr><tr><td rowspan=\"16\">DY062-G<\/td><td rowspan=\"7\">Panela Wok com cabo de madeira<br>Panela Wok com pega \u00fanica<br>Panela Wok com pega dupla<\/td><td>30CM<\/td><td>30*8cm<\/td><td>35 UNIDADES<\/td><\/tr><tr><td>32CM<\/td><td>32*8,5cm<\/td><td>35 UNIDADES<\/td><\/tr><tr><td>34CM<\/td><td>34*10cm<\/td><td>30 UNIDADES<\/td><\/tr><tr><td>36CM<\/td><td>36*10cm<\/td><td>30 UNIDADES<\/td><\/tr><tr><td>38CM<\/td><td>38*11cm<\/td><td>25 UNIDADES<\/td><\/tr><tr><td>40CM<\/td><td>40*11,5cm<\/td><td>25 UNIDADES<\/td><\/tr><tr><td>43CM<\/td><td>43*12,5cm<\/td><td>20 PE\u00c7AS<\/td><\/tr><tr><td rowspan=\"9\">Panela Wok com pega dupla<\/td><td>45CM<\/td><td><\/td><td>20 PE\u00c7AS<\/td><\/tr><tr><td>47CM<\/td><td>47*13cm<\/td><td>20 PE\u00c7AS<\/td><\/tr><tr><td>50CM<\/td><td>50*13,5cm<\/td><td>15 PE\u00c7AS<\/td><\/tr><tr><td>55CM<\/td><td>55*16cm<\/td><td>15 PE\u00c7AS<\/td><\/tr><tr><td>60CM<\/td><td>60*19cm<\/td><td>15 PE\u00c7AS<\/td><\/tr><tr><td>65CM<\/td><td>65*21cm<\/td><td>10 PE\u00c7AS<\/td><\/tr><tr><td>70CM<\/td><td>70*26cm<\/td><td>5 PE\u00c7AS<\/td><\/tr><tr><td>75CM<\/td><td>75*28cm<\/td><td>5 PE\u00c7AS<\/td><\/tr><tr><td>80CM<\/td><td>80*30cm<\/td><td>5 PE\u00c7AS<\/td><\/tr><\/tbody><\/table><\/figure>","protected":false},"excerpt":{"rendered":"<p>Fornecemos um wok chin\u00eas feito de a\u00e7o inoxid\u00e1vel de alta qualidade, robusto e dur\u00e1vel para uma utiliza\u00e7\u00e3o a longo prazo. O Wok est\u00e1 dispon\u00edvel numa vasta gama de tipos e tamanhos de pegas para se adequar a diferentes ocasi\u00f5es e necessidades culin\u00e1rias. Pode ser facilmente utilizada tanto na restaura\u00e7\u00e3o dom\u00e9stica como comercial.<\/p>\n<h2 style=\"text-align: left;\">Wok chin\u00eas Par\u00e2metro:<\/h2>\n<p><strong>Material:<\/strong> A\u00e7o inoxid\u00e1vel <br \/><strong>Design com tr\u00eas pegas:<\/strong>\u00a0 Pega dupla, Pega simples em a\u00e7o, Pega simples em madeira <br \/><strong>Design do fundo da panela:<\/strong>\u00a0 Fundo circular de recolha de energia <br \/><strong>Tamanhos diferentes:<\/strong> 30cm-80cmTamanho <br \/><strong>Embalagem:<\/strong> Sacos\/Bulk\/Caixas ou Personalizado <br \/><strong>OEM\/ODM:<\/strong> Dispon\u00edvel<\/p>\n<h2 class=\"wp-block-heading\">De Yongyu Cookware Fabricante :<\/h2>\n<p>Yongyu \u00e9 um fabricante profissional de utens\u00edlios de cozinha, os nossos produtos abrangem todos os tipos de utens\u00edlios de cozinha em a\u00e7o inoxid\u00e1vel, tais como panelas para macarr\u00e3o, frigideiras, panelas para guisado, etc., fornecendo servi\u00e7os de aquisi\u00e7\u00e3o de qualidade e pre\u00e7os acess\u00edveis para cada cliente.<\/p>","protected":false},"featured_media":4254,"comment_status":"closed","ping_status":"closed","template":"","meta":{"_acf_changed":false},"application":[29],"product_brand":[],"product_cat":[23,32],"product_tag":[43],"class_list":{"0":"post-4246","1":"product","2":"type-product","3":"status-publish","4":"has-post-thumbnail","6":"application-home-kitchen","7":"product_cat-kitchenware-wholesale","8":"product_cat-wholesale-cookware","9":"product_tag-recommend","11":"first","12":"instock","13":"shipping-taxable","14":"product-type-simple"},"acf":[],"_links":{"self":[{"href":"https:\/\/www.yongyukitchenware.com\/pt\/wp-json\/wp\/v2\/product\/4246","targetHints":{"allow":["GET"]}}],"collection":[{"href":"https:\/\/www.yongyukitchenware.com\/pt\/wp-json\/wp\/v2\/product"}],"about":[{"href":"https:\/\/www.yongyukitchenware.com\/pt\/wp-json\/wp\/v2\/types\/product"}],"replies":[{"embeddable":true,"href":"https:\/\/www.yongyukitchenware.com\/pt\/wp-json\/wp\/v2\/comments?post=4246"}],"wp:featuredmedia":[{"embeddable":true,"href":"https:\/\/www.yongyukitchenware.com\/pt\/wp-json\/wp\/v2\/media\/4254"}],"wp:attachment":[{"href":"https:\/\/www.yongyukitchenware.com\/pt\/wp-json\/wp\/v2\/media?parent=4246"}],"wp:term":[{"taxonomy":"application","embeddable":true,"href":"https:\/\/www.yongyukitchenware.com\/pt\/wp-json\/wp\/v2\/application?post=4246"},{"taxonomy":"product_brand","embeddable":true,"href":"https:\/\/www.yongyukitchenware.com\/pt\/wp-json\/wp\/v2\/product_brand?post=4246"},{"taxonomy":"product_cat","embeddable":true,"href":"https:\/\/www.yongyukitchenware.com\/pt\/wp-json\/wp\/v2\/product_cat?post=4246"},{"taxonomy":"product_tag","embeddable":true,"href":"https:\/\/www.yongyukitchenware.com\/pt\/wp-json\/wp\/v2\/product_tag?post=4246"}],"curies":[{"name":"wp","href":"https:\/\/api.w.org\/{rel}","templated":true}]}}