{"id":426,"date":"2024-09-19T14:26:01","date_gmt":"2024-09-19T14:26:01","guid":{"rendered":"https:\/\/www.yongyukitchenware.com\/?post_type=product&#038;p=426"},"modified":"2025-06-26T02:34:58","modified_gmt":"2025-06-26T02:34:58","slug":"chafing-dish-set-wholesale","status":"publish","type":"product","link":"https:\/\/www.yongyukitchenware.com\/pt\/produto\/chafing-dish-set-wholesale\/","title":{"rendered":"Conjunto de pratos para chafing por atacado, aquecedor de alimentos para catering a granel"},"content":{"rendered":"<div class=\"wp-block-columns is-layout-flex wp-container-core-columns-is-layout-9d6595d7 wp-block-columns-is-layout-flex\">\n<div class=\"wp-block-column is-layout-flow wp-block-column-is-layout-flow\">\n<h2 class=\"wp-block-heading\">Conjunto de pratos para chafing Par\u00e2metro:<\/h2>\n\n\n\n<figure class=\"wp-block-table\"><table class=\"has-fixed-layout\"><tbody><tr><td>Modelo<\/td><td>Di\u00e2metro* Altura (cm)<\/td><td>Capacidade (l)<\/td><td>Peso (kg)<\/td><td>MOQ<\/td><\/tr><tr><td rowspan=\"2\">DY001-CL<\/td><td>47*44*23<\/td><td rowspan=\"2\">6<\/td><td>7.2<\/td><td rowspan=\"2\">2 PE\u00c7AS<\/td><\/tr><tr><td>47*44*30<\/td><td>7.5<\/td><\/tr><\/tbody><\/table><\/figure>\n<\/div>\n\n\n\n<div class=\"wp-block-column is-layout-flow wp-block-column-is-layout-flow\">\n<div class=\"wp-block-columns is-layout-flex wp-container-core-columns-is-layout-9d6595d7 wp-block-columns-is-layout-flex\">\n<div class=\"wp-block-column is-layout-flow wp-block-column-is-layout-flow\">\n<figure class=\"wp-block-image size-full\"><img decoding=\"async\" width=\"800\" height=\"800\" src=\"https:\/\/www.yongyukitchenware.com\/wp-content\/uploads\/2024\/09\/Wholesale-Chafing-Dish-Set-Stainless-Steel-for-Catering-Food-Warmer-3.webp\" alt=\"Conjunto de pratos para chafing por atacado A\u00e7o inoxid\u00e1vel para catering Aquecedor de alimentos (3)\" class=\"wp-image-2892\" srcset=\"https:\/\/www.yongyukitchenware.com\/wp-content\/uploads\/2024\/09\/Wholesale-Chafing-Dish-Set-Stainless-Steel-for-Catering-Food-Warmer-3.webp 800w, https:\/\/www.yongyukitchenware.com\/wp-content\/uploads\/2024\/09\/Wholesale-Chafing-Dish-Set-Stainless-Steel-for-Catering-Food-Warmer-3-300x300.webp 300w, https:\/\/www.yongyukitchenware.com\/wp-content\/uploads\/2024\/09\/Wholesale-Chafing-Dish-Set-Stainless-Steel-for-Catering-Food-Warmer-3-150x150.webp 150w, https:\/\/www.yongyukitchenware.com\/wp-content\/uploads\/2024\/09\/Wholesale-Chafing-Dish-Set-Stainless-Steel-for-Catering-Food-Warmer-3-768x768.webp 768w, https:\/\/www.yongyukitchenware.com\/wp-content\/uploads\/2024\/09\/Wholesale-Chafing-Dish-Set-Stainless-Steel-for-Catering-Food-Warmer-3-12x12.webp 12w, https:\/\/www.yongyukitchenware.com\/wp-content\/uploads\/2024\/09\/Wholesale-Chafing-Dish-Set-Stainless-Steel-for-Catering-Food-Warmer-3-600x600.webp 600w, https:\/\/www.yongyukitchenware.com\/wp-content\/uploads\/2024\/09\/Wholesale-Chafing-Dish-Set-Stainless-Steel-for-Catering-Food-Warmer-3-100x100.webp 100w\" sizes=\"(max-width: 800px) 100vw, 800px\" \/><\/figure>\n<\/div>\n\n\n\n<div class=\"wp-block-column is-layout-flow wp-block-column-is-layout-flow\">\n<figure class=\"wp-block-image size-full\"><img decoding=\"async\" width=\"750\" height=\"750\" src=\"https:\/\/www.yongyukitchenware.com\/wp-content\/uploads\/2024\/09\/Wholesale-Chafing-Dish-Set-Stainless-Steel-for-Catering-Food-Warmer-2.webp\" alt=\"Conjunto de pratos para chafing por atacado A\u00e7o inoxid\u00e1vel para catering Aquecedor de alimentos (2)\" class=\"wp-image-2891\" srcset=\"https:\/\/www.yongyukitchenware.com\/wp-content\/uploads\/2024\/09\/Wholesale-Chafing-Dish-Set-Stainless-Steel-for-Catering-Food-Warmer-2.webp 750w, https:\/\/www.yongyukitchenware.com\/wp-content\/uploads\/2024\/09\/Wholesale-Chafing-Dish-Set-Stainless-Steel-for-Catering-Food-Warmer-2-300x300.webp 300w, https:\/\/www.yongyukitchenware.com\/wp-content\/uploads\/2024\/09\/Wholesale-Chafing-Dish-Set-Stainless-Steel-for-Catering-Food-Warmer-2-150x150.webp 150w, https:\/\/www.yongyukitchenware.com\/wp-content\/uploads\/2024\/09\/Wholesale-Chafing-Dish-Set-Stainless-Steel-for-Catering-Food-Warmer-2-12x12.webp 12w, https:\/\/www.yongyukitchenware.com\/wp-content\/uploads\/2024\/09\/Wholesale-Chafing-Dish-Set-Stainless-Steel-for-Catering-Food-Warmer-2-600x600.webp 600w, https:\/\/www.yongyukitchenware.com\/wp-content\/uploads\/2024\/09\/Wholesale-Chafing-Dish-Set-Stainless-Steel-for-Catering-Food-Warmer-2-100x100.webp 100w\" sizes=\"(max-width: 750px) 100vw, 750px\" \/><\/figure>\n<\/div>\n<\/div>\n<\/div>\n<\/div>\n\n\n\n<div class=\"wp-block-columns is-layout-flex wp-container-core-columns-is-layout-9d6595d7 wp-block-columns-is-layout-flex\">\n<div class=\"wp-block-column is-layout-flow wp-block-column-is-layout-flow\">\n<figure class=\"wp-block-image size-full\"><img decoding=\"async\" width=\"800\" height=\"800\" src=\"https:\/\/www.yongyukitchenware.com\/wp-content\/uploads\/2024\/09\/Wholesale-Chafing-Dish-Set-Stainless-Steel-for-Catering-Food-Warmer-1.webp\" alt=\"Conjunto de pratos para chafing por atacado A\u00e7o inoxid\u00e1vel para catering Aquecedor de alimentos (1)\" class=\"wp-image-2890\" srcset=\"https:\/\/www.yongyukitchenware.com\/wp-content\/uploads\/2024\/09\/Wholesale-Chafing-Dish-Set-Stainless-Steel-for-Catering-Food-Warmer-1.webp 800w, https:\/\/www.yongyukitchenware.com\/wp-content\/uploads\/2024\/09\/Wholesale-Chafing-Dish-Set-Stainless-Steel-for-Catering-Food-Warmer-1-300x300.webp 300w, https:\/\/www.yongyukitchenware.com\/wp-content\/uploads\/2024\/09\/Wholesale-Chafing-Dish-Set-Stainless-Steel-for-Catering-Food-Warmer-1-150x150.webp 150w, https:\/\/www.yongyukitchenware.com\/wp-content\/uploads\/2024\/09\/Wholesale-Chafing-Dish-Set-Stainless-Steel-for-Catering-Food-Warmer-1-768x768.webp 768w, https:\/\/www.yongyukitchenware.com\/wp-content\/uploads\/2024\/09\/Wholesale-Chafing-Dish-Set-Stainless-Steel-for-Catering-Food-Warmer-1-12x12.webp 12w, https:\/\/www.yongyukitchenware.com\/wp-content\/uploads\/2024\/09\/Wholesale-Chafing-Dish-Set-Stainless-Steel-for-Catering-Food-Warmer-1-600x600.webp 600w, https:\/\/www.yongyukitchenware.com\/wp-content\/uploads\/2024\/09\/Wholesale-Chafing-Dish-Set-Stainless-Steel-for-Catering-Food-Warmer-1-100x100.webp 100w\" sizes=\"(max-width: 800px) 100vw, 800px\" \/><\/figure>\n<\/div>\n\n\n\n<div class=\"wp-block-column is-layout-flow wp-block-column-is-layout-flow\">\n<h2 class=\"wp-block-heading\">Conjunto de pratos para chafing Carater\u00edsticas:<\/h2>\n\n\n\n<p><strong>Material em a\u00e7o inoxid\u00e1vel: <\/strong>Feito de a\u00e7o inoxid\u00e1vel dur\u00e1vel, resistente \u00e0 corros\u00e3o e f\u00e1cil de limpar.<\/p>\n\n\n\n<p><strong>Superf\u00edcie polida: <\/strong>Com o processo de polimento, a superf\u00edcie fica lisa e brilhante, bonita e f\u00e1cil de limpar.<\/p>\n\n\n\n<p><strong>Design de tampa de vidro com dobradi\u00e7as: <\/strong>A tampa de vidro \u00e9 pr\u00e1tica para ver os alimentos e para abrir e fechar.<\/p>\n\n\n\n<p><strong>Duas op\u00e7\u00f5es de altura:<\/strong> Est\u00e3o dispon\u00edveis p\u00e9s longos e p\u00e9s curtos para se adaptarem a diferentes ocasi\u00f5es e necessidades de utiliza\u00e7\u00e3o.<\/p>\n\n\n\n<p>Pre\u00e7o de f\u00e1brica: Fornecimento direto, pre\u00e7o acess\u00edvel, fornecendo produtos de alta qualidade para todos os clientes.<\/p>\n<\/div>\n<\/div>","protected":false},"excerpt":{"rendered":"<p>Bem-vindo ao conjunto de pratos para chafing por atacado, com formas redondas, rectangulares e quadradas, \u00e9 a primeira escolha para equipamento de servi\u00e7o de catering. A\u00e7o inoxid\u00e1vel de alta qualidade, moderno e elegante, adequado para casamentos, buffets, etc. Servi\u00e7o personalizado est\u00e1 dispon\u00edvel, bem-vindo a perguntar agora!<\/p>\n<h2><!-- wp:heading --><\/h2>\n<h2 class=\"wp-block-heading\">Conjunto de pratos para chafing Atributos :<\/h2>\n<h2><!-- \/wp:heading --><\/p>\n<p><!-- wp:paragraph --><\/h2>\n<p><strong>Material: <\/strong>A\u00e7o inoxid\u00e1vel<br \/><strong>Cor: <\/strong>Prata, ouro, cor personalizada<br \/><strong>Forma: <\/strong>\u00a0Redondo<br \/><strong>Calor: <\/strong>Aquecimento a \u00e1lcool e el\u00e9trico<br \/><strong>Panela de chafer: <\/strong>Individual\/Duplo\/Tr\u00eas grelhas<br \/><strong>Embalagem: <\/strong>Saco Opp e caixa de cart\u00e3o<br \/><strong>OEM\/ODM: <\/strong>Dispon\u00edvel<\/p>\n<h2 class=\"wp-block-heading\">De Yongyu Chafing Dish Fabricante :<\/h2>\n<p>Quer se trate de um fornecedor de servi\u00e7os de catering, de um hotel e restaurante ou de uma empresa de planeamento de eventos, fornecemos solu\u00e7\u00f5es completas personalizadas por atacado de material de catering para ajudar a sua empresa com pre\u00e7os de f\u00e1brica de alta qualidade!<\/p>\n<h2><!-- \/wp:paragraph --><\/h2>","protected":false},"featured_media":2892,"comment_status":"closed","ping_status":"closed","template":"","meta":{"_acf_changed":false},"application":[30],"product_brand":[],"product_cat":[33],"product_tag":[],"class_list":{"0":"post-426","1":"product","2":"type-product","3":"status-publish","4":"has-post-thumbnail","6":"application-hotel-catering","7":"product_cat-chafing-dishes-wholesale","9":"first","10":"instock","11":"shipping-taxable","12":"product-type-simple"},"acf":[],"_links":{"self":[{"href":"https:\/\/www.yongyukitchenware.com\/pt\/wp-json\/wp\/v2\/product\/426","targetHints":{"allow":["GET"]}}],"collection":[{"href":"https:\/\/www.yongyukitchenware.com\/pt\/wp-json\/wp\/v2\/product"}],"about":[{"href":"https:\/\/www.yongyukitchenware.com\/pt\/wp-json\/wp\/v2\/types\/product"}],"replies":[{"embeddable":true,"href":"https:\/\/www.yongyukitchenware.com\/pt\/wp-json\/wp\/v2\/comments?post=426"}],"wp:featuredmedia":[{"embeddable":true,"href":"https:\/\/www.yongyukitchenware.com\/pt\/wp-json\/wp\/v2\/media\/2892"}],"wp:attachment":[{"href":"https:\/\/www.yongyukitchenware.com\/pt\/wp-json\/wp\/v2\/media?parent=426"}],"wp:term":[{"taxonomy":"application","embeddable":true,"href":"https:\/\/www.yongyukitchenware.com\/pt\/wp-json\/wp\/v2\/application?post=426"},{"taxonomy":"product_brand","embeddable":true,"href":"https:\/\/www.yongyukitchenware.com\/pt\/wp-json\/wp\/v2\/product_brand?post=426"},{"taxonomy":"product_cat","embeddable":true,"href":"https:\/\/www.yongyukitchenware.com\/pt\/wp-json\/wp\/v2\/product_cat?post=426"},{"taxonomy":"product_tag","embeddable":true,"href":"https:\/\/www.yongyukitchenware.com\/pt\/wp-json\/wp\/v2\/product_tag?post=426"}],"curies":[{"name":"wp","href":"https:\/\/api.w.org\/{rel}","templated":true}]}}