{"id":4290,"date":"2025-07-10T09:05:44","date_gmt":"2025-07-10T09:05:44","guid":{"rendered":"https:\/\/www.yongyukitchenware.com\/?post_type=product&#038;p=4290"},"modified":"2025-07-10T09:06:06","modified_gmt":"2025-07-10T09:06:06","slug":"bulk-stainless-steel-round-basin-korean-gold-salad-bowl","status":"publish","type":"product","link":"https:\/\/www.yongyukitchenware.com\/pt\/produto\/bulk-stainless-steel-round-basin-korean-gold-salad-bowl\/","title":{"rendered":"Bacia redonda de a\u00e7o inoxid\u00e1vel a granel Bacia de salada coreana dourada"},"content":{"rendered":"<div class=\"wp-block-columns is-layout-flex wp-container-core-columns-is-layout-9d6595d7 wp-block-columns-is-layout-flex\">\n<div class=\"wp-block-column is-layout-flow wp-block-column-is-layout-flow\">\n<h2 class=\"wp-block-heading\">Tamanho da bacia redonda de a\u00e7o inoxid\u00e1vel a granel:<\/h2>\n\n\n\n<figure class=\"wp-block-table\"><table class=\"has-fixed-layout\"><tbody><tr><td>Modelo<\/td><td>Tamanho<\/td><td>MOQ<\/td><\/tr><tr><td rowspan=\"7\">DY069-P<\/td><td>17 cm<\/td><td rowspan=\"7\">200 UNIDADES<\/td><\/tr><tr><td>20 cm<\/td><\/tr><tr><td>23 cm<\/td><\/tr><tr><td>26 cm<\/td><\/tr><tr><td>30 cm<\/td><\/tr><tr><td>35 cm<\/td><\/tr><tr><td>40cm<\/td><\/tr><\/tbody><\/table><\/figure>\n\n\n\n<h2 class=\"wp-block-heading\">Lavat\u00f3rio redondo de a\u00e7o inoxid\u00e1vel a granel Carater\u00edsticas:<\/h2>\n\n\n\n<p><strong>A\u00e7o inoxid\u00e1vel de alta qualidade:<\/strong> Fabricado em a\u00e7o inoxid\u00e1vel de qualidade alimentar com excelente resist\u00eancia \u00e0 corros\u00e3o. Sem odor, dur\u00e1vel e seguro para utiliza\u00e7\u00e3o di\u00e1ria.<\/p>\n\n\n\n<p><strong>Acabamento escovado e polido:<\/strong> Textura suave e delicada obtida atrav\u00e9s de processos avan\u00e7ados de desenho e polimento. F\u00e1cil de limpar e manter.<\/p>\n\n\n\n<p><strong>Design de arestas arredondadas:<\/strong> Cantos suaves e arredondados para um manuseamento confort\u00e1vel e maior seguran\u00e7a - evita les\u00f5es nas m\u00e3os durante a utiliza\u00e7\u00e3o.<\/p>\n\n\n\n<p><strong>Estrutura c\u00f4ncava aprofundada:<\/strong> Cuidadosamente concebido com uma bacia mais profunda e uma grande capacidade para reduzir os derrames e acomodar mais alimentos.<\/p>\n<\/div>\n\n\n\n<div class=\"wp-block-column is-layout-flow wp-block-column-is-layout-flow\">\n<figure class=\"wp-block-image size-full is-resized\"><img decoding=\"async\" width=\"800\" height=\"800\" src=\"https:\/\/www.yongyukitchenware.com\/wp-content\/uploads\/2025\/06\/Wholesale-Stainless-Steel-Round-Basin-5.webp\" alt=\"lavat\u00f3rio redondo de a\u00e7o inoxid\u00e1vel-5\" class=\"wp-image-4283\" style=\"width:384px;height:auto\" srcset=\"https:\/\/www.yongyukitchenware.com\/wp-content\/uploads\/2025\/06\/Wholesale-Stainless-Steel-Round-Basin-5.webp 800w, https:\/\/www.yongyukitchenware.com\/wp-content\/uploads\/2025\/06\/Wholesale-Stainless-Steel-Round-Basin-5-300x300.webp 300w, https:\/\/www.yongyukitchenware.com\/wp-content\/uploads\/2025\/06\/Wholesale-Stainless-Steel-Round-Basin-5-150x150.webp 150w, https:\/\/www.yongyukitchenware.com\/wp-content\/uploads\/2025\/06\/Wholesale-Stainless-Steel-Round-Basin-5-768x768.webp 768w, https:\/\/www.yongyukitchenware.com\/wp-content\/uploads\/2025\/06\/Wholesale-Stainless-Steel-Round-Basin-5-12x12.webp 12w, https:\/\/www.yongyukitchenware.com\/wp-content\/uploads\/2025\/06\/Wholesale-Stainless-Steel-Round-Basin-5-600x600.webp 600w, https:\/\/www.yongyukitchenware.com\/wp-content\/uploads\/2025\/06\/Wholesale-Stainless-Steel-Round-Basin-5-100x100.webp 100w\" sizes=\"(max-width: 800px) 100vw, 800px\" \/><\/figure>\n<\/div>\n<\/div>","protected":false},"excerpt":{"rendered":"<div class=\"n4sEPd\">\n<div class=\"UdTY9 qhIQqf leDWne\" aria-hidden=\"true\" data-location=\"1\">Bacia de libra em a\u00e7o inoxid\u00e1vel a granel com elegante acabamento dourado ao estilo coreano - ideal para servir saladas, acompanhamentos ou preparar refei\u00e7\u00f5es. Dur\u00e1vel, segura para alimentos e perfeita para utiliza\u00e7\u00e3o em restaurantes ou catering.<\/div>\n<\/div>\n<h2 style=\"text-align: left;\">Bacia redonda de a\u00e7o inoxid\u00e1vel a granel Par\u00e2metro:<\/h2>\n<p style=\"text-align: left;\"><strong>Material:<\/strong> A\u00e7o inoxid\u00e1vel<br \/><strong>Comprimento: <\/strong>17\/20\/23\/26\/30\/35\/40cm<br \/><strong>Forma:<\/strong> Redondo<br \/><strong>Embalagem:<\/strong> Saco OPP e caixa de cart\u00e3o<br \/><strong>OEM\/ODM:<\/strong> Dispon\u00edvel<\/p>\n<h2 style=\"text-align: left;\">Lavat\u00f3rio redondo em a\u00e7o inoxid\u00e1vel a granel:<\/h2>\n<p>A Yongyu Tableware Wholesaler pode satisfazer as necessidades dos clientes a granel e fornecer uma s\u00e9rie de fornecimentos de catering de alta qualidade por atacado que combina eleg\u00e2ncia e durabilidade. Incluindo utens\u00edlios de mesa, utens\u00edlios de bebida, equipamento de restaura\u00e7\u00e3o, utens\u00edlios de cozinha, artigos essenciais de cozinha de acampamento, etc.<\/p>","protected":false},"featured_media":4279,"comment_status":"closed","ping_status":"closed","template":"","meta":{"_acf_changed":false},"application":[29],"product_brand":[],"product_cat":[21,46],"product_tag":[],"class_list":{"0":"post-4290","1":"product","2":"type-product","3":"status-publish","4":"has-post-thumbnail","6":"application-home-kitchen","7":"product_cat-tableware-wholesale","8":"product_cat-stainless-steel-dinner-plates-wholesale","10":"first","11":"instock","12":"shipping-taxable","13":"product-type-simple"},"acf":[],"_links":{"self":[{"href":"https:\/\/www.yongyukitchenware.com\/pt\/wp-json\/wp\/v2\/product\/4290","targetHints":{"allow":["GET"]}}],"collection":[{"href":"https:\/\/www.yongyukitchenware.com\/pt\/wp-json\/wp\/v2\/product"}],"about":[{"href":"https:\/\/www.yongyukitchenware.com\/pt\/wp-json\/wp\/v2\/types\/product"}],"replies":[{"embeddable":true,"href":"https:\/\/www.yongyukitchenware.com\/pt\/wp-json\/wp\/v2\/comments?post=4290"}],"wp:featuredmedia":[{"embeddable":true,"href":"https:\/\/www.yongyukitchenware.com\/pt\/wp-json\/wp\/v2\/media\/4279"}],"wp:attachment":[{"href":"https:\/\/www.yongyukitchenware.com\/pt\/wp-json\/wp\/v2\/media?parent=4290"}],"wp:term":[{"taxonomy":"application","embeddable":true,"href":"https:\/\/www.yongyukitchenware.com\/pt\/wp-json\/wp\/v2\/application?post=4290"},{"taxonomy":"product_brand","embeddable":true,"href":"https:\/\/www.yongyukitchenware.com\/pt\/wp-json\/wp\/v2\/product_brand?post=4290"},{"taxonomy":"product_cat","embeddable":true,"href":"https:\/\/www.yongyukitchenware.com\/pt\/wp-json\/wp\/v2\/product_cat?post=4290"},{"taxonomy":"product_tag","embeddable":true,"href":"https:\/\/www.yongyukitchenware.com\/pt\/wp-json\/wp\/v2\/product_tag?post=4290"}],"curies":[{"name":"wp","href":"https:\/\/api.w.org\/{rel}","templated":true}]}}