{"id":4311,"date":"2025-08-08T06:42:16","date_gmt":"2025-08-08T06:42:16","guid":{"rendered":"https:\/\/www.yongyukitchenware.com\/?post_type=product&#038;p=4311"},"modified":"2025-08-08T06:42:19","modified_gmt":"2025-08-08T06:42:19","slug":"bulk-8l-stainless-steel-juice-dispenser-with-tap-for-hotel-restaurant-silver","status":"publish","type":"product","link":"https:\/\/www.yongyukitchenware.com\/pt\/produto\/bulk-8l-stainless-steel-juice-dispenser-with-tap-for-hotel-restaurant-silver\/","title":{"rendered":"Dispensador de sumos de a\u00e7o inoxid\u00e1vel de 8 L com torneira para hotel, restaurante, prata"},"content":{"rendered":"<div class=\"wp-block-columns is-layout-flex wp-container-core-columns-is-layout-9d6595d7 wp-block-columns-is-layout-flex\">\n<div class=\"wp-block-column is-layout-flow wp-block-column-is-layout-flow\">\n<h2 class=\"wp-block-heading\">Distribuidor de sumos de a\u00e7o inoxid\u00e1vel de 8L a granel Tamanho:<\/h2>\n\n\n\n<figure class=\"wp-block-table\"><table class=\"has-fixed-layout\"><tbody><tr><td>Modelo<\/td><td>Capacidade (L)<\/td><td>MOQ<\/td><\/tr><tr><td>DY006-GZD<\/td><td>8<\/td><td>4 PE\u00c7AS<\/td><\/tr><\/tbody><\/table><\/figure>\n\n\n\n<h2 class=\"wp-block-heading\">Distribuidor de sumos de a\u00e7o inoxid\u00e1vel 8L a granel Carater\u00edsticas:<\/h2>\n\n\n\n<p><strong>Estilo minimalista atual: <\/strong>Apoiado pela sua base moderna e elegante em a\u00e7o inoxid\u00e1vel, este distribuidor de sumos tem um aspeto minimalista e elegante, perfeito para hot\u00e9is, eventos empresariais e layouts de buffet modernos.<br><strong>Recipiente de PC dur\u00e1vel e sem BPA: <\/strong>A garrafa de policarbonato transparente \u00e9 de qualidade alimentar, resistente ao choque e oferece uma visibilidade sem restri\u00e7\u00f5es dos n\u00edveis de bebida - ideal para apresentar sumos brilhantes ou bebidas com infus\u00e3o.<br><strong>Tampa e torneira de a\u00e7o inoxid\u00e1vel\uff1a<\/strong> A tampa superior resistente e o bico doseador s\u00e3o feitos de a\u00e7o inoxid\u00e1vel de alta qualidade para uma durabilidade duradoura, resist\u00eancia \u00e0 ferrugem e um acabamento brilhante.<br><strong>Suporta capacidade de 8L ou 16L<\/strong>\uff1a Escolha uma m\u00e1quina de cabe\u00e7a simples (8L) ou dupla (16L) com base no n\u00famero de por\u00e7\u00f5es necess\u00e1rias, com v\u00e1rias capacidades melhores para eventos de pequena e grande escala, respetivamente.<br><strong>F\u00e1cil de usar e limpar\uff1a<\/strong> Concebida para a funcionalidade di\u00e1ria - a montagem, desmontagem e limpeza r\u00e1pidas poupam o tempo do pessoal, assegurando simultaneamente um servi\u00e7o higi\u00e9nico. Um modelo de cabe\u00e7a \u00fanica (8L) ou de cabe\u00e7a dupla (16L) para acomodar diferentes capacidades de servi\u00e7o, adequado tanto para pequenos locais como para eventos de grande volume.<br><\/p>\n<\/div>\n\n\n\n<div class=\"wp-block-column is-layout-flow wp-block-column-is-layout-flow\">\n<figure class=\"wp-block-image size-full\"><img decoding=\"async\" width=\"800\" height=\"800\" src=\"https:\/\/www.yongyukitchenware.com\/wp-content\/uploads\/2025\/07\/Bulk-8L-Stainless-Steel-Juice-Dispenser-2.webp\" alt=\"Dispensador de sumos-2 a granel-8L em a\u00e7o inoxid\u00e1vel\" class=\"wp-image-4310\" srcset=\"https:\/\/www.yongyukitchenware.com\/wp-content\/uploads\/2025\/07\/Bulk-8L-Stainless-Steel-Juice-Dispenser-2.webp 800w, https:\/\/www.yongyukitchenware.com\/wp-content\/uploads\/2025\/07\/Bulk-8L-Stainless-Steel-Juice-Dispenser-2-300x300.webp 300w, https:\/\/www.yongyukitchenware.com\/wp-content\/uploads\/2025\/07\/Bulk-8L-Stainless-Steel-Juice-Dispenser-2-150x150.webp 150w, https:\/\/www.yongyukitchenware.com\/wp-content\/uploads\/2025\/07\/Bulk-8L-Stainless-Steel-Juice-Dispenser-2-768x768.webp 768w, https:\/\/www.yongyukitchenware.com\/wp-content\/uploads\/2025\/07\/Bulk-8L-Stainless-Steel-Juice-Dispenser-2-12x12.webp 12w, https:\/\/www.yongyukitchenware.com\/wp-content\/uploads\/2025\/07\/Bulk-8L-Stainless-Steel-Juice-Dispenser-2-600x600.webp 600w, https:\/\/www.yongyukitchenware.com\/wp-content\/uploads\/2025\/07\/Bulk-8L-Stainless-Steel-Juice-Dispenser-2-100x100.webp 100w\" sizes=\"(max-width: 800px) 100vw, 800px\" \/><\/figure>\n<\/div>\n<\/div>","protected":false},"excerpt":{"rendered":"<article class=\"text-token-text-primary w-full\" dir=\"auto\" data-testid=\"conversation-turn-4\" data-scroll-anchor=\"true\">\n<div class=\"text-base my-auto mx-auto py-5 [--thread-content-margin:--spacing(4)] @[37rem]:[--thread-content-margin:--spacing(6)] @[72rem]:[--thread-content-margin:--spacing(16)] px-(--thread-content-margin)\">\n<div class=\"[--thread-content-max-width:32rem] @[34rem]:[--thread-content-max-width:40rem] @[64rem]:[--thread-content-max-width:48rem] mx-auto flex max-w-(--thread-content-max-width) flex-1 text-base gap-4 md:gap-5 lg:gap-6 group\/turn-messages focus-visible:outline-hidden\">\n<div class=\"group\/conversation-turn relative flex w-full min-w-0 flex-col agent-turn\">\n<div class=\"relative flex-col gap-1 md:gap-3\">\n<div class=\"flex max-w-full flex-col grow\">\n<div class=\"min-h-8 text-message relative flex w-full flex-col items-end gap-2 text-start break-words whitespace-normal [.text-message+&amp;]:mt-5\" dir=\"auto\" data-message-author-role=\"assistant\" data-message-id=\"9bcddfd6-70c4-41a9-8e09-e8b0c37403d6\" data-message-model-slug=\"gpt-4o\">\n<div class=\"flex w-full flex-col gap-1 empty:hidden first:pt-[3px]\">\n<div class=\"markdown prose dark:prose-invert w-full break-words light\">\n<p data-start=\"0\" data-end=\"281\" data-is-last-node=\"\" data-is-only-node=\"\">Distribuidor de sumos de a\u00e7o inoxid\u00e1vel de 8 L a granel, fabricado em a\u00e7o inoxid\u00e1vel de primeira qualidade com uma base robusta e um design pr\u00e1tico de torneira, ideal para hot\u00e9is, restaurantes e grandes servi\u00e7os de bebidas. Elegante, dur\u00e1vel e f\u00e1cil de limpar.<\/p>\n<\/div>\n<\/div>\n<\/div>\n<\/div>\n<\/div>\n<div class=\"absolute\">\n<h2 class=\"flex items-center justify-center\">Distribuidor de sumo de a\u00e7o inoxid\u00e1vel 8L a granel Par\u00e2metro:<\/h2>\n<\/div>\n<\/div>\n<\/div>\n<\/div>\n<\/article>\n<p><strong>Material:<\/strong> A\u00e7o inoxid\u00e1vel, pl\u00e1stico<br \/><strong>Conce\u00e7\u00e3o:<\/strong> Com torneira, grelha em a\u00e7o inoxid\u00e1vel, lava-loi\u00e7a com orif\u00edcios<br \/><strong>Tamanhos:<\/strong> 8L\u00a0<br \/><strong>Embalagem:<\/strong> Saco\/grupo\/caixa de cart\u00e3o ou personalizado<br \/><strong>OEM\/ODM:<\/strong> Opcional<\/p>\n<h2 class=\"wp-block-heading\">Distribuidor de sumo de a\u00e7o inoxid\u00e1vel 8L a granel Fabricante :<\/h2>\n<p>Quer se trate de um fornecedor de servi\u00e7os de catering, de um hotel e restaurante ou de uma empresa de planeamento de eventos, fornecemos-lhe solu\u00e7\u00f5es completas de fornecimento de catering por atacado com pre\u00e7os de f\u00e1brica de alta qualidade!<\/p>","protected":false},"featured_media":4310,"comment_status":"closed","ping_status":"closed","template":"","meta":{"_acf_changed":false},"application":[30],"product_brand":[],"product_cat":[22,34],"product_tag":[],"class_list":{"0":"post-4311","1":"product","2":"type-product","3":"status-publish","4":"has-post-thumbnail","6":"application-hotel-catering","7":"product_cat-catering-supplies-wholesale","8":"product_cat-wholesale-drink-dispenser","10":"first","11":"instock","12":"shipping-taxable","13":"product-type-simple"},"acf":[],"_links":{"self":[{"href":"https:\/\/www.yongyukitchenware.com\/pt\/wp-json\/wp\/v2\/product\/4311","targetHints":{"allow":["GET"]}}],"collection":[{"href":"https:\/\/www.yongyukitchenware.com\/pt\/wp-json\/wp\/v2\/product"}],"about":[{"href":"https:\/\/www.yongyukitchenware.com\/pt\/wp-json\/wp\/v2\/types\/product"}],"replies":[{"embeddable":true,"href":"https:\/\/www.yongyukitchenware.com\/pt\/wp-json\/wp\/v2\/comments?post=4311"}],"wp:featuredmedia":[{"embeddable":true,"href":"https:\/\/www.yongyukitchenware.com\/pt\/wp-json\/wp\/v2\/media\/4310"}],"wp:attachment":[{"href":"https:\/\/www.yongyukitchenware.com\/pt\/wp-json\/wp\/v2\/media?parent=4311"}],"wp:term":[{"taxonomy":"application","embeddable":true,"href":"https:\/\/www.yongyukitchenware.com\/pt\/wp-json\/wp\/v2\/application?post=4311"},{"taxonomy":"product_brand","embeddable":true,"href":"https:\/\/www.yongyukitchenware.com\/pt\/wp-json\/wp\/v2\/product_brand?post=4311"},{"taxonomy":"product_cat","embeddable":true,"href":"https:\/\/www.yongyukitchenware.com\/pt\/wp-json\/wp\/v2\/product_cat?post=4311"},{"taxonomy":"product_tag","embeddable":true,"href":"https:\/\/www.yongyukitchenware.com\/pt\/wp-json\/wp\/v2\/product_tag?post=4311"}],"curies":[{"name":"wp","href":"https:\/\/api.w.org\/{rel}","templated":true}]}}