{"id":4323,"date":"2025-08-08T06:58:00","date_gmt":"2025-08-08T06:58:00","guid":{"rendered":"https:\/\/www.yongyukitchenware.com\/?post_type=product&#038;p=4323"},"modified":"2025-08-08T07:00:22","modified_gmt":"2025-08-08T07:00:22","slug":"bulk-luxury-gold-stainless-steel-juice-dispenser-8l-for-hotel-use","status":"publish","type":"product","link":"https:\/\/www.yongyukitchenware.com\/pt\/produto\/bulk-luxury-gold-stainless-steel-juice-dispenser-8l-for-hotel-use\/","title":{"rendered":"Distribuidor de sumos de a\u00e7o inoxid\u00e1vel dourado de luxo a granel 8L para uso em hot\u00e9is"},"content":{"rendered":"<div class=\"wp-block-columns is-layout-flex wp-container-core-columns-is-layout-9d6595d7 wp-block-columns-is-layout-flex\">\n<div class=\"wp-block-column is-layout-flow wp-block-column-is-layout-flow\">\n<h2 class=\"wp-block-heading\">Distribuidor de sumos em a\u00e7o inoxid\u00e1vel dourado de luxo a granel Tamanho:<\/h2>\n\n\n\n<figure class=\"wp-block-table\"><table class=\"has-fixed-layout\"><tbody><tr><td>Modelo<\/td><td>Capacidade (L)<\/td><td>MOQ<\/td><\/tr><tr><td rowspan=\"2\">DY008-GZD<\/td><td>8<\/td><td>4 PE\u00c7AS<\/td><\/tr><tr><td>16<\/td><td>2 PE\u00c7AS<\/td><\/tr><\/tbody><\/table><\/figure>\n\n\n\n<h2 class=\"wp-block-heading\">Dispensador de sumos em a\u00e7o inoxid\u00e1vel dourado de luxo a granel Carater\u00edsticas:<\/h2>\n\n\n\n<p><strong>Design esculpido de elevado n\u00edvel est\u00e9tico:<\/strong> A requintada base dourada combinada com a t\u00e9cnica de escultura oca \u00e9 nobre e elegante, real\u00e7ando o estilo geral do banquete. \u00c9 a melhor escolha para hot\u00e9is, restaurantes self-service e eventos de alto n\u00edvel.<br><strong>Corpo do balde em PC de qualidade alimentar:<\/strong> O corpo do balde \u00e9 feito de material dur\u00e1vel de PC de qualidade alimentar, que \u00e9 \u00e0 prova de choque, resistente ao calor, transparente e vis\u00edvel, tornando conveniente observar o sumo restante e proporcionando maior tranquilidade durante a utiliza\u00e7\u00e3o.<br><strong>Tampa superior e torneira de sa\u00edda de sumo em a\u00e7o inoxid\u00e1vel: <\/strong>Tanto a tampa superior como os componentes de sa\u00edda do sumo s\u00e3o feitos de a\u00e7o inoxid\u00e1vel de alta qualidade, que \u00e9 resistente \u00e0 corros\u00e3o e n\u00e3o tem tend\u00eancia para enferrujar. Mesmo ap\u00f3s uma utiliza\u00e7\u00e3o prolongada, mant\u00eam-se brilhantes como novos.<br><strong>Op\u00e7\u00f5es de dupla capacidade: <\/strong>Dispon\u00edvel nas especifica\u00e7\u00f5es de capacidade de 8 L (cabe\u00e7a \u00fanica) e 16 L (cabe\u00e7a dupla), \u00e9 a escolha ideal para pequenas reuni\u00f5es ou \u00e1reas de servi\u00e7o com elevado tr\u00e1fego, como esta\u00e7\u00f5es de pequeno-almo\u00e7o de hot\u00e9is ou eventos de catering.<br><strong>F\u00e1cil de desmontar e limpar, sem sobrecarga na manuten\u00e7\u00e3o di\u00e1ria: <\/strong>A ta\u00e7a de sumo tem uma estrutura simples, f\u00e1cil de desmontar e \u00e9 r\u00e1pida e f\u00e1cil de limpar, poupando m\u00e3o de obra e tempo. \u00c9 adequado para ambientes comerciais com utiliza\u00e7\u00e3o frequente.<\/p>\n<\/div>\n\n\n\n<div class=\"wp-block-column is-layout-flow wp-block-column-is-layout-flow\">\n<figure class=\"wp-block-image size-full\"><img decoding=\"async\" width=\"750\" height=\"1056\" src=\"https:\/\/www.yongyukitchenware.com\/wp-content\/uploads\/2025\/07\/Bulk-Luxury-Gold-Stainless-Steel-Juice-Dispenser-5.webp\" alt=\"Dispensador de sumos-5 em ouro dourado, a\u00e7o inoxid\u00e1vel e a granel\" class=\"wp-image-4328\" srcset=\"https:\/\/www.yongyukitchenware.com\/wp-content\/uploads\/2025\/07\/Bulk-Luxury-Gold-Stainless-Steel-Juice-Dispenser-5.webp 750w, https:\/\/www.yongyukitchenware.com\/wp-content\/uploads\/2025\/07\/Bulk-Luxury-Gold-Stainless-Steel-Juice-Dispenser-5-213x300.webp 213w, https:\/\/www.yongyukitchenware.com\/wp-content\/uploads\/2025\/07\/Bulk-Luxury-Gold-Stainless-Steel-Juice-Dispenser-5-9x12.webp 9w, https:\/\/www.yongyukitchenware.com\/wp-content\/uploads\/2025\/07\/Bulk-Luxury-Gold-Stainless-Steel-Juice-Dispenser-5-600x845.webp 600w\" sizes=\"(max-width: 750px) 100vw, 750px\" \/><\/figure>\n<\/div>\n<\/div>","protected":false},"excerpt":{"rendered":"<article class=\"text-token-text-primary w-full\" dir=\"auto\" data-testid=\"conversation-turn-4\" data-scroll-anchor=\"true\">\n<div class=\"text-base my-auto mx-auto py-5 [--thread-content-margin:--spacing(4)] @[37rem]:[--thread-content-margin:--spacing(6)] @[72rem]:[--thread-content-margin:--spacing(16)] px-(--thread-content-margin)\">\n<div class=\"[--thread-content-max-width:32rem] @[34rem]:[--thread-content-max-width:40rem] @[64rem]:[--thread-content-max-width:48rem] mx-auto flex max-w-(--thread-content-max-width) flex-1 text-base gap-4 md:gap-5 lg:gap-6 group\/turn-messages focus-visible:outline-hidden\">\n<div class=\"group\/conversation-turn relative flex w-full min-w-0 flex-col agent-turn\">\n<div class=\"relative flex-col gap-1 md:gap-3\">\n<div class=\"flex max-w-full flex-col grow\">\n<div class=\"min-h-8 text-message relative flex w-full flex-col items-end gap-2 text-start break-words whitespace-normal [.text-message+&amp;]:mt-5\" dir=\"auto\" data-message-author-role=\"assistant\" data-message-id=\"9bcddfd6-70c4-41a9-8e09-e8b0c37403d6\" data-message-model-slug=\"gpt-4o\">\n<div class=\"flex w-full flex-col gap-1 empty:hidden first:pt-[3px]\">\n<div class=\"markdown prose dark:prose-invert w-full break-words light\">\n<p data-start=\"0\" data-end=\"281\" data-is-last-node=\"\" data-is-only-node=\"\">O distribuidor de sumos de 8L em a\u00e7o inoxid\u00e1vel dourado de luxo da Bulk, com um acabamento dourado de primeira qualidade e uma constru\u00e7\u00e3o em a\u00e7o inoxid\u00e1vel duradoura, \u00e9 perfeito para o servi\u00e7o de bebidas em hot\u00e9is. Equipado com uma base robusta e uma torneira de escoamento suave, oferece eleg\u00e2ncia, fiabilidade e facilidade de limpeza.<\/p>\n<\/div>\n<\/div>\n<\/div>\n<\/div>\n<\/div>\n<div class=\"absolute\">\n<h2 class=\"flex items-center justify-center\">Distribuidor de sumos de a\u00e7o inoxid\u00e1vel dourado de luxo a granel Par\u00e2metro:<\/h2>\n<\/div>\n<\/div>\n<\/div>\n<\/div>\n<\/article>\n<p><strong>Material:<\/strong> A\u00e7o inoxid\u00e1vel, pl\u00e1stico<br \/><strong>Conce\u00e7\u00e3o:<\/strong> Com torneira, grelha em a\u00e7o inoxid\u00e1vel, lava-loi\u00e7a com orif\u00edcios<br \/><strong>Tamanhos:<\/strong> 8L \/16L<br \/><strong>Embalagem:<\/strong> Saco\/grupo\/caixa de cart\u00e3o ou personalizado<br \/><strong>OEM\/ODM:<\/strong> Opcional<\/p>\n<h2 class=\"wp-block-heading\">Distribuidor de sumo de a\u00e7o inoxid\u00e1vel de luxo a granel Fabricante :<\/h2>\n<p>Quer se trate de um fornecedor de servi\u00e7os de catering, de um hotel e restaurante ou de uma empresa de planeamento de eventos, fornecemos-lhe solu\u00e7\u00f5es completas de fornecimento de catering por atacado com pre\u00e7os de f\u00e1brica de alta qualidade!<\/p>","protected":false},"featured_media":4324,"comment_status":"closed","ping_status":"closed","template":"","meta":{"_acf_changed":true},"application":[30],"product_brand":[],"product_cat":[22,34],"product_tag":[],"class_list":{"0":"post-4323","1":"product","2":"type-product","3":"status-publish","4":"has-post-thumbnail","6":"application-hotel-catering","7":"product_cat-catering-supplies-wholesale","8":"product_cat-wholesale-drink-dispenser","10":"first","11":"instock","12":"shipping-taxable","13":"product-type-simple"},"acf":[],"_links":{"self":[{"href":"https:\/\/www.yongyukitchenware.com\/pt\/wp-json\/wp\/v2\/product\/4323","targetHints":{"allow":["GET"]}}],"collection":[{"href":"https:\/\/www.yongyukitchenware.com\/pt\/wp-json\/wp\/v2\/product"}],"about":[{"href":"https:\/\/www.yongyukitchenware.com\/pt\/wp-json\/wp\/v2\/types\/product"}],"replies":[{"embeddable":true,"href":"https:\/\/www.yongyukitchenware.com\/pt\/wp-json\/wp\/v2\/comments?post=4323"}],"wp:featuredmedia":[{"embeddable":true,"href":"https:\/\/www.yongyukitchenware.com\/pt\/wp-json\/wp\/v2\/media\/4324"}],"wp:attachment":[{"href":"https:\/\/www.yongyukitchenware.com\/pt\/wp-json\/wp\/v2\/media?parent=4323"}],"wp:term":[{"taxonomy":"application","embeddable":true,"href":"https:\/\/www.yongyukitchenware.com\/pt\/wp-json\/wp\/v2\/application?post=4323"},{"taxonomy":"product_brand","embeddable":true,"href":"https:\/\/www.yongyukitchenware.com\/pt\/wp-json\/wp\/v2\/product_brand?post=4323"},{"taxonomy":"product_cat","embeddable":true,"href":"https:\/\/www.yongyukitchenware.com\/pt\/wp-json\/wp\/v2\/product_cat?post=4323"},{"taxonomy":"product_tag","embeddable":true,"href":"https:\/\/www.yongyukitchenware.com\/pt\/wp-json\/wp\/v2\/product_tag?post=4323"}],"curies":[{"name":"wp","href":"https:\/\/api.w.org\/{rel}","templated":true}]}}