{"id":4331,"date":"2025-08-01T07:28:43","date_gmt":"2025-08-01T07:28:43","guid":{"rendered":"https:\/\/www.yongyukitchenware.com\/?post_type=product&#038;p=4331"},"modified":"2025-08-01T07:28:52","modified_gmt":"2025-08-01T07:28:52","slug":"wholesale-stainless-steel-octagonal-dinner-plates-korean-style-silver","status":"publish","type":"product","link":"https:\/\/www.yongyukitchenware.com\/pt\/produto\/wholesale-stainless-steel-octagonal-dinner-plates-korean-style-silver\/","title":{"rendered":"Pratos de jantar octogonais de a\u00e7o inoxid\u00e1vel por atacado Estilo coreano - Prata"},"content":{"rendered":"<div class=\"wp-block-columns is-layout-flex wp-container-core-columns-is-layout-9d6595d7 wp-block-columns-is-layout-flex\">\n<div class=\"wp-block-column is-layout-flow wp-block-column-is-layout-flow\">\n<h2 class=\"wp-block-heading\">Pratos de jantar octogonais de a\u00e7o inoxid\u00e1vel por atacado Tamanho:<\/h2>\n\n\n\n<figure class=\"wp-block-table\"><table class=\"has-fixed-layout\"><tbody><tr><td>Modelo<\/td><td>Capacidade (L)<\/td><td>MOQ<\/td><\/tr><tr><td rowspan=\"4\">DY075-P<\/td><td>10,5 cm<\/td><td>200 UNIDADES<\/td><\/tr><tr><td>12 cm<\/td><td>200 UNIDADES<\/td><\/tr><tr><td>13,5 cm<\/td><td>140 UNIDADES<\/td><\/tr><tr><td>15 cm<\/td><td>140 UNIDADES<\/td><\/tr><\/tbody><\/table><\/figure>\n\n\n\n<h2 class=\"wp-block-heading\">Pratos de jantar octogonais de a\u00e7o inoxid\u00e1vel por atacado Carater\u00edsticas:<\/h2>\n\n\n\n<p><strong>Forma octogonal de elevado n\u00edvel est\u00e9tico:<\/strong> O design octogonal \u00fanico, com linhas n\u00edtidas, exala uma sensa\u00e7\u00e3o de sofistica\u00e7\u00e3o na simplicidade, acrescentando um toque de atmosfera art\u00edstica \u00e0 mesa de jantar.<br><strong>Artesanato requintado: <\/strong>Gra\u00e7as \u00e0s t\u00e9cnicas de retifica\u00e7\u00e3o fina, a superf\u00edcie do mostrador \u00e9 lisa como um espelho, com arestas arredondadas sem rebarbas, garantindo seguran\u00e7a e conforto.<br><strong>Material de a\u00e7o inoxid\u00e1vel de alta qualidade: <\/strong>Fabricado em a\u00e7o inoxid\u00e1vel de qualidade alimentar, \u00e9 robusto e dur\u00e1vel, n\u00e3o \u00e9 suscet\u00edvel de enferrujar, \u00e9 resistente ao calor e \u00e9 mais seguro para a utiliza\u00e7\u00e3o di\u00e1ria.<br><strong>Op\u00e7\u00f5es de duas cores: <\/strong>Dispon\u00edvel em a\u00e7o inoxid\u00e1vel de cor natural e dourado, adapta-se a v\u00e1rios estilos de casa e \u00e9 adequado para v\u00e1rios cen\u00e1rios, tais como pratos de jantar, pratos de aperitivos e pratos de fruta.<br><strong>V\u00e1rias especifica\u00e7\u00f5es \u00e0 escolha: <\/strong>Est\u00e3o dispon\u00edveis 4 tamanhos no total, que satisfazem as necessidades de v\u00e1rios cen\u00e1rios, desde as refei\u00e7\u00f5es di\u00e1rias at\u00e9 ao servi\u00e7o de banquetes, sendo flex\u00edveis e pr\u00e1ticos.<\/p>\n<\/div>\n\n\n\n<div class=\"wp-block-column is-layout-flow wp-block-column-is-layout-flow\">\n<figure class=\"wp-block-image size-full is-resized\"><img decoding=\"async\" width=\"800\" height=\"800\" src=\"https:\/\/www.yongyukitchenware.com\/wp-content\/uploads\/2025\/07\/Wholesale-Stainless-Steel-Octagonal-Dinner-Plates-2.webp\" alt=\"Pratos de jantar octogonais de a\u00e7o inoxid\u00e1vel por atacado-2\" class=\"wp-image-4333\" style=\"width:384px;height:auto\" srcset=\"https:\/\/www.yongyukitchenware.com\/wp-content\/uploads\/2025\/07\/Wholesale-Stainless-Steel-Octagonal-Dinner-Plates-2.webp 800w, https:\/\/www.yongyukitchenware.com\/wp-content\/uploads\/2025\/07\/Wholesale-Stainless-Steel-Octagonal-Dinner-Plates-2-300x300.webp 300w, https:\/\/www.yongyukitchenware.com\/wp-content\/uploads\/2025\/07\/Wholesale-Stainless-Steel-Octagonal-Dinner-Plates-2-150x150.webp 150w, https:\/\/www.yongyukitchenware.com\/wp-content\/uploads\/2025\/07\/Wholesale-Stainless-Steel-Octagonal-Dinner-Plates-2-768x768.webp 768w, https:\/\/www.yongyukitchenware.com\/wp-content\/uploads\/2025\/07\/Wholesale-Stainless-Steel-Octagonal-Dinner-Plates-2-12x12.webp 12w, https:\/\/www.yongyukitchenware.com\/wp-content\/uploads\/2025\/07\/Wholesale-Stainless-Steel-Octagonal-Dinner-Plates-2-600x600.webp 600w, https:\/\/www.yongyukitchenware.com\/wp-content\/uploads\/2025\/07\/Wholesale-Stainless-Steel-Octagonal-Dinner-Plates-2-100x100.webp 100w\" sizes=\"(max-width: 800px) 100vw, 800px\" \/><\/figure>\n\n\n\n<figure class=\"wp-block-image size-full is-resized\"><img decoding=\"async\" width=\"800\" height=\"800\" src=\"https:\/\/www.yongyukitchenware.com\/wp-content\/uploads\/2025\/07\/Wholesale-Stainless-Steel-Octagonal-Dinner-Plates-8.webp\" alt=\"Pratos de jantar octogonais de a\u00e7o inoxid\u00e1vel por atacado-8\" class=\"wp-image-4339\" style=\"width:384px\" srcset=\"https:\/\/www.yongyukitchenware.com\/wp-content\/uploads\/2025\/07\/Wholesale-Stainless-Steel-Octagonal-Dinner-Plates-8.webp 800w, https:\/\/www.yongyukitchenware.com\/wp-content\/uploads\/2025\/07\/Wholesale-Stainless-Steel-Octagonal-Dinner-Plates-8-300x300.webp 300w, https:\/\/www.yongyukitchenware.com\/wp-content\/uploads\/2025\/07\/Wholesale-Stainless-Steel-Octagonal-Dinner-Plates-8-150x150.webp 150w, https:\/\/www.yongyukitchenware.com\/wp-content\/uploads\/2025\/07\/Wholesale-Stainless-Steel-Octagonal-Dinner-Plates-8-768x768.webp 768w, https:\/\/www.yongyukitchenware.com\/wp-content\/uploads\/2025\/07\/Wholesale-Stainless-Steel-Octagonal-Dinner-Plates-8-12x12.webp 12w, https:\/\/www.yongyukitchenware.com\/wp-content\/uploads\/2025\/07\/Wholesale-Stainless-Steel-Octagonal-Dinner-Plates-8-600x600.webp 600w, https:\/\/www.yongyukitchenware.com\/wp-content\/uploads\/2025\/07\/Wholesale-Stainless-Steel-Octagonal-Dinner-Plates-8-100x100.webp 100w\" sizes=\"(max-width: 800px) 100vw, 800px\" \/><\/figure>\n<\/div>\n<\/div>","protected":false},"excerpt":{"rendered":"<div class=\"n4sEPd\">\n<div class=\"UdTY9 qhIQqf leDWne\" aria-hidden=\"true\" data-location=\"1\">Pratos de jantar octogonais de a\u00e7o inoxid\u00e1vel por grosso em estilo coreano. Dur\u00e1veis, elegantes e com uma forma \u00fanica, estes pratos s\u00e3o perfeitos para refei\u00e7\u00f5es casuais e formais. Ideal para restaurantes ou eventos, oferecendo estilo e funcionalidade a granel.<\/div>\n<\/div>\n<h2 style=\"text-align: left;\">Pratos de jantar octogonais de a\u00e7o inoxid\u00e1vel por atacado:<\/h2>\n<p style=\"text-align: left;\"><strong>Material:<\/strong> A\u00e7o inoxid\u00e1vel<br \/><strong>Comprimento:<\/strong>10,5\/12\/13,5\/15cm<br \/><strong>Forma:<\/strong> Forma octogonal<br \/><strong>Embalagem:<\/strong> Saco OPP e caixa de cart\u00e3o<br \/><strong>OEM\/ODM:<\/strong> Dispon\u00edvel<\/p>\n<h2 class=\"wp-block-heading\">Fabricante de pratos de jantar octogonais de a\u00e7o inoxid\u00e1vel por atacado:<\/h2>\n<p>Quer se trate de um fornecedor de servi\u00e7os de catering, de um hotel ou restaurante, ou de uma empresa de planeamento de eventos, fornecemos solu\u00e7\u00f5es completas de fornecimento de catering por atacado para si com pre\u00e7os de f\u00e1brica de alta qualidade!<\/p>","protected":false},"featured_media":4332,"comment_status":"closed","ping_status":"closed","template":"","meta":{"_acf_changed":true},"application":[29],"product_brand":[],"product_cat":[21],"product_tag":[],"class_list":{"0":"post-4331","1":"product","2":"type-product","3":"status-publish","4":"has-post-thumbnail","6":"application-home-kitchen","7":"product_cat-tableware-wholesale","9":"first","10":"instock","11":"shipping-taxable","12":"product-type-simple"},"acf":[],"_links":{"self":[{"href":"https:\/\/www.yongyukitchenware.com\/pt\/wp-json\/wp\/v2\/product\/4331","targetHints":{"allow":["GET"]}}],"collection":[{"href":"https:\/\/www.yongyukitchenware.com\/pt\/wp-json\/wp\/v2\/product"}],"about":[{"href":"https:\/\/www.yongyukitchenware.com\/pt\/wp-json\/wp\/v2\/types\/product"}],"replies":[{"embeddable":true,"href":"https:\/\/www.yongyukitchenware.com\/pt\/wp-json\/wp\/v2\/comments?post=4331"}],"wp:featuredmedia":[{"embeddable":true,"href":"https:\/\/www.yongyukitchenware.com\/pt\/wp-json\/wp\/v2\/media\/4332"}],"wp:attachment":[{"href":"https:\/\/www.yongyukitchenware.com\/pt\/wp-json\/wp\/v2\/media?parent=4331"}],"wp:term":[{"taxonomy":"application","embeddable":true,"href":"https:\/\/www.yongyukitchenware.com\/pt\/wp-json\/wp\/v2\/application?post=4331"},{"taxonomy":"product_brand","embeddable":true,"href":"https:\/\/www.yongyukitchenware.com\/pt\/wp-json\/wp\/v2\/product_brand?post=4331"},{"taxonomy":"product_cat","embeddable":true,"href":"https:\/\/www.yongyukitchenware.com\/pt\/wp-json\/wp\/v2\/product_cat?post=4331"},{"taxonomy":"product_tag","embeddable":true,"href":"https:\/\/www.yongyukitchenware.com\/pt\/wp-json\/wp\/v2\/product_tag?post=4331"}],"curies":[{"name":"wp","href":"https:\/\/api.w.org\/{rel}","templated":true}]}}