{"id":4344,"date":"2025-08-01T07:39:06","date_gmt":"2025-08-01T07:39:06","guid":{"rendered":"https:\/\/www.yongyukitchenware.com\/?post_type=product&#038;p=4344"},"modified":"2025-08-01T07:39:11","modified_gmt":"2025-08-01T07:39:11","slug":"bulk-stainless-steel-octagonal-dinner-plates-korean-style-gold","status":"publish","type":"product","link":"https:\/\/www.yongyukitchenware.com\/pt\/produto\/bulk-stainless-steel-octagonal-dinner-plates-korean-style-gold\/","title":{"rendered":"Pratos de jantar octogonais de a\u00e7o inoxid\u00e1vel a granel Estilo coreano - dourado"},"content":{"rendered":"<div class=\"wp-block-columns is-layout-flex wp-container-core-columns-is-layout-9d6595d7 wp-block-columns-is-layout-flex\">\n<div class=\"wp-block-column is-layout-flow wp-block-column-is-layout-flow\">\n<h2 class=\"wp-block-heading\">Bulk Stainless Steel Octagonal Dinner Plates Size:<\/h2>\n\n\n\n<figure class=\"wp-block-table\"><table class=\"has-fixed-layout\"><tbody><tr><td>Modelo<\/td><td>Capacidade (L)<\/td><td>MOQ<\/td><\/tr><tr><td rowspan=\"4\">DY075-P<\/td><td>10,5 cm<\/td><td>200 UNIDADES<\/td><\/tr><tr><td>12 cm<\/td><td>200 UNIDADES<\/td><\/tr><tr><td>13,5 cm<\/td><td>140 UNIDADES<\/td><\/tr><tr><td>15 cm<\/td><td>140 UNIDADES<\/td><\/tr><\/tbody><\/table><\/figure>\n\n\n\n<h2 class=\"wp-block-heading\">Bulk  Stainless Steel Octagonal Dinner Plates Features:<\/h2>\n\n\n\n<p><strong>Forma octogonal de elevado n\u00edvel est\u00e9tico:<\/strong> O design octogonal \u00fanico, com linhas n\u00edtidas, exala uma sensa\u00e7\u00e3o de sofistica\u00e7\u00e3o na simplicidade, acrescentando um toque de atmosfera art\u00edstica \u00e0 mesa de jantar.<br><strong>Artesanato requintado: <\/strong>Gra\u00e7as \u00e0s t\u00e9cnicas de retifica\u00e7\u00e3o fina, a superf\u00edcie do mostrador \u00e9 lisa como um espelho, com arestas arredondadas sem rebarbas, garantindo seguran\u00e7a e conforto.<br><strong>Material de a\u00e7o inoxid\u00e1vel de alta qualidade: <\/strong>Made from food-grade stainless steel, it is sturdy, durable, and resistant to rust, with heat resistance, making it more reassuring for daily use.<br><strong>Op\u00e7\u00f5es de duas cores: <\/strong>Available in stainless steel in a natural color and gold, it suits various home styles and is suitable for multiple scenarios, such as dinner plates, snack plates, and fruit plates.<br><strong>V\u00e1rias especifica\u00e7\u00f5es \u00e0 escolha: <\/strong>Est\u00e3o dispon\u00edveis 4 tamanhos no total, que satisfazem as necessidades de v\u00e1rios cen\u00e1rios, desde as refei\u00e7\u00f5es di\u00e1rias at\u00e9 ao servi\u00e7o de banquetes, sendo flex\u00edveis e pr\u00e1ticos.<\/p>\n<\/div>\n\n\n\n<div class=\"wp-block-column is-layout-flow wp-block-column-is-layout-flow\">\n<figure class=\"wp-block-image size-full is-resized\"><img decoding=\"async\" width=\"800\" height=\"800\" src=\"https:\/\/www.yongyukitchenware.com\/wp-content\/uploads\/2025\/08\/Bulk-Stainless-Steel-Octagonal-Dinner-Plates1.webp\" alt=\"Bulk Stainless Steel Octagonal Dinner Plates1\" class=\"wp-image-4640\" style=\"width:384px;height:auto\" srcset=\"https:\/\/www.yongyukitchenware.com\/wp-content\/uploads\/2025\/08\/Bulk-Stainless-Steel-Octagonal-Dinner-Plates1.webp 800w, https:\/\/www.yongyukitchenware.com\/wp-content\/uploads\/2025\/08\/Bulk-Stainless-Steel-Octagonal-Dinner-Plates1-300x300.webp 300w, https:\/\/www.yongyukitchenware.com\/wp-content\/uploads\/2025\/08\/Bulk-Stainless-Steel-Octagonal-Dinner-Plates1-150x150.webp 150w, https:\/\/www.yongyukitchenware.com\/wp-content\/uploads\/2025\/08\/Bulk-Stainless-Steel-Octagonal-Dinner-Plates1-768x768.webp 768w, https:\/\/www.yongyukitchenware.com\/wp-content\/uploads\/2025\/08\/Bulk-Stainless-Steel-Octagonal-Dinner-Plates1-12x12.webp 12w, https:\/\/www.yongyukitchenware.com\/wp-content\/uploads\/2025\/08\/Bulk-Stainless-Steel-Octagonal-Dinner-Plates1-600x600.webp 600w, https:\/\/www.yongyukitchenware.com\/wp-content\/uploads\/2025\/08\/Bulk-Stainless-Steel-Octagonal-Dinner-Plates1-100x100.webp 100w\" sizes=\"(max-width: 800px) 100vw, 800px\" \/><\/figure>\n\n\n\n<figure class=\"wp-block-image size-full is-resized\"><img decoding=\"async\" width=\"800\" height=\"800\" src=\"https:\/\/www.yongyukitchenware.com\/wp-content\/uploads\/2025\/08\/Bulk-Stainless-Steel-Octagonal-Dinner-Plates2.webp\" alt=\"Bulk Stainless Steel Octagonal Dinner Plates2\" class=\"wp-image-4641\" style=\"width:384px\" srcset=\"https:\/\/www.yongyukitchenware.com\/wp-content\/uploads\/2025\/08\/Bulk-Stainless-Steel-Octagonal-Dinner-Plates2.webp 800w, https:\/\/www.yongyukitchenware.com\/wp-content\/uploads\/2025\/08\/Bulk-Stainless-Steel-Octagonal-Dinner-Plates2-300x300.webp 300w, https:\/\/www.yongyukitchenware.com\/wp-content\/uploads\/2025\/08\/Bulk-Stainless-Steel-Octagonal-Dinner-Plates2-150x150.webp 150w, https:\/\/www.yongyukitchenware.com\/wp-content\/uploads\/2025\/08\/Bulk-Stainless-Steel-Octagonal-Dinner-Plates2-768x768.webp 768w, https:\/\/www.yongyukitchenware.com\/wp-content\/uploads\/2025\/08\/Bulk-Stainless-Steel-Octagonal-Dinner-Plates2-12x12.webp 12w, https:\/\/www.yongyukitchenware.com\/wp-content\/uploads\/2025\/08\/Bulk-Stainless-Steel-Octagonal-Dinner-Plates2-600x600.webp 600w, https:\/\/www.yongyukitchenware.com\/wp-content\/uploads\/2025\/08\/Bulk-Stainless-Steel-Octagonal-Dinner-Plates2-100x100.webp 100w\" sizes=\"(max-width: 800px) 100vw, 800px\" \/><\/figure>\n<\/div>\n<\/div>","protected":false},"excerpt":{"rendered":"<div class=\"n4sEPd\">\n<div class=\"UdTY9 qhIQqf leDWne\" aria-hidden=\"true\" data-location=\"1\">Pratos de jantar octogonais em a\u00e7o inoxid\u00e1vel a granel em estilo coreano. Estes pratos elegantes, com acabamento dourado, oferecem durabilidade e eleg\u00e2ncia, perfeitos para jantares ou eventos de luxo. O design octogonal \u00fanico d\u00e1 um toque moderno a qualquer mesa. Ideal para empresas que procuram loi\u00e7a de qualidade a granel.<\/div>\n<\/div>\n<h2 style=\"text-align: left;\">Bulk Stainless Steel Octagonal Dinner Plates:<\/h2>\n<p style=\"text-align: left;\"><strong>Material:<\/strong> A\u00e7o inoxid\u00e1vel<br \/><strong>Comprimento:<\/strong>10,5\/12\/13,5\/15cm<br \/><strong>Forma:<\/strong> Forma octogonal<br \/><strong>Embalagem:<\/strong> Saco OPP e caixa de cart\u00e3o<br \/><strong>OEM\/ODM:<\/strong> Dispon\u00edvel<\/p>\n<h2 class=\"wp-block-heading\">Bulk Stainless Steel Octagonal Dinner Plates Manufacturer:<\/h2>\n<p>Quer se trate de um fornecedor de servi\u00e7os de catering, de um hotel ou restaurante, ou de uma empresa de planeamento de eventos, fornecemos solu\u00e7\u00f5es completas de fornecimento de catering por atacado para si com pre\u00e7os de f\u00e1brica de alta qualidade!<\/p>","protected":false},"featured_media":4642,"comment_status":"closed","ping_status":"closed","template":"","meta":{"_acf_changed":false},"application":[29],"product_brand":[],"product_cat":[21],"product_tag":[],"class_list":{"0":"post-4344","1":"product","2":"type-product","3":"status-publish","4":"has-post-thumbnail","6":"application-home-kitchen","7":"product_cat-tableware-wholesale","9":"first","10":"instock","11":"shipping-taxable","12":"product-type-simple"},"acf":[],"_links":{"self":[{"href":"https:\/\/www.yongyukitchenware.com\/pt\/wp-json\/wp\/v2\/product\/4344","targetHints":{"allow":["GET"]}}],"collection":[{"href":"https:\/\/www.yongyukitchenware.com\/pt\/wp-json\/wp\/v2\/product"}],"about":[{"href":"https:\/\/www.yongyukitchenware.com\/pt\/wp-json\/wp\/v2\/types\/product"}],"replies":[{"embeddable":true,"href":"https:\/\/www.yongyukitchenware.com\/pt\/wp-json\/wp\/v2\/comments?post=4344"}],"wp:featuredmedia":[{"embeddable":true,"href":"https:\/\/www.yongyukitchenware.com\/pt\/wp-json\/wp\/v2\/media\/4642"}],"wp:attachment":[{"href":"https:\/\/www.yongyukitchenware.com\/pt\/wp-json\/wp\/v2\/media?parent=4344"}],"wp:term":[{"taxonomy":"application","embeddable":true,"href":"https:\/\/www.yongyukitchenware.com\/pt\/wp-json\/wp\/v2\/application?post=4344"},{"taxonomy":"product_brand","embeddable":true,"href":"https:\/\/www.yongyukitchenware.com\/pt\/wp-json\/wp\/v2\/product_brand?post=4344"},{"taxonomy":"product_cat","embeddable":true,"href":"https:\/\/www.yongyukitchenware.com\/pt\/wp-json\/wp\/v2\/product_cat?post=4344"},{"taxonomy":"product_tag","embeddable":true,"href":"https:\/\/www.yongyukitchenware.com\/pt\/wp-json\/wp\/v2\/product_tag?post=4344"}],"curies":[{"name":"wp","href":"https:\/\/api.w.org\/{rel}","templated":true}]}}