{"id":4369,"date":"2025-07-16T03:09:05","date_gmt":"2025-07-16T03:09:05","guid":{"rendered":"https:\/\/www.yongyukitchenware.com\/?post_type=product&#038;p=4369"},"modified":"2025-07-16T03:09:08","modified_gmt":"2025-07-16T03:09:08","slug":"wholesale-stainless-steel-divided-dishes-round-sauce-dishes-gold","status":"publish","type":"product","link":"https:\/\/www.yongyukitchenware.com\/pt\/produto\/wholesale-stainless-steel-divided-dishes-round-sauce-dishes-gold\/","title":{"rendered":"Pratos divididos em a\u00e7o inoxid\u00e1vel por atacado Pratos de molho redondos - Ouro"},"content":{"rendered":"<div class=\"wp-block-columns is-layout-flex wp-container-core-columns-is-layout-9d6595d7 wp-block-columns-is-layout-flex\">\n<div class=\"wp-block-column is-layout-flow wp-block-column-is-layout-flow\">\n<h2 class=\"wp-block-heading\">Tamanho dos pratos divididos de a\u00e7o inoxid\u00e1vel por atacado:<\/h2>\n\n\n\n<figure class=\"wp-block-table\"><table class=\"has-fixed-layout\"><tbody><tr><td>Modelo<\/td><td>Capacidade (L)<\/td><td>MOQ<\/td><\/tr><tr><td rowspan=\"3\">DY119-Z<\/td><td>10 cm<\/td><td>800 PE\u00c7AS<\/td><\/tr><tr><td>12 cm<\/td><td>600 PE\u00c7AS<\/td><\/tr><tr><td>14 cm<\/td><td>480 UNIDADES<\/td><\/tr><\/tbody><\/table><\/figure>\n\n\n\n<h2 class=\"wp-block-heading\">Pratos divididos de a\u00e7o inoxid\u00e1vel por atacado Carater\u00edsticas:<\/h2>\n\n\n\n<p><strong>Design multi-compartimentos, sem mistura de sabores para classifica\u00e7\u00e3o:<\/strong> Est\u00e3o dispon\u00edveis dois ou tr\u00eas compartimentos, separando facilmente diferentes temperos ou snacks para evitar a mistura de sabores. \u00c9 simultaneamente pr\u00e1tico e arrumado.<br><strong>Tr\u00eas tamanhos, combina\u00e7\u00e3o e utiliza\u00e7\u00e3o flex\u00edveis: <\/strong>Com tr\u00eas tamanhos, satisfaz as necessidades de diferentes mesas de jantar ou objectivos. Quer se trate de reuni\u00f5es familiares ou de empratamento num restaurante, \u00e9 f\u00e1cil de utilizar.<br><strong>Material de a\u00e7o inoxid\u00e1vel de alta qualidade: <\/strong>Fabricado em a\u00e7o inoxid\u00e1vel de qualidade alimentar, \u00e9 robusto e dur\u00e1vel, resistente \u00e0 corros\u00e3o e n\u00e3o \u00e9 suscet\u00edvel de deforma\u00e7\u00e3o, proporcionando uma maior tranquilidade durante a utiliza\u00e7\u00e3o di\u00e1ria.<br>Dispon\u00edvel em duas cores para real\u00e7ar a est\u00e9tica <strong>atrativo do tampo da mesa: <\/strong>Dispon\u00edvel na cor original de a\u00e7o inoxid\u00e1vel e na elegante cor dourada, pode combinar com diferentes estilos de loi\u00e7a e melhorar a qualidade geral do revestimento.<br><strong>Arestas finamente polidas e lisas, sem rebarbas:<\/strong> Acabamento fino, arestas suaves que n\u00e3o magoam as m\u00e3os, mais seguro de utilizar, adequado para uso dom\u00e9stico e comercial.<\/p>\n<\/div>\n\n\n\n<div class=\"wp-block-column is-layout-flow wp-block-column-is-layout-flow\">\n<figure class=\"wp-block-image size-full is-resized\"><img decoding=\"async\" width=\"800\" height=\"800\" src=\"https:\/\/www.yongyukitchenware.com\/wp-content\/uploads\/2025\/07\/Wholesale-Stainless-Steel-Divided-Dishes-8.webp\" alt=\"Pratos divididos-8 em a\u00e7o inoxid\u00e1vel por atacado\" class=\"wp-image-4377\" style=\"width:384px;height:auto\" srcset=\"https:\/\/www.yongyukitchenware.com\/wp-content\/uploads\/2025\/07\/Wholesale-Stainless-Steel-Divided-Dishes-8.webp 800w, https:\/\/www.yongyukitchenware.com\/wp-content\/uploads\/2025\/07\/Wholesale-Stainless-Steel-Divided-Dishes-8-300x300.webp 300w, https:\/\/www.yongyukitchenware.com\/wp-content\/uploads\/2025\/07\/Wholesale-Stainless-Steel-Divided-Dishes-8-150x150.webp 150w, https:\/\/www.yongyukitchenware.com\/wp-content\/uploads\/2025\/07\/Wholesale-Stainless-Steel-Divided-Dishes-8-768x768.webp 768w, https:\/\/www.yongyukitchenware.com\/wp-content\/uploads\/2025\/07\/Wholesale-Stainless-Steel-Divided-Dishes-8-12x12.webp 12w, https:\/\/www.yongyukitchenware.com\/wp-content\/uploads\/2025\/07\/Wholesale-Stainless-Steel-Divided-Dishes-8-600x600.webp 600w, https:\/\/www.yongyukitchenware.com\/wp-content\/uploads\/2025\/07\/Wholesale-Stainless-Steel-Divided-Dishes-8-100x100.webp 100w\" sizes=\"(max-width: 800px) 100vw, 800px\" \/><\/figure>\n\n\n\n<figure class=\"wp-block-image size-full is-resized\"><img decoding=\"async\" width=\"800\" height=\"800\" src=\"https:\/\/www.yongyukitchenware.com\/wp-content\/uploads\/2025\/07\/Wholesale-Stainless-Steel-Divided-Dishes-10.webp\" alt=\"Atacado-Pratos divididos em a\u00e7o inoxid\u00e1vel-10\" class=\"wp-image-4379\" style=\"width:384px\" srcset=\"https:\/\/www.yongyukitchenware.com\/wp-content\/uploads\/2025\/07\/Wholesale-Stainless-Steel-Divided-Dishes-10.webp 800w, https:\/\/www.yongyukitchenware.com\/wp-content\/uploads\/2025\/07\/Wholesale-Stainless-Steel-Divided-Dishes-10-300x300.webp 300w, https:\/\/www.yongyukitchenware.com\/wp-content\/uploads\/2025\/07\/Wholesale-Stainless-Steel-Divided-Dishes-10-150x150.webp 150w, https:\/\/www.yongyukitchenware.com\/wp-content\/uploads\/2025\/07\/Wholesale-Stainless-Steel-Divided-Dishes-10-768x768.webp 768w, https:\/\/www.yongyukitchenware.com\/wp-content\/uploads\/2025\/07\/Wholesale-Stainless-Steel-Divided-Dishes-10-12x12.webp 12w, https:\/\/www.yongyukitchenware.com\/wp-content\/uploads\/2025\/07\/Wholesale-Stainless-Steel-Divided-Dishes-10-600x600.webp 600w, https:\/\/www.yongyukitchenware.com\/wp-content\/uploads\/2025\/07\/Wholesale-Stainless-Steel-Divided-Dishes-10-100x100.webp 100w\" sizes=\"(max-width: 800px) 100vw, 800px\" \/><\/figure>\n<\/div>\n<\/div>","protected":false},"excerpt":{"rendered":"<div class=\"n4sEPd\">\n<div class=\"UdTY9 qhIQqf leDWne\" aria-hidden=\"true\" data-location=\"1\">Pratos divididos em a\u00e7o inoxid\u00e1vel por grosso. Fabricados em a\u00e7o inoxid\u00e1vel duradouro com um acabamento dourado, s\u00e3o ideais para molhos e molhos. Perfeitos para eventos, restaurantes ou uso dom\u00e9stico. Abaste\u00e7a-se e ofere\u00e7a aos seus clientes uma qualidade superior.<\/div>\n<\/div>\n<h2 style=\"text-align: left;\">Pratos divididos em a\u00e7o inoxid\u00e1vel por atacado:<\/h2>\n<p style=\"text-align: left;\"><strong>Material:<\/strong> A\u00e7o inoxid\u00e1vel<br \/><strong>Comprimento:<\/strong>10\/12\/14cm<br \/><strong>Forma:<\/strong> Forma octogonal<br \/><strong>Embalagem:<\/strong> Saco OPP e caixa de cart\u00e3o<br \/><strong>OEM\/ODM:<\/strong> Dispon\u00edvel<\/p>\n<h2 class=\"wp-block-heading\">Fabricante de pratos divididos em a\u00e7o inoxid\u00e1vel por atacado:<\/h2>\n<p>Quer se trate de um fornecedor de servi\u00e7os de catering, de um hotel ou restaurante, ou de uma empresa de planeamento de eventos, fornecemos solu\u00e7\u00f5es completas de fornecimento de catering por atacado para si com pre\u00e7os de f\u00e1brica de alta qualidade!<\/p>","protected":false},"featured_media":4373,"comment_status":"closed","ping_status":"closed","template":"","meta":{"_acf_changed":true},"application":[29],"product_brand":[],"product_cat":[21],"product_tag":[],"class_list":{"0":"post-4369","1":"product","2":"type-product","3":"status-publish","4":"has-post-thumbnail","6":"application-home-kitchen","7":"product_cat-tableware-wholesale","9":"first","10":"instock","11":"shipping-taxable","12":"product-type-simple"},"acf":[],"_links":{"self":[{"href":"https:\/\/www.yongyukitchenware.com\/pt\/wp-json\/wp\/v2\/product\/4369","targetHints":{"allow":["GET"]}}],"collection":[{"href":"https:\/\/www.yongyukitchenware.com\/pt\/wp-json\/wp\/v2\/product"}],"about":[{"href":"https:\/\/www.yongyukitchenware.com\/pt\/wp-json\/wp\/v2\/types\/product"}],"replies":[{"embeddable":true,"href":"https:\/\/www.yongyukitchenware.com\/pt\/wp-json\/wp\/v2\/comments?post=4369"}],"wp:featuredmedia":[{"embeddable":true,"href":"https:\/\/www.yongyukitchenware.com\/pt\/wp-json\/wp\/v2\/media\/4373"}],"wp:attachment":[{"href":"https:\/\/www.yongyukitchenware.com\/pt\/wp-json\/wp\/v2\/media?parent=4369"}],"wp:term":[{"taxonomy":"application","embeddable":true,"href":"https:\/\/www.yongyukitchenware.com\/pt\/wp-json\/wp\/v2\/application?post=4369"},{"taxonomy":"product_brand","embeddable":true,"href":"https:\/\/www.yongyukitchenware.com\/pt\/wp-json\/wp\/v2\/product_brand?post=4369"},{"taxonomy":"product_cat","embeddable":true,"href":"https:\/\/www.yongyukitchenware.com\/pt\/wp-json\/wp\/v2\/product_cat?post=4369"},{"taxonomy":"product_tag","embeddable":true,"href":"https:\/\/www.yongyukitchenware.com\/pt\/wp-json\/wp\/v2\/product_tag?post=4369"}],"curies":[{"name":"wp","href":"https:\/\/api.w.org\/{rel}","templated":true}]}}