{"id":4380,"date":"2025-08-21T08:55:57","date_gmt":"2025-08-21T08:55:57","guid":{"rendered":"https:\/\/www.yongyukitchenware.com\/?post_type=product&#038;p=4380"},"modified":"2025-08-21T08:57:05","modified_gmt":"2025-08-21T08:57:05","slug":"bulk-stainless-steel-round-divided-sauce-dishes-silver","status":"publish","type":"product","link":"https:\/\/www.yongyukitchenware.com\/pt\/produto\/bulk-stainless-steel-round-divided-sauce-dishes-silver\/","title":{"rendered":"Pratos de molho redondos divididos em a\u00e7o inoxid\u00e1vel a granel - prata"},"content":{"rendered":"<div class=\"wp-block-columns is-layout-flex wp-container-core-columns-is-layout-9d6595d7 wp-block-columns-is-layout-flex\">\n<div class=\"wp-block-column is-layout-flow wp-block-column-is-layout-flow\">\n<h2 class=\"wp-block-heading\">Bulk Stainless Steel Round Divided Sauce Dishes Size:<\/h2>\n\n\n\n<figure class=\"wp-block-table\"><table class=\"has-fixed-layout\"><tbody><tr><td>Modelo<\/td><td>Capacidade (L)<\/td><td>MOQ<\/td><\/tr><tr><td rowspan=\"3\">DY119-Z<\/td><td>10 cm<\/td><td>800 PE\u00c7AS<\/td><\/tr><tr><td>12 cm<\/td><td>600 PE\u00c7AS<\/td><\/tr><tr><td>14 cm<\/td><td>480 UNIDADES<\/td><\/tr><\/tbody><\/table><\/figure>\n\n\n\n<h2 class=\"wp-block-heading\">Bulk Stainless Steel Round Divided Sauce Dishes Features:<\/h2>\n\n\n\n<p><strong>Design multi-compartimentos, sem mistura de sabores para classifica\u00e7\u00e3o:<\/strong> Est\u00e3o dispon\u00edveis dois ou tr\u00eas compartimentos, separando facilmente diferentes temperos ou snacks para evitar a mistura de sabores. \u00c9 simultaneamente pr\u00e1tico e arrumado.<br><strong>Tr\u00eas tamanhos, combina\u00e7\u00e3o e utiliza\u00e7\u00e3o flex\u00edveis: <\/strong>Com tr\u00eas tamanhos, satisfaz as necessidades de diferentes mesas de jantar ou objectivos. Quer se trate de reuni\u00f5es familiares ou de empratamento num restaurante, \u00e9 f\u00e1cil de utilizar.<br><strong>Material de a\u00e7o inoxid\u00e1vel de alta qualidade: <\/strong>Fabricado em a\u00e7o inoxid\u00e1vel de qualidade alimentar, \u00e9 robusto e dur\u00e1vel, resistente \u00e0 corros\u00e3o e n\u00e3o \u00e9 suscet\u00edvel de deforma\u00e7\u00e3o, proporcionando uma maior tranquilidade durante a utiliza\u00e7\u00e3o di\u00e1ria.<br>Dispon\u00edvel em duas cores para real\u00e7ar a est\u00e9tica <strong>atrativo do tampo da mesa: <\/strong>Dispon\u00edvel na cor original de a\u00e7o inoxid\u00e1vel e na elegante cor dourada, pode combinar com diferentes estilos de loi\u00e7a e melhorar a qualidade geral do revestimento.<br><strong>Arestas finamente polidas e lisas, sem rebarbas:<\/strong> Acabamento fino, arestas suaves que n\u00e3o magoam as m\u00e3os, mais seguro de utilizar, adequado para uso dom\u00e9stico e comercial.<\/p>\n<\/div>\n\n\n\n<div class=\"wp-block-column is-layout-flow wp-block-column-is-layout-flow\">\n<figure class=\"wp-block-image size-full is-resized\"><img decoding=\"async\" width=\"800\" height=\"800\" src=\"https:\/\/www.yongyukitchenware.com\/wp-content\/uploads\/2025\/07\/Wholesale-Stainless-Steel-Divided-Dishes-8.webp\" alt=\"Pratos divididos-8 em a\u00e7o inoxid\u00e1vel por atacado\" class=\"wp-image-4377\" style=\"width:384px;height:auto\" srcset=\"https:\/\/www.yongyukitchenware.com\/wp-content\/uploads\/2025\/07\/Wholesale-Stainless-Steel-Divided-Dishes-8.webp 800w, https:\/\/www.yongyukitchenware.com\/wp-content\/uploads\/2025\/07\/Wholesale-Stainless-Steel-Divided-Dishes-8-300x300.webp 300w, https:\/\/www.yongyukitchenware.com\/wp-content\/uploads\/2025\/07\/Wholesale-Stainless-Steel-Divided-Dishes-8-150x150.webp 150w, https:\/\/www.yongyukitchenware.com\/wp-content\/uploads\/2025\/07\/Wholesale-Stainless-Steel-Divided-Dishes-8-768x768.webp 768w, https:\/\/www.yongyukitchenware.com\/wp-content\/uploads\/2025\/07\/Wholesale-Stainless-Steel-Divided-Dishes-8-12x12.webp 12w, https:\/\/www.yongyukitchenware.com\/wp-content\/uploads\/2025\/07\/Wholesale-Stainless-Steel-Divided-Dishes-8-600x600.webp 600w, https:\/\/www.yongyukitchenware.com\/wp-content\/uploads\/2025\/07\/Wholesale-Stainless-Steel-Divided-Dishes-8-100x100.webp 100w\" sizes=\"(max-width: 800px) 100vw, 800px\" \/><\/figure>\n\n\n\n<figure class=\"wp-block-image size-full is-resized\"><img decoding=\"async\" width=\"800\" height=\"800\" src=\"https:\/\/www.yongyukitchenware.com\/wp-content\/uploads\/2025\/07\/Wholesale-Stainless-Steel-Divided-Dishes-10.webp\" alt=\"Atacado-Pratos divididos em a\u00e7o inoxid\u00e1vel-10\" class=\"wp-image-4379\" style=\"width:384px\" srcset=\"https:\/\/www.yongyukitchenware.com\/wp-content\/uploads\/2025\/07\/Wholesale-Stainless-Steel-Divided-Dishes-10.webp 800w, https:\/\/www.yongyukitchenware.com\/wp-content\/uploads\/2025\/07\/Wholesale-Stainless-Steel-Divided-Dishes-10-300x300.webp 300w, https:\/\/www.yongyukitchenware.com\/wp-content\/uploads\/2025\/07\/Wholesale-Stainless-Steel-Divided-Dishes-10-150x150.webp 150w, https:\/\/www.yongyukitchenware.com\/wp-content\/uploads\/2025\/07\/Wholesale-Stainless-Steel-Divided-Dishes-10-768x768.webp 768w, https:\/\/www.yongyukitchenware.com\/wp-content\/uploads\/2025\/07\/Wholesale-Stainless-Steel-Divided-Dishes-10-12x12.webp 12w, https:\/\/www.yongyukitchenware.com\/wp-content\/uploads\/2025\/07\/Wholesale-Stainless-Steel-Divided-Dishes-10-600x600.webp 600w, https:\/\/www.yongyukitchenware.com\/wp-content\/uploads\/2025\/07\/Wholesale-Stainless-Steel-Divided-Dishes-10-100x100.webp 100w\" sizes=\"(max-width: 800px) 100vw, 800px\" \/><\/figure>\n<\/div>\n<\/div>","protected":false},"excerpt":{"rendered":"<div class=\"n4sEPd\">\n<div class=\"UdTY9 qhIQqf leDWne\" aria-hidden=\"true\" data-location=\"1\">\n<article class=\"text-token-text-primary w-full focus:outline-none scroll-mt-[calc(var(--header-height)+min(200px,max(70px,20svh)))]\" dir=\"auto\" tabindex=\"-1\" data-turn-id=\"request-WEB:013e7ff5-e787-46fe-a489-01d14f9a58d0-41\" data-testid=\"conversation-turn-72\" data-scroll-anchor=\"true\" data-turn=\"assistant\">\n<div class=\"text-base my-auto mx-auto pb-10 [--thread-content-margin:--spacing(4)] @[37rem]:[--thread-content-margin:--spacing(6)] @[72rem]:[--thread-content-margin:--spacing(16)] px-(--thread-content-margin)\">\n<div class=\"[--thread-content-max-width:32rem] @[34rem]:[--thread-content-max-width:40rem] @[64rem]:[--thread-content-max-width:48rem] mx-auto max-w-(--thread-content-max-width) flex-1 group\/turn-messages focus-visible:outline-hidden relative flex w-full min-w-0 flex-col agent-turn\" tabindex=\"-1\">\n<div class=\"flex max-w-full flex-col grow\">\n<div class=\"min-h-8 text-message relative flex w-full flex-col items-end gap-2 text-start break-words whitespace-normal [.text-message+&amp;]:mt-5\" dir=\"auto\" data-message-author-role=\"assistant\" data-message-id=\"8b4070ab-3005-4b0a-bf65-7793d1a8e158\" data-message-model-slug=\"gpt-5-mini\">\n<div class=\"flex w-full flex-col gap-1 empty:hidden first:pt-[3px]\">\n<div class=\"markdown prose dark:prose-invert w-full break-words light markdown-new-styling\">\n<p data-start=\"0\" data-end=\"204\" data-is-last-node=\"\" data-is-only-node=\"\">Os pratos de molho redondos divididos em a\u00e7o inoxid\u00e1vel a granel, fabricados em a\u00e7o inoxid\u00e1vel 304 dur\u00e1vel com um acabamento prateado elegante, apresentam v\u00e1rios compartimentos ideais para servir molhos, molhos e condimentos com estilo.<\/p>\n<\/div>\n<\/div>\n<\/div>\n<\/div>\n<\/div>\n<\/div>\n<\/article>\n<\/div>\n<\/div>\n<h2 style=\"text-align: left;\">Bulk Stainless Steel Round Divided Sauce Dishes:<\/h2>\n<p style=\"text-align: left;\"><strong>Material:<\/strong> A\u00e7o inoxid\u00e1vel<br \/><strong>Comprimento:<\/strong>10\/12\/14cm<br \/><strong>Forma:<\/strong> Forma octogonal<br \/><strong>Embalagem:<\/strong> Saco OPP e caixa de cart\u00e3o<br \/><strong>OEM\/ODM:<\/strong> Dispon\u00edvel<\/p>\n<h2 class=\"wp-block-heading\">Bulk Stainless Steel Round Divided Sauce Dishes Manufacturer:<\/h2>\n<p>Quer se trate de um fornecedor de servi\u00e7os de catering, de um hotel ou restaurante, ou de uma empresa de planeamento de eventos, fornecemos solu\u00e7\u00f5es completas de fornecimento de catering por atacado para si com pre\u00e7os de f\u00e1brica de alta qualidade!<\/p>","protected":false},"featured_media":4731,"comment_status":"closed","ping_status":"closed","template":"","meta":{"_acf_changed":false},"application":[29],"product_brand":[],"product_cat":[21],"product_tag":[],"class_list":{"0":"post-4380","1":"product","2":"type-product","3":"status-publish","4":"has-post-thumbnail","6":"application-home-kitchen","7":"product_cat-tableware-wholesale","9":"first","10":"instock","11":"shipping-taxable","12":"product-type-simple"},"acf":[],"_links":{"self":[{"href":"https:\/\/www.yongyukitchenware.com\/pt\/wp-json\/wp\/v2\/product\/4380","targetHints":{"allow":["GET"]}}],"collection":[{"href":"https:\/\/www.yongyukitchenware.com\/pt\/wp-json\/wp\/v2\/product"}],"about":[{"href":"https:\/\/www.yongyukitchenware.com\/pt\/wp-json\/wp\/v2\/types\/product"}],"replies":[{"embeddable":true,"href":"https:\/\/www.yongyukitchenware.com\/pt\/wp-json\/wp\/v2\/comments?post=4380"}],"wp:featuredmedia":[{"embeddable":true,"href":"https:\/\/www.yongyukitchenware.com\/pt\/wp-json\/wp\/v2\/media\/4731"}],"wp:attachment":[{"href":"https:\/\/www.yongyukitchenware.com\/pt\/wp-json\/wp\/v2\/media?parent=4380"}],"wp:term":[{"taxonomy":"application","embeddable":true,"href":"https:\/\/www.yongyukitchenware.com\/pt\/wp-json\/wp\/v2\/application?post=4380"},{"taxonomy":"product_brand","embeddable":true,"href":"https:\/\/www.yongyukitchenware.com\/pt\/wp-json\/wp\/v2\/product_brand?post=4380"},{"taxonomy":"product_cat","embeddable":true,"href":"https:\/\/www.yongyukitchenware.com\/pt\/wp-json\/wp\/v2\/product_cat?post=4380"},{"taxonomy":"product_tag","embeddable":true,"href":"https:\/\/www.yongyukitchenware.com\/pt\/wp-json\/wp\/v2\/product_tag?post=4380"}],"curies":[{"name":"wp","href":"https:\/\/api.w.org\/{rel}","templated":true}]}}