{"id":4382,"date":"2025-07-16T02:53:27","date_gmt":"2025-07-16T02:53:27","guid":{"rendered":"https:\/\/www.yongyukitchenware.com\/?post_type=product&#038;p=4382"},"modified":"2025-07-16T02:53:29","modified_gmt":"2025-07-16T02:53:29","slug":"bulk-stainless-steel-dessert-plate-snack-tray-silver","status":"publish","type":"product","link":"https:\/\/www.yongyukitchenware.com\/pt\/produto\/bulk-stainless-steel-dessert-plate-snack-tray-silver\/","title":{"rendered":"Prato de sobremesa em a\u00e7o inoxid\u00e1vel a granel Tabuleiro para snacks - Prata"},"content":{"rendered":"<div class=\"wp-block-columns is-layout-flex wp-container-core-columns-is-layout-9d6595d7 wp-block-columns-is-layout-flex\">\n<div class=\"wp-block-column is-layout-flow wp-block-column-is-layout-flow\">\n<h2 class=\"wp-block-heading\">Prato de sobremesa de a\u00e7o inoxid\u00e1vel a granel Tamanho:<\/h2>\n\n\n\n<figure class=\"wp-block-table\"><table class=\"has-fixed-layout\"><tbody><tr><td>Modelo<\/td><td>Tamanho<\/td><td>Peso<\/td><td>MOQ<\/td><\/tr><tr><td rowspan=\"3\">DY120-Z<\/td><td>S(2\/3 compartimento)<\/td><td>96g<\/td><td>200 UNIDADES<\/td><\/tr><tr><td>M(2\/3 compartimentos)<\/td><td>115g<\/td><td>160 UNIDADES<\/td><\/tr><tr><td>L(2\/3 compartimento)<\/td><td>145g<\/td><td>120 UNIDADES<\/td><\/tr><\/tbody><\/table><\/figure>\n\n\n\n<h2 class=\"wp-block-heading\">Prato de sobremesa em a\u00e7o inoxid\u00e1vel a granel Carater\u00edsticas:<\/h2>\n\n\n\n<p><strong>Os compartimentos s\u00e3o mais adequados para uma categoriza\u00e7\u00e3o mais espec\u00edfica:<\/strong> Est\u00e3o dispon\u00edveis op\u00e7\u00f5es de dois compartimentos e de tr\u00eas compartimentos, com espa\u00e7o suficiente. Os temperos n\u00e3o misturam sabores, ideal para v\u00e1rios molhos de imers\u00e3o, condimentos, frutos secos ou snacks, satisfazendo v\u00e1rias necessidades de correspond\u00eancia.<br><strong>Tr\u00eas tamanhos \u00e0 escolha, confort\u00e1veis e c\u00f3modos:<\/strong> Com tr\u00eas tamanhos \u00e0 escolha, \u00e9 adequada para uma s\u00e9rie de situa\u00e7\u00f5es de utiliza\u00e7\u00e3o da mesa de jantar, desde a utiliza\u00e7\u00e3o familiar regular at\u00e9 festas com churrasco ou utiliza\u00e7\u00e3o comercial em restaurantes.<br><strong>A\u00e7o inoxid\u00e1vel de alta qualidade, robusto e duradouro:<\/strong> Fabricado em a\u00e7o inoxid\u00e1vel de qualidade alimentar, n\u00e3o enferruja, \u00e9 resistente \u00e0 corros\u00e3o, resistente ao calor e requer pouca manuten\u00e7\u00e3o. Mant\u00e9m um aspeto brilhante e novo mesmo ap\u00f3s uma utiliza\u00e7\u00e3o prolongada.<br><strong>Tipos de dois tons, bonitos e universais: <\/strong>Tamb\u00e9m com a cor natural e a textura tradicionais do a\u00e7o inoxid\u00e1vel, o dourado, simples e gracioso, real\u00e7a o estilo da mesa de jantar e pode ser combinado com v\u00e1rios estilos de utens\u00edlios de mesa.<br><strong>Constru\u00e7\u00e3o magistral, pormenores cuidadosos: <\/strong>Processo de moldagem de pe\u00e7a \u00fanica, arestas suaves e arredondadas que n\u00e3o magoam as m\u00e3os e superf\u00edcie lisa e sem rebarbas, reflectindo perfeitamente uma sensa\u00e7\u00e3o de qualidade de topo de gama. Fabricado em a\u00e7o inoxid\u00e1vel, n\u00e3o enferruja, \u00e9 resistente \u00e0 corros\u00e3o, resistente ao calor e requer pouca manuten\u00e7\u00e3o. <\/p>\n<\/div>\n\n\n\n<div class=\"wp-block-column is-layout-flow wp-block-column-is-layout-flow\">\n<figure class=\"wp-block-image size-full is-resized\"><img decoding=\"async\" width=\"800\" height=\"800\" src=\"https:\/\/www.yongyukitchenware.com\/wp-content\/uploads\/2025\/07\/Wholesale-Stainless-Steel-Dessert-Plate-7.webp\" alt=\"Prato de sobremesa em a\u00e7o inoxid\u00e1vel a granel\" class=\"wp-image-4389\" style=\"width:384px;height:auto\" srcset=\"https:\/\/www.yongyukitchenware.com\/wp-content\/uploads\/2025\/07\/Wholesale-Stainless-Steel-Dessert-Plate-7.webp 800w, https:\/\/www.yongyukitchenware.com\/wp-content\/uploads\/2025\/07\/Wholesale-Stainless-Steel-Dessert-Plate-7-300x300.webp 300w, https:\/\/www.yongyukitchenware.com\/wp-content\/uploads\/2025\/07\/Wholesale-Stainless-Steel-Dessert-Plate-7-150x150.webp 150w, https:\/\/www.yongyukitchenware.com\/wp-content\/uploads\/2025\/07\/Wholesale-Stainless-Steel-Dessert-Plate-7-768x768.webp 768w, https:\/\/www.yongyukitchenware.com\/wp-content\/uploads\/2025\/07\/Wholesale-Stainless-Steel-Dessert-Plate-7-12x12.webp 12w, https:\/\/www.yongyukitchenware.com\/wp-content\/uploads\/2025\/07\/Wholesale-Stainless-Steel-Dessert-Plate-7-600x600.webp 600w, https:\/\/www.yongyukitchenware.com\/wp-content\/uploads\/2025\/07\/Wholesale-Stainless-Steel-Dessert-Plate-7-100x100.webp 100w\" sizes=\"(max-width: 800px) 100vw, 800px\" \/><\/figure>\n\n\n\n<figure class=\"wp-block-image size-full is-resized\"><img decoding=\"async\" width=\"800\" height=\"800\" src=\"https:\/\/www.yongyukitchenware.com\/wp-content\/uploads\/2025\/07\/Wholesale-Stainless-Steel-Dessert-Plate-8.webp\" alt=\"Placa de sobremesa-8 de a\u00e7o inoxid\u00e1vel por atacado\" class=\"wp-image-4390\" style=\"width:384px\" srcset=\"https:\/\/www.yongyukitchenware.com\/wp-content\/uploads\/2025\/07\/Wholesale-Stainless-Steel-Dessert-Plate-8.webp 800w, https:\/\/www.yongyukitchenware.com\/wp-content\/uploads\/2025\/07\/Wholesale-Stainless-Steel-Dessert-Plate-8-300x300.webp 300w, https:\/\/www.yongyukitchenware.com\/wp-content\/uploads\/2025\/07\/Wholesale-Stainless-Steel-Dessert-Plate-8-150x150.webp 150w, https:\/\/www.yongyukitchenware.com\/wp-content\/uploads\/2025\/07\/Wholesale-Stainless-Steel-Dessert-Plate-8-768x768.webp 768w, https:\/\/www.yongyukitchenware.com\/wp-content\/uploads\/2025\/07\/Wholesale-Stainless-Steel-Dessert-Plate-8-12x12.webp 12w, https:\/\/www.yongyukitchenware.com\/wp-content\/uploads\/2025\/07\/Wholesale-Stainless-Steel-Dessert-Plate-8-600x600.webp 600w, https:\/\/www.yongyukitchenware.com\/wp-content\/uploads\/2025\/07\/Wholesale-Stainless-Steel-Dessert-Plate-8-100x100.webp 100w\" sizes=\"(max-width: 800px) 100vw, 800px\" \/><\/figure>\n<\/div>\n<\/div>","protected":false},"excerpt":{"rendered":"<div class=\"n4sEPd\">\n<div class=\"UdTY9 qhIQqf leDWne\" aria-hidden=\"true\" data-location=\"1\">Prato de sobremesa em a\u00e7o inoxid\u00e1vel a granel. Tabuleiro para snacks elegante e duradouro em prateado elegante, perfeito para servir sobremesas, aperitivos ou snacks de festa. Ideal para compradores a granel que procuram utens\u00edlios de mesa em a\u00e7o inoxid\u00e1vel com estilo e de longa dura\u00e7\u00e3o.<\/div>\n<\/div>\n<h2 style=\"text-align: left;\">Prato de sobremesa em a\u00e7o inoxid\u00e1vel a granel:<\/h2>\n<p style=\"text-align: left;\"><strong>Material:<\/strong> A\u00e7o inoxid\u00e1vel<br \/><strong>Comprimento:<\/strong>10\/12\/14cm<br \/><strong>Forma:<\/strong> Forma octogonal<br \/><strong>Embalagem:<\/strong> Saco OPP e caixa de cart\u00e3o<br \/><strong>OEM\/ODM:<\/strong> Dispon\u00edvel<\/p>\n<h2 class=\"wp-block-heading\">Placa de sobremesa de a\u00e7o inoxid\u00e1vel a granel Fabricante:<\/h2>\n<p>Quer se trate de um fornecedor de servi\u00e7os de catering, de um hotel ou restaurante, ou de uma empresa de planeamento de eventos, fornecemos solu\u00e7\u00f5es completas de fornecimento de catering por atacado para si com pre\u00e7os de f\u00e1brica de alta qualidade!<\/p>","protected":false},"featured_media":4383,"comment_status":"closed","ping_status":"closed","template":"","meta":{"_acf_changed":true},"application":[29],"product_brand":[],"product_cat":[21],"product_tag":[],"class_list":{"0":"post-4382","1":"product","2":"type-product","3":"status-publish","4":"has-post-thumbnail","6":"application-home-kitchen","7":"product_cat-tableware-wholesale","9":"first","10":"instock","11":"shipping-taxable","12":"product-type-simple"},"acf":[],"_links":{"self":[{"href":"https:\/\/www.yongyukitchenware.com\/pt\/wp-json\/wp\/v2\/product\/4382","targetHints":{"allow":["GET"]}}],"collection":[{"href":"https:\/\/www.yongyukitchenware.com\/pt\/wp-json\/wp\/v2\/product"}],"about":[{"href":"https:\/\/www.yongyukitchenware.com\/pt\/wp-json\/wp\/v2\/types\/product"}],"replies":[{"embeddable":true,"href":"https:\/\/www.yongyukitchenware.com\/pt\/wp-json\/wp\/v2\/comments?post=4382"}],"wp:featuredmedia":[{"embeddable":true,"href":"https:\/\/www.yongyukitchenware.com\/pt\/wp-json\/wp\/v2\/media\/4383"}],"wp:attachment":[{"href":"https:\/\/www.yongyukitchenware.com\/pt\/wp-json\/wp\/v2\/media?parent=4382"}],"wp:term":[{"taxonomy":"application","embeddable":true,"href":"https:\/\/www.yongyukitchenware.com\/pt\/wp-json\/wp\/v2\/application?post=4382"},{"taxonomy":"product_brand","embeddable":true,"href":"https:\/\/www.yongyukitchenware.com\/pt\/wp-json\/wp\/v2\/product_brand?post=4382"},{"taxonomy":"product_cat","embeddable":true,"href":"https:\/\/www.yongyukitchenware.com\/pt\/wp-json\/wp\/v2\/product_cat?post=4382"},{"taxonomy":"product_tag","embeddable":true,"href":"https:\/\/www.yongyukitchenware.com\/pt\/wp-json\/wp\/v2\/product_tag?post=4382"}],"curies":[{"name":"wp","href":"https:\/\/api.w.org\/{rel}","templated":true}]}}