{"id":4401,"date":"2025-07-16T02:40:23","date_gmt":"2025-07-16T02:40:23","guid":{"rendered":"https:\/\/www.yongyukitchenware.com\/?post_type=product&#038;p=4401"},"modified":"2025-07-16T02:40:29","modified_gmt":"2025-07-16T02:40:29","slug":"wholesale-stainless-steel-dessert-plate-snack-tray-gold","status":"publish","type":"product","link":"https:\/\/www.yongyukitchenware.com\/pt\/produto\/wholesale-stainless-steel-dessert-plate-snack-tray-gold\/","title":{"rendered":"Prato de sobremesa de a\u00e7o inoxid\u00e1vel por atacado Bandeja de lanches - ouro"},"content":{"rendered":"<div class=\"wp-block-columns is-layout-flex wp-container-core-columns-is-layout-9d6595d7 wp-block-columns-is-layout-flex\">\n<div class=\"wp-block-column is-layout-flow wp-block-column-is-layout-flow\">\n<h2 class=\"wp-block-heading\">Tamanho do prato de sobremesa de a\u00e7o inoxid\u00e1vel por atacado:<\/h2>\n\n\n\n<figure class=\"wp-block-table\"><table class=\"has-fixed-layout\"><tbody><tr><td>Modelo<\/td><td>Tamanho<\/td><td>Peso<\/td><td>MOQ<\/td><\/tr><tr><td rowspan=\"3\">DY120-Z<\/td><td>S(2\/3 compartimento)<\/td><td>96g<\/td><td>200 UNIDADES<\/td><\/tr><tr><td>M(2\/3 compartimentos)<\/td><td>115g<\/td><td>160 UNIDADES<\/td><\/tr><tr><td>L(2\/3 compartimento)<\/td><td>145g<\/td><td>120 UNIDADES<\/td><\/tr><\/tbody><\/table><\/figure>\n\n\n\n<h2 class=\"wp-block-heading\">Prato de sobremesa de a\u00e7o inoxid\u00e1vel por atacado Carater\u00edsticas:<\/h2>\n\n\n\n<p><strong>Os compartimentos foram concebidos para uma classifica\u00e7\u00e3o mais clara: <\/strong>Est\u00e3o dispon\u00edveis os estilos de dois compartimentos e de tr\u00eas compartimentos, com um zoneamento razo\u00e1vel. Os temperos n\u00e3o misturam sabores, adequados para v\u00e1rios molhos de imers\u00e3o, condimentos, frutos secos ou snacks, satisfazendo diferentes necessidades de correspond\u00eancia.<br><strong>V\u00e1rios tamanhos \u00e0 escolha, flex\u00edveis e pr\u00e1ticos: <\/strong>Com tr\u00eas op\u00e7\u00f5es de tamanho, \u00e9 adequada para v\u00e1rios cen\u00e1rios de utiliza\u00e7\u00e3o de mesas de jantar, quer se trate da vida familiar quotidiana, de reuni\u00f5es de churrasco ou de utiliza\u00e7\u00e3o comercial em restaurantes.<br><strong>A\u00e7o inoxid\u00e1vel de alta qualidade, dur\u00e1vel e resistente: <\/strong>Feito de a\u00e7o inoxid\u00e1vel de qualidade alimentar, \u00e9 \u00e0 prova de ferrugem, resistente \u00e0 corros\u00e3o, resistente ao calor e f\u00e1cil de limpar. Mant\u00e9m-se brilhante e novo mesmo ap\u00f3s uma utiliza\u00e7\u00e3o prolongada.<br><strong>Duas op\u00e7\u00f5es de cores, bonitas e vers\u00e1teis: <\/strong>Dispon\u00edvel na cor natural cl\u00e1ssica do a\u00e7o inoxid\u00e1vel e no dourado texturado, \u00e9 simples e elegante, real\u00e7ando o estilo da mesa de jantar e adequado para combinar com utens\u00edlios de mesa de diferentes estilos.<br><strong>Artesanato requintado, pormenores meticulosos: <\/strong>Processo de moldagem de uma s\u00f3 pe\u00e7a, arestas suaves e arredondadas que n\u00e3o magoam as m\u00e3os e uma superf\u00edcie lisa sem rebarbas, demonstrando plenamente uma sensa\u00e7\u00e3o de qualidade de topo de gama.<\/p>\n<\/div>\n\n\n\n<div class=\"wp-block-column is-layout-flow wp-block-column-is-layout-flow\">\n<figure class=\"wp-block-image size-full is-resized\"><img decoding=\"async\" width=\"800\" height=\"800\" src=\"https:\/\/www.yongyukitchenware.com\/wp-content\/uploads\/2025\/07\/Wholesale-Stainless-Steel-Dessert-Plate-7.webp\" alt=\"Placa de sobremesa de a\u00e7o inoxid\u00e1vel por atacado-7\" class=\"wp-image-4389\" style=\"width:384px;height:auto\" srcset=\"https:\/\/www.yongyukitchenware.com\/wp-content\/uploads\/2025\/07\/Wholesale-Stainless-Steel-Dessert-Plate-7.webp 800w, https:\/\/www.yongyukitchenware.com\/wp-content\/uploads\/2025\/07\/Wholesale-Stainless-Steel-Dessert-Plate-7-300x300.webp 300w, https:\/\/www.yongyukitchenware.com\/wp-content\/uploads\/2025\/07\/Wholesale-Stainless-Steel-Dessert-Plate-7-150x150.webp 150w, https:\/\/www.yongyukitchenware.com\/wp-content\/uploads\/2025\/07\/Wholesale-Stainless-Steel-Dessert-Plate-7-768x768.webp 768w, https:\/\/www.yongyukitchenware.com\/wp-content\/uploads\/2025\/07\/Wholesale-Stainless-Steel-Dessert-Plate-7-12x12.webp 12w, https:\/\/www.yongyukitchenware.com\/wp-content\/uploads\/2025\/07\/Wholesale-Stainless-Steel-Dessert-Plate-7-600x600.webp 600w, https:\/\/www.yongyukitchenware.com\/wp-content\/uploads\/2025\/07\/Wholesale-Stainless-Steel-Dessert-Plate-7-100x100.webp 100w\" sizes=\"(max-width: 800px) 100vw, 800px\" \/><\/figure>\n\n\n\n<figure class=\"wp-block-image size-full is-resized\"><img decoding=\"async\" width=\"800\" height=\"800\" src=\"https:\/\/www.yongyukitchenware.com\/wp-content\/uploads\/2025\/07\/Wholesale-Stainless-Steel-Dessert-Plate-8.webp\" alt=\"Placa de sobremesa-8 de a\u00e7o inoxid\u00e1vel por atacado\" class=\"wp-image-4390\" style=\"width:384px\" srcset=\"https:\/\/www.yongyukitchenware.com\/wp-content\/uploads\/2025\/07\/Wholesale-Stainless-Steel-Dessert-Plate-8.webp 800w, https:\/\/www.yongyukitchenware.com\/wp-content\/uploads\/2025\/07\/Wholesale-Stainless-Steel-Dessert-Plate-8-300x300.webp 300w, https:\/\/www.yongyukitchenware.com\/wp-content\/uploads\/2025\/07\/Wholesale-Stainless-Steel-Dessert-Plate-8-150x150.webp 150w, https:\/\/www.yongyukitchenware.com\/wp-content\/uploads\/2025\/07\/Wholesale-Stainless-Steel-Dessert-Plate-8-768x768.webp 768w, https:\/\/www.yongyukitchenware.com\/wp-content\/uploads\/2025\/07\/Wholesale-Stainless-Steel-Dessert-Plate-8-12x12.webp 12w, https:\/\/www.yongyukitchenware.com\/wp-content\/uploads\/2025\/07\/Wholesale-Stainless-Steel-Dessert-Plate-8-600x600.webp 600w, https:\/\/www.yongyukitchenware.com\/wp-content\/uploads\/2025\/07\/Wholesale-Stainless-Steel-Dessert-Plate-8-100x100.webp 100w\" sizes=\"(max-width: 800px) 100vw, 800px\" \/><\/figure>\n<\/div>\n<\/div>","protected":false},"excerpt":{"rendered":"<div class=\"n4sEPd\">\n<div class=\"UdTY9 qhIQqf leDWne\" aria-hidden=\"true\" data-location=\"1\">Prato de sobremesa em a\u00e7o inoxid\u00e1vel por grosso. Tabuleiro dourado de qualidade superior para um servi\u00e7o de sobremesas elegante. Ideal para hot\u00e9is e catering. Encomende hoje a granel para a sua empresa!<\/div>\n<\/div>\n<h2 style=\"text-align: left;\">Prato de sobremesa de a\u00e7o inoxid\u00e1vel por atacado:<\/h2>\n<p style=\"text-align: left;\"><strong>Material:<\/strong> A\u00e7o inoxid\u00e1vel<br \/><strong>Comprimento:<\/strong>10\/12\/14cm<br \/><strong>Forma:<\/strong> Forma octogonal<br \/><strong>Embalagem:<\/strong> Saco OPP e caixa de cart\u00e3o<br \/><strong>OEM\/ODM:<\/strong> Dispon\u00edvel<\/p>\n<h2 class=\"wp-block-heading\">Fabricante de prato de sobremesa de a\u00e7o inoxid\u00e1vel por atacado:<\/h2>\n<p>Quer se trate de um fornecedor de servi\u00e7os de catering, de um hotel ou restaurante, ou de uma empresa de planeamento de eventos, fornecemos solu\u00e7\u00f5es completas de fornecimento de catering por atacado para si com pre\u00e7os de f\u00e1brica de alta qualidade!<\/p>","protected":false},"featured_media":4394,"comment_status":"closed","ping_status":"closed","template":"","meta":{"_acf_changed":true},"application":[29],"product_brand":[],"product_cat":[21],"product_tag":[],"class_list":{"0":"post-4401","1":"product","2":"type-product","3":"status-publish","4":"has-post-thumbnail","6":"application-home-kitchen","7":"product_cat-tableware-wholesale","9":"first","10":"instock","11":"shipping-taxable","12":"product-type-simple"},"acf":[],"_links":{"self":[{"href":"https:\/\/www.yongyukitchenware.com\/pt\/wp-json\/wp\/v2\/product\/4401","targetHints":{"allow":["GET"]}}],"collection":[{"href":"https:\/\/www.yongyukitchenware.com\/pt\/wp-json\/wp\/v2\/product"}],"about":[{"href":"https:\/\/www.yongyukitchenware.com\/pt\/wp-json\/wp\/v2\/types\/product"}],"replies":[{"embeddable":true,"href":"https:\/\/www.yongyukitchenware.com\/pt\/wp-json\/wp\/v2\/comments?post=4401"}],"wp:featuredmedia":[{"embeddable":true,"href":"https:\/\/www.yongyukitchenware.com\/pt\/wp-json\/wp\/v2\/media\/4394"}],"wp:attachment":[{"href":"https:\/\/www.yongyukitchenware.com\/pt\/wp-json\/wp\/v2\/media?parent=4401"}],"wp:term":[{"taxonomy":"application","embeddable":true,"href":"https:\/\/www.yongyukitchenware.com\/pt\/wp-json\/wp\/v2\/application?post=4401"},{"taxonomy":"product_brand","embeddable":true,"href":"https:\/\/www.yongyukitchenware.com\/pt\/wp-json\/wp\/v2\/product_brand?post=4401"},{"taxonomy":"product_cat","embeddable":true,"href":"https:\/\/www.yongyukitchenware.com\/pt\/wp-json\/wp\/v2\/product_cat?post=4401"},{"taxonomy":"product_tag","embeddable":true,"href":"https:\/\/www.yongyukitchenware.com\/pt\/wp-json\/wp\/v2\/product_tag?post=4401"}],"curies":[{"name":"wp","href":"https:\/\/api.w.org\/{rel}","templated":true}]}}