{"id":4403,"date":"2025-07-16T02:30:19","date_gmt":"2025-07-16T02:30:19","guid":{"rendered":"https:\/\/www.yongyukitchenware.com\/?post_type=product&#038;p=4403"},"modified":"2025-07-16T02:30:21","modified_gmt":"2025-07-16T02:30:21","slug":"304-stainless-steel-korean-style-double-handle-snack-bowl-in-bulk","status":"publish","type":"product","link":"https:\/\/www.yongyukitchenware.com\/pt\/produto\/304-stainless-steel-korean-style-double-handle-snack-bowl-in-bulk\/","title":{"rendered":"Ta\u00e7a para snacks com pega dupla em a\u00e7o inoxid\u00e1vel 304, estilo coreano, a granel"},"content":{"rendered":"<div class=\"wp-block-columns is-layout-flex wp-container-core-columns-is-layout-9d6595d7 wp-block-columns-is-layout-flex\">\n<div class=\"wp-block-column is-layout-flow wp-block-column-is-layout-flow\">\n<h2 class=\"wp-block-heading\">Tigela para snacks com pega dupla em tamanho grande:<\/h2>\n\n\n\n<figure class=\"wp-block-table\"><table class=\"has-fixed-layout\"><tbody><tr><td>Modelo<\/td><td>Tamanho<\/td><td>Peso<\/td><td>MOQ<\/td><\/tr><tr><td rowspan=\"5\">DY070-P<\/td><td>10,5 cm<\/td><td>86g<\/td><td>200 UNIDADES<\/td><\/tr><tr><td>12 cm<\/td><td>100g<\/td><td>200 UNIDADES<\/td><\/tr><tr><td>13cm<\/td><td>130g<\/td><td>160 UNIDADES<\/td><\/tr><tr><td>14 cm<\/td><td>145g<\/td><td>160 UNIDADES<\/td><\/tr><tr><td>16,5 cm<\/td><td>175g<\/td><td>160 UNIDADES<\/td><\/tr><\/tbody><\/table><\/figure>\n\n\n\n<h2 class=\"wp-block-heading\">Tamanho da ta\u00e7a para snacks com pega dupla a granel Carater\u00edsticas:<\/h2>\n\n\n\n<p><strong>A\u00e7o inoxid\u00e1vel de qualidade superior: <\/strong>Fabricado em a\u00e7o inoxid\u00e1vel de qualidade alimentar, oferece resist\u00eancia \u00e0 corros\u00e3o, aus\u00eancia de odores e longevidade duradoura.<\/p>\n\n\n\n<p><strong>Design profundo do tabuleiro:<\/strong> Design amplo e sem derrames que pode conter mais alimentos sem risco de derrame.<\/p>\n\n\n\n<p><strong>Processo de desenho e polimento:<\/strong> Textura suave e macia, f\u00e1cil de limpar e conservar.<\/p>\n\n\n\n<p><strong>Cantos arredondados: <\/strong>Seguro, suave e f\u00e1cil de manusear, sem causar les\u00f5es nas m\u00e3os.<\/p>\n\n\n\n<p><strong>Design de fundo plano: <\/strong>Fundo est\u00e1vel e plano para uma coloca\u00e7\u00e3o firme e pode ser aquecido diretamente com seguran\u00e7a.<\/p>\n<\/div>\n\n\n\n<div class=\"wp-block-column is-layout-flow wp-block-column-is-layout-flow\">\n<figure class=\"wp-block-image size-full is-resized\"><img decoding=\"async\" width=\"800\" height=\"800\" src=\"https:\/\/www.yongyukitchenware.com\/wp-content\/uploads\/2025\/07\/Bulk-Handle-Snack-Bowl-3.webp\" alt=\"Tigela para lanches com pega a granel-3\" class=\"wp-image-4406\" style=\"width:384px;height:auto\" srcset=\"https:\/\/www.yongyukitchenware.com\/wp-content\/uploads\/2025\/07\/Bulk-Handle-Snack-Bowl-3.webp 800w, https:\/\/www.yongyukitchenware.com\/wp-content\/uploads\/2025\/07\/Bulk-Handle-Snack-Bowl-3-300x300.webp 300w, https:\/\/www.yongyukitchenware.com\/wp-content\/uploads\/2025\/07\/Bulk-Handle-Snack-Bowl-3-150x150.webp 150w, https:\/\/www.yongyukitchenware.com\/wp-content\/uploads\/2025\/07\/Bulk-Handle-Snack-Bowl-3-768x768.webp 768w, https:\/\/www.yongyukitchenware.com\/wp-content\/uploads\/2025\/07\/Bulk-Handle-Snack-Bowl-3-12x12.webp 12w, https:\/\/www.yongyukitchenware.com\/wp-content\/uploads\/2025\/07\/Bulk-Handle-Snack-Bowl-3-600x600.webp 600w, https:\/\/www.yongyukitchenware.com\/wp-content\/uploads\/2025\/07\/Bulk-Handle-Snack-Bowl-3-100x100.webp 100w\" sizes=\"(max-width: 800px) 100vw, 800px\" \/><\/figure>\n\n\n\n<figure class=\"wp-block-image size-full is-resized\"><img decoding=\"async\" width=\"800\" height=\"800\" src=\"https:\/\/www.yongyukitchenware.com\/wp-content\/uploads\/2025\/07\/Bulk-Handle-Snack-Bowl-6.webp\" alt=\"Ta\u00e7a para snacks com pega dupla a granel\" class=\"wp-image-4409\" style=\"width:384px\" srcset=\"https:\/\/www.yongyukitchenware.com\/wp-content\/uploads\/2025\/07\/Bulk-Handle-Snack-Bowl-6.webp 800w, https:\/\/www.yongyukitchenware.com\/wp-content\/uploads\/2025\/07\/Bulk-Handle-Snack-Bowl-6-300x300.webp 300w, https:\/\/www.yongyukitchenware.com\/wp-content\/uploads\/2025\/07\/Bulk-Handle-Snack-Bowl-6-150x150.webp 150w, https:\/\/www.yongyukitchenware.com\/wp-content\/uploads\/2025\/07\/Bulk-Handle-Snack-Bowl-6-768x768.webp 768w, https:\/\/www.yongyukitchenware.com\/wp-content\/uploads\/2025\/07\/Bulk-Handle-Snack-Bowl-6-12x12.webp 12w, https:\/\/www.yongyukitchenware.com\/wp-content\/uploads\/2025\/07\/Bulk-Handle-Snack-Bowl-6-600x600.webp 600w, https:\/\/www.yongyukitchenware.com\/wp-content\/uploads\/2025\/07\/Bulk-Handle-Snack-Bowl-6-100x100.webp 100w\" sizes=\"(max-width: 800px) 100vw, 800px\" \/><\/figure>\n<\/div>\n<\/div>\n\n\n\n<p><\/p>","protected":false},"excerpt":{"rendered":"<div class=\"n4sEPd\">\n<div class=\"UdTY9 qhIQqf leDWne\" aria-hidden=\"true\" data-location=\"1\">Ta\u00e7a para snacks com pega dupla a granel. Fabricada em a\u00e7o inoxid\u00e1vel 304 dur\u00e1vel para uma utiliza\u00e7\u00e3o duradoura. Ideal para servir snacks, saladas ou acompanhamentos em restaurantes, caf\u00e9s e eventos de catering. Abaste\u00e7a-se destas ta\u00e7as elegantes e f\u00e1ceis de limpar para melhorar a efici\u00eancia do seu servi\u00e7o alimentar hoje mesmo!<\/div>\n<\/div>\n<h2 style=\"text-align: left;\">Ta\u00e7a para snacks com pega dupla a granel:<\/h2>\n<p style=\"text-align: left;\"><strong>Material:<\/strong> A\u00e7o inoxid\u00e1vel<br \/><span style=\"margin: 0px; padding: 0px;\"><strong>Comprimento:<\/strong> 10.5\/12\/13\/14\/16.5<\/span>cm<br \/><strong>Forma:<\/strong> Forma redonda<br \/><strong>Embalagem:<\/strong> Saco OPP e caixa de cart\u00e3o<br \/><strong>OEM\/ODM:<\/strong> Dispon\u00edvel<\/p>\n<h2 class=\"wp-block-heading\">De Yongyu Tableware Wholesaler:<\/h2>\n<p>A Yongyu Tableware Wholesaler pode satisfazer as necessidades dos clientes a granel e fornecer uma s\u00e9rie de fornecimentos de catering de alta qualidade por atacado que combina eleg\u00e2ncia e durabilidade. Incluindo utens\u00edlios de mesa, utens\u00edlios de bebida, equipamento de restaura\u00e7\u00e3o, utens\u00edlios de cozinha, artigos essenciais de cozinha de acampamento, etc.<\/p>","protected":false},"featured_media":4404,"comment_status":"closed","ping_status":"closed","template":"","meta":{"_acf_changed":false},"application":[29],"product_brand":[],"product_cat":[21],"product_tag":[],"class_list":{"0":"post-4403","1":"product","2":"type-product","3":"status-publish","4":"has-post-thumbnail","6":"application-home-kitchen","7":"product_cat-tableware-wholesale","9":"first","10":"instock","11":"shipping-taxable","12":"product-type-simple"},"acf":[],"_links":{"self":[{"href":"https:\/\/www.yongyukitchenware.com\/pt\/wp-json\/wp\/v2\/product\/4403","targetHints":{"allow":["GET"]}}],"collection":[{"href":"https:\/\/www.yongyukitchenware.com\/pt\/wp-json\/wp\/v2\/product"}],"about":[{"href":"https:\/\/www.yongyukitchenware.com\/pt\/wp-json\/wp\/v2\/types\/product"}],"replies":[{"embeddable":true,"href":"https:\/\/www.yongyukitchenware.com\/pt\/wp-json\/wp\/v2\/comments?post=4403"}],"wp:featuredmedia":[{"embeddable":true,"href":"https:\/\/www.yongyukitchenware.com\/pt\/wp-json\/wp\/v2\/media\/4404"}],"wp:attachment":[{"href":"https:\/\/www.yongyukitchenware.com\/pt\/wp-json\/wp\/v2\/media?parent=4403"}],"wp:term":[{"taxonomy":"application","embeddable":true,"href":"https:\/\/www.yongyukitchenware.com\/pt\/wp-json\/wp\/v2\/application?post=4403"},{"taxonomy":"product_brand","embeddable":true,"href":"https:\/\/www.yongyukitchenware.com\/pt\/wp-json\/wp\/v2\/product_brand?post=4403"},{"taxonomy":"product_cat","embeddable":true,"href":"https:\/\/www.yongyukitchenware.com\/pt\/wp-json\/wp\/v2\/product_cat?post=4403"},{"taxonomy":"product_tag","embeddable":true,"href":"https:\/\/www.yongyukitchenware.com\/pt\/wp-json\/wp\/v2\/product_tag?post=4403"}],"curies":[{"name":"wp","href":"https:\/\/api.w.org\/{rel}","templated":true}]}}