{"id":4410,"date":"2025-07-16T02:12:40","date_gmt":"2025-07-16T02:12:40","guid":{"rendered":"https:\/\/www.yongyukitchenware.com\/?post_type=product&#038;p=4410"},"modified":"2025-07-16T02:12:41","modified_gmt":"2025-07-16T02:12:41","slug":"wholesale-gold-stainless-steel-snack-plate-with-double-handles","status":"publish","type":"product","link":"https:\/\/www.yongyukitchenware.com\/pt\/produto\/wholesale-gold-stainless-steel-snack-plate-with-double-handles\/","title":{"rendered":"Prato para aperitivos em a\u00e7o inoxid\u00e1vel dourado com pegas duplas"},"content":{"rendered":"<div class=\"wp-block-columns is-layout-flex wp-container-core-columns-is-layout-9d6595d7 wp-block-columns-is-layout-flex\">\n<div class=\"wp-block-column is-layout-flow wp-block-column-is-layout-flow\">\n<h2 class=\"wp-block-heading\">Placa de a\u00e7o inoxid\u00e1vel de ouro para lanches por atacado Tamanho:<\/h2>\n\n\n\n<figure class=\"wp-block-table\"><table class=\"has-fixed-layout\"><tbody><tr><td>Modelo<\/td><td>Tamanho<\/td><td>Peso<\/td><td>MOQ<\/td><\/tr><tr><td rowspan=\"3\">DY071-P<\/td><td>13cm<\/td><td>145g<\/td><td>180 UNIDADES<\/td><\/tr><tr><td>15 cm<\/td><td>160g<\/td><td>160 UNIDADES<\/td><\/tr><tr><td>17 cm<\/td><td>196g<\/td><td>120 UNIDADES<\/td><\/tr><\/tbody><\/table><\/figure>\n\n\n\n<h2 class=\"wp-block-heading\">Placa de a\u00e7o inoxid\u00e1vel de ouro para lanches por atacado Carater\u00edsticas:<\/h2>\n\n\n\n<p><strong>A\u00e7o inoxid\u00e1vel de alta qualidade:<\/strong> Material de a\u00e7o inoxid\u00e1vel de qualidade alimentar, resist\u00eancia \u00e0 corros\u00e3o, sem odor, dur\u00e1vel<br><strong>Dispon\u00edvel numa variedade de cores: <\/strong>op\u00e7\u00f5es banhadas a prata ou ouro e semi-ouro para satisfazer diferentes necessidades<br><strong>Tamanhos diferentes dispon\u00edveis: <\/strong>13cm, 15cm, 17cm tamanho de especifica\u00e7\u00f5es diferentes, pode ser empilhado para armazenamento, economizando espa\u00e7o<br><strong>Design de pega dupla: <\/strong>Isolamento t\u00e9rmico refor\u00e7ado e pega anti-queimadura, mais f\u00e1cil de pegar<br><strong>Pega de refor\u00e7o com rebites:<\/strong> o refor\u00e7o do rebite \u00e9 firme e duradouro, e n\u00e3o \u00e9 f\u00e1cil de cair durante muito tempo<br><strong>Nivelamento do fundo do vaso: <\/strong>aquecer de forma uniforme e r\u00e1pida, n\u00e3o escolher o forno, economia de energia e economia de tempo<br>Grande capacidade de alargamento: design de grande calibre, f\u00e1cil de segurar uma variedade de alimentos<\/p>\n<\/div>\n\n\n\n<div class=\"wp-block-column is-layout-flow wp-block-column-is-layout-flow\">\n<figure class=\"wp-block-image size-full is-resized\"><img decoding=\"async\" width=\"800\" height=\"800\" src=\"https:\/\/www.yongyukitchenware.com\/wp-content\/uploads\/2025\/07\/Wholesale-Gold-Stainless-Steel-Snack-Plate-7.webp\" alt=\"Prato para lanche-7 em a\u00e7o inoxid\u00e1vel dourado por atacado\" class=\"wp-image-4417\" style=\"width:384px;height:auto\" srcset=\"https:\/\/www.yongyukitchenware.com\/wp-content\/uploads\/2025\/07\/Wholesale-Gold-Stainless-Steel-Snack-Plate-7.webp 800w, https:\/\/www.yongyukitchenware.com\/wp-content\/uploads\/2025\/07\/Wholesale-Gold-Stainless-Steel-Snack-Plate-7-300x300.webp 300w, https:\/\/www.yongyukitchenware.com\/wp-content\/uploads\/2025\/07\/Wholesale-Gold-Stainless-Steel-Snack-Plate-7-150x150.webp 150w, https:\/\/www.yongyukitchenware.com\/wp-content\/uploads\/2025\/07\/Wholesale-Gold-Stainless-Steel-Snack-Plate-7-768x768.webp 768w, https:\/\/www.yongyukitchenware.com\/wp-content\/uploads\/2025\/07\/Wholesale-Gold-Stainless-Steel-Snack-Plate-7-12x12.webp 12w, https:\/\/www.yongyukitchenware.com\/wp-content\/uploads\/2025\/07\/Wholesale-Gold-Stainless-Steel-Snack-Plate-7-600x600.webp 600w, https:\/\/www.yongyukitchenware.com\/wp-content\/uploads\/2025\/07\/Wholesale-Gold-Stainless-Steel-Snack-Plate-7-100x100.webp 100w\" sizes=\"(max-width: 800px) 100vw, 800px\" \/><\/figure>\n\n\n\n<figure class=\"wp-block-image size-full is-resized\"><img decoding=\"async\" width=\"800\" height=\"800\" src=\"https:\/\/www.yongyukitchenware.com\/wp-content\/uploads\/2025\/07\/Wholesale-Gold-Stainless-Steel-Snack-Plate-8.webp\" alt=\"Placa de a\u00e7o inoxid\u00e1vel dourada por atacado-8\" class=\"wp-image-4418\" style=\"width:384px\" srcset=\"https:\/\/www.yongyukitchenware.com\/wp-content\/uploads\/2025\/07\/Wholesale-Gold-Stainless-Steel-Snack-Plate-8.webp 800w, https:\/\/www.yongyukitchenware.com\/wp-content\/uploads\/2025\/07\/Wholesale-Gold-Stainless-Steel-Snack-Plate-8-300x300.webp 300w, https:\/\/www.yongyukitchenware.com\/wp-content\/uploads\/2025\/07\/Wholesale-Gold-Stainless-Steel-Snack-Plate-8-150x150.webp 150w, https:\/\/www.yongyukitchenware.com\/wp-content\/uploads\/2025\/07\/Wholesale-Gold-Stainless-Steel-Snack-Plate-8-768x768.webp 768w, https:\/\/www.yongyukitchenware.com\/wp-content\/uploads\/2025\/07\/Wholesale-Gold-Stainless-Steel-Snack-Plate-8-12x12.webp 12w, https:\/\/www.yongyukitchenware.com\/wp-content\/uploads\/2025\/07\/Wholesale-Gold-Stainless-Steel-Snack-Plate-8-600x600.webp 600w, https:\/\/www.yongyukitchenware.com\/wp-content\/uploads\/2025\/07\/Wholesale-Gold-Stainless-Steel-Snack-Plate-8-100x100.webp 100w\" sizes=\"(max-width: 800px) 100vw, 800px\" \/><\/figure>\n<\/div>\n<\/div>","protected":false},"excerpt":{"rendered":"<div class=\"n4sEPd\">\n<div class=\"UdTY9 qhIQqf leDWne\" aria-hidden=\"true\" data-location=\"1\">Prato para snacks em a\u00e7o inoxid\u00e1vel dourado com pegas duplas, perfeito para servir snacks, aperitivos ou frutas. Dur\u00e1vel, elegante e f\u00e1cil de transportar, acrescenta um toque de eleg\u00e2ncia a qualquer ocasi\u00e3o.<\/div>\n<\/div>\n<h2 style=\"text-align: left;\">Placa de a\u00e7o inoxid\u00e1vel de ouro para lanches por atacado:<\/h2>\n<p style=\"text-align: left;\"><strong>Material:<\/strong> A\u00e7o inoxid\u00e1vel<br \/><span style=\"margin: 0px; padding: 0px;\"><strong>Comprimento:<\/strong> 13\/15\/17<\/span>cm<br \/><strong>Forma:<\/strong> Forma redonda<br \/><strong>Embalagem:<\/strong> Saco OPP e caixa de cart\u00e3o<br \/><strong>OEM\/ODM:<\/strong> Dispon\u00edvel<\/p>\n<h2 class=\"wp-block-heading\">De Yongyu Tableware Wholesaler:<\/h2>\n<p>A Yongyu Tableware Wholesaler pode satisfazer as necessidades dos clientes a granel e fornecer uma s\u00e9rie de fornecimentos de catering de alta qualidade por atacado que combina eleg\u00e2ncia e durabilidade. Incluindo utens\u00edlios de mesa, utens\u00edlios de bebida, equipamento de restaura\u00e7\u00e3o, utens\u00edlios de cozinha, artigos essenciais de cozinha de acampamento, etc.<\/p>","protected":false},"featured_media":4411,"comment_status":"closed","ping_status":"closed","template":"","meta":{"_acf_changed":true},"application":[29],"product_brand":[],"product_cat":[21],"product_tag":[],"class_list":{"0":"post-4410","1":"product","2":"type-product","3":"status-publish","4":"has-post-thumbnail","6":"application-home-kitchen","7":"product_cat-tableware-wholesale","9":"first","10":"instock","11":"shipping-taxable","12":"product-type-simple"},"acf":[],"_links":{"self":[{"href":"https:\/\/www.yongyukitchenware.com\/pt\/wp-json\/wp\/v2\/product\/4410","targetHints":{"allow":["GET"]}}],"collection":[{"href":"https:\/\/www.yongyukitchenware.com\/pt\/wp-json\/wp\/v2\/product"}],"about":[{"href":"https:\/\/www.yongyukitchenware.com\/pt\/wp-json\/wp\/v2\/types\/product"}],"replies":[{"embeddable":true,"href":"https:\/\/www.yongyukitchenware.com\/pt\/wp-json\/wp\/v2\/comments?post=4410"}],"wp:featuredmedia":[{"embeddable":true,"href":"https:\/\/www.yongyukitchenware.com\/pt\/wp-json\/wp\/v2\/media\/4411"}],"wp:attachment":[{"href":"https:\/\/www.yongyukitchenware.com\/pt\/wp-json\/wp\/v2\/media?parent=4410"}],"wp:term":[{"taxonomy":"application","embeddable":true,"href":"https:\/\/www.yongyukitchenware.com\/pt\/wp-json\/wp\/v2\/application?post=4410"},{"taxonomy":"product_brand","embeddable":true,"href":"https:\/\/www.yongyukitchenware.com\/pt\/wp-json\/wp\/v2\/product_brand?post=4410"},{"taxonomy":"product_cat","embeddable":true,"href":"https:\/\/www.yongyukitchenware.com\/pt\/wp-json\/wp\/v2\/product_cat?post=4410"},{"taxonomy":"product_tag","embeddable":true,"href":"https:\/\/www.yongyukitchenware.com\/pt\/wp-json\/wp\/v2\/product_tag?post=4410"}],"curies":[{"name":"wp","href":"https:\/\/api.w.org\/{rel}","templated":true}]}}