{"id":4425,"date":"2025-08-22T07:03:10","date_gmt":"2025-08-22T07:03:10","guid":{"rendered":"https:\/\/www.yongyukitchenware.com\/?post_type=product&#038;p=4425"},"modified":"2025-08-22T07:03:12","modified_gmt":"2025-08-22T07:03:12","slug":"bulk-rectangular-baking-tray-with-double-handles","status":"publish","type":"product","link":"https:\/\/www.yongyukitchenware.com\/pt\/produto\/bulk-rectangular-baking-tray-with-double-handles\/","title":{"rendered":"Tabuleiro retangular para pastelaria a granel com pegas duplas"},"content":{"rendered":"<div class=\"wp-block-columns is-layout-flex wp-container-core-columns-is-layout-9d6595d7 wp-block-columns-is-layout-flex\">\n<div class=\"wp-block-column is-layout-flow wp-block-column-is-layout-flow\">\n<h2 class=\"wp-block-heading\">Tabuleiro retangular para pastelaria a granel com pegas duplas Carater\u00edsticas:<\/h2>\n\n\n\n<p><strong>Material de a\u00e7o inoxid\u00e1vel de qualidade alimentar:<\/strong> Fabricado em a\u00e7o inoxid\u00e1vel de qualidade alimentar, \u00e9 resistente \u00e0 corros\u00e3o, n\u00e3o tem tend\u00eancia para enferrujar, \u00e9 seguro e saud\u00e1vel e \u00e9 adequado para v\u00e1rios pratos, como peixe grelhado, churrasco e pratos cozinhados.<br><strong>Processo de polimento de espelhos: <\/strong>O tratamento de polimento de espelhos torna a superf\u00edcie t\u00e3o brilhante como um espelho, f\u00e1cil de limpar e menos propensa \u00e0 ader\u00eancia de \u00f3leo, melhorando o aspeto est\u00e9tico e a experi\u00eancia de utiliza\u00e7\u00e3o da cozinha.<br><strong>Est\u00e3o dispon\u00edveis tr\u00eas tamanhos pr\u00e1ticos: <\/strong>Os tamanhos pequeno, m\u00e9dio e grande s\u00e3o fornecidos para satisfazer as necessidades de capacidade de diferentes cen\u00e1rios, como reuni\u00f5es familiares e churrascos ao ar livre.<br><strong>Design de pega com orelha dupla: <\/strong>O design est\u00e1vel da pega de orelha dupla torna-a f\u00e1cil de deslocar e retirar, garantindo uma utiliza\u00e7\u00e3o mais segura e evitando queimaduras.<br><strong>Op\u00e7\u00f5es de duas cores:<\/strong> Dispon\u00edvel na cor natural cl\u00e1ssica do a\u00e7o inoxid\u00e1vel e no dourado de alta qualidade, combina praticidade e est\u00e9tica e \u00e9 adequado para v\u00e1rios estilos de cozinha ou configura\u00e7\u00f5es de mesa.<\/p>\n<\/div>\n\n\n\n<div class=\"wp-block-column is-layout-flow wp-block-column-is-layout-flow\">\n<figure class=\"wp-block-image size-full\"><img decoding=\"async\" width=\"800\" height=\"800\" src=\"https:\/\/www.yongyukitchenware.com\/wp-content\/uploads\/2025\/07\/Bulk-Rectangular-Baking-Tray-with-Double-Handles-4.webp\" alt=\"Tabuleiro para pastelaria retangular com pegas duplas-4\" class=\"wp-image-4429\" srcset=\"https:\/\/www.yongyukitchenware.com\/wp-content\/uploads\/2025\/07\/Bulk-Rectangular-Baking-Tray-with-Double-Handles-4.webp 800w, https:\/\/www.yongyukitchenware.com\/wp-content\/uploads\/2025\/07\/Bulk-Rectangular-Baking-Tray-with-Double-Handles-4-300x300.webp 300w, https:\/\/www.yongyukitchenware.com\/wp-content\/uploads\/2025\/07\/Bulk-Rectangular-Baking-Tray-with-Double-Handles-4-150x150.webp 150w, https:\/\/www.yongyukitchenware.com\/wp-content\/uploads\/2025\/07\/Bulk-Rectangular-Baking-Tray-with-Double-Handles-4-768x768.webp 768w, https:\/\/www.yongyukitchenware.com\/wp-content\/uploads\/2025\/07\/Bulk-Rectangular-Baking-Tray-with-Double-Handles-4-12x12.webp 12w, https:\/\/www.yongyukitchenware.com\/wp-content\/uploads\/2025\/07\/Bulk-Rectangular-Baking-Tray-with-Double-Handles-4-600x600.webp 600w, https:\/\/www.yongyukitchenware.com\/wp-content\/uploads\/2025\/07\/Bulk-Rectangular-Baking-Tray-with-Double-Handles-4-100x100.webp 100w\" sizes=\"(max-width: 800px) 100vw, 800px\" \/><\/figure>\n<\/div>\n<\/div>\n\n\n\n<div class=\"wp-block-columns is-layout-flex wp-container-core-columns-is-layout-9d6595d7 wp-block-columns-is-layout-flex\">\n<div class=\"wp-block-column is-layout-flow wp-block-column-is-layout-flow\">\n<figure class=\"wp-block-image size-full\"><img decoding=\"async\" width=\"800\" height=\"800\" src=\"https:\/\/www.yongyukitchenware.com\/wp-content\/uploads\/2025\/07\/Bulk-Rectangular-Baking-Tray-with-Double-Handles-10.webp\" alt=\"Tabuleiro de forno retangular com pegas duplas-10\" class=\"wp-image-4435\" srcset=\"https:\/\/www.yongyukitchenware.com\/wp-content\/uploads\/2025\/07\/Bulk-Rectangular-Baking-Tray-with-Double-Handles-10.webp 800w, https:\/\/www.yongyukitchenware.com\/wp-content\/uploads\/2025\/07\/Bulk-Rectangular-Baking-Tray-with-Double-Handles-10-300x300.webp 300w, https:\/\/www.yongyukitchenware.com\/wp-content\/uploads\/2025\/07\/Bulk-Rectangular-Baking-Tray-with-Double-Handles-10-150x150.webp 150w, https:\/\/www.yongyukitchenware.com\/wp-content\/uploads\/2025\/07\/Bulk-Rectangular-Baking-Tray-with-Double-Handles-10-768x768.webp 768w, https:\/\/www.yongyukitchenware.com\/wp-content\/uploads\/2025\/07\/Bulk-Rectangular-Baking-Tray-with-Double-Handles-10-12x12.webp 12w, https:\/\/www.yongyukitchenware.com\/wp-content\/uploads\/2025\/07\/Bulk-Rectangular-Baking-Tray-with-Double-Handles-10-600x600.webp 600w, https:\/\/www.yongyukitchenware.com\/wp-content\/uploads\/2025\/07\/Bulk-Rectangular-Baking-Tray-with-Double-Handles-10-100x100.webp 100w\" sizes=\"(max-width: 800px) 100vw, 800px\" \/><\/figure>\n<\/div>\n\n\n\n<div class=\"wp-block-column is-layout-flow wp-block-column-is-layout-flow\">\n<h2 class=\"wp-block-heading\">Tabuleiro retangular para bolos a granel com pegas duplas Tamanho:<\/h2>\n\n\n\n<figure class=\"wp-block-table\"><table class=\"has-fixed-layout\"><tbody><tr><td>Modelo<\/td><td>Tamanho<\/td><td>Peso<\/td><td>MOQ<\/td><\/tr><tr><td rowspan=\"3\">DY072-P<\/td><td>40*20.5<\/td><td>1180g<\/td><td>16 PE\u00c7AS<\/td><\/tr><tr><td>46*24.5<\/td><td>1600g<\/td><td>14 PE\u00c7AS<\/td><\/tr><tr><td>49*28<\/td><td>1990g<\/td><td>12 PE\u00c7AS<\/td><\/tr><\/tbody><\/table><\/figure>\n<\/div>\n<\/div>","protected":false},"excerpt":{"rendered":"<div class=\"n4sEPd\">\n<div class=\"UdTY9 qhIQqf leDWne\" aria-hidden=\"true\" data-location=\"1\">Tabuleiro retangular para pastelaria a granel com pegas duplas, dur\u00e1vel, f\u00e1cil de agarrar e perfeito para pastelaria comercial ou dom\u00e9stica. O seu design robusto com pegas duplas garante um transporte seguro, enquanto a forma retangular proporciona um amplo espa\u00e7o para p\u00e3o, pastelaria e assados.<\/div>\n<\/div>\n<h2 style=\"text-align: left;\">Tabuleiro retangular para pastelaria a granel com pegas duplas Par\u00e2metro:<\/h2>\n<p style=\"text-align: left;\"><strong>Material:<\/strong> A\u00e7o inoxid\u00e1vel<br \/><strong>Profundidade: <\/strong>40\/46\/49cm<br \/><strong>Forma:<\/strong> Retangular<br \/><strong>Embalagem:<\/strong> Saco OPP e caixa de cart\u00e3o<br \/><strong>OEM\/ODM:<\/strong> Dispon\u00edvel<\/p>\n<h2 class=\"wp-block-heading\">De Yongyu Kitchenware Fabricante :<\/h2>\n<p>Yongyu \u00e9 um fabricante profissional de utens\u00edlios de cozinha. Os nossos produtos incluem todos os tipos de utens\u00edlios de cozinha em a\u00e7o inoxid\u00e1vel e acess\u00f3rios de cozinha. N\u00f3s fornecemos solu\u00e7\u00f5es personalizadas com produtos de alta qualidade a pre\u00e7os de f\u00e1brica.<\/p>","protected":false},"featured_media":4426,"comment_status":"closed","ping_status":"closed","template":"","meta":{"_acf_changed":false},"application":[29],"product_brand":[],"product_cat":[23,35],"product_tag":[],"class_list":{"0":"post-4425","1":"product","2":"type-product","3":"status-publish","4":"has-post-thumbnail","6":"application-home-kitchen","7":"product_cat-kitchenware-wholesale","8":"product_cat-baking-trays-wholesale","10":"first","11":"instock","12":"shipping-taxable","13":"product-type-simple"},"acf":[],"_links":{"self":[{"href":"https:\/\/www.yongyukitchenware.com\/pt\/wp-json\/wp\/v2\/product\/4425","targetHints":{"allow":["GET"]}}],"collection":[{"href":"https:\/\/www.yongyukitchenware.com\/pt\/wp-json\/wp\/v2\/product"}],"about":[{"href":"https:\/\/www.yongyukitchenware.com\/pt\/wp-json\/wp\/v2\/types\/product"}],"replies":[{"embeddable":true,"href":"https:\/\/www.yongyukitchenware.com\/pt\/wp-json\/wp\/v2\/comments?post=4425"}],"wp:featuredmedia":[{"embeddable":true,"href":"https:\/\/www.yongyukitchenware.com\/pt\/wp-json\/wp\/v2\/media\/4426"}],"wp:attachment":[{"href":"https:\/\/www.yongyukitchenware.com\/pt\/wp-json\/wp\/v2\/media?parent=4425"}],"wp:term":[{"taxonomy":"application","embeddable":true,"href":"https:\/\/www.yongyukitchenware.com\/pt\/wp-json\/wp\/v2\/application?post=4425"},{"taxonomy":"product_brand","embeddable":true,"href":"https:\/\/www.yongyukitchenware.com\/pt\/wp-json\/wp\/v2\/product_brand?post=4425"},{"taxonomy":"product_cat","embeddable":true,"href":"https:\/\/www.yongyukitchenware.com\/pt\/wp-json\/wp\/v2\/product_cat?post=4425"},{"taxonomy":"product_tag","embeddable":true,"href":"https:\/\/www.yongyukitchenware.com\/pt\/wp-json\/wp\/v2\/product_tag?post=4425"}],"curies":[{"name":"wp","href":"https:\/\/api.w.org\/{rel}","templated":true}]}}