{"id":4454,"date":"2025-07-23T07:13:21","date_gmt":"2025-07-23T07:13:21","guid":{"rendered":"https:\/\/www.yongyukitchenware.com\/?post_type=product&#038;p=4454"},"modified":"2025-07-23T07:13:22","modified_gmt":"2025-07-23T07:13:22","slug":"bulk-304-stainless-steel-cutlery-set-kitchen-fork-spoon-knife-set","status":"publish","type":"product","link":"https:\/\/www.yongyukitchenware.com\/pt\/produto\/bulk-304-stainless-steel-cutlery-set-kitchen-fork-spoon-knife-set\/","title":{"rendered":"Conjunto de talheres de a\u00e7o inoxid\u00e1vel 304 a granel Conjunto de faca de cozinha com garfo e colher"},"content":{"rendered":"<div class=\"wp-block-columns is-layout-flex wp-container-core-columns-is-layout-9d6595d7 wp-block-columns-is-layout-flex\">\n<div class=\"wp-block-column is-layout-flow wp-block-column-is-layout-flow\">\n<h2 class=\"wp-block-heading\">Conjunto de talheres de a\u00e7o inoxid\u00e1vel 304 a granel Carater\u00edsticas:<\/h2>\n\n\n\n<p><strong>Material em a\u00e7o inoxid\u00e1vel de alta qualidade, tr\u00eas op\u00e7\u00f5es dispon\u00edveis:<\/strong> Fabricado em a\u00e7o inoxid\u00e1vel de qualidade alimentar (410, 430, 304), possui uma forte resist\u00eancia \u00e0 corros\u00e3o e um desempenho de preven\u00e7\u00e3o da ferrugem, proporcionando uma maior tranquilidade na utiliza\u00e7\u00e3o di\u00e1ria, sendo dur\u00e1vel e menos propenso a deforma\u00e7\u00f5es.<\/p>\n\n\n\n<p><br><strong>Conjunto completo de utens\u00edlios de mesa, adequado para v\u00e1rios cen\u00e1rios:<\/strong> Cada conjunto inclui uma faca de mesa, um garfo, uma colher e uma colher pequena, adequados para a vida quotidiana da fam\u00edlia, reuni\u00f5es e banquetes, restaurantes de hot\u00e9is e outras ocasi\u00f5es, pr\u00e1ticos e bonitos.<\/p>\n\n\n\n<p><br><strong>Suporta cores personalizadas para criar um estilo \u00fanico: <\/strong>Est\u00e3o dispon\u00edveis v\u00e1rias cores para satisfazer necessidades personalizadas e combinar com diferentes estilos de mesa de jantar. Quer se trate de um estilo minimalista ou luxuoso, pode ser facilmente combinado.<\/p>\n\n\n\n<p><br><strong>Design ergon\u00f3mico, pega confort\u00e1vel: <\/strong>O cabo da faca, do garfo e da colher tem um design ergon\u00f3mico que se adapta \u00e0 palma da m\u00e3o de forma natural e confort\u00e1vel, facilitando a sua utiliza\u00e7\u00e3o e proporcionando uma experi\u00eancia gastron\u00f3mica mais agrad\u00e1vel.<\/p>\n\n\n\n<p><br><strong>F\u00e1cil de limpar e compat\u00edvel com a m\u00e1quina de lavar lou\u00e7a: <\/strong>Com um tratamento de superf\u00edcie suave, \u00e9 menos prov\u00e1vel que as n\u00f3doas permane\u00e7am. Pode ser colocado diretamente na m\u00e1quina de lavar lou\u00e7a para limpeza, poupando tempo e facilitando a limpeza di\u00e1ria.<\/p>\n<\/div>\n\n\n\n<div class=\"wp-block-column is-layout-flow wp-block-column-is-layout-flow\">\n<div class=\"wp-block-columns is-layout-flex wp-container-core-columns-is-layout-9d6595d7 wp-block-columns-is-layout-flex\">\n<div class=\"wp-block-column is-layout-flow wp-block-column-is-layout-flow\">\n<figure class=\"wp-block-gallery aligncenter has-nested-images columns-default is-cropped wp-block-gallery-1 is-layout-flex wp-block-gallery-is-layout-flex\">\n<figure class=\"wp-block-image size-full\"><img decoding=\"async\" width=\"800\" height=\"800\" data-id=\"4458\" src=\"https:\/\/www.yongyukitchenware.com\/wp-content\/uploads\/2025\/07\/Bulk-304-Stainless-Steel-Cutlery-Set-4.webp\" alt=\"Conjunto de talheres de a\u00e7o inoxid\u00e1vel Bulk-304-4\" class=\"wp-image-4458\" srcset=\"https:\/\/www.yongyukitchenware.com\/wp-content\/uploads\/2025\/07\/Bulk-304-Stainless-Steel-Cutlery-Set-4.webp 800w, https:\/\/www.yongyukitchenware.com\/wp-content\/uploads\/2025\/07\/Bulk-304-Stainless-Steel-Cutlery-Set-4-300x300.webp 300w, https:\/\/www.yongyukitchenware.com\/wp-content\/uploads\/2025\/07\/Bulk-304-Stainless-Steel-Cutlery-Set-4-150x150.webp 150w, https:\/\/www.yongyukitchenware.com\/wp-content\/uploads\/2025\/07\/Bulk-304-Stainless-Steel-Cutlery-Set-4-768x768.webp 768w, https:\/\/www.yongyukitchenware.com\/wp-content\/uploads\/2025\/07\/Bulk-304-Stainless-Steel-Cutlery-Set-4-12x12.webp 12w, https:\/\/www.yongyukitchenware.com\/wp-content\/uploads\/2025\/07\/Bulk-304-Stainless-Steel-Cutlery-Set-4-600x600.webp 600w, https:\/\/www.yongyukitchenware.com\/wp-content\/uploads\/2025\/07\/Bulk-304-Stainless-Steel-Cutlery-Set-4-100x100.webp 100w\" sizes=\"(max-width: 800px) 100vw, 800px\" \/><\/figure>\n<\/figure>\n<\/div>\n<\/div>\n\n\n\n<figure class=\"wp-block-image size-full\"><img decoding=\"async\" width=\"800\" height=\"800\" src=\"https:\/\/www.yongyukitchenware.com\/wp-content\/uploads\/2025\/07\/Bulk-304-Stainless-Steel-Cutlery-Set-10.webp\" alt=\"Conjunto de talheres de a\u00e7o inoxid\u00e1vel Bulk-304-10\" class=\"wp-image-4464\" srcset=\"https:\/\/www.yongyukitchenware.com\/wp-content\/uploads\/2025\/07\/Bulk-304-Stainless-Steel-Cutlery-Set-10.webp 800w, https:\/\/www.yongyukitchenware.com\/wp-content\/uploads\/2025\/07\/Bulk-304-Stainless-Steel-Cutlery-Set-10-300x300.webp 300w, https:\/\/www.yongyukitchenware.com\/wp-content\/uploads\/2025\/07\/Bulk-304-Stainless-Steel-Cutlery-Set-10-150x150.webp 150w, https:\/\/www.yongyukitchenware.com\/wp-content\/uploads\/2025\/07\/Bulk-304-Stainless-Steel-Cutlery-Set-10-768x768.webp 768w, https:\/\/www.yongyukitchenware.com\/wp-content\/uploads\/2025\/07\/Bulk-304-Stainless-Steel-Cutlery-Set-10-12x12.webp 12w, https:\/\/www.yongyukitchenware.com\/wp-content\/uploads\/2025\/07\/Bulk-304-Stainless-Steel-Cutlery-Set-10-600x600.webp 600w, https:\/\/www.yongyukitchenware.com\/wp-content\/uploads\/2025\/07\/Bulk-304-Stainless-Steel-Cutlery-Set-10-100x100.webp 100w\" sizes=\"(max-width: 800px) 100vw, 800px\" \/><\/figure>\n<\/div>\n<\/div>\n\n\n\n<div class=\"wp-block-columns is-layout-flex wp-container-core-columns-is-layout-9d6595d7 wp-block-columns-is-layout-flex\">\n<div class=\"wp-block-column is-layout-flow wp-block-column-is-layout-flow\">\n<h2 class=\"wp-block-heading\">Conjunto de talheres de a\u00e7o inoxid\u00e1vel 304 a granel Tamanho:<\/h2>\n\n\n\n<figure class=\"wp-block-table\"><table class=\"has-fixed-layout\"><tbody><tr><td>Modelo<\/td><td>Especifica\u00e7\u00e3o<\/td><td>Comprimento * Largura (cm)<\/td><td>MOQ<\/td><\/tr><tr><td rowspan=\"5\">DY001-DCS<\/td><td>Colher<\/td><td>20,3*4,3cm<\/td><td rowspan=\"5\">500 UNIDADES<\/td><\/tr><tr><td>Faca de mesa<\/td><td>23*2cm<\/td><\/tr><tr><td>garfo<\/td><td>20,3*2,4cm<\/td><\/tr><tr><td>Colher pequena<\/td><td>13,9*3,2cm<\/td><\/tr><tr><td>Garfo de tr\u00eas dentes<\/td><td>14*2,2cm<\/td><\/tr><\/tbody><\/table><\/figure>\n<\/div>\n<\/div>\n\n\n\n<p><\/p>","protected":false},"excerpt":{"rendered":"<p>Conjunto de talheres de a\u00e7o inoxid\u00e1vel 304 a granel, fabricado em a\u00e7o inoxid\u00e1vel de qualidade alimentar para uma durabilidade duradoura, resist\u00eancia \u00e0 corros\u00e3o e utiliza\u00e7\u00e3o quotidiana em cozinhas comerciais ou dom\u00e9sticas. Por favor, contacte-nos!<\/p>\n<h2 style=\"text-align: left;\">Conjunto de talheres para campismo Par\u00e2metro:<\/h2>\n<p style=\"text-align: left;\"><strong>Material:<\/strong> A\u00e7o inoxid\u00e1vel<br \/><strong>Cor:<\/strong> Cor prata<br \/><strong>Tipos:<\/strong> Colher, Garfo, Faca, Pauzinhos<br \/><strong>OEM\/ODM:<\/strong> Dispon\u00edvel<\/p>\n<h2 class=\"wp-block-heading\">De Camping Kitchen Essentials Fabricante :<\/h2>\n<p>Yongyu \u00e9 um fabricante profissional de utens\u00edlios de cozinha para campismo, os nossos produtos abrangem todos os tipos de utens\u00edlios de cozinha para campismo em a\u00e7o inoxid\u00e1vel, tais como equipamento de cozinha para campismo, utens\u00edlios de mesa para campismo, grelhadores para churrasco, etc., fornecendo servi\u00e7os de aquisi\u00e7\u00e3o de qualidade e pre\u00e7os acess\u00edveis para cada cliente.<\/p>","protected":false},"featured_media":4455,"comment_status":"closed","ping_status":"closed","template":"","meta":{"_acf_changed":false},"application":[31],"product_brand":[],"product_cat":[48],"product_tag":[],"class_list":{"0":"post-4454","1":"product","2":"type-product","3":"status-publish","4":"has-post-thumbnail","6":"application-champ-kitchen","7":"product_cat-cutlery-wholesale","9":"first","10":"instock","11":"shipping-taxable","12":"product-type-simple"},"acf":[],"_links":{"self":[{"href":"https:\/\/www.yongyukitchenware.com\/pt\/wp-json\/wp\/v2\/product\/4454","targetHints":{"allow":["GET"]}}],"collection":[{"href":"https:\/\/www.yongyukitchenware.com\/pt\/wp-json\/wp\/v2\/product"}],"about":[{"href":"https:\/\/www.yongyukitchenware.com\/pt\/wp-json\/wp\/v2\/types\/product"}],"replies":[{"embeddable":true,"href":"https:\/\/www.yongyukitchenware.com\/pt\/wp-json\/wp\/v2\/comments?post=4454"}],"wp:featuredmedia":[{"embeddable":true,"href":"https:\/\/www.yongyukitchenware.com\/pt\/wp-json\/wp\/v2\/media\/4455"}],"wp:attachment":[{"href":"https:\/\/www.yongyukitchenware.com\/pt\/wp-json\/wp\/v2\/media?parent=4454"}],"wp:term":[{"taxonomy":"application","embeddable":true,"href":"https:\/\/www.yongyukitchenware.com\/pt\/wp-json\/wp\/v2\/application?post=4454"},{"taxonomy":"product_brand","embeddable":true,"href":"https:\/\/www.yongyukitchenware.com\/pt\/wp-json\/wp\/v2\/product_brand?post=4454"},{"taxonomy":"product_cat","embeddable":true,"href":"https:\/\/www.yongyukitchenware.com\/pt\/wp-json\/wp\/v2\/product_cat?post=4454"},{"taxonomy":"product_tag","embeddable":true,"href":"https:\/\/www.yongyukitchenware.com\/pt\/wp-json\/wp\/v2\/product_tag?post=4454"}],"curies":[{"name":"wp","href":"https:\/\/api.w.org\/{rel}","templated":true}]}}