{"id":4467,"date":"2025-08-29T06:21:14","date_gmt":"2025-08-29T06:21:14","guid":{"rendered":"https:\/\/www.yongyukitchenware.com\/?post_type=product&#038;p=4467"},"modified":"2025-08-29T06:21:17","modified_gmt":"2025-08-29T06:21:17","slug":"custom-stainless-steel-rectangular-dinner-plate-korean-style-snack-tray-gold","status":"publish","type":"product","link":"https:\/\/www.yongyukitchenware.com\/pt\/produto\/custom-stainless-steel-rectangular-dinner-plate-korean-style-snack-tray-gold\/","title":{"rendered":"Prato de jantar retangular de a\u00e7o inoxid\u00e1vel personalizado Tabuleiro para snacks de estilo coreano - dourado"},"content":{"rendered":"<div class=\"wp-block-columns is-layout-flex wp-container-core-columns-is-layout-9d6595d7 wp-block-columns-is-layout-flex\">\n<div class=\"wp-block-column is-layout-flow wp-block-column-is-layout-flow\">\n<h2 class=\"wp-block-heading\">Tamanho do prato de jantar retangular em a\u00e7o inoxid\u00e1vel personalizado:<\/h2>\n\n\n\n<figure class=\"wp-block-table\"><table class=\"has-fixed-layout\"><tbody><tr><td>Modelo<\/td><td>Tamanho (Comprimento * Largura)<\/td><td>Peso<\/td><td>MOQ<\/td><\/tr><tr><td rowspan=\"3\">DY074-P<\/td><td>19,2*12,5cm<\/td><td>135g<\/td><td>160 UNIDADES<\/td><\/tr><tr><td>25,2*16,7cm<\/td><td>248g<\/td><td>80 PE\u00c7AS<\/td><\/tr><tr><td>32*21cm<\/td><td>415g<\/td><td>50 UNIDADES<\/td><\/tr><\/tbody><\/table><\/figure>\n\n\n\n<h2 class=\"wp-block-heading\">Prato de jantar retangular em a\u00e7o inoxid\u00e1vel personalizado Carater\u00edsticas:<\/h2>\n\n\n\n<p><strong>A\u00e7o inoxid\u00e1vel de alta qualidade: <\/strong>Material de a\u00e7o inoxid\u00e1vel de qualidade alimentar, resist\u00eancia \u00e0 corros\u00e3o, sem odor, dur\u00e1vel<br><strong>Desenho oval: <\/strong>design humanizado, f\u00e1cil de colocar tiras longas de ingredientes<br><strong>Processo de desenho e polimento:<\/strong> textura suave e delicada, f\u00e1cil de limpar<br><strong>Cantos redondos Design: <\/strong>As extremidades s\u00e3o arredondadas e lisas, f\u00e1ceis de manusear e evitam les\u00f5es nas m\u00e3os<br><strong>Design de fundo plano: <\/strong>fundo plano, firmemente colocado, pode ser diretamente aquecido<\/p>\n<\/div>\n\n\n\n<div class=\"wp-block-column is-layout-flow wp-block-column-is-layout-flow\">\n<figure class=\"wp-block-image size-full is-resized\"><img decoding=\"async\" width=\"800\" height=\"800\" src=\"https:\/\/www.yongyukitchenware.com\/wp-content\/uploads\/2025\/07\/Custom-Stainless-Steel-Rectangular-Dinner-Plate-6.webp\" alt=\"Prato de jantar retangular-6 personalizado em a\u00e7o inoxid\u00e1vel\" class=\"wp-image-4473\" style=\"width:384px;height:auto\" srcset=\"https:\/\/www.yongyukitchenware.com\/wp-content\/uploads\/2025\/07\/Custom-Stainless-Steel-Rectangular-Dinner-Plate-6.webp 800w, https:\/\/www.yongyukitchenware.com\/wp-content\/uploads\/2025\/07\/Custom-Stainless-Steel-Rectangular-Dinner-Plate-6-300x300.webp 300w, https:\/\/www.yongyukitchenware.com\/wp-content\/uploads\/2025\/07\/Custom-Stainless-Steel-Rectangular-Dinner-Plate-6-150x150.webp 150w, https:\/\/www.yongyukitchenware.com\/wp-content\/uploads\/2025\/07\/Custom-Stainless-Steel-Rectangular-Dinner-Plate-6-768x768.webp 768w, https:\/\/www.yongyukitchenware.com\/wp-content\/uploads\/2025\/07\/Custom-Stainless-Steel-Rectangular-Dinner-Plate-6-12x12.webp 12w, https:\/\/www.yongyukitchenware.com\/wp-content\/uploads\/2025\/07\/Custom-Stainless-Steel-Rectangular-Dinner-Plate-6-600x600.webp 600w, https:\/\/www.yongyukitchenware.com\/wp-content\/uploads\/2025\/07\/Custom-Stainless-Steel-Rectangular-Dinner-Plate-6-100x100.webp 100w\" sizes=\"(max-width: 800px) 100vw, 800px\" \/><\/figure>\n\n\n\n<figure class=\"wp-block-image size-full is-resized\"><img decoding=\"async\" width=\"800\" height=\"800\" src=\"https:\/\/www.yongyukitchenware.com\/wp-content\/uploads\/2025\/07\/Custom-Stainless-Steel-Rectangular-Dinner-Plate-8.webp\" alt=\"Prato de jantar retangular de a\u00e7o inoxid\u00e1vel personalizado-8\" class=\"wp-image-4475\" style=\"width:384px\" srcset=\"https:\/\/www.yongyukitchenware.com\/wp-content\/uploads\/2025\/07\/Custom-Stainless-Steel-Rectangular-Dinner-Plate-8.webp 800w, https:\/\/www.yongyukitchenware.com\/wp-content\/uploads\/2025\/07\/Custom-Stainless-Steel-Rectangular-Dinner-Plate-8-300x300.webp 300w, https:\/\/www.yongyukitchenware.com\/wp-content\/uploads\/2025\/07\/Custom-Stainless-Steel-Rectangular-Dinner-Plate-8-150x150.webp 150w, https:\/\/www.yongyukitchenware.com\/wp-content\/uploads\/2025\/07\/Custom-Stainless-Steel-Rectangular-Dinner-Plate-8-768x768.webp 768w, https:\/\/www.yongyukitchenware.com\/wp-content\/uploads\/2025\/07\/Custom-Stainless-Steel-Rectangular-Dinner-Plate-8-12x12.webp 12w, https:\/\/www.yongyukitchenware.com\/wp-content\/uploads\/2025\/07\/Custom-Stainless-Steel-Rectangular-Dinner-Plate-8-600x600.webp 600w, https:\/\/www.yongyukitchenware.com\/wp-content\/uploads\/2025\/07\/Custom-Stainless-Steel-Rectangular-Dinner-Plate-8-100x100.webp 100w\" sizes=\"(max-width: 800px) 100vw, 800px\" \/><\/figure>\n<\/div>\n<\/div>","protected":false},"excerpt":{"rendered":"<div class=\"n4sEPd\">\n<div class=\"UdTY9 qhIQqf leDWne\" aria-hidden=\"true\" data-location=\"1\">Prato de jantar retangular em a\u00e7o inoxid\u00e1vel personalizado. Tabuleiro dourado de estilo coreano, fabricado em a\u00e7o inoxid\u00e1vel dur\u00e1vel, com um design retangular elegante, ideal para servir aperitivos, sobremesas ou acompanhamentos em restaurantes, hot\u00e9is ou em casa.<\/div>\n<\/div>\n<h2 style=\"text-align: left;\">Prato de jantar retangular em a\u00e7o inoxid\u00e1vel personalizado:<\/h2>\n<p style=\"text-align: left;\"><strong>Material:<\/strong> A\u00e7o inoxid\u00e1vel<br \/><strong>Comprimento:<\/strong>19,2\/25,2\/32cm<br \/><strong>Forma:<\/strong> Forma octogonal<br \/><strong>Embalagem:<\/strong> Saco OPP e caixa de cart\u00e3o<br \/><strong>OEM\/ODM:<\/strong> Dispon\u00edvel<\/p>\n<h2 class=\"wp-block-heading\">Pratos de jantar octogonais de a\u00e7o inoxid\u00e1vel personalizados Fabricante:<\/h2>\n<p>Quer se trate de um fornecedor de servi\u00e7os de catering, de um hotel ou restaurante, ou de uma empresa de planeamento de eventos, fornecemos solu\u00e7\u00f5es completas de fornecimento de catering por atacado para si com pre\u00e7os de f\u00e1brica de alta qualidade!<\/p>","protected":false},"featured_media":4469,"comment_status":"closed","ping_status":"closed","template":"","meta":{"_acf_changed":false},"application":[29],"product_brand":[],"product_cat":[21],"product_tag":[],"class_list":{"0":"post-4467","1":"product","2":"type-product","3":"status-publish","4":"has-post-thumbnail","6":"application-home-kitchen","7":"product_cat-tableware-wholesale","9":"first","10":"instock","11":"shipping-taxable","12":"product-type-simple"},"acf":[],"_links":{"self":[{"href":"https:\/\/www.yongyukitchenware.com\/pt\/wp-json\/wp\/v2\/product\/4467","targetHints":{"allow":["GET"]}}],"collection":[{"href":"https:\/\/www.yongyukitchenware.com\/pt\/wp-json\/wp\/v2\/product"}],"about":[{"href":"https:\/\/www.yongyukitchenware.com\/pt\/wp-json\/wp\/v2\/types\/product"}],"replies":[{"embeddable":true,"href":"https:\/\/www.yongyukitchenware.com\/pt\/wp-json\/wp\/v2\/comments?post=4467"}],"wp:featuredmedia":[{"embeddable":true,"href":"https:\/\/www.yongyukitchenware.com\/pt\/wp-json\/wp\/v2\/media\/4469"}],"wp:attachment":[{"href":"https:\/\/www.yongyukitchenware.com\/pt\/wp-json\/wp\/v2\/media?parent=4467"}],"wp:term":[{"taxonomy":"application","embeddable":true,"href":"https:\/\/www.yongyukitchenware.com\/pt\/wp-json\/wp\/v2\/application?post=4467"},{"taxonomy":"product_brand","embeddable":true,"href":"https:\/\/www.yongyukitchenware.com\/pt\/wp-json\/wp\/v2\/product_brand?post=4467"},{"taxonomy":"product_cat","embeddable":true,"href":"https:\/\/www.yongyukitchenware.com\/pt\/wp-json\/wp\/v2\/product_cat?post=4467"},{"taxonomy":"product_tag","embeddable":true,"href":"https:\/\/www.yongyukitchenware.com\/pt\/wp-json\/wp\/v2\/product_tag?post=4467"}],"curies":[{"name":"wp","href":"https:\/\/api.w.org\/{rel}","templated":true}]}}