{"id":4489,"date":"2025-07-23T04:05:05","date_gmt":"2025-07-23T04:05:05","guid":{"rendered":"https:\/\/www.yongyukitchenware.com\/?post_type=product&#038;p=4489"},"modified":"2025-07-23T04:05:06","modified_gmt":"2025-07-23T04:05:06","slug":"bulk-korean-rice-soup-bowl-with-lid-stainless-steel-salad-bowl-silver","status":"publish","type":"product","link":"https:\/\/www.yongyukitchenware.com\/pt\/produto\/bulk-korean-rice-soup-bowl-with-lid-stainless-steel-salad-bowl-silver\/","title":{"rendered":"Tigela de sopa de arroz coreana a granel com tampa Tigela de salada em a\u00e7o inoxid\u00e1vel - prata"},"content":{"rendered":"<div class=\"wp-block-columns is-layout-flex wp-container-core-columns-is-layout-9d6595d7 wp-block-columns-is-layout-flex\">\n<div class=\"wp-block-column is-layout-flow wp-block-column-is-layout-flow\">\n<div class=\"wp-block-columns is-layout-flex wp-container-core-columns-is-layout-9d6595d7 wp-block-columns-is-layout-flex\">\n<div class=\"wp-block-column is-layout-flow wp-block-column-is-layout-flow\">\n<h2 class=\"wp-block-heading\">Tigela de sopa de arroz coreana a granel com tampa Carater\u00edsticas:<\/h2>\n\n\n\n<p>A\u00e7o inoxid\u00e1vel 304 de qualidade alimentar: Fabricado em a\u00e7o inoxid\u00e1vel 304 de alta qualidade, este artigo \u00e9 anti-corros\u00e3o e anti-oxida\u00e7\u00e3o, introduzindo conforto e sa\u00fade, mesmo se utilizado durante um longo per\u00edodo.<br><strong>Design funcional da tampa: <\/strong>Com uma tigela de tampa bem fechada, pode vedar o p\u00f3 e manter o calor, preservando o sabor original dos alimentos. \u00c9 adequada para utiliza\u00e7\u00e3o em casa e para levar para casa.<br><strong>Existem cinco tamanhos:<\/strong> desde os alimentos complementares para beb\u00e9s at\u00e9 aos alimentos b\u00e1sicos para adultos, com mais de uma capacidade para se adaptar a diferentes ocasi\u00f5es de refei\u00e7\u00e3o.<br><strong>Dispon\u00edvel em duas cores, puro design coreano: <\/strong>cor de a\u00e7o inoxid\u00e1vel como \u00e9, e dourado elegante, combina com qualquer design de mesa de jantar e acrescenta ao padr\u00e3o de vida.<br><strong>Moldagem numa s\u00f3 pe\u00e7a de f\u00e1cil limpeza: <\/strong>Liga\u00e7\u00e3o suave da parede interior sem costuras, sem acumula\u00e7\u00e3o de sujidade, f\u00e1cil de limpar, poupando tempo, esfor\u00e7o e preocupa\u00e7\u00f5es.<\/p>\n\n\n\n<figure class=\"wp-block-table\"><table class=\"has-fixed-layout\"><tbody><tr><td>Modelo<\/td><td>Tamanho (Comprimento * Largura)<\/td><td>Peso<\/td><td>MOQ<\/td><\/tr><tr><td rowspan=\"5\">DY032-W<\/td><td>8,5 cm<\/td><td>100g<\/td><td>240 UNIDADES<\/td><\/tr><tr><td>10 cm<\/td><td>135g<\/td><td>180 UNIDADES<\/td><\/tr><tr><td>12 cm<\/td><td>215g<\/td><td>160 UNIDADES<\/td><\/tr><tr><td>13,5 cm<\/td><td>250g<\/td><td>80 PE\u00c7AS<\/td><\/tr><tr><td>15 cm<\/td><td>318g<\/td><td>80 PE\u00c7AS<\/td><\/tr><\/tbody><\/table><\/figure>\n<\/div>\n\n\n\n<div class=\"wp-block-column is-layout-flow wp-block-column-is-layout-flow\">\n<div class=\"wp-block-columns is-layout-flex wp-container-core-columns-is-layout-9d6595d7 wp-block-columns-is-layout-flex\">\n<div class=\"wp-block-column is-layout-flow wp-block-column-is-layout-flow\">\n<div class=\"wp-block-columns is-layout-flex wp-container-core-columns-is-layout-9d6595d7 wp-block-columns-is-layout-flex\">\n<div class=\"wp-block-column is-layout-flow wp-block-column-is-layout-flow\">\n<div class=\"wp-block-columns is-layout-flex wp-container-core-columns-is-layout-9d6595d7 wp-block-columns-is-layout-flex\">\n<div class=\"wp-block-column is-layout-flow wp-block-column-is-layout-flow\">\n<figure class=\"wp-block-image size-full is-resized\"><img decoding=\"async\" width=\"800\" height=\"800\" src=\"https:\/\/www.yongyukitchenware.com\/wp-content\/uploads\/2025\/07\/Wholesale-Korean-Rice-Soup-Bowl-with-Lid-6.webp\" alt=\"tigela de sopa de arroz coreano com tampa-6\" class=\"wp-image-4485\" style=\"width:459px;height:auto\" srcset=\"https:\/\/www.yongyukitchenware.com\/wp-content\/uploads\/2025\/07\/Wholesale-Korean-Rice-Soup-Bowl-with-Lid-6.webp 800w, https:\/\/www.yongyukitchenware.com\/wp-content\/uploads\/2025\/07\/Wholesale-Korean-Rice-Soup-Bowl-with-Lid-6-300x300.webp 300w, https:\/\/www.yongyukitchenware.com\/wp-content\/uploads\/2025\/07\/Wholesale-Korean-Rice-Soup-Bowl-with-Lid-6-150x150.webp 150w, https:\/\/www.yongyukitchenware.com\/wp-content\/uploads\/2025\/07\/Wholesale-Korean-Rice-Soup-Bowl-with-Lid-6-768x768.webp 768w, https:\/\/www.yongyukitchenware.com\/wp-content\/uploads\/2025\/07\/Wholesale-Korean-Rice-Soup-Bowl-with-Lid-6-12x12.webp 12w, https:\/\/www.yongyukitchenware.com\/wp-content\/uploads\/2025\/07\/Wholesale-Korean-Rice-Soup-Bowl-with-Lid-6-600x600.webp 600w, https:\/\/www.yongyukitchenware.com\/wp-content\/uploads\/2025\/07\/Wholesale-Korean-Rice-Soup-Bowl-with-Lid-6-100x100.webp 100w\" sizes=\"(max-width: 800px) 100vw, 800px\" \/><\/figure>\n<\/div>\n<\/div>\n<\/div>\n<\/div>\n\n\n\n<div class=\"wp-block-columns is-layout-flex wp-container-core-columns-is-layout-9d6595d7 wp-block-columns-is-layout-flex\">\n<div class=\"wp-block-column is-layout-flow wp-block-column-is-layout-flow\">\n<div class=\"wp-block-columns is-layout-flex wp-container-core-columns-is-layout-9d6595d7 wp-block-columns-is-layout-flex\">\n<div class=\"wp-block-column is-layout-flow wp-block-column-is-layout-flow\"><\/div>\n<\/div>\n<\/div>\n<\/div>\n<\/div>\n<\/div>\n<\/div>\n<\/div>\n<\/div>\n<\/div>\n\n\n\n<p><\/p>","protected":false},"excerpt":{"rendered":"<p>A ta\u00e7a para sopa de arroz coreana a granel com tampa \u00e9 fabricada em a\u00e7o inoxid\u00e1vel de alta qualidade com um elegante acabamento prateado. Concebida para reter o calor e resistir \u00e0 corros\u00e3o, \u00e9 perfeita para servir arroz, sopa ou saladas em restaurantes, hot\u00e9is ou eventos de catering. Inclui uma tampa para maior comodidade. \u00a0 \u00a0 \u00a0 \u00a0 \u00a0 \u00a0 \u00a0 \u00a0 \u00a0 \u00a0 \u00a0 \u00a0<\/p>\n<h2>Tigela de sopa de arroz coreana a granel com tampa Atributos :<\/h2>\n<p><strong>Material:<\/strong> A\u00e7o inoxid\u00e1vel<br \/><strong>Cor:<\/strong> Ouro\/Prata<br \/><strong>Tamanhos diferentes:<\/strong> 8.5cm,10cm,12cm,13.5cm,15cm<br \/><strong>Embalagem:<\/strong> Saco Opp e caixa de cart\u00e3o<br \/><strong>OEM\/ODM:<\/strong> Dispon\u00edvel<\/p>\n<h2><!-- \/wp:heading --><\/p>\n<p><!-- wp:paragraph --><\/h2>\n<h2 class=\"wp-block-heading\">De Yongyu Tableware Wholesaler:<\/h2>\n<p class=\"wp-block-heading\">O grossista de utens\u00edlios de mesa Yongyu pode satisfazer as necessidades dos clientes a granel e fornecer uma s\u00e9rie de fornecimentos de catering de alta qualidade por atacado que combina eleg\u00e2ncia e durabilidade. Incluindo utens\u00edlios de mesa, bebidas, equipamentos de catering, utens\u00edlios de cozinha, itens essenciais de cozinha de acampamento, etc.<\/p>\n<h2><!-- \/wp:paragraph --><\/h2>","protected":false},"featured_media":4488,"comment_status":"closed","ping_status":"closed","template":"","meta":{"_acf_changed":false},"application":[30],"product_brand":[],"product_cat":[21,47],"product_tag":[],"class_list":{"0":"post-4489","1":"product","2":"type-product","3":"status-publish","4":"has-post-thumbnail","6":"application-hotel-catering","7":"product_cat-tableware-wholesale","8":"product_cat-stainless-steel-bowls-wholesale","10":"first","11":"instock","12":"shipping-taxable","13":"product-type-simple"},"acf":[],"_links":{"self":[{"href":"https:\/\/www.yongyukitchenware.com\/pt\/wp-json\/wp\/v2\/product\/4489","targetHints":{"allow":["GET"]}}],"collection":[{"href":"https:\/\/www.yongyukitchenware.com\/pt\/wp-json\/wp\/v2\/product"}],"about":[{"href":"https:\/\/www.yongyukitchenware.com\/pt\/wp-json\/wp\/v2\/types\/product"}],"replies":[{"embeddable":true,"href":"https:\/\/www.yongyukitchenware.com\/pt\/wp-json\/wp\/v2\/comments?post=4489"}],"wp:featuredmedia":[{"embeddable":true,"href":"https:\/\/www.yongyukitchenware.com\/pt\/wp-json\/wp\/v2\/media\/4488"}],"wp:attachment":[{"href":"https:\/\/www.yongyukitchenware.com\/pt\/wp-json\/wp\/v2\/media?parent=4489"}],"wp:term":[{"taxonomy":"application","embeddable":true,"href":"https:\/\/www.yongyukitchenware.com\/pt\/wp-json\/wp\/v2\/application?post=4489"},{"taxonomy":"product_brand","embeddable":true,"href":"https:\/\/www.yongyukitchenware.com\/pt\/wp-json\/wp\/v2\/product_brand?post=4489"},{"taxonomy":"product_cat","embeddable":true,"href":"https:\/\/www.yongyukitchenware.com\/pt\/wp-json\/wp\/v2\/product_cat?post=4489"},{"taxonomy":"product_tag","embeddable":true,"href":"https:\/\/www.yongyukitchenware.com\/pt\/wp-json\/wp\/v2\/product_tag?post=4489"}],"curies":[{"name":"wp","href":"https:\/\/api.w.org\/{rel}","templated":true}]}}