{"id":4490,"date":"2025-07-23T03:36:28","date_gmt":"2025-07-23T03:36:28","guid":{"rendered":"https:\/\/www.yongyukitchenware.com\/?post_type=product&#038;p=4490"},"modified":"2025-07-23T03:36:30","modified_gmt":"2025-07-23T03:36:30","slug":"bulk-five-layer-steel-wok","status":"publish","type":"product","link":"https:\/\/www.yongyukitchenware.com\/pt\/produto\/bulk-five-layer-steel-wok\/","title":{"rendered":"Wok de a\u00e7o de cinco camadas a granel n\u00e3o revestido para todas as fontes de calor"},"content":{"rendered":"<div class=\"wp-block-columns is-layout-flex wp-container-core-columns-is-layout-9d6595d7 wp-block-columns-is-layout-flex\">\n<div class=\"wp-block-column is-layout-flow wp-block-column-is-layout-flow\">\n<h2 class=\"wp-block-heading\">Wok de a\u00e7o de cinco camadas a granel Carater\u00edsticas:<\/h2>\n\n\n\n<p><strong>Estrutura em a\u00e7o composto de cinco camadas:<\/strong> A estrutura met\u00e1lica composta de cinco camadas de alta qualidade (a\u00e7o inoxid\u00e1vel 430 + alum\u00ednio + a\u00e7o inoxid\u00e1vel 304) \u00e9 integralmente fundida sob press\u00e3o, permitindo uma condu\u00e7\u00e3o de calor r\u00e1pida e uniforme. Pode controlar com precis\u00e3o a temperatura sem chama aberta, evitando a queima local dos ingredientes alimentares.<br><\/p>\n\n\n\n<p><strong>Desenho n\u00e3o revestido:<\/strong> Utilizando o princ\u00edpio f\u00edsico antiaderente, \u00e9 saud\u00e1vel e isento de revestimentos qu\u00edmicos, resistente \u00e0 oxida\u00e7\u00e3o a alta temperatura. Produz menos fumos de cozedura e \u00e9 mais tranquilizante. \u00c9 adequada para a cozedura di\u00e1ria e para a fritura r\u00e1pida a alta temperatura.<br><\/p>\n\n\n\n<p><strong>Acabamento interior e exterior escovado: <\/strong>A superf\u00edcie do corpo da panela \u00e9 tratada com um fino acabamento escovado, proporcionando um toque suave, menos propenso a manchas, mais f\u00e1cil de limpar e, ao mesmo tempo, apresentando uma est\u00e9tica de textura de cozinha moderna.<br><\/p>\n\n\n\n<p><strong>Moldagem de uma s\u00f3 pe\u00e7a por fundi\u00e7\u00e3o injectada: <\/strong>O corpo do pote n\u00e3o tem emendas ou camadas interm\u00e9dias e \u00e9 formado por fundi\u00e7\u00e3o sob press\u00e3o de alta resist\u00eancia como um todo. Tem uma forte resist\u00eancia ao impacto, n\u00e3o se deforma com o tempo e cumpre os requisitos de utiliza\u00e7\u00e3o di\u00e1ria de alta frequ\u00eancia.<br><\/p>\n\n\n\n<p><strong>Compatibilidade com v\u00e1rios fog\u00f5es: <\/strong>Suporta v\u00e1rios m\u00e9todos de aquecimento, tais como fog\u00f5es a g\u00e1s, fog\u00f5es de indu\u00e7\u00e3o e fog\u00f5es el\u00e9ctricos de cer\u00e2mica, adequados tanto para cozinhas dom\u00e9sticas como profissionais, conseguindo verdadeiramente m\u00faltiplas utiliza\u00e7\u00f5es numa s\u00f3 panela.<\/p>\n<\/div>\n\n\n\n<div class=\"wp-block-column is-layout-flow wp-block-column-is-layout-flow\">\n<div class=\"wp-block-columns is-layout-flex wp-container-core-columns-is-layout-9d6595d7 wp-block-columns-is-layout-flex\">\n<div class=\"wp-block-column is-layout-flow wp-block-column-is-layout-flow\">\n<figure class=\"wp-block-image size-full\"><img decoding=\"async\" width=\"800\" height=\"800\" src=\"https:\/\/www.yongyukitchenware.com\/wp-content\/uploads\/2025\/07\/Bulk-Five-Layer-Steel-Wok-3.webp\" alt=\"Frigideira de a\u00e7o de cinco camadas-3\" class=\"wp-image-4493\" srcset=\"https:\/\/www.yongyukitchenware.com\/wp-content\/uploads\/2025\/07\/Bulk-Five-Layer-Steel-Wok-3.webp 800w, https:\/\/www.yongyukitchenware.com\/wp-content\/uploads\/2025\/07\/Bulk-Five-Layer-Steel-Wok-3-300x300.webp 300w, https:\/\/www.yongyukitchenware.com\/wp-content\/uploads\/2025\/07\/Bulk-Five-Layer-Steel-Wok-3-150x150.webp 150w, https:\/\/www.yongyukitchenware.com\/wp-content\/uploads\/2025\/07\/Bulk-Five-Layer-Steel-Wok-3-768x768.webp 768w, https:\/\/www.yongyukitchenware.com\/wp-content\/uploads\/2025\/07\/Bulk-Five-Layer-Steel-Wok-3-12x12.webp 12w, https:\/\/www.yongyukitchenware.com\/wp-content\/uploads\/2025\/07\/Bulk-Five-Layer-Steel-Wok-3-600x600.webp 600w, https:\/\/www.yongyukitchenware.com\/wp-content\/uploads\/2025\/07\/Bulk-Five-Layer-Steel-Wok-3-100x100.webp 100w\" sizes=\"(max-width: 800px) 100vw, 800px\" \/><\/figure>\n\n\n\n<figure class=\"wp-block-image size-full\"><img decoding=\"async\" width=\"800\" height=\"800\" src=\"https:\/\/www.yongyukitchenware.com\/wp-content\/uploads\/2025\/07\/Bulk-Five-Layer-Steel-Wok-2.webp\" alt=\"Frigideira de a\u00e7o de cinco camadas-2\" class=\"wp-image-4492\" srcset=\"https:\/\/www.yongyukitchenware.com\/wp-content\/uploads\/2025\/07\/Bulk-Five-Layer-Steel-Wok-2.webp 800w, https:\/\/www.yongyukitchenware.com\/wp-content\/uploads\/2025\/07\/Bulk-Five-Layer-Steel-Wok-2-300x300.webp 300w, https:\/\/www.yongyukitchenware.com\/wp-content\/uploads\/2025\/07\/Bulk-Five-Layer-Steel-Wok-2-150x150.webp 150w, https:\/\/www.yongyukitchenware.com\/wp-content\/uploads\/2025\/07\/Bulk-Five-Layer-Steel-Wok-2-768x768.webp 768w, https:\/\/www.yongyukitchenware.com\/wp-content\/uploads\/2025\/07\/Bulk-Five-Layer-Steel-Wok-2-12x12.webp 12w, https:\/\/www.yongyukitchenware.com\/wp-content\/uploads\/2025\/07\/Bulk-Five-Layer-Steel-Wok-2-600x600.webp 600w, https:\/\/www.yongyukitchenware.com\/wp-content\/uploads\/2025\/07\/Bulk-Five-Layer-Steel-Wok-2-100x100.webp 100w\" sizes=\"(max-width: 800px) 100vw, 800px\" \/><\/figure>\n<\/div>\n<\/div>\n<\/div>\n<\/div>\n\n\n\n<p><\/p>","protected":false},"excerpt":{"rendered":"<p>O wok de a\u00e7o de cinco camadas Bulk oferece uma distribui\u00e7\u00e3o de calor superior e durabilidade gra\u00e7as ao seu design sem revestimento. Compat\u00edvel com todas as fontes de calor, incluindo fog\u00f5es de indu\u00e7\u00e3o, a g\u00e1s e el\u00e9ctricos. Ideal para cozinhas profissionais e cozinhados de grande volume.<\/p>\n<h2>Wok de a\u00e7o de cinco camadas a granel Par\u00e2metro:<\/h2>\n<p><strong>Material:<\/strong> A\u00e7o inoxid\u00e1vel<br \/><strong>Forma interior:<\/strong> Com e sem favo de mel<br \/><strong>Design da pega:<\/strong> Pega em a\u00e7o inoxid\u00e1vel e puxadores refor\u00e7ados com rebites<br \/><strong>Tamanhos:<\/strong> 26\/28\/30cm<br \/><strong>OEM\/ODM:<\/strong> Dispon\u00edvel<\/p>\n<h2 class=\"wp-block-heading\">De Yongyu Cookware Fabricante :<\/h2>\n<p>Yongyu \u00e9 um fabricante de utens\u00edlios de cozinha bem conhecido na China, conhecido por fornecer uma vasta gama de utens\u00edlios de cozinha em a\u00e7o inoxid\u00e1vel de alta qualidade, incluindo frigideiras, woks, panelas para caldos e panelas para massas, etc.<\/p>","protected":false},"featured_media":4491,"comment_status":"closed","ping_status":"closed","template":"","meta":{"_acf_changed":false},"application":[29],"product_brand":[],"product_cat":[23,32],"product_tag":[],"class_list":{"0":"post-4490","1":"product","2":"type-product","3":"status-publish","4":"has-post-thumbnail","6":"application-home-kitchen","7":"product_cat-kitchenware-wholesale","8":"product_cat-wholesale-cookware","10":"first","11":"instock","12":"shipping-taxable","13":"product-type-simple"},"acf":[],"_links":{"self":[{"href":"https:\/\/www.yongyukitchenware.com\/pt\/wp-json\/wp\/v2\/product\/4490","targetHints":{"allow":["GET"]}}],"collection":[{"href":"https:\/\/www.yongyukitchenware.com\/pt\/wp-json\/wp\/v2\/product"}],"about":[{"href":"https:\/\/www.yongyukitchenware.com\/pt\/wp-json\/wp\/v2\/types\/product"}],"replies":[{"embeddable":true,"href":"https:\/\/www.yongyukitchenware.com\/pt\/wp-json\/wp\/v2\/comments?post=4490"}],"wp:featuredmedia":[{"embeddable":true,"href":"https:\/\/www.yongyukitchenware.com\/pt\/wp-json\/wp\/v2\/media\/4491"}],"wp:attachment":[{"href":"https:\/\/www.yongyukitchenware.com\/pt\/wp-json\/wp\/v2\/media?parent=4490"}],"wp:term":[{"taxonomy":"application","embeddable":true,"href":"https:\/\/www.yongyukitchenware.com\/pt\/wp-json\/wp\/v2\/application?post=4490"},{"taxonomy":"product_brand","embeddable":true,"href":"https:\/\/www.yongyukitchenware.com\/pt\/wp-json\/wp\/v2\/product_brand?post=4490"},{"taxonomy":"product_cat","embeddable":true,"href":"https:\/\/www.yongyukitchenware.com\/pt\/wp-json\/wp\/v2\/product_cat?post=4490"},{"taxonomy":"product_tag","embeddable":true,"href":"https:\/\/www.yongyukitchenware.com\/pt\/wp-json\/wp\/v2\/product_tag?post=4490"}],"curies":[{"name":"wp","href":"https:\/\/api.w.org\/{rel}","templated":true}]}}